{"id":15832,"date":"2025-01-19T15:02:45","date_gmt":"2025-01-19T15:02:45","guid":{"rendered":"https:\/\/www.hydraulic-cylinders.net\/product\/bucket-cylinder-for-yanmar-sv08-1a\/"},"modified":"2025-01-19T15:02:47","modified_gmt":"2025-01-19T15:02:47","slug":"bucket-cylinder-for-yanmar-sv08-1a","status":"publish","type":"product","link":"https:\/\/www.hydraulic-cylinders.net\/fr\/produit\/bucket-cylinder-for-yanmar-sv08-1a\/","title":{"rendered":"Cylindre de godet pour Yanmar SV08-1A"},"content":{"rendered":"<h1>Cylindre de godet pour Yanmar SV08-1A<\/h1>\n<h2>Introduction<\/h2>\n<p>Le v\u00e9rin de godet du Yanmar SV08-1A est un v\u00e9rin hydraulique sp\u00e9cialement con\u00e7u pour commander les mouvements du godet sur les engins de chantier tels que les pelles hydrauliques, les chargeuses-pelleteuses et les chargeuses frontales. Sa fonction principale est de permettre la lev\u00e9e, l'abaissement et l'inclinaison du godet, facilitant ainsi la manutention de mat\u00e9riaux lourds. Au sein du syst\u00e8me hydraulique, le v\u00e9rin de godet assure un contr\u00f4le pr\u00e9cis du godet gr\u00e2ce \u00e0 la variation de la pression d'huile hydraulique, permettant aux op\u00e9rateurs de manipuler efficacement des charges lourdes et de s'adapter \u00e0 des environnements de travail complexes et \u00e0 des exigences op\u00e9rationnelles vari\u00e9es.<\/p>\n<p><img decoding=\"async\" src=\"https:\/\/www.hydraulic-cylinders.net\/wp-content\/uploads\/2025\/01\/songte-company-2.webp\"\/><\/p>\n<h2>Caract\u00e9ristiques<\/h2>\n<ul>\n<li>\n<h3>Haute r\u00e9sistance et durabilit\u00e9<\/h3>\n<p>Les v\u00e9rins de godet sont g\u00e9n\u00e9ralement fabriqu\u00e9s en acier ou en aluminium \u00e0 haute r\u00e9sistance, capables de supporter une pression \u00e9lev\u00e9e et des charges importantes, et sont con\u00e7us pour r\u00e9sister \u00e0 l'usure et \u00e0 la corrosion, prolongeant ainsi leur dur\u00e9e de vie.<\/p>\n<\/li>\n<li>\n<h3>Fonctionnement hydraulique efficace<\/h3>\n<p>Les v\u00e9rins du godet utilisent la pression de l'huile hydraulique pour assurer une extension et une r\u00e9traction fluides, capables de r\u00e9pondre rapidement aux commandes, fournissant des forces de pouss\u00e9e et de traction puissantes, adapt\u00e9es \u00e0 la manutention d'objets lourds et \u00e0 des t\u00e2ches op\u00e9rationnelles complexes.<\/p>\n<\/li>\n<li>\n<h3>Diff\u00e9rents types<\/h3>\n<p>Les v\u00e9rins de godet peuvent \u00eatre \u00e0 simple ou double effet (fonctionnant dans un ou deux sens de l'action hydraulique) selon les besoins op\u00e9rationnels. Certains mod\u00e8les sont t\u00e9lescopiques, ce qui permet une plus grande extension sans augmenter les dimensions ext\u00e9rieures et convient aux applications o\u00f9 l'espace est limit\u00e9.<\/p>\n<\/li>\n<li>\n<h3>Remplacement parfait<\/h3>\n<p>Nos produits peuvent parfaitement remplacer ces v\u00e9rins hydrauliques.<\/p>\n<p>      <img decoding=\"async\" src=\"https:\/\/www.hydraulic-cylinders.net\/wp-content\/uploads\/2025\/01\/songte-cylinder-head-with-all-kinds-excavator-models.webp\"\/>\n  <\/li>\n<\/ul>\n<h2>Applications<\/h2>\n<p>Les v\u00e9rins \u00e0 godet sont utilis\u00e9s dans divers domaines tels que\u00a0:<\/p>\n<ul>\n<li>\n<h3>\u00c9quipement de construction<\/h3>\n<p>Sur les excavatrices, ils sont indispensables pour creuser, charger et d\u00e9placer la terre ou les d\u00e9bris. Sur les chargeuses-pelleteuses, les v\u00e9rins du godet servent \u00e0 la fois au creusement et au levage. <\/p>\n<p>Sur les chargeuses frontales, elles permettent de lever et de d\u00e9charger efficacement les marchandises.<\/p>\n<\/li>\n<li>\n<h3>machines agricoles<\/h3>\n<p>Utilis\u00e9s sur les chargeuses frontales pour ramasser, soulever et transporter de la terre, du foin et d'autres mat\u00e9riaux, les v\u00e9rins de godet permettent, sur les excavatrices, de creuser en enfon\u00e7ant le godet dans le sol. <\/p>\n<\/li>\n<\/ul>\n<h2>Normes de conception et de s\u00e9lection<\/h2>\n<p>Les v\u00e9rins de godet sont con\u00e7us en tenant compte de facteurs tels que\u00a0:<\/p>\n<ul>\n<li>\n<h3>Capacit\u00e9 de charge<\/h3>\n<p>Le v\u00e9rin du godet doit pouvoir supporter le poids de la charge et la pression hydraulique.<\/p>\n<\/li>\n<li>\n<h3>Scellage<\/h3>\n<p>Le v\u00e9rin du godet doit \u00eatre \u00e9tanche afin d'\u00e9viter les fuites d'huile hydraulique et la contamination de l'environnement. <\/p>\n<\/li>\n<li>\n<h3>Durabilit\u00e9<\/h3>\n<p>Le v\u00e9rin du godet doit \u00eatre suffisamment robuste pour r\u00e9sister aux conditions difficiles de son environnement de fonctionnement et \u00e0 l'usure du temps.<\/p>\n<\/li>\n<li>\n<h3>S\u00e9curit\u00e9<\/h3>\n<p>Le v\u00e9rin du godet doit \u00eatre con\u00e7u pour pr\u00e9venir les accidents et garantir la s\u00e9curit\u00e9 de l'op\u00e9rateur pendant son utilisation.<\/p>\n<\/li>\n<li>\n<h3>Maintenabilit\u00e9<\/h3>\n<p>Le v\u00e9rin du godet doit \u00eatre con\u00e7u pour \u00eatre facile \u00e0 entretenir et \u00e0 r\u00e9parer, avec des pi\u00e8ces de rechange facilement disponibles et des services de remise \u00e0 neuf propos\u00e9s pour prolonger la dur\u00e9e de vie du produit.<\/p>\n<p>      <img decoding=\"async\" src=\"https:\/\/www.hydraulic-cylinders.net\/wp-content\/uploads\/2025\/01\/songte-oil-pipes-and-spare-parts.webp\"\/>\n  <\/li>\n<\/ul>\n<h2>\u00c9tanch\u00e9it\u00e9 et lubrification<\/h2>\n<p>Les v\u00e9rins de godet utilisent diff\u00e9rents types de joints, tels que des joints de piston et des joints de tige, fabriqu\u00e9s en mat\u00e9riaux r\u00e9sistants \u00e0 l'usure comme le polyur\u00e9thane et le caoutchouc nitrile. Le corps du v\u00e9rin et la surface d'extr\u00e9mit\u00e9 filet\u00e9e sont usin\u00e9s avec pr\u00e9cision pour une meilleure r\u00e9sistance \u00e0 l'usure. Une lubrification r\u00e9guli\u00e8re avec une huile hydraulique appropri\u00e9e est \u00e9galement indispensable \u00e0 leur bon fonctionnement.<\/p>\n<h2>Entretien et r\u00e9paration<\/h2>\n<p>L'entretien r\u00e9gulier des v\u00e9rins de godet comprend la v\u00e9rification, la lubrification, le remplacement des joints et l'\u00e9talonnage. Une installation, une lubrification et un r\u00e9glage corrects sont essentiels pour garantir des performances optimales. Il est recommand\u00e9 d'utiliser des supports de fixation appropri\u00e9s pour maintenir le v\u00e9rin en place et de suivre les proc\u00e9dures d'inspection, de r\u00e9paration et de remplacement recommand\u00e9es afin d'optimiser la dur\u00e9e de vie du produit.<\/p>\n<p><img decoding=\"async\" src=\"https:\/\/www.hydraulic-cylinders.net\/wp-content\/uploads\/2025\/01\/songte-chushion-collar.webp\"\/><\/p>\n<h2>Consid\u00e9rations de s\u00e9curit\u00e9 et facteurs environnementaux<\/h2>\n<p>Les v\u00e9rins de godet doivent \u00eatre utilis\u00e9s en respectant les consignes de s\u00e9curit\u00e9 afin de pr\u00e9venir les accidents et les blessures. Les facteurs environnementaux tels que la temp\u00e9rature, l'humidit\u00e9 et la poussi\u00e8re peuvent \u00e9galement affecter les performances et la dur\u00e9e de vie du v\u00e9rin.<\/p>\n<p><img decoding=\"async\" src=\"https:\/\/hzpt.com\/wp-content\/uploads\/2024\/11\/songte-company-1.webp\"\/><\/p>\n<h2>Pr\u00e9sentation de l'entreprise<\/h2>\n<p>Nous sommes un fabricant de v\u00e9rins hydrauliques offrant une gamme compl\u00e8te de produits et figurant parmi les principaux fabricants et distributeurs de v\u00e9rins hydrauliques sur les march\u00e9s nationaux et internationaux. Notre approche repose sur l'excellence et une gestion de production industrielle rigoureuse, avec des ateliers de fabrication de pointe. Nous am\u00e9liorons constamment notre plateforme de production, perfectionnons nos lignes de fabrication et cultivons une forte capacit\u00e9 d'innovation. Nous r\u00e9pondons aux besoins vari\u00e9s de nos clients gr\u00e2ce \u00e0 une efficacit\u00e9, une pr\u00e9cision et une qualit\u00e9 irr\u00e9prochables.<\/p>\n<p>Notre entreprise s'engage \u00e0 fournir des services personnalis\u00e9s, professionnels et certifi\u00e9s \u00e0 l'international. Nous utilisons des \u00e9quipements de production de pointe et des syst\u00e8mes d'inspection professionnels pour garantir la qualit\u00e9 de nos produits. Nous proposons \u00e9galement un service apr\u00e8s-vente afin d'assurer la satisfaction de nos clients et de prolonger la dur\u00e9e de vie de nos produits.<\/p>\n<p><img decoding=\"async\" src=\"https:\/\/www.hydraulic-cylinders.net\/wp-content\/uploads\/2025\/01\/songte-company-3.webp\"\/><\/p>\n<p>Auteur : lyl<\/p>","protected":false},"excerpt":{"rendered":"<p>Bucket Cylinder For Yanmar SV08-1A Introduction The bucket cylinder for Yanmar SV08-1A is a specially designed hydraulic cylinder used primarily to control the movement of the bucket in heavy machinery such as excavators, backhoe loaders, and front-end loaders. Its main function is to enable the bucket to lift, lower, and tilt, making it easier to [&hellip;]<\/p>","protected":false},"featured_media":14771,"comment_status":"open","ping_status":"closed","template":"","meta":{"_et_pb_use_builder":"","_et_pb_old_content":"","_et_gb_content_width":""},"product_brand":[],"product_cat":[1494],"product_tag":[1495,1496],"class_list":{"0":"post-15832","1":"product","2":"type-product","3":"status-publish","4":"has-post-thumbnail","6":"product_cat-bucket-cylinders","7":"product_tag-bucket-cylinders","8":"product_tag-hydraulic-cylinders","10":"first","11":"instock","12":"shipping-taxable","13":"product-type-simple"},"amp_enabled":true,"_links":{"self":[{"href":"https:\/\/www.hydraulic-cylinders.net\/fr\/wp-json\/wp\/v2\/product\/15832","targetHints":{"allow":["GET"]}}],"collection":[{"href":"https:\/\/www.hydraulic-cylinders.net\/fr\/wp-json\/wp\/v2\/product"}],"about":[{"href":"https:\/\/www.hydraulic-cylinders.net\/fr\/wp-json\/wp\/v2\/types\/product"}],"replies":[{"embeddable":true,"href":"https:\/\/www.hydraulic-cylinders.net\/fr\/wp-json\/wp\/v2\/comments?post=15832"}],"wp:featuredmedia":[{"embeddable":true,"href":"https:\/\/www.hydraulic-cylinders.net\/fr\/wp-json\/wp\/v2\/media\/14771"}],"wp:attachment":[{"href":"https:\/\/www.hydraulic-cylinders.net\/fr\/wp-json\/wp\/v2\/media?parent=15832"}],"wp:term":[{"taxonomy":"product_brand","embeddable":true,"href":"https:\/\/www.hydraulic-cylinders.net\/fr\/wp-json\/wp\/v2\/product_brand?post=15832"},{"taxonomy":"product_cat","embeddable":true,"href":"https:\/\/www.hydraulic-cylinders.net\/fr\/wp-json\/wp\/v2\/product_cat?post=15832"},{"taxonomy":"product_tag","embeddable":true,"href":"https:\/\/www.hydraulic-cylinders.net\/fr\/wp-json\/wp\/v2\/product_tag?post=15832"}],"curies":[{"name":"wp","href":"https:\/\/api.w.org\/{rel}","templated":true}]}}