{"id":15836,"date":"2025-01-19T15:03:08","date_gmt":"2025-01-19T15:03:08","guid":{"rendered":"https:\/\/www.hydraulic-cylinders.net\/product\/bucket-cylinder-for-yanmar-sv025-6\/"},"modified":"2025-01-19T15:03:10","modified_gmt":"2025-01-19T15:03:10","slug":"bucket-cylinder-for-yanmar-sv025-6","status":"publish","type":"product","link":"https:\/\/www.hydraulic-cylinders.net\/fr\/produit\/bucket-cylinder-for-yanmar-sv025-6\/","title":{"rendered":"Cylindre de godet pour Yanmar SV025-6"},"content":{"rendered":"<h1>Cylindre de godet pour Yanmar SV025-6<\/h1>\n<h2>Introduction<\/h2>\n<p>Le v\u00e9rin de godet du Yanmar SV025-6 est un v\u00e9rin hydraulique sp\u00e9cialement con\u00e7u pour commander les mouvements du godet sur les engins de chantier tels que les pelles hydrauliques, les chargeuses-pelleteuses et les chargeuses frontales. Sa fonction principale est de permettre la lev\u00e9e, l'abaissement et l'inclinaison du godet, facilitant ainsi les op\u00e9rations de manutention. Au sein du syst\u00e8me hydraulique, le v\u00e9rin de godet assure un contr\u00f4le pr\u00e9cis du godet gr\u00e2ce \u00e0 la variation de la pression d'huile hydraulique, permettant aux op\u00e9rateurs de manipuler efficacement des charges lourdes et de s'adapter \u00e0 des environnements de travail complexes et \u00e0 des exigences op\u00e9rationnelles vari\u00e9es.<\/p>\n<p><img decoding=\"async\" src=\"https:\/\/www.hydraulic-cylinders.net\/wp-content\/uploads\/2025\/01\/songte-company-2.webp\"><\/p>\n<h2>Caract\u00e9ristiques du produit<\/h2>\n<ul>\n<li>\n<h3>Haute r\u00e9sistance et durabilit\u00e9<\/h3>\n<p>Le v\u00e9rin du godet est g\u00e9n\u00e9ralement fabriqu\u00e9 en acier haute r\u00e9sistance ou en aluminium, ce qui lui permet de supporter des pressions et des charges \u00e9lev\u00e9es. Sa conception assure une r\u00e9sistance \u00e0 l'usure et \u00e0 la corrosion optimale, prolongeant ainsi sa dur\u00e9e de vie.<\/p>\n<\/li>\n<li>\n<h3>Fonctionnement hydraulique efficace<\/h3>\n<p>Le v\u00e9rin du godet utilise la pression de l'huile hydraulique pour assurer des mouvements d'expansion et de contraction fluides, peut r\u00e9pondre rapidement aux commandes et fournir des forces de pouss\u00e9e et de traction puissantes, adapt\u00e9es \u00e0 la manutention de charges lourdes et \u00e0 des t\u00e2ches op\u00e9rationnelles complexes.<\/p>\n<\/li>\n<li>\n<h3>Diff\u00e9rents types<\/h3>\n<p>Le v\u00e9rin du godet peut \u00eatre choisi en version simple effet (actionnement hydraulique unidirectionnel) ou double effet (actionnement hydraulique bidirectionnel) afin de r\u00e9pondre aux diff\u00e9rentes exigences op\u00e9rationnelles. Certains mod\u00e8les sont t\u00e9lescopiques, permettant une plus grande extension sans augmentation des dimensions ext\u00e9rieures, ce qui les rend adapt\u00e9s aux espaces restreints.<\/p>\n<\/li>\n<li>\n<h3>Remplacement parfait<\/h3>\n<p>Notre produit peut parfaitement remplacer ces v\u00e9rins hydrauliques. <\/p>\n<\/li>\n<\/ul>\n<p><img decoding=\"async\" src=\"https:\/\/www.hydraulic-cylinders.net\/wp-content\/uploads\/2025\/01\/songte-cylinder-head-with-all-kinds-excavator-models.webp\"><\/p>\n<h2>Application<\/h2>\n<p>Le v\u00e9rin \u00e0 godet est largement utilis\u00e9 dans diverses machines lourdes telles que\u00a0:<\/p>\n<ul>\n<li>\n<h3>\u00c9quipement de construction<\/h3>\n<p>Sur les excavatrices, ils sont indispensables pour creuser, charger et d\u00e9placer la terre ou les d\u00e9bris. Sur les pelles r\u00e9tro, le v\u00e9rin du godet contribue \u00e0 la fois au creusement et au levage. <\/p>\n<\/li>\n<li>\n<h3>machines agricoles<\/h3>\n<p>Utilis\u00e9s sur les chargeuses frontales pour ramasser, soulever et transporter de la terre, du foin et d'autres mat\u00e9riaux, les v\u00e9rins de godet permettent, sur les pelles hydrauliques, de creuser en enfon\u00e7ant le godet dans le sol. Sur les chargeuses frontales, ils facilitent le levage et le basculement des charges.<\/p>\n<\/li>\n<\/ul>\n<h2>Consid\u00e9rations de conception et crit\u00e8res de s\u00e9lection<\/h2>\n<p>Lors du choix du v\u00e9rin de godet, les consid\u00e9rations de conception et les crit\u00e8res de s\u00e9lection suivants doivent \u00eatre pris en compte\u00a0:<\/p>\n<ul>\n<li>\n<h3>Capacit\u00e9 de charge<\/h3>\n<p>The bucket cylinder must be able to withstand the weight of the material being handled, and the hydraulic system&#8217;s pressure.<\/p>\n<\/li>\n<li>\n<h3>\u00c9tanch\u00e9it\u00e9 et durabilit\u00e9<\/h3>\n<p>Le v\u00e9rin du godet doit \u00eatre parfaitement \u00e9tanche pour \u00e9viter toute fuite d'huile hydraulique. Le corps du v\u00e9rin, le piston et la surface de la tige doivent \u00eatre usin\u00e9s avec pr\u00e9cision pour am\u00e9liorer la r\u00e9sistance \u00e0 l'usure. <\/p>\n<\/li>\n<li>\n<h3>S\u00e9curit\u00e9 et entretien<\/h3>\n<p>Le v\u00e9rin du godet doit \u00eatre install\u00e9 correctement pour garantir son fonctionnement s\u00fbr et efficace. Un entretien r\u00e9gulier est n\u00e9cessaire pour le maintenir en bon \u00e9tat, et toute pi\u00e8ce us\u00e9e ou endommag\u00e9e doit \u00eatre remplac\u00e9e sans d\u00e9lai.<\/p>\n<\/li>\n<\/ul>\n<p><img decoding=\"async\" src=\"https:\/\/www.hydraulic-cylinders.net\/wp-content\/uploads\/2025\/01\/songte-oil-pipes-and-spare-parts.webp\"><\/p>\n<h2>\u00c9tanch\u00e9it\u00e9 et lubrification<\/h2>\n<p>The bucket cylinder uses various seals such as piston seals, rod seals, etc., made from wear-resistant materials such as polyurethane and nitrile rubber to ensure tight sealing. The cylinder body and rod surface are processed finely to improve wear resistance. Regular lubrication with the appropriate amount of hydraulic oil helps to maintain the bucket cylinder&#8217;s performance.<\/p>\n<h2>Inspection et maintenance pr\u00e9ventive<\/h2>\n<p>Regular inspection and preventive maintenance can help extend the bucket cylinder&#8217;s service life. The following are common maintenance tasks:<\/p>\n<ul>\n<li>\n<h3>Inspection r\u00e9guli\u00e8re<\/h3>\n<p>Inspection du corps du cylindre, du piston et de la bielle afin de d\u00e9celer toute usure ou tout dommage.<\/p>\n<\/li>\n<li>\n<h3>Lubrification<\/h3>\n<p>Ajouter la quantit\u00e9 appropri\u00e9e d'huile hydraulique pour lubrifier le cylindre.<\/p>\n<\/li>\n<li>\n<h3>Remplacement du joint<\/h3>\n<p>Remplacer les joints us\u00e9s ou endommag\u00e9s pour assurer une \u00e9tanch\u00e9it\u00e9 parfaite.<\/p>\n<\/li>\n<li>\n<h3>V\u00e9rification de l'\u00e9talonnage<\/h3>\n<p>V\u00e9rification de l'\u00e9talonnage de la pression pour garantir un contr\u00f4le pr\u00e9cis de la pression.<\/p>\n<\/li>\n<\/ul>\n<p>Proper installation, lubrication, and adjustment are critical to the bucket cylinder&#8217;s performance. During installation, be sure to align the cylinder correctly and use appropriate mounting brackets to secure it. We recommend checking, repairing, and replacing parts and providing rebuilding services to extend the bucket cylinder&#8217;s service life.<\/p>\n<p><img decoding=\"async\" src=\"https:\/\/www.hydraulic-cylinders.net\/wp-content\/uploads\/2025\/01\/songte-chushion-collar.webp\"><\/p>\n<h2>Consid\u00e9rations relatives \u00e0 la s\u00e9curit\u00e9 et \u00e0 l'environnement<\/h2>\n<p>Lors de l'utilisation du v\u00e9rin de godet, des mesures de s\u00e9curit\u00e9 appropri\u00e9es doivent \u00eatre prises afin d'\u00e9viter les blessures du personnel ou les dommages mat\u00e9riels. L'\u00e9limination correcte des fluides hydrauliques et autres mat\u00e9riaux est essentielle pour prot\u00e9ger l'environnement.<\/p>\n<h2>Diagnostic et solutions des pannes courantes<\/h2>\n<p>Les pannes courantes du v\u00e9rin de godet incluent les fuites d'huile hydraulique, une force de pouss\u00e9e insuffisante et un fonctionnement instable. Voici quelques conseils et solutions\u00a0:<\/p>\n<ul>\n<li>\n<h3>Fuite de liquide hydraulique<\/h3>\n<p>V\u00e9rifiez l'\u00e9tanch\u00e9it\u00e9 du joint et remplacez-le si n\u00e9cessaire. Contr\u00f4lez l'absence de rayures et autres dommages sur le corps du cylindre, le piston et la tige. Proc\u00e9dez au r\u00e9glage si n\u00e9cessaire. <\/p>\n<\/li>\n<li>\n<h3>Force de sortie insuffisante<\/h3>\n<p>Check that the hydraulic system pressure is correct. Check the cylinder&#8217;s bearing capacity and adjust or replace it if necessary. <\/p>\n<\/li>\n<li>\n<h3>Fonctionnement instable<\/h3>\n<p>Check the calibration and adjust it if necessary. Check the hydraulic system&#8217;s pressure and adjust it if necessary.<\/p>\n<\/li>\n<\/ul>\n<p>Preventive measures, such as regular inspection, can help avoid these problems and ensure the bucket cylinder&#8217;s reliable operation.<\/p>\n<p><img decoding=\"async\" src=\"https:\/\/www.hydraulic-cylinders.net\/wp-content\/uploads\/2025\/01\/songte-bushings-with-all-kinds-of-excavator-models.webp\"><\/p>\n<h2>\u00c0 propos de notre entreprise<\/h2>\n<p>We are a manufacturer of hydraulic cylinder replacements with a complete range of products, becoming one of the leading manufacturers and wholesale distributors of hydraulic cylinders in domestic and foreign markets. We adhere to the principle of excellence in quality and rely on industrialized production management strategies in refined manufacturing workshops. Our company continuously improves the manufacturing platform, perfects the production quality route, and has strong creative ability to meet customers&#8217; diversified needs with high efficiency, high precision, and high quality.<\/p>\n<h3>Professionnalisme<\/h3>\n<p>Our team is composed of experienced professionals in the hydraulic cylinder industry, from design to production, to testing and after-sales service. We have a deep understanding of the hydraulic cylinder&#8217;s performance and provide customers with professional and efficient services.<\/p>\n<h3>Certification internationale<\/h3>\n<p>Nos produits ont obtenu les certifications de qualit\u00e9 internationales, notamment ISO 9001 et CE, garantissant ainsi que leur qualit\u00e9 r\u00e9pond aux normes internationales.<\/p>\n<h3>Services personnalis\u00e9s<\/h3>\n<p>We provide customized services according to customers&#8217; specific needs, such as customized cylinder types and sizes, to meet their unique requirements.<\/p>\n<h3>\u00c9quipements de production avanc\u00e9s<\/h3>\n<p>Notre entreprise dispose d'\u00e9quipements de production de pointe, notamment un centre d'usinage CNC, un tour CNC et d'autres \u00e9quipements de fabrication num\u00e9riques haut de gamme, garantissant l'exactitude et la pr\u00e9cision de chaque v\u00e9rin hydraulique.<\/p>\n<h3>Service apr\u00e8s-vente<\/h3>\n<p>Nous assurons un service apr\u00e8s-vente complet, comprenant l'installation des produits, l'assistance technique et les services de maintenance, afin de garantir un fonctionnement efficace et fiable de nos v\u00e9rins hydrauliques le plus longtemps possible.<\/p>\n<p><img decoding=\"async\" src=\"https:\/\/hzpt.com\/wp-content\/uploads\/2024\/11\/songte-company-1.webp\"><\/p>\n<p>Auteur : lyl<\/p>","protected":false},"excerpt":{"rendered":"<p>Bucket Cylinder For Yanmar SV025-6 Introduction The bucket cylinder for Yanmar SV025-6 is a specially designed hydraulic cylinder used to control the movement of the bucket in heavy machinery such as excavators, backhoe excavators, and front-end loaders. Its main function is to allow the bucket to lift, lower, and tilt, making it easier to handle [&hellip;]<\/p>","protected":false},"featured_media":14761,"comment_status":"open","ping_status":"closed","template":"","meta":{"_et_pb_use_builder":"","_et_pb_old_content":"","_et_gb_content_width":""},"product_brand":[],"product_cat":[1494],"product_tag":[1495,1496],"class_list":{"0":"post-15836","1":"product","2":"type-product","3":"status-publish","4":"has-post-thumbnail","6":"product_cat-bucket-cylinders","7":"product_tag-bucket-cylinders","8":"product_tag-hydraulic-cylinders","10":"first","11":"instock","12":"shipping-taxable","13":"product-type-simple"},"amp_enabled":true,"_links":{"self":[{"href":"https:\/\/www.hydraulic-cylinders.net\/fr\/wp-json\/wp\/v2\/product\/15836","targetHints":{"allow":["GET"]}}],"collection":[{"href":"https:\/\/www.hydraulic-cylinders.net\/fr\/wp-json\/wp\/v2\/product"}],"about":[{"href":"https:\/\/www.hydraulic-cylinders.net\/fr\/wp-json\/wp\/v2\/types\/product"}],"replies":[{"embeddable":true,"href":"https:\/\/www.hydraulic-cylinders.net\/fr\/wp-json\/wp\/v2\/comments?post=15836"}],"wp:featuredmedia":[{"embeddable":true,"href":"https:\/\/www.hydraulic-cylinders.net\/fr\/wp-json\/wp\/v2\/media\/14761"}],"wp:attachment":[{"href":"https:\/\/www.hydraulic-cylinders.net\/fr\/wp-json\/wp\/v2\/media?parent=15836"}],"wp:term":[{"taxonomy":"product_brand","embeddable":true,"href":"https:\/\/www.hydraulic-cylinders.net\/fr\/wp-json\/wp\/v2\/product_brand?post=15836"},{"taxonomy":"product_cat","embeddable":true,"href":"https:\/\/www.hydraulic-cylinders.net\/fr\/wp-json\/wp\/v2\/product_cat?post=15836"},{"taxonomy":"product_tag","embeddable":true,"href":"https:\/\/www.hydraulic-cylinders.net\/fr\/wp-json\/wp\/v2\/product_tag?post=15836"}],"curies":[{"name":"wp","href":"https:\/\/api.w.org\/{rel}","templated":true}]}}