{"id":15843,"date":"2025-01-19T15:03:53","date_gmt":"2025-01-19T15:03:53","guid":{"rendered":"https:\/\/www.hydraulic-cylinders.net\/product\/bucket-cylinder-for-yishan-ys220\/"},"modified":"2025-01-19T15:03:59","modified_gmt":"2025-01-19T15:03:59","slug":"bucket-cylinder-for-yishan-ys220","status":"publish","type":"product","link":"https:\/\/www.hydraulic-cylinders.net\/fr\/produit\/bucket-cylinder-for-yishan-ys220\/","title":{"rendered":"Cylindre de godet pour Yishan YS220"},"content":{"rendered":"<h1>Cylindre de godet pour Yishan YS220<\/h1>\n<h2>Introduction<\/h2>\n<p>Le v\u00e9rin de godet pour Yishan YS220 est un v\u00e9rin hydraulique sp\u00e9cialis\u00e9 con\u00e7u pour contr\u00f4ler les mouvements des godets sur les engins de chantier tels que les pelles hydrauliques, les chargeuses-pelleteuses et les chargeuses frontales. Sa fonction principale est de permettre la lev\u00e9e, l'abaissement et l'inclinaison du godet, facilitant ainsi les op\u00e9rations de manutention. Dans les syst\u00e8mes hydrauliques, le v\u00e9rin de godet utilise la variation de pression de l'huile hydraulique pour un contr\u00f4le pr\u00e9cis du godet, permettant aux op\u00e9rateurs de manipuler efficacement des charges lourdes et de s'adapter \u00e0 des environnements de travail complexes et \u00e0 des exigences op\u00e9rationnelles vari\u00e9es.<\/p>\n<p><img decoding=\"async\" src=\"https:\/\/www.hydraulic-cylinders.net\/wp-content\/uploads\/2025\/01\/songte-company-2.webp\" alt=\"Cylindre de godet pour Yishan YS220\"><\/p>\n<h2>Caract\u00e9ristiques<\/h2>\n<ul>\n<li>Haute r\u00e9sistance et durabilit\u00e9\u00a0: g\u00e9n\u00e9ralement fabriqu\u00e9 en acier haute r\u00e9sistance ou en aluminium, il supporte les hautes pressions et les charges importantes, s\u2019adaptant ainsi aux environnements de travail difficiles. Sa conception prend en compte la r\u00e9sistance \u00e0 l\u2019usure et \u00e0 la corrosion, prolongeant sa dur\u00e9e de vie.<\/li>\n<li>Fonctionnement hydraulique efficace\u00a0: des mouvements d\u2019extension et de contraction fluides sont obtenus gr\u00e2ce \u00e0 la pression de l\u2019huile hydraulique, permettant une r\u00e9ponse rapide aux commandes, fournissant des forces de pouss\u00e9e et de traction puissantes, adapt\u00e9es \u00e0 la manutention d\u2019objets lourds et aux t\u00e2ches de travail complexes.<\/li>\n<li>Diff\u00e9rents types\u00a0: des v\u00e9rins \u00e0 simple effet (fonctionnant dans un seul sens) ou \u00e0 double effet (fonctionnant dans les deux sens) peuvent \u00eatre s\u00e9lectionn\u00e9s en fonction des besoins op\u00e9rationnels. Certains mod\u00e8les sont t\u00e9lescopiques, permettant une plus grande extension sans augmenter les dimensions ext\u00e9rieures, ce qui les rend adapt\u00e9s aux applications o\u00f9 l\u2019espace est limit\u00e9.<\/li>\n<li>Remplacement id\u00e9al : Nos produits peuvent parfaitement remplacer ces v\u00e9rins hydrauliques.<\/li>\n<\/ul>\n<p><img decoding=\"async\" src=\"https:\/\/www.hydraulic-cylinders.net\/wp-content\/uploads\/2025\/01\/songte-cylinder-head-with-all-kinds-excavator-models.webp\" alt=\"Cylindre de godet pour Yishan YS220\"><\/p>\n<h2>Applications<\/h2>\n<h3>\u00c9quipement de construction :<\/h3>\n<p>Sur les excavatrices, les v\u00e9rins sont indispensables pour creuser, charger et d\u00e9placer la terre ou les d\u00e9bris. Sur les chargeuses-pelleteuses, les v\u00e9rins de godet facilitent \u00e0 la fois le creusement et le levage. Sur les chargeuses frontales, ils permettent de lever et de basculer efficacement la charge.<\/p>\n<h3>Machines agricoles :<\/h3>\n<p>Utilis\u00e9 sur les chargeuses frontales pour ramasser, soulever et transporter de la terre, du foin et d'autres mat\u00e9riaux. Sur les pelles hydrauliques, le v\u00e9rin du godet permet de creuser en autorisant la p\u00e9n\u00e9tration du godet dans le sol.<\/p>\n<h2>Consid\u00e9rations de conception et crit\u00e8res de s\u00e9lection<\/h2>\n<ul>\n<li>Capacit\u00e9 de charge : Le v\u00e9rin hydraulique doit avoir une capacit\u00e9 de charge suffisante pour r\u00e9pondre aux exigences de l'application.<\/li>\n<li>Performances d'\u00e9tanch\u00e9it\u00e9\u00a0: Diff\u00e9rents composants d'\u00e9tanch\u00e9it\u00e9 sont utilis\u00e9s, tels que des joints de piston et des joints de tige, fabriqu\u00e9s \u00e0 partir de mat\u00e9riaux r\u00e9sistants \u00e0 l'usure comme le polyur\u00e9thane et le caoutchouc nitrile, afin d'am\u00e9liorer les performances d'\u00e9tanch\u00e9it\u00e9.<\/li>\n<li>Durabilit\u00e9\u00a0: Le corps du cylindre et la surface filet\u00e9e sont usin\u00e9s avec pr\u00e9cision pour une meilleure r\u00e9sistance \u00e0 l\u2019usure. Une lubrification r\u00e9guli\u00e8re est n\u00e9cessaire pour pr\u00e9venir l\u2019usure et assurer un fonctionnement normal.<\/li>\n<li>S\u00e9curit\u00e9 : Des mesures de s\u00e9curit\u00e9 appropri\u00e9es doivent \u00eatre prises lors de l'installation et de l'utilisation afin de garantir une utilisation s\u00fbre.<\/li>\n<li>Maintenance : Un contr\u00f4le et une maintenance r\u00e9guliers sont n\u00e9cessaires pour d\u00e9tecter et pr\u00e9venir les probl\u00e8mes potentiels. Des services de remplacement de pi\u00e8ces d\u00e9tach\u00e9es et de remise en \u00e9tat sont \u00e9galement disponibles.<\/li>\n<\/ul>\n<p><img decoding=\"async\" src=\"https:\/\/www.hydraulic-cylinders.net\/wp-content\/uploads\/2025\/01\/songte-oil-pipes-and-spare-parts.webp\" alt=\"Cylindre de godet pour Yishan YS220\"><\/p>\n<h2>\u00c9tanch\u00e9it\u00e9 et lubrification<\/h2>\n<p>Divers composants d'\u00e9tanch\u00e9it\u00e9, tels que des joints de piston et de tige, fabriqu\u00e9s en mat\u00e9riaux r\u00e9sistants \u00e0 l'usure comme le polyur\u00e9thane et le caoutchouc nitrile, sont utilis\u00e9s pour optimiser l'\u00e9tanch\u00e9it\u00e9. Le corps du cylindre et la surface d'extr\u00e9mit\u00e9 filet\u00e9e sont usin\u00e9s avec pr\u00e9cision pour une meilleure r\u00e9sistance \u00e0 l'usure. Une lubrification r\u00e9guli\u00e8re est indispensable pour pr\u00e9venir l'usure et garantir un fonctionnement normal.<\/p>\n<h2>Entretien et r\u00e9paration<\/h2>\n<p>Un contr\u00f4le et un entretien r\u00e9guliers sont indispensables pour d\u00e9tecter et pr\u00e9venir les probl\u00e8mes potentiels. Les t\u00e2ches d'entretien courantes comprennent des v\u00e9rifications r\u00e9guli\u00e8res, une lubrification appropri\u00e9e et le remplacement des joints. Une installation, une lubrification et un r\u00e9glage corrects sont essentiels pour garantir la long\u00e9vit\u00e9 du produit. Il est recommand\u00e9 d'utiliser des supports de fixation adapt\u00e9s pour maintenir le cylindre en place. Nous proposons des proc\u00e9dures d'inspection, de r\u00e9paration et de remplacement recommand\u00e9es, ainsi que des pi\u00e8ces de rechange et des services de remise \u00e0 neuf afin d'optimiser la dur\u00e9e de vie du produit.<\/p>\n<p><img decoding=\"async\" src=\"https:\/\/www.hydraulic-cylinders.net\/wp-content\/uploads\/2025\/01\/songte-chushion-collar.webp\" alt=\"Cylindre de godet pour Yishan YS220\"><\/p>\n<h2>Consid\u00e9rations relatives \u00e0 la s\u00e9curit\u00e9 et \u00e0 l'environnement<\/h2>\n<p>Le respect des consignes de s\u00e9curit\u00e9 est primordial lors de l'utilisation de v\u00e9rins hydrauliques. Il convient de veiller \u00e0 \u00e9viter les fuites d'huile hydraulique, susceptibles de nuire \u00e0 l'environnement et de mettre en danger le personnel.<\/p>\n<h2>Diagnostic et d\u00e9pannage des pannes<\/h2>\n<p>Parmi les probl\u00e8mes courants rencontr\u00e9s avec les v\u00e9rins hydrauliques, on peut citer la d\u00e9faillance des joints, les fuites et les dysfonctionnements d'extension ou de r\u00e9traction. Ces probl\u00e8mes peuvent \u00eatre r\u00e9solus en identifiant la cause et en rempla\u00e7ant les pi\u00e8ces endommag\u00e9es. Des mesures pr\u00e9ventives, telles que la maintenance et les inspections r\u00e9guli\u00e8res, permettent d'\u00e9viter ces probl\u00e8mes.<\/p>\n<p><img decoding=\"async\" src=\"https:\/\/www.hydraulic-cylinders.net\/wp-content\/uploads\/2025\/01\/songte-bushings-with-all-kinds-of-excavator-models.webp\" alt=\"Cylindre de godet pour Yishan YS220\"><\/p>\n<h2>\u00c0 propos de nous<\/h2>\n<p>Nous sommes un fabricant de v\u00e9rins hydrauliques proposant une gamme compl\u00e8te de produits et figurant parmi les principaux fabricants et distributeurs de v\u00e9rins hydrauliques sur les march\u00e9s nationaux et internationaux. Attach\u00e9s \u00e0 l'excellence, nous appliquons une strat\u00e9gie de gestion de la production conforme aux normes du secteur au sein de notre atelier de fabrication ultramoderne. Gr\u00e2ce \u00e0 nos \u00e9quipes techniques comp\u00e9tentes, nos \u00e9quipements de production num\u00e9riques de pointe et nos syst\u00e8mes de contr\u00f4le qualit\u00e9 professionnels, nous am\u00e9liorons constamment notre plateforme de production, optimisons nos lignes de production et d\u00e9veloppons une forte capacit\u00e9 d'innovation. Nous r\u00e9pondons aux besoins vari\u00e9s de nos clients avec efficacit\u00e9, pr\u00e9cision et un souci constant de la qualit\u00e9.<\/p>\n<ul>\n<li>Professionnalisme : Nous disposons d'une \u00e9quipe de professionnels qui connaissent parfaitement les v\u00e9rins hydrauliques et leurs applications.<\/li>\n<li>Certification internationale : Nos produits ont obtenu des certifications internationales telles que CE et ISO9001.<\/li>\n<li>Services de personnalisation\u00a0: Nous proposons des services personnalis\u00e9s pour r\u00e9pondre aux besoins sp\u00e9cifiques de nos clients.<\/li>\n<li>\u00c9quipements de production : Nous utilisons des \u00e9quipements de fabrication sophistiqu\u00e9s, tels que des machines CNC de pr\u00e9cision et des robots de soudage, afin de garantir des produits de haute qualit\u00e9.<\/li>\n<li>Service apr\u00e8s-vente\u00a0: Nous proposons \u00e0 nos clients un service apr\u00e8s-vente comprenant une assistance technique, le remplacement de pi\u00e8ces d\u00e9tach\u00e9es et des services de remise \u00e0 neuf.<\/li>\n<\/ul>\n<p><img decoding=\"async\" src=\"https:\/\/hzpt.com\/wp-content\/uploads\/2024\/11\/songte-company-1.webp\" alt=\"Cylindre de godet pour Yishan YS220\"><\/p>\n<p>Auteur : lyl<\/p>","protected":false},"excerpt":{"rendered":"<p>Bucket Cylinder For Yishan YS220 Introduction The Bucket Cylinder for Yishan YS220 is a specialized hydraulic cylinder designed to control the movement of buckets in heavy machinery such as excavators, backhoe loaders, and front loaders. Its primary function is to enable the bucket to lift, lower, and tilt, making it easier to carry out various [&hellip;]<\/p>","protected":false},"featured_media":14780,"comment_status":"open","ping_status":"closed","template":"","meta":{"_et_pb_use_builder":"","_et_pb_old_content":"","_et_gb_content_width":""},"product_brand":[],"product_cat":[1494],"product_tag":[1495,1496],"class_list":{"0":"post-15843","1":"product","2":"type-product","3":"status-publish","4":"has-post-thumbnail","6":"product_cat-bucket-cylinders","7":"product_tag-bucket-cylinders","8":"product_tag-hydraulic-cylinders","10":"first","11":"instock","12":"shipping-taxable","13":"product-type-simple"},"amp_enabled":true,"_links":{"self":[{"href":"https:\/\/www.hydraulic-cylinders.net\/fr\/wp-json\/wp\/v2\/product\/15843","targetHints":{"allow":["GET"]}}],"collection":[{"href":"https:\/\/www.hydraulic-cylinders.net\/fr\/wp-json\/wp\/v2\/product"}],"about":[{"href":"https:\/\/www.hydraulic-cylinders.net\/fr\/wp-json\/wp\/v2\/types\/product"}],"replies":[{"embeddable":true,"href":"https:\/\/www.hydraulic-cylinders.net\/fr\/wp-json\/wp\/v2\/comments?post=15843"}],"wp:featuredmedia":[{"embeddable":true,"href":"https:\/\/www.hydraulic-cylinders.net\/fr\/wp-json\/wp\/v2\/media\/14780"}],"wp:attachment":[{"href":"https:\/\/www.hydraulic-cylinders.net\/fr\/wp-json\/wp\/v2\/media?parent=15843"}],"wp:term":[{"taxonomy":"product_brand","embeddable":true,"href":"https:\/\/www.hydraulic-cylinders.net\/fr\/wp-json\/wp\/v2\/product_brand?post=15843"},{"taxonomy":"product_cat","embeddable":true,"href":"https:\/\/www.hydraulic-cylinders.net\/fr\/wp-json\/wp\/v2\/product_cat?post=15843"},{"taxonomy":"product_tag","embeddable":true,"href":"https:\/\/www.hydraulic-cylinders.net\/fr\/wp-json\/wp\/v2\/product_tag?post=15843"}],"curies":[{"name":"wp","href":"https:\/\/api.w.org\/{rel}","templated":true}]}}