{"id":15863,"date":"2025-01-19T15:05:29","date_gmt":"2025-01-19T15:05:29","guid":{"rendered":"https:\/\/www.hydraulic-cylinders.net\/product\/bucket-cylinder-for-yuchai-yc60-8\/"},"modified":"2025-01-19T15:05:31","modified_gmt":"2025-01-19T15:05:31","slug":"bucket-cylinder-for-yuchai-yc60-8","status":"publish","type":"product","link":"https:\/\/www.hydraulic-cylinders.net\/fr\/produit\/bucket-cylinder-for-yuchai-yc60-8\/","title":{"rendered":"Cylindre de godet pour Yuchai YC60-8"},"content":{"rendered":"<h2>Cylindre de godet pour Yuchai YC60-8<\/h2>\n<p>Introduction:<\/p>\n<p>The bucket cylinder for Yuchai YC60-8 is a specially designed hydraulic cylinder used to control the movement of the bucket in heavy machinery such as excavators, backhoe loaders, and front-end loaders. Its main function is to enable the lifting, lowering, and tilting of the bucket, facilitating various material handling tasks. In the hydraulic system, the bucket cylinder precisely controls the bucket&#8217;s movement by changing the pressure of the hydraulic oil, allowing operators to efficiently handle heavy loads and adapt to complex working environments and diverse job requirements.<\/p>\n<p><img decoding=\"async\" src=\"https:\/\/www.hydraulic-cylinders.net\/wp-content\/uploads\/2025\/01\/songte-company-2.webp\" alt=\"Image du cylindre du godet\"><\/p>\n<h2>Caract\u00e9ristiques:<\/h2>\n<ul>\n<li>Haute r\u00e9sistance et durabilit\u00e9\u00a0: Fabriqu\u00e9 g\u00e9n\u00e9ralement en acier ou en aluminium haute r\u00e9sistance, le v\u00e9rin du godet supporte les hautes pressions et les charges importantes, s\u2019adaptant ainsi aux environnements de travail difficiles. Sa conception assure une r\u00e9sistance \u00e0 l\u2019usure et \u00e0 la corrosion, prolongeant sa dur\u00e9e de vie.<\/li>\n<li>Fonctionnement hydraulique efficace\u00a0: gr\u00e2ce \u00e0 la pression de l\u2019huile hydraulique, le v\u00e9rin du godet assure des mouvements d\u2019extension et de r\u00e9traction fluides, r\u00e9pondant rapidement aux commandes et fournissant des forces de pouss\u00e9e et de traction puissantes, adapt\u00e9es \u00e0 la manutention de charges lourdes et aux t\u00e2ches complexes.<\/li>\n<li>Diff\u00e9rents types\u00a0: Le v\u00e9rin du godet peut \u00eatre choisi en version simple effet (actionnement hydraulique dans un seul sens) ou double effet (actionnement hydraulique dans les deux sens), selon les besoins op\u00e9rationnels. Certains mod\u00e8les sont t\u00e9lescopiques, ce qui permet une plus grande extension sans augmenter les dimensions ext\u00e9rieures et les rend adapt\u00e9s aux applications o\u00f9 l\u2019espace est limit\u00e9.<\/li>\n<li>Remplacement id\u00e9al : Notre produit peut parfaitement remplacer les autres v\u00e9rins hydrauliques, offrant des performances \u00e9quivalentes.<\/li>\n<\/ul>\n<p><img decoding=\"async\" src=\"https:\/\/www.hydraulic-cylinders.net\/wp-content\/uploads\/2025\/01\/songte-cylinder-head-with-all-kinds-excavator-models.webp\" alt=\"Image de remplacement du produit\"><\/p>\n<h2>Applications:<\/h2>\n<p>Le v\u00e9rin \u00e0 godet est largement utilis\u00e9 dans diverses applications, notamment\u00a0:<\/p>\n<ol>\n<li>Mat\u00e9riel de construction\u00a0: Pr\u00e9sents dans les excavatrices, ils sont essentiels pour l\u2019excavation, le chargement et le d\u00e9placement de terre ou de d\u00e9bris. Dans les chargeuses-pelleteuses, le v\u00e9rin du godet contribue \u00e0 la fois au creusement et au levage.<\/li>\n<li>Machines agricoles\u00a0: Utilis\u00e9es dans les chargeuses frontales, elles facilitent le ramassage, le levage et le transport de la terre, du foin et d\u2019autres mat\u00e9riaux.<\/li>\n<li>Excavatrices : Le v\u00e9rin du godet permet l'excavation en permettant au godet de p\u00e9n\u00e9trer dans le sol.<\/li>\n<li>Chargeuses : Sur les chargeuses frontales, elles permettent de lever et de d\u00e9charger efficacement la cargaison.<\/li>\n<\/ol>\n<h2>Consid\u00e9rations de conception et crit\u00e8res de s\u00e9lection\u00a0:<\/h2>\n<p>En mati\u00e8re de conception, plusieurs facteurs jouent un r\u00f4le crucial, tels que\u00a0:<\/p>\n<ul>\n<li>Load-Bearing Capacity: The bucket cylinder&#8217;s ability to withstand heavy loads and pressure.<\/li>\n<li>\u00c9tanch\u00e9it\u00e9 : Utilisation de divers joints, tels que des joints de piston et des joints de tige, fabriqu\u00e9s \u00e0 partir de mat\u00e9riaux r\u00e9sistants \u00e0 l'usure comme le polyur\u00e9thane et le caoutchouc nitrile.<\/li>\n<li>Durabilit\u00e9 : Le corps du cylindre et les extr\u00e9mit\u00e9s filet\u00e9es subissent un traitement de pr\u00e9cision pour am\u00e9liorer la r\u00e9sistance \u00e0 l'usure.<\/li>\n<li>Safety: Ensuring the cylinder&#8217;s safe operation and preventing accidents.<\/li>\n<li>Facilit\u00e9 d'entretien : Acc\u00e8s ais\u00e9 pour la maintenance et les r\u00e9parations.<\/li>\n<\/ul>\n<p><img decoding=\"async\" src=\"https:\/\/www.hydraulic-cylinders.net\/wp-content\/uploads\/2025\/01\/songte-oil-pipes-and-spare-parts.webp\" alt=\"Image de conception de produit\"><\/p>\n<h2>\u00c9tanch\u00e9it\u00e9 et lubrification :<\/h2>\n<p>Le v\u00e9rin du godet utilise diff\u00e9rents joints, tels que des joints de piston et des joints de tige, fabriqu\u00e9s dans des mat\u00e9riaux r\u00e9sistants \u00e0 l'usure comme le polyur\u00e9thane et le caoutchouc nitrile. Le corps du v\u00e9rin et les extr\u00e9mit\u00e9s filet\u00e9es b\u00e9n\u00e9ficient d'un traitement de surface optimis\u00e9 pour une meilleure r\u00e9sistance \u00e0 l'usure. Une lubrification r\u00e9guli\u00e8re avec une huile hydraulique adapt\u00e9e est indispensable \u00e0 un fonctionnement optimal.<\/p>\n<h2>Inspection et maintenance pr\u00e9ventive :<\/h2>\n<p>Des inspections r\u00e9guli\u00e8res et des mesures de maintenance pr\u00e9ventive sont essentielles pour un fonctionnement optimal. Voici les t\u00e2ches recommand\u00e9es\u00a0:<\/p>\n<ul>\n<li>Contr\u00f4les r\u00e9guliers<\/li>\n<li>Lubrification ad\u00e9quate<\/li>\n<li>remplacement du joint<\/li>\n<li>Contr\u00f4les d'\u00e9talonnage<\/li>\n<\/ul>\n<p><img decoding=\"async\" src=\"https:\/\/www.hydraulic-cylinders.net\/wp-content\/uploads\/2025\/01\/songte-chushion-collar.webp\" alt=\"Image de maintenance\"><\/p>\n<h2>Consid\u00e9rations relatives \u00e0 la s\u00e9curit\u00e9 et facteurs environnementaux\u00a0:<\/h2>\n<p>Le respect des mesures de s\u00e9curit\u00e9 lors de l'utilisation de v\u00e9rins \u00e0 godet est primordial. Les facteurs environnementaux doivent \u00e9galement \u00eatre pris en compte afin de minimiser tout impact n\u00e9gatif potentiel.<\/p>\n<h2>D\u00e9pannage et probl\u00e8mes courants\u00a0:<\/h2>\n<p>Un d\u00e9pannage appropri\u00e9 et des solutions rapides sont essentiels pour r\u00e9soudre les probl\u00e8mes courants. Voici quelques conseils et solutions pour un diagnostic et une r\u00e9solution de probl\u00e8mes efficaces\u00a0:<\/p>\n<h2>Pr\u00e9sentation de l'entreprise\u00a0:<\/h2>\n<p>Nous sommes un fabricant et distributeur en gros de premier plan de v\u00e9rins hydrauliques de remplacement, tant sur le march\u00e9 national qu'international. Notre vaste gamme de produits et notre engagement envers l'excellence nous ont permis de nous imposer comme un acteur majeur du secteur. Nous respectons des normes de qualit\u00e9 rigoureuses et mettons en \u0153uvre des proc\u00e9d\u00e9s de fabrication de pointe, notamment gr\u00e2ce \u00e0 une \u00e9quipe de techniciens qualifi\u00e9s, des \u00e9quipements ultramodernes et des syst\u00e8mes de test professionnels. Ax\u00e9s sur l'efficacit\u00e9, la pr\u00e9cision et la qualit\u00e9 sup\u00e9rieure, nous r\u00e9pondons aux besoins vari\u00e9s de nos clients.<\/p>\n<p><img decoding=\"async\" src=\"https:\/\/www.hydraulic-cylinders.net\/wp-content\/uploads\/2025\/01\/songte-company-3.webp\" alt=\"Image de l&#039;entreprise\"><\/p>\n<p>Notre entreprise est connue pour :<\/p>\n<ul>\n<li>Expertise et professionnalisme<\/li>\n<li>Certifications internationales<\/li>\n<li>Services de personnalisation<\/li>\n<li>\u00e9quipement de production avanc\u00e9<\/li>\n<li>Service apr\u00e8s-vente r\u00e9actif<\/li>\n<\/ul>\n<p>Auteur : lyl<\/p>\n<p><img decoding=\"async\" src=\"https:\/\/hzpt.com\/wp-content\/uploads\/2024\/11\/songte-company-1.webp\" alt=\"Image de l&#039;entreprise\"><\/p>","protected":false},"excerpt":{"rendered":"<p>Bucket Cylinder For Yuchai YC60-8 Introduction: The bucket cylinder for Yuchai YC60-8 is a specially designed hydraulic cylinder used to control the movement of the bucket in heavy machinery such as excavators, backhoe loaders, and front-end loaders. Its main function is to enable the lifting, lowering, and tilting of the bucket, facilitating various material handling [&hellip;]<\/p>","protected":false},"featured_media":14769,"comment_status":"open","ping_status":"closed","template":"","meta":{"_et_pb_use_builder":"","_et_pb_old_content":"","_et_gb_content_width":""},"product_brand":[],"product_cat":[1494],"product_tag":[1495,1496],"class_list":{"0":"post-15863","1":"product","2":"type-product","3":"status-publish","4":"has-post-thumbnail","6":"product_cat-bucket-cylinders","7":"product_tag-bucket-cylinders","8":"product_tag-hydraulic-cylinders","10":"first","11":"instock","12":"shipping-taxable","13":"product-type-simple"},"amp_enabled":true,"_links":{"self":[{"href":"https:\/\/www.hydraulic-cylinders.net\/fr\/wp-json\/wp\/v2\/product\/15863","targetHints":{"allow":["GET"]}}],"collection":[{"href":"https:\/\/www.hydraulic-cylinders.net\/fr\/wp-json\/wp\/v2\/product"}],"about":[{"href":"https:\/\/www.hydraulic-cylinders.net\/fr\/wp-json\/wp\/v2\/types\/product"}],"replies":[{"embeddable":true,"href":"https:\/\/www.hydraulic-cylinders.net\/fr\/wp-json\/wp\/v2\/comments?post=15863"}],"wp:featuredmedia":[{"embeddable":true,"href":"https:\/\/www.hydraulic-cylinders.net\/fr\/wp-json\/wp\/v2\/media\/14769"}],"wp:attachment":[{"href":"https:\/\/www.hydraulic-cylinders.net\/fr\/wp-json\/wp\/v2\/media?parent=15863"}],"wp:term":[{"taxonomy":"product_brand","embeddable":true,"href":"https:\/\/www.hydraulic-cylinders.net\/fr\/wp-json\/wp\/v2\/product_brand?post=15863"},{"taxonomy":"product_cat","embeddable":true,"href":"https:\/\/www.hydraulic-cylinders.net\/fr\/wp-json\/wp\/v2\/product_cat?post=15863"},{"taxonomy":"product_tag","embeddable":true,"href":"https:\/\/www.hydraulic-cylinders.net\/fr\/wp-json\/wp\/v2\/product_tag?post=15863"}],"curies":[{"name":"wp","href":"https:\/\/api.w.org\/{rel}","templated":true}]}}