{"id":15867,"date":"2025-01-19T15:05:48","date_gmt":"2025-01-19T15:05:48","guid":{"rendered":"https:\/\/www.hydraulic-cylinders.net\/product\/bucket-cylinder-for-yangong-yg70c\/"},"modified":"2025-01-19T15:05:50","modified_gmt":"2025-01-19T15:05:50","slug":"bucket-cylinder-for-yangong-yg70c","status":"publish","type":"product","link":"https:\/\/www.hydraulic-cylinders.net\/fr\/produit\/bucket-cylinder-for-yangong-yg70c\/","title":{"rendered":"Cylindre de godet pour Yangong YG70C"},"content":{"rendered":"<h1>Cylindre de godet pour Yangong YG70C<\/h1>\n<h2>Introduction<\/h2>\n<p>Le v\u00e9rin de godet du Yangong YG70C est un v\u00e9rin hydraulique sp\u00e9cialement con\u00e7u pour contr\u00f4ler les mouvements du godet sur les engins de chantier tels que les pelles hydrauliques, les chargeuses-pelleteuses et les chargeuses frontales. Sa fonction principale est de permettre la lev\u00e9e, l'abaissement et l'inclinaison du godet, facilitant ainsi la manutention de divers mat\u00e9riaux. Au sein du syst\u00e8me hydraulique, le v\u00e9rin de godet assure un contr\u00f4le pr\u00e9cis du godet gr\u00e2ce \u00e0 la variation de la pression d'huile hydraulique, permettant aux op\u00e9rateurs de manipuler efficacement des charges lourdes et de s'adapter \u00e0 des environnements de travail complexes et \u00e0 des exigences op\u00e9rationnelles vari\u00e9es.<\/p>\n<p><img decoding=\"async\" src=\"https:\/\/www.hydraulic-cylinders.net\/wp-content\/uploads\/2025\/01\/songte-company-2.webp\"><\/p>\n<h2>Caract\u00e9ristiques<\/h2>\n<ul>\n<li>Haute r\u00e9sistance et durabilit\u00e9\u00a0: g\u00e9n\u00e9ralement fabriqu\u00e9 en acier ou en aluminium haute r\u00e9sistance, il supporte les hautes pressions et les charges importantes, s\u2019adaptant ainsi aux environnements de travail difficiles. Sa conception assure une r\u00e9sistance \u00e0 l\u2019usure et \u00e0 la corrosion, prolongeant sa dur\u00e9e de vie.<\/li>\n<li>Fonctionnement hydraulique efficace : Utilisant la pression de l'huile hydraulique pour obtenir une extension et une r\u00e9traction en douceur, il peut r\u00e9pondre rapidement aux commandes, fournissant une force de pouss\u00e9e et de traction importante, adapt\u00e9e \u00e0 la manutention d'objets lourds et aux t\u00e2ches op\u00e9rationnelles complexes.<\/li>\n<li>Diff\u00e9rents types sont disponibles\u00a0: des v\u00e9rins simple effet (fonctionnant dans un seul sens) ou double effet (fonctionnant dans les deux sens) peuvent \u00eatre s\u00e9lectionn\u00e9s en fonction des besoins op\u00e9rationnels. Certains mod\u00e8les sont t\u00e9lescopiques, permettant une plus grande extension sans augmentation des dimensions ext\u00e9rieures, ce qui les rend adapt\u00e9s aux applications o\u00f9 l\u2019espace est limit\u00e9.<\/li>\n<li>Rempla\u00e7able : Notre produit peut parfaitement remplacer ces v\u00e9rins hydrauliques.<\/li>\n<\/ul>\n<p><img decoding=\"async\" src=\"https:\/\/www.hydraulic-cylinders.net\/wp-content\/uploads\/2025\/01\/songte-cylinder-head-with-all-kinds-excavator-models.webp\"><\/p>\n<h2>Applications<\/h2>\n<p>Le v\u00e9rin de godet pour Yangong YG70C est largement utilis\u00e9 dans diverses machines lourdes, notamment\u00a0:<\/p>\n<ul>\n<li>Engins de chantier\u00a0: Sur les excavatrices, les v\u00e9rins sont indispensables pour creuser, charger et d\u00e9placer la terre ou les d\u00e9bris. Sur les chargeuses-pelleteuses, le v\u00e9rin du godet contribue \u00e0 la fois au creusement et au levage. <\/li>\n<li>Machines agricoles : Utilis\u00e9es dans les chargeuses frontales, pour creuser, soulever et transporter la terre, le foin et autres mat\u00e9riaux.<\/li>\n<li>Excavatrices : Le v\u00e9rin du godet permet l'excavation en permettant au godet de p\u00e9n\u00e9trer dans le sol. <\/li>\n<li>Chargeuses : Sur les chargeuses frontales, elles permettent de lever et de d\u00e9charger efficacement les marchandises. <\/li>\n<\/ul>\n<h2>Crit\u00e8res de conception et de s\u00e9lection<\/h2>\n<p>Le v\u00e9rin de godet du Yangong YG70C est con\u00e7u en tenant compte des consid\u00e9rations suivantes\u00a0:<\/p>\n<ul>\n<li>capacit\u00e9 de charge<\/li>\n<li>Scellage<\/li>\n<li>Durabilit\u00e9<\/li>\n<li>S\u00e9curit\u00e9<\/li>\n<li>Maintenabilit\u00e9<\/li>\n<\/ul>\n<p>Le cylindre poss\u00e8de une capacit\u00e9 de charge \u00e9lev\u00e9e, de bonnes performances d'\u00e9tanch\u00e9it\u00e9, une excellente durabilit\u00e9 et un entretien facile gr\u00e2ce \u00e0 la pr\u00e9cision de son corps et de sa surface de tige, aux mat\u00e9riaux r\u00e9sistants \u00e0 l'usure et \u00e0 la corrosion utilis\u00e9s pour les joints, et \u00e0 une lubrification p\u00e9riodique avec une quantit\u00e9 appropri\u00e9e d'huile hydraulique.<\/p>\n<p><img decoding=\"async\" src=\"https:\/\/www.hydraulic-cylinders.net\/wp-content\/uploads\/2025\/01\/songte-oil-pipes-and-spare-parts.webp\"><\/p>\n<h2>Entretien<\/h2>\n<p>Un entretien r\u00e9gulier est essentiel pour garantir la long\u00e9vit\u00e9 et les performances optimales du v\u00e9rin du godet. Voici quelques t\u00e2ches d'entretien courantes\u00a0:<\/p>\n<ul>\n<li>Inspection r\u00e9guli\u00e8re<\/li>\n<li>Lubrification ad\u00e9quate<\/li>\n<li>Remplacement des joints<\/li>\n<li>V\u00e9rification de l'\u00e9talonnage<\/li>\n<\/ul>\n<p>Une installation, une lubrification et un r\u00e9glage corrects sont essentiels au bon fonctionnement du v\u00e9rin de godet. Il est recommand\u00e9 d'utiliser des supports de fixation appropri\u00e9s et de suivre les proc\u00e9dures d'inspection, de r\u00e9paration et de remplacement recommand\u00e9es afin d'assurer la long\u00e9vit\u00e9 du v\u00e9rin.<\/p>\n<p><img decoding=\"async\" src=\"https:\/\/www.hydraulic-cylinders.net\/wp-content\/uploads\/2025\/01\/songte-chushion-collar.webp\"><\/p>\n<h2>Consid\u00e9rations relatives \u00e0 la s\u00e9curit\u00e9 et \u00e0 l'environnement<\/h2>\n<p>Le respect des consignes de s\u00e9curit\u00e9 est primordial lors de l'utilisation du v\u00e9rin de godet afin de pr\u00e9venir tout accident. Le port d'\u00e9quipements de protection individuelle, tels que des gants et des lunettes de protection, est recommand\u00e9 lors de la manipulation du v\u00e9rin. Il est \u00e9galement essentiel d'\u00e9liminer l'huile hydraulique et les autres d\u00e9chets en toute s\u00e9curit\u00e9, conform\u00e9ment \u00e0 la r\u00e9glementation environnementale.<\/p>\n<h2>Diagnostic et d\u00e9pannage des pannes<\/h2>\n<p>Parmi les probl\u00e8mes courants pouvant survenir lors de l'utilisation du v\u00e9rin de godet, on peut citer les fuites d'huile, les bruits anormaux et la lenteur des mouvements. Pour diagnostiquer et r\u00e9soudre ces probl\u00e8mes, il est recommand\u00e9 de suivre les proc\u00e9dures d'inspection et de r\u00e9paration pr\u00e9conis\u00e9es.<\/p>\n<p><img decoding=\"async\" src=\"https:\/\/www.hydraulic-cylinders.net\/wp-content\/uploads\/2025\/01\/songte-bushings-with-all-kinds-of-excavator-models.webp\"><\/p>\n<h2>\u00c0 propos de notre entreprise<\/h2>\n<p>Nous sommes un fabricant et grossiste de premier plan de v\u00e9rins hydrauliques, offrant une gamme compl\u00e8te de produits sur les march\u00e9s nationaux et internationaux. Notre priorit\u00e9 est l'excellence, et nous nous appuyons sur des strat\u00e9gies de gestion de la production industrialis\u00e9e, un atelier de fabrication performant, des techniciens qualifi\u00e9s, des \u00e9quipements de production num\u00e9rique de pointe et des syst\u00e8mes de contr\u00f4le professionnels. Nous am\u00e9liorons constamment notre plateforme de production, optimisant ainsi nos processus et notre capacit\u00e9 d'innovation. Notre objectif est de fournir \u00e0 nos clients des produits performants, pr\u00e9cis et de haute qualit\u00e9, r\u00e9pondant \u00e0 leurs besoins vari\u00e9s.<\/p>\n<p><img decoding=\"async\" src=\"https:\/\/hzpt.com\/wp-content\/uploads\/2024\/11\/songte-company-1.webp\"><\/p>\n<p>Notre entreprise propose des services professionnels, des certifications internationales, des services personnalis\u00e9s, des \u00e9quipements de production et un service apr\u00e8s-vente. Nous nous engageons \u00e0 fournir \u00e0 nos clients des v\u00e9rins hydrauliques de haute qualit\u00e9 et un service irr\u00e9prochable.<\/p>\n<h2>Auteur : lyl<\/h2>","protected":false},"excerpt":{"rendered":"<p>Bucket Cylinder For Yangong YG70C Introduction The bucket cylinder for Yangong YG70C is a specially designed hydraulic cylinder used to control the movement of the bucket in heavy machinery such as excavators, backhoe loaders, and front-end loaders. Its main function is to enable the bucket to lift, lower, and tilt, making it easier to handle [&hellip;]<\/p>","protected":false},"featured_media":14789,"comment_status":"open","ping_status":"closed","template":"","meta":{"_et_pb_use_builder":"","_et_pb_old_content":"","_et_gb_content_width":""},"product_brand":[],"product_cat":[1494],"product_tag":[1495,1496],"class_list":{"0":"post-15867","1":"product","2":"type-product","3":"status-publish","4":"has-post-thumbnail","6":"product_cat-bucket-cylinders","7":"product_tag-bucket-cylinders","8":"product_tag-hydraulic-cylinders","10":"first","11":"instock","12":"shipping-taxable","13":"product-type-simple"},"amp_enabled":true,"_links":{"self":[{"href":"https:\/\/www.hydraulic-cylinders.net\/fr\/wp-json\/wp\/v2\/product\/15867","targetHints":{"allow":["GET"]}}],"collection":[{"href":"https:\/\/www.hydraulic-cylinders.net\/fr\/wp-json\/wp\/v2\/product"}],"about":[{"href":"https:\/\/www.hydraulic-cylinders.net\/fr\/wp-json\/wp\/v2\/types\/product"}],"replies":[{"embeddable":true,"href":"https:\/\/www.hydraulic-cylinders.net\/fr\/wp-json\/wp\/v2\/comments?post=15867"}],"wp:featuredmedia":[{"embeddable":true,"href":"https:\/\/www.hydraulic-cylinders.net\/fr\/wp-json\/wp\/v2\/media\/14789"}],"wp:attachment":[{"href":"https:\/\/www.hydraulic-cylinders.net\/fr\/wp-json\/wp\/v2\/media?parent=15867"}],"wp:term":[{"taxonomy":"product_brand","embeddable":true,"href":"https:\/\/www.hydraulic-cylinders.net\/fr\/wp-json\/wp\/v2\/product_brand?post=15867"},{"taxonomy":"product_cat","embeddable":true,"href":"https:\/\/www.hydraulic-cylinders.net\/fr\/wp-json\/wp\/v2\/product_cat?post=15867"},{"taxonomy":"product_tag","embeddable":true,"href":"https:\/\/www.hydraulic-cylinders.net\/fr\/wp-json\/wp\/v2\/product_tag?post=15867"}],"curies":[{"name":"wp","href":"https:\/\/api.w.org\/{rel}","templated":true}]}}