{"id":15872,"date":"2025-01-19T15:06:14","date_gmt":"2025-01-19T15:06:14","guid":{"rendered":"https:\/\/www.hydraulic-cylinders.net\/product\/bucket-cylinder-for-xinyuan-crawler-excavator-xy60-8\/"},"modified":"2025-01-19T15:06:16","modified_gmt":"2025-01-19T15:06:16","slug":"bucket-cylinder-for-xinyuan-crawler-excavator-xy60-8","status":"publish","type":"product","link":"https:\/\/www.hydraulic-cylinders.net\/fr\/produit\/bucket-cylinder-for-xinyuan-crawler-excavator-xy60-8\/","title":{"rendered":"Cylindre de godet pour pelle sur chenilles Xinyuan XY60-8"},"content":{"rendered":"<h1>Cylindre de godet pour pelle sur chenilles Xinyuan XY60-8<\/h1>\n<h2>Introduction<\/h2>\n<p>A bucket cylinder is a specialized hydraulic cylinder designed for controlling the movement of the bucket in heavy machinery such as excavators, backhoe excavators, and front-end loaders. Its main function is to enable the bucket to lift, lower, and tilt to facilitate various material handling tasks. In the hydraulic system, the bucket cylinder achieves precise control of the bucket&#8217;s movement through changes in hydraulic oil pressure, enabling operators to efficiently handle heavy loads and adapt to complex work environments and diverse operational needs.<\/p>\n<p><img decoding=\"async\" src=\"https:\/\/www.hydraulic-cylinders.net\/wp-content\/uploads\/2025\/01\/songte-company-2.webp\"><\/p>\n<h2>Caract\u00e9ristiques<\/h2>\n<ul>\n<li>Haute r\u00e9sistance et durabilit\u00e9 : G\u00e9n\u00e9ralement fabriqu\u00e9 en acier ou en aluminium \u00e0 haute r\u00e9sistance, il peut supporter une pression \u00e9lev\u00e9e et des charges importantes, s'adapter aux environnements de travail difficiles et est con\u00e7u dans un souci de r\u00e9sistance \u00e0 l'usure et \u00e0 la corrosion, prolongeant ainsi sa dur\u00e9e de vie.<\/li>\n<li>Fonctionnement hydraulique efficace : L'extension et la r\u00e9traction en douceur sont obtenues gr\u00e2ce \u00e0 la pression de l'huile hydraulique, permettant une r\u00e9ponse rapide aux commandes et fournissant une force de pouss\u00e9e et de traction puissante, adapt\u00e9e \u00e0 la manutention de charges lourdes et \u00e0 des t\u00e2ches complexes.<\/li>\n<li>Diff\u00e9rents types de v\u00e9rins sont disponibles\u00a0: \u00e0 simple effet (fonctionnant dans un seul sens) ou \u00e0 double effet (fonctionnant dans les deux sens), ils peuvent \u00eatre s\u00e9lectionn\u00e9s en fonction des besoins op\u00e9rationnels. Certains mod\u00e8les sont t\u00e9lescopiques, ce qui permet une plus grande extension sans augmenter l\u2019encombrement et les rend particuli\u00e8rement adapt\u00e9s aux espaces restreints.<\/li>\n<li>Personnalisable : Notre produit peut parfaitement remplacer ces v\u00e9rins hydrauliques.<\/li>\n<\/ul>\n<p><img decoding=\"async\" src=\"https:\/\/www.hydraulic-cylinders.net\/wp-content\/uploads\/2025\/01\/songte-cylinder-head-with-all-kinds-excavator-models.webp\"><\/p>\n<h2>Applications<\/h2>\n<p>Le v\u00e9rin de godet trouve diverses applications dans les engins de chantier suivants\u00a0:<\/p>\n<h3>Excavateurs<\/h3>\n<p>Le v\u00e9rin du godet permet l'action de creuser en permettant au godet de p\u00e9n\u00e9trer dans le sol.<\/p>\n<h3>pelles r\u00e9trocaveuses<\/h3>\n<p>Le v\u00e9rin du godet contribue \u00e0 la fois au creusement et au levage.<\/p>\n<h3>Chargeuses frontales<\/h3>\n<p>Le v\u00e9rin du godet permet de lever et d'incliner le godet pour d\u00e9verser efficacement le mat\u00e9riau.<\/p>\n<h3>machines agricoles<\/h3>\n<p>Utilis\u00e9 sur les chargeuses frontales, il sert \u00e0 ramasser, soulever et transporter de la terre, du foin et d'autres mat\u00e9riaux.<\/p>\n<p>In each application, bucket cylinders play a critical role in the machinery&#8217;s operation.<\/p>\n<h2>Consid\u00e9rations de conception et crit\u00e8res de s\u00e9lection<\/h2>\n<p>Lors de la conception des v\u00e9rins de godet, plusieurs facteurs doivent \u00eatre pris en compte. Voici quelques-uns des plus importants\u00a0:<\/p>\n<h3>capacit\u00e9 de charge<\/h3>\n<p>Les v\u00e9rins des godets doivent \u00eatre suffisamment robustes et durables pour supporter le poids du mat\u00e9riau manipul\u00e9.<\/p>\n<h3>Scellage<\/h3>\n<p>L'utilisation de divers \u00e9l\u00e9ments d'\u00e9tanch\u00e9it\u00e9 tels que des bagues d'\u00e9tanch\u00e9it\u00e9 de piston et de tige, la s\u00e9lection de mat\u00e9riaux r\u00e9sistants \u00e0 l'usure tels que le polyur\u00e9thane et le caoutchouc nitrile pour les \u00e9l\u00e9ments d'\u00e9tanch\u00e9it\u00e9, et le traitement fin des corps de cylindre et des extr\u00e9mit\u00e9s de filetage pour am\u00e9liorer la r\u00e9sistance \u00e0 l'usure.<\/p>\n<h3>Durabilit\u00e9<\/h3>\n<p>Les v\u00e9rins de godet doivent \u00eatre con\u00e7us en tenant compte de la r\u00e9sistance \u00e0 l'usure et \u00e0 la corrosion afin d'augmenter leur dur\u00e9e de vie.<\/p>\n<h3>S\u00e9curit\u00e9<\/h3>\n<p>Les v\u00e9rins des godets doivent \u00eatre con\u00e7us pour \u00e9viter toute fuite et garantir la s\u00e9curit\u00e9 des op\u00e9rateurs pendant le fonctionnement de la machine.<\/p>\n<h3>Maintenabilit\u00e9<\/h3>\n<p>Les v\u00e9rins de godet doivent \u00eatre con\u00e7us de mani\u00e8re \u00e0 ce qu'ils puissent \u00eatre facilement entretenus et r\u00e9par\u00e9s en cas de besoin.<\/p>\n<p><img decoding=\"async\" src=\"https:\/\/www.hydraulic-cylinders.net\/wp-content\/uploads\/2025\/01\/songte-oil-pipes-and-spare-parts.webp\"><\/p>\n<h2>\u00c9tanch\u00e9it\u00e9 et lubrification<\/h2>\n<p>Les v\u00e9rins de godet utilisent divers \u00e9l\u00e9ments d'\u00e9tanch\u00e9it\u00e9, tels que des bagues d'\u00e9tanch\u00e9it\u00e9 de piston et de tige, fabriqu\u00e9s dans des mat\u00e9riaux r\u00e9sistants \u00e0 l'usure comme le polyur\u00e9thane et le caoutchouc nitrile. Le corps du v\u00e9rin et les extr\u00e9mit\u00e9s filet\u00e9es sont trait\u00e9s pour am\u00e9liorer leur r\u00e9sistance \u00e0 l'usure. Un apport r\u00e9gulier d'huile hydraulique en quantit\u00e9 appropri\u00e9e est \u00e9galement n\u00e9cessaire pour la lubrification.<\/p>\n<h2>Entretien et r\u00e9paration<\/h2>\n<p>L'inspection r\u00e9guli\u00e8re, la lubrification ad\u00e9quate, le remplacement des joints et les contr\u00f4les d'\u00e9talonnage constituent des op\u00e9rations d'entretien courantes pour les v\u00e9rins de godet. Une installation, une lubrification et un r\u00e9glage corrects sont essentiels, et il est recommand\u00e9 de fournir un guidage pr\u00e9cis pour aligner le v\u00e9rin lors de l'installation. L'utilisation de supports de montage appropri\u00e9s pour fixer le v\u00e9rin et le respect des proc\u00e9dures d'inspection, de r\u00e9paration et de remplacement recommand\u00e9es peuvent prolonger sa dur\u00e9e de vie.<\/p>\n<p><img decoding=\"async\" src=\"https:\/\/www.hydraulic-cylinders.net\/wp-content\/uploads\/2025\/01\/songte-chushion-collar.webp\"><\/p>\n<h2>Consid\u00e9rations de s\u00e9curit\u00e9 et facteurs environnementaux<\/h2>\n<p>Le v\u00e9rin du godet doit \u00eatre con\u00e7u et utilis\u00e9 en tenant compte des normes de s\u00e9curit\u00e9, et les op\u00e9rateurs doivent respecter les protocoles et consignes de s\u00e9curit\u00e9 lors de l'utilisation de cette machine. Les v\u00e9rins de godet doivent \u00e9galement \u00eatre mis au rebut de mani\u00e8re responsable afin de limiter leur impact environnemental.<\/p>\n<h2>D\u00e9pannage et probl\u00e8mes courants<\/h2>\n<p>Les probl\u00e8mes courants rencontr\u00e9s avec les v\u00e9rins de godet incluent les fuites, les d\u00e9formations et la corrosion. Des conseils et des solutions de d\u00e9pannage peuvent aider les lecteurs \u00e0 diagnostiquer et \u00e0 r\u00e9soudre efficacement ces probl\u00e8mes. Des mesures pr\u00e9ventives peuvent \u00e9galement \u00eatre mises en \u0153uvre afin de minimiser les risques.<\/p>\n<p><img decoding=\"async\" src=\"https:\/\/www.hydraulic-cylinders.net\/wp-content\/uploads\/2025\/01\/songte-bushings-with-all-kinds-of-excavator-models.webp\"><\/p>\n<h2>\u00c0 propos de notre entreprise<\/h2>\n<p>Nous sommes un fabricant de v\u00e9rins hydrauliques capables de remplacer les v\u00e9rins conventionnels. Notre entreprise propose une gamme compl\u00e8te de produits et s'est impos\u00e9e comme l'un des principaux fabricants et distributeurs de v\u00e9rins hydrauliques sur les march\u00e9s nationaux et internationaux. Attach\u00e9s \u00e0 l'excellence, nous nous appuyons sur des strat\u00e9gies de gestion de production industrialis\u00e9es au sein d'ateliers de fabrication de pointe, gr\u00e2ce \u00e0 une \u00e9quipe technique qualifi\u00e9e, des \u00e9quipements de production num\u00e9riques haut de gamme et des syst\u00e8mes de contr\u00f4le professionnels. Nous optimisons constamment nos processus de fabrication et la qualit\u00e9 de nos produits, et notre forte capacit\u00e9 d'innovation nous permet de r\u00e9pondre aux besoins vari\u00e9s de nos clients avec efficacit\u00e9, pr\u00e9cision et une qualit\u00e9 irr\u00e9prochable.<\/p>\n<p><img decoding=\"async\" src=\"https:\/\/hzpt.com\/wp-content\/uploads\/2024\/11\/songte-company-1.webp\"><\/p>\n<h3>Professionnalisme<\/h3>\n<p>Nous disposons d'une \u00e9quipe de travailleurs hautement professionnels et qualifi\u00e9s qui s'efforcent de fournir des produits de haute qualit\u00e9 \u00e0 nos clients.<\/p>\n<h3>Certification internationale<\/h3>\n<p>Nos produits sont certifi\u00e9s par des organismes internationaux tels que l'ISO et la CE.<\/p>\n<h3>Services de personnalisation<\/h3>\n<p>Nous proposons des services personnalis\u00e9s pour r\u00e9pondre aux besoins sp\u00e9cifiques de nos clients.<\/p>\n<h3>\u00c9quipement de production<\/h3>\n<p>Nous utilisons des \u00e9quipements de fabrication de pointe pour produire nos produits.<\/p>\n<h3>Service apr\u00e8s-vente<\/h3>\n<p>Nous offrons un excellent service apr\u00e8s-vente afin de garantir la satisfaction de nos clients.<\/p>\n<p>Auteur : lyl<\/p>","protected":false},"excerpt":{"rendered":"<p>Bucket Cylinder For Xinyuan Crawler Excavator XY60-8 Introduction A bucket cylinder is a specialized hydraulic cylinder designed for controlling the movement of the bucket in heavy machinery such as excavators, backhoe excavators, and front-end loaders. Its main function is to enable the bucket to lift, lower, and tilt to facilitate various material handling tasks. In [&hellip;]<\/p>","protected":false},"featured_media":14782,"comment_status":"open","ping_status":"closed","template":"","meta":{"_et_pb_use_builder":"","_et_pb_old_content":"","_et_gb_content_width":""},"product_brand":[],"product_cat":[1494],"product_tag":[1495,1496],"class_list":{"0":"post-15872","1":"product","2":"type-product","3":"status-publish","4":"has-post-thumbnail","6":"product_cat-bucket-cylinders","7":"product_tag-bucket-cylinders","8":"product_tag-hydraulic-cylinders","10":"first","11":"instock","12":"shipping-taxable","13":"product-type-simple"},"amp_enabled":true,"_links":{"self":[{"href":"https:\/\/www.hydraulic-cylinders.net\/fr\/wp-json\/wp\/v2\/product\/15872","targetHints":{"allow":["GET"]}}],"collection":[{"href":"https:\/\/www.hydraulic-cylinders.net\/fr\/wp-json\/wp\/v2\/product"}],"about":[{"href":"https:\/\/www.hydraulic-cylinders.net\/fr\/wp-json\/wp\/v2\/types\/product"}],"replies":[{"embeddable":true,"href":"https:\/\/www.hydraulic-cylinders.net\/fr\/wp-json\/wp\/v2\/comments?post=15872"}],"wp:featuredmedia":[{"embeddable":true,"href":"https:\/\/www.hydraulic-cylinders.net\/fr\/wp-json\/wp\/v2\/media\/14782"}],"wp:attachment":[{"href":"https:\/\/www.hydraulic-cylinders.net\/fr\/wp-json\/wp\/v2\/media?parent=15872"}],"wp:term":[{"taxonomy":"product_brand","embeddable":true,"href":"https:\/\/www.hydraulic-cylinders.net\/fr\/wp-json\/wp\/v2\/product_brand?post=15872"},{"taxonomy":"product_cat","embeddable":true,"href":"https:\/\/www.hydraulic-cylinders.net\/fr\/wp-json\/wp\/v2\/product_cat?post=15872"},{"taxonomy":"product_tag","embeddable":true,"href":"https:\/\/www.hydraulic-cylinders.net\/fr\/wp-json\/wp\/v2\/product_tag?post=15872"}],"curies":[{"name":"wp","href":"https:\/\/api.w.org\/{rel}","templated":true}]}}