{"id":15874,"date":"2025-01-19T15:06:22","date_gmt":"2025-01-19T15:06:22","guid":{"rendered":"https:\/\/www.hydraulic-cylinders.net\/product\/bucket-cylinder-for-xinyuan-wheel-excavator-xy65w-7-8\/"},"modified":"2025-01-19T15:06:24","modified_gmt":"2025-01-19T15:06:24","slug":"bucket-cylinder-for-xinyuan-wheel-excavator-xy65w-7-8","status":"publish","type":"product","link":"https:\/\/www.hydraulic-cylinders.net\/fr\/produit\/bucket-cylinder-for-xinyuan-wheel-excavator-xy65w-7-8\/","title":{"rendered":"Cylindre de godet pour pelle sur pneus Xinyuan XY65W-7-8"},"content":{"rendered":"<h1>Cylindre de godet pour pelle sur pneus Xinyuan XY65W-7-8<\/h1>\n<h2>Introduction<\/h2>\n<p>Un v\u00e9rin de godet est un v\u00e9rin hydraulique sp\u00e9cialement con\u00e7u, utilis\u00e9 principalement sur les engins de chantier tels que les pelles hydrauliques, les tractopelles et les chargeuses frontales pour contr\u00f4ler les mouvements du godet. Sa fonction principale est de permettre la lev\u00e9e, l'abaissement et l'inclinaison du godet, facilitant ainsi la manutention de divers mat\u00e9riaux. Dans les syst\u00e8mes hydrauliques, le v\u00e9rin de godet contr\u00f4le avec pr\u00e9cision les mouvements du godet gr\u00e2ce \u00e0 la variation de la pression d'huile hydraulique, permettant aux op\u00e9rateurs de manipuler efficacement des charges lourdes et de s'adapter \u00e0 des environnements de travail complexes et \u00e0 des exigences vari\u00e9es.<\/p>\n<p><img decoding=\"async\" src=\"https:\/\/www.hydraulic-cylinders.net\/wp-content\/uploads\/2025\/01\/songte-company-2.webp\" alt=\"Image du cylindre du godet\" \/><\/p>\n<h2>Caract\u00e9ristiques du produit<\/h2>\n<ul>\n<li><strong>Haute r\u00e9sistance et durabilit\u00e9 :<\/strong> Fabriqu\u00e9s g\u00e9n\u00e9ralement en acier ou en aluminium \u00e0 haute r\u00e9sistance, les v\u00e9rins de godet peuvent supporter des pressions \u00e9lev\u00e9es et des charges importantes, et sont con\u00e7us en tenant compte de la r\u00e9sistance \u00e0 l'usure et \u00e0 la corrosion afin de prolonger leur dur\u00e9e de vie.<\/li>\n<li><strong>Fonctionnement hydraulique efficace :<\/strong> Les v\u00e9rins du godet utilisent la pression de l'huile hydraulique pour assurer des mouvements d'extension et de r\u00e9traction fluides, permettant une r\u00e9ponse rapide aux commandes, fournissant des forces de pouss\u00e9e et de traction puissantes et adapt\u00e9s \u00e0 la manutention de charges lourdes et \u00e0 des t\u00e2ches complexes.<\/li>\n<li><strong>Diff\u00e9rents types :<\/strong> Les v\u00e9rins de godet peuvent \u00eatre \u00e0 simple effet (pression hydraulique dans un seul sens) ou \u00e0 double effet (pression hydraulique dans les deux sens) et peuvent \u00eatre choisis en fonction des besoins op\u00e9rationnels sp\u00e9cifiques. Certains mod\u00e8les sont t\u00e9lescopiques, ce qui permet une plus grande extension sans augmenter les dimensions ext\u00e9rieures, et conviennent aux applications o\u00f9 l'espace est limit\u00e9.<\/li>\n<li><strong>Remplacement des v\u00e9rins hydrauliques existants\u00a0:<\/strong> Notre produit peut parfaitement remplacer les v\u00e9rins hydrauliques existants.<\/li>\n<li><strong>Disponible pour diff\u00e9rents mod\u00e8les d'excavatrices\u00a0:<\/strong> Notre produit est compatible avec diff\u00e9rents mod\u00e8les d'excavatrices.<\/li>\n<\/ul>\n<p><img decoding=\"async\" src=\"https:\/\/www.hydraulic-cylinders.net\/wp-content\/uploads\/2025\/01\/songte-cylinder-head-with-all-kinds-excavator-models.webp\" alt=\"Mod\u00e8les d&#039;excavatrices\" \/><\/p>\n<h2>Applications<\/h2>\n<h3>\u00c9quipement de construction<\/h3>\n<p>Les v\u00e9rins de godet sont indispensables aux excavatrices, qui servent \u00e0 creuser, charger et d\u00e9placer la terre ou les d\u00e9bris. Sur les chargeuses-pelleteuses, ils facilitent l'excavation et le levage. Sur les chargeuses frontales, ils permettent de lever et de d\u00e9charger efficacement les mat\u00e9riaux.<\/p>\n<h3>machines agricoles<\/h3>\n<p>Les v\u00e9rins de godet sont utilis\u00e9s sur les chargeuses frontales pour ramasser, soulever et transporter de la terre, du foin et d'autres mat\u00e9riaux. Sur les pelles hydrauliques, ils permettent le creusement en autorisant la p\u00e9n\u00e9tration du godet dans le sol.<\/p>\n<h2>Consid\u00e9rations de conception et crit\u00e8res de s\u00e9lection<\/h2>\n<ul>\n<li><strong>Capacit\u00e9 portante :<\/strong> Le v\u00e9rin hydraulique doit pouvoir r\u00e9sister \u00e0 diff\u00e9rentes charges et pressions.<\/li>\n<li><strong>Scellage:<\/strong> Divers composants d'\u00e9tanch\u00e9it\u00e9, tels que les joints de piston et les joints de tige, peuvent \u00eatre utilis\u00e9s pour augmenter la dur\u00e9e de vie du cylindre.<\/li>\n<li><strong>Durabilit\u00e9:<\/strong> Le v\u00e9rin hydraulique doit \u00eatre con\u00e7u pour r\u00e9sister \u00e0 l'usure.<\/li>\n<li><strong>S\u00e9curit\u00e9:<\/strong> Le v\u00e9rin hydraulique doit \u00eatre con\u00e7u de mani\u00e8re \u00e0 ne pr\u00e9senter aucun risque pour la s\u00e9curit\u00e9.<\/li>\n<li><strong>Maintenabilit\u00e9 :<\/strong> Le v\u00e9rin hydraulique doit \u00eatre facile \u00e0 entretenir et \u00e0 r\u00e9parer.<\/li>\n<\/ul>\n<p><img decoding=\"async\" src=\"https:\/\/www.hydraulic-cylinders.net\/wp-content\/uploads\/2025\/01\/songte-oil-pipes-and-spare-parts.webp\" alt=\"Image des tuyaux de p\u00e9trole et des pi\u00e8ces de rechange\" \/><\/p>\n<h2>\u00c9tanch\u00e9it\u00e9 et lubrification<\/h2>\n<p>Divers composants d'\u00e9tanch\u00e9it\u00e9, tels que les joints de piston et les joints de tige, permettent d'accro\u00eetre la dur\u00e9e de vie du v\u00e9rin hydraulique. Ces joints peuvent \u00eatre fabriqu\u00e9s \u00e0 partir de mat\u00e9riaux r\u00e9sistants \u00e0 l'usure, comme le polyur\u00e9thane et le caoutchouc nitrile. De plus, le corps du v\u00e9rin et les surfaces d'extr\u00e9mit\u00e9 filet\u00e9es sont usin\u00e9s avec pr\u00e9cision pour am\u00e9liorer leur r\u00e9sistance \u00e0 l'usure. Un appoint r\u00e9gulier d'huile hydraulique est n\u00e9cessaire pour assurer la lubrification.<\/p>\n<h2>Entretien et r\u00e9paration<\/h2>\n<p>L'inspection r\u00e9guli\u00e8re, la lubrification ad\u00e9quate, le remplacement des joints et les contr\u00f4les d'\u00e9talonnage constituent des op\u00e9rations d'entretien courantes. Une installation, une lubrification et un r\u00e9glage corrects sont essentiels \u00e0 la long\u00e9vit\u00e9 et aux performances du v\u00e9rin. Lors de l'installation, il est recommand\u00e9 d'aligner correctement le v\u00e9rin et d'utiliser des supports de fixation appropri\u00e9s. Le respect des proc\u00e9dures d'inspection, de r\u00e9paration et de remplacement recommand\u00e9es prolongera la dur\u00e9e de vie du v\u00e9rin.<\/p>\n<p><img decoding=\"async\" src=\"https:\/\/www.hydraulic-cylinders.net\/wp-content\/uploads\/2025\/01\/songte-chushion-collar.webp\" alt=\"Image du col Chushion\" \/><\/p>\n<h2>Consid\u00e9rations relatives \u00e0 la s\u00e9curit\u00e9 et \u00e0 l'environnement<\/h2>\n<p>Lors de l'utilisation de v\u00e9rins hydrauliques, la s\u00e9curit\u00e9 est primordiale. Un usage et un entretien appropri\u00e9s permettent de r\u00e9duire les risques d'accidents, et l'utilisation d'un fluide hydraulique respectueux de l'environnement contribue \u00e0 limiter la pollution.<\/p>\n<h2>Diagnostic et d\u00e9pannage des pannes<\/h2>\n<p>Les probl\u00e8mes courants pouvant affecter les v\u00e9rins hydrauliques incluent les fuites d'huile, la flexion de la tige et une force insuffisante. Ces probl\u00e8mes peuvent \u00eatre diagnostiqu\u00e9s et r\u00e9solus gr\u00e2ce \u00e0 des techniques de d\u00e9pannage appropri\u00e9es et en suivant les mesures pr\u00e9ventives recommand\u00e9es.<\/p>\n<p><img decoding=\"async\" src=\"https:\/\/www.hydraulic-cylinders.net\/wp-content\/uploads\/2025\/01\/songte-bushings-with-all-kinds-of-excavator-models.webp\" alt=\"Image des bagues\" \/><\/p>\n<h2>\u00c0 propos de nous<\/h2>\n<p>Nous sommes un fabricant de v\u00e9rins hydrauliques et proposons une large gamme de produits. Notre entreprise figure parmi les principaux fabricants et distributeurs de v\u00e9rins hydrauliques sur les march\u00e9s nationaux et internationaux. Nous privil\u00e9gions l'excellence et nous appuyons sur des strat\u00e9gies de gestion de production industrialis\u00e9es au sein de nos ateliers de fabrication modernes. Nous am\u00e9liorons constamment nos plateformes de production, optimisons nos lignes de fabrication pour une qualit\u00e9 irr\u00e9prochable et disposons d'une forte capacit\u00e9 d'innovation. Gr\u00e2ce \u00e0 nos principes d'efficacit\u00e9, de pr\u00e9cision et de qualit\u00e9, nous r\u00e9pondons aux besoins vari\u00e9s de nos clients.<\/p>\n<ul>\n<li><strong>Professionnalisme:<\/strong> Nous sommes sp\u00e9cialis\u00e9s dans la fabrication de v\u00e9rins hydrauliques.<\/li>\n<li><strong>Certification internationale :<\/strong> Nos produits ont obtenu des certifications internationales telles que ISO9001, CE et TUV.<\/li>\n<li><strong>Services de personnalisation\u00a0:<\/strong> Nous proposons des services personnalis\u00e9s pour r\u00e9pondre aux besoins sp\u00e9cifiques de nos clients.<\/li>\n<li><strong>\u00c9quipement de production avanc\u00e9 :<\/strong> Nous poss\u00e9dons des \u00e9quipements de production de pointe, notamment des machines CNC et des machines de soudage robotis\u00e9es.<\/li>\n<li><strong>Service apr\u00e8s-vente :<\/strong> Nous offrons un excellent service apr\u00e8s-vente afin de garantir la satisfaction de nos clients.<\/li>\n<\/ul>\n<p><img decoding=\"async\" src=\"https:\/\/hzpt.com\/wp-content\/uploads\/2024\/11\/songte-company-1.webp\" alt=\"Image de l&#039;entreprise\" \/><\/p>\n<p>Auteur : lyl<\/p>","protected":false},"excerpt":{"rendered":"<p>Bucket Cylinder For Xinyuan Wheel Excavator XY65W-7-8 Introduction A bucket cylinder is a specially designed hydraulic cylinder used primarily in heavy machinery such as excavators, backhoes, and front loaders to control the movement of the bucket. Its main function is to allow the bucket to lift, lower, and tilt, making it easier to handle various [&hellip;]<\/p>","protected":false},"featured_media":14778,"comment_status":"open","ping_status":"closed","template":"","meta":{"_et_pb_use_builder":"","_et_pb_old_content":"","_et_gb_content_width":""},"product_brand":[],"product_cat":[1494],"product_tag":[1495,1496],"class_list":{"0":"post-15874","1":"product","2":"type-product","3":"status-publish","4":"has-post-thumbnail","6":"product_cat-bucket-cylinders","7":"product_tag-bucket-cylinders","8":"product_tag-hydraulic-cylinders","10":"first","11":"instock","12":"shipping-taxable","13":"product-type-simple"},"amp_enabled":true,"_links":{"self":[{"href":"https:\/\/www.hydraulic-cylinders.net\/fr\/wp-json\/wp\/v2\/product\/15874","targetHints":{"allow":["GET"]}}],"collection":[{"href":"https:\/\/www.hydraulic-cylinders.net\/fr\/wp-json\/wp\/v2\/product"}],"about":[{"href":"https:\/\/www.hydraulic-cylinders.net\/fr\/wp-json\/wp\/v2\/types\/product"}],"replies":[{"embeddable":true,"href":"https:\/\/www.hydraulic-cylinders.net\/fr\/wp-json\/wp\/v2\/comments?post=15874"}],"wp:featuredmedia":[{"embeddable":true,"href":"https:\/\/www.hydraulic-cylinders.net\/fr\/wp-json\/wp\/v2\/media\/14778"}],"wp:attachment":[{"href":"https:\/\/www.hydraulic-cylinders.net\/fr\/wp-json\/wp\/v2\/media?parent=15874"}],"wp:term":[{"taxonomy":"product_brand","embeddable":true,"href":"https:\/\/www.hydraulic-cylinders.net\/fr\/wp-json\/wp\/v2\/product_brand?post=15874"},{"taxonomy":"product_cat","embeddable":true,"href":"https:\/\/www.hydraulic-cylinders.net\/fr\/wp-json\/wp\/v2\/product_cat?post=15874"},{"taxonomy":"product_tag","embeddable":true,"href":"https:\/\/www.hydraulic-cylinders.net\/fr\/wp-json\/wp\/v2\/product_tag?post=15874"}],"curies":[{"name":"wp","href":"https:\/\/api.w.org\/{rel}","templated":true}]}}