{"id":15881,"date":"2025-01-19T15:06:53","date_gmt":"2025-01-19T15:06:53","guid":{"rendered":"https:\/\/www.hydraulic-cylinders.net\/product\/bucket-cylinder-for-volwa-small-excavator-dls860-10b\/"},"modified":"2025-01-19T15:06:55","modified_gmt":"2025-01-19T15:06:55","slug":"bucket-cylinder-for-volwa-small-excavator-dls860-10b","status":"publish","type":"product","link":"https:\/\/www.hydraulic-cylinders.net\/fr\/produit\/bucket-cylinder-for-volwa-small-excavator-dls860-10b\/","title":{"rendered":"V\u00e9rin de godet pour mini-pelle Volkswagen DLS860-10B"},"content":{"rendered":"<h1>V\u00e9rin de godet pour mini-pelle Volkswagen DLS860-10B<\/h1>\n<h2>Introduction<\/h2>\n<p>Le v\u00e9rin de godet est un v\u00e9rin hydraulique sp\u00e9cialement con\u00e7u pour contr\u00f4ler les mouvements du godet sur les engins de chantier tels que les pelles hydrauliques, les chargeuses-pelleteuses et les chargeuses frontales. Sa fonction principale est de permettre la lev\u00e9e, l'abaissement et l'inclinaison du godet, facilitant ainsi la manutention de divers mat\u00e9riaux. Au sein du syst\u00e8me hydraulique, le v\u00e9rin de godet assure un contr\u00f4le pr\u00e9cis du godet en modulant la pression de l'huile hydraulique, permettant aux op\u00e9rateurs de manipuler efficacement des charges lourdes, de s'adapter \u00e0 des environnements de travail complexes et de r\u00e9pondre \u00e0 des besoins op\u00e9rationnels vari\u00e9s.<\/p>\n<p><img decoding=\"async\" src=\"https:\/\/www.hydraulic-cylinders.net\/wp-content\/uploads\/2025\/01\/songte-company-2.webp\"><\/p>\n<h2>Caract\u00e9ristiques<\/h2>\n<h3>Haute r\u00e9sistance et durabilit\u00e9<\/h3>\n<p>Le v\u00e9rin du godet est g\u00e9n\u00e9ralement fabriqu\u00e9 en acier ou en aluminium \u00e0 haute r\u00e9sistance, capable de supporter une pression \u00e9lev\u00e9e et des charges importantes, s'adaptant aux environnements de travail difficiles, et con\u00e7u en tenant compte de la r\u00e9sistance \u00e0 l'usure et \u00e0 la corrosion afin de prolonger sa dur\u00e9e de vie.<\/p>\n<h3>Fonctionnement hydraulique efficace<\/h3>\n<p>Le v\u00e9rin du godet utilise la pression de l'huile hydraulique pour assurer une extension et une r\u00e9traction fluides, lui permettant de r\u00e9pondre rapidement aux commandes, de fournir des forces de pouss\u00e9e et de traction puissantes et de convenir \u00e0 la manutention d'objets lourds et \u00e0 des t\u00e2ches op\u00e9rationnelles complexes.<\/p>\n<h3>Diff\u00e9rents types<\/h3>\n<p>Le v\u00e9rin du godet peut \u00eatre choisi en fonction des besoins\u00a0: v\u00e9rin simple effet (actionnement hydraulique dans un seul sens) ou v\u00e9rin double effet (actionnement hydraulique dans les deux sens), afin de r\u00e9pondre \u00e0 diff\u00e9rentes exigences op\u00e9rationnelles. Certains mod\u00e8les sont t\u00e9lescopiques, ce qui permet une plus grande extension sans augmenter les dimensions ext\u00e9rieures et convient aux applications o\u00f9 l\u2019espace est limit\u00e9.<\/p>\n<h3>Remplacement parfait<\/h3>\n<p>Notre produit peut parfaitement remplacer ces v\u00e9rins hydrauliques.<\/p>\n<p><img decoding=\"async\" src=\"https:\/\/www.hydraulic-cylinders.net\/wp-content\/uploads\/2025\/01\/songte-cylinder-head-with-all-kinds-excavator-models.webp\"><\/p>\n<h2>Applications<\/h2>\n<p>Le v\u00e9rin \u00e0 godet a une large gamme d'applications, notamment\u00a0:<\/p>\n<h3>\u00c9quipement de construction<\/h3>\n<p>Sur les excavatrices, ils sont indispensables pour creuser, charger et d\u00e9placer la terre ou les d\u00e9bris. Sur les chargeuses-pelleteuses, les v\u00e9rins du godet servent \u00e0 la fois au creusement et au levage. <\/p>\n<h3>machines agricoles<\/h3>\n<p>Utilis\u00e9s sur les chargeuses frontales pour le pelletage, le levage et le transport de terre, de foin et autres mat\u00e9riaux, les v\u00e9rins de godet permettent, sur les pelles hydrauliques, de creuser en enfon\u00e7ant le godet dans le sol. Sur les chargeuses frontales, ils facilitent le levage et le d\u00e9chargement efficaces des marchandises.<\/p>\n<h3>Autres applications<\/h3>\n<p>Les v\u00e9rins de godet peuvent \u00e9galement \u00eatre utilis\u00e9s dans diverses autres applications de machines lourdes, telles que les \u00e9quipements miniers, les machines foresti\u00e8res et les \u00e9quipements de manutention.<\/p>\n<h2>Consid\u00e9rations de conception et crit\u00e8res de s\u00e9lection<\/h2>\n<h3>Capacit\u00e9 de charge<\/h3>\n<p>Le v\u00e9rin du godet doit \u00eatre con\u00e7u pour supporter la charge maximale admissible en service. L'utilisation de mat\u00e9riaux \u00e0 haute r\u00e9sistance et de proc\u00e9d\u00e9s d'usinage de pr\u00e9cision permet d'accro\u00eetre sa capacit\u00e9 de charge.<\/p>\n<h3>\u00c9tanch\u00e9it\u00e9 et durabilit\u00e9<\/h3>\n<p>Le v\u00e9rin du godet doit \u00eatre con\u00e7u pour garantir une \u00e9tanch\u00e9it\u00e9 et une durabilit\u00e9 optimales, m\u00eame dans des conditions de travail difficiles. L'utilisation de divers composants d'\u00e9tanch\u00e9it\u00e9, tels que des joints de piston et des joints de tige en mat\u00e9riaux r\u00e9sistants \u00e0 l'usure comme le polyur\u00e9thane et le caoutchouc nitrile, permet d'accro\u00eetre sa durabilit\u00e9.<\/p>\n<h3>S\u00e9curit\u00e9 et entretien<\/h3>\n<p>Le v\u00e9rin du godet doit \u00eatre con\u00e7u pour garantir la s\u00e9curit\u00e9 de son fonctionnement et faciliter son entretien. L'utilisation de soupapes de s\u00e9curit\u00e9 et des contr\u00f4les d'entretien r\u00e9guliers assurent un fonctionnement s\u00fbr, tandis que le recours \u00e0 des mat\u00e9riaux de haute qualit\u00e9 et \u00e0 des proc\u00e9d\u00e9s d'usinage pr\u00e9cis permet de r\u00e9duire les besoins en maintenance.<\/p>\n<p><img decoding=\"async\" src=\"https:\/\/www.hydraulic-cylinders.net\/wp-content\/uploads\/2025\/01\/songte-oil-pipes-and-spare-parts.webp\"><\/p>\n<h2>\u00c9tanch\u00e9it\u00e9 et lubrification<\/h2>\n<p>Le v\u00e9rin du godet doit \u00eatre con\u00e7u pour garantir une \u00e9tanch\u00e9it\u00e9 et une lubrification optimales. L'utilisation de divers composants d'\u00e9tanch\u00e9it\u00e9, tels que des joints de piston et des joints de tige en mat\u00e9riaux r\u00e9sistants \u00e0 l'usure comme le polyur\u00e9thane et le caoutchouc nitrile, permet de pr\u00e9venir les fuites et d'assurer une lubrification ad\u00e9quate. Un entretien r\u00e9gulier et l'utilisation d'une huile hydraulique appropri\u00e9e contribuent \u00e9galement \u00e0 maintenir une lubrification optimale.<\/p>\n<h2>Entretien et r\u00e9paration<\/h2>\n<p>Un entretien et des r\u00e9parations r\u00e9guliers sont essentiels pour prolonger la dur\u00e9e de vie du v\u00e9rin du godet. Trois t\u00e2ches d'entretien courantes consistent \u00e0\u00a0:<\/p>\n<h3>Inspection r\u00e9guli\u00e8re<\/h3>\n<p>Un contr\u00f4le r\u00e9gulier du v\u00e9rin du godet permet de d\u00e9tecter et de pr\u00e9venir les probl\u00e8mes potentiels avant qu'ils ne s'aggravent. Il est recommand\u00e9 d'inspecter le v\u00e9rin et ses composants afin de d\u00e9celer toute usure ou tout dommage au moins une fois par an.<\/p>\n<h3>Lubrification<\/h3>\n<p>Une lubrification ad\u00e9quate du v\u00e9rin du godet permet de r\u00e9duire la friction et l'usure, prolongeant ainsi sa dur\u00e9e de vie. Il est recommand\u00e9 de lubrifier r\u00e9guli\u00e8rement le v\u00e9rin et ses composants avec de l'huile hydraulique.<\/p>\n<h3>Remplacement des joints et v\u00e9rification de l'\u00e9talonnage<\/h3>\n<p>Les joints d'\u00e9tanch\u00e9it\u00e9 jouent un r\u00f4le crucial dans le maintien de l'int\u00e9grit\u00e9 du syst\u00e8me hydraulique et la pr\u00e9vention des fuites. Il est recommand\u00e9 de les remplacer au moins une fois par an et de v\u00e9rifier le calibrage du v\u00e9rin pour garantir un fonctionnement optimal.<\/p>\n<p>Une installation, une lubrification et un r\u00e9glage corrects sont essentiels au fonctionnement s\u00fbr et efficace du v\u00e9rin de godet. Il est recommand\u00e9 d'aligner correctement le v\u00e9rin lors de l'installation et d'utiliser des supports de fixation appropri\u00e9s. Des inspections, des r\u00e9parations et des remplacements r\u00e9guliers permettent de r\u00e9duire les temps d'arr\u00eat et d'allonger la dur\u00e9e de vie du v\u00e9rin.<\/p>\n<p><img decoding=\"async\" src=\"https:\/\/www.hydraulic-cylinders.net\/wp-content\/uploads\/2025\/01\/songte-chushion-collar.webp\"><\/p>\n<h2>Consid\u00e9rations relatives \u00e0 la s\u00e9curit\u00e9 et \u00e0 l'environnement<\/h2>\n<p>Lors de l'utilisation du v\u00e9rin de godet, il est essentiel de respecter scrupuleusement toutes les consignes et pr\u00e9cautions de s\u00e9curit\u00e9. Une formation ad\u00e9quate et un \u00e9quipement de protection appropri\u00e9 contribuent \u00e0 pr\u00e9venir les accidents et les blessures. L'\u00e9limination appropri\u00e9e de l'huile hydraulique usag\u00e9e et des autres mati\u00e8res dangereuses permet de prot\u00e9ger l'environnement.<\/p>\n<h2>D\u00e9pannage et probl\u00e8mes courants<\/h2>\n<p>Lorsqu'un v\u00e9rin de godet ne fonctionne pas correctement, cela peut \u00eatre d\u00fb \u00e0 divers facteurs, notamment des joints endommag\u00e9s, des composants us\u00e9s ou une installation incorrecte. Un d\u00e9pannage permet d'identifier la cause du probl\u00e8me et de d\u00e9terminer la solution appropri\u00e9e. Les probl\u00e8mes courants incluent les fuites, le manque de lubrification et un mauvais alignement.<\/p>\n<h2>Pr\u00e9sentation de l'entreprise<\/h2>\n<p>Nous sommes un fabricant de v\u00e9rins hydrauliques compatibles avec les pi\u00e8ces d'origine. Notre entreprise propose une large gamme de produits et s'est impos\u00e9e comme l'un des principaux fabricants et distributeurs de v\u00e9rins hydrauliques sur les march\u00e9s nationaux et internationaux. Nous privil\u00e9gions l'excellence et nous appuyons sur des strat\u00e9gies de gestion de production industrialis\u00e9es au sein d'ateliers de fabrication de pointe. Nous am\u00e9liorons constamment nos installations, optimisons nos lignes de production et cultivons une grande cr\u00e9ativit\u00e9. Nous r\u00e9pondons ainsi aux besoins vari\u00e9s de nos clients avec efficacit\u00e9, pr\u00e9cision et qualit\u00e9.<\/p>\n<p>Notre entreprise propose des services professionnels, une certification internationale, des solutions sur mesure, des \u00e9quipements de production de pointe et un service apr\u00e8s-vente performant. Nos produits ont su gagner la confiance et le soutien de nos clients, tant en Chine qu'\u00e0 l'\u00e9tranger. Nous nous engageons \u00e0 fournir des v\u00e9rins hydrauliques de haute qualit\u00e9, capables de r\u00e9pondre aux besoins vari\u00e9s de notre client\u00e8le.<\/p>\n<p><img decoding=\"async\" src=\"https:\/\/hzpt.com\/wp-content\/uploads\/2024\/11\/songte-company-1.webp\"><\/p>\n<p>Auteur : lyl<\/p>","protected":false},"excerpt":{"rendered":"<p>Bucket Cylinder For Volwa Small Excavator DLS860-10B Introduction The bucket cylinder is a specially designed hydraulic cylinder used mainly to control the movement of the bucket in heavy machinery such as excavators, backhoe loaders, and front-end loaders. Its main function is to enable the bucket to be lifted, lowered, and tilted, making it easier to [&hellip;]<\/p>","protected":false},"featured_media":14761,"comment_status":"open","ping_status":"closed","template":"","meta":{"_et_pb_use_builder":"","_et_pb_old_content":"","_et_gb_content_width":""},"product_brand":[],"product_cat":[1494],"product_tag":[1495,1496],"class_list":{"0":"post-15881","1":"product","2":"type-product","3":"status-publish","4":"has-post-thumbnail","6":"product_cat-bucket-cylinders","7":"product_tag-bucket-cylinders","8":"product_tag-hydraulic-cylinders","10":"first","11":"instock","12":"shipping-taxable","13":"product-type-simple"},"amp_enabled":true,"_links":{"self":[{"href":"https:\/\/www.hydraulic-cylinders.net\/fr\/wp-json\/wp\/v2\/product\/15881","targetHints":{"allow":["GET"]}}],"collection":[{"href":"https:\/\/www.hydraulic-cylinders.net\/fr\/wp-json\/wp\/v2\/product"}],"about":[{"href":"https:\/\/www.hydraulic-cylinders.net\/fr\/wp-json\/wp\/v2\/types\/product"}],"replies":[{"embeddable":true,"href":"https:\/\/www.hydraulic-cylinders.net\/fr\/wp-json\/wp\/v2\/comments?post=15881"}],"wp:featuredmedia":[{"embeddable":true,"href":"https:\/\/www.hydraulic-cylinders.net\/fr\/wp-json\/wp\/v2\/media\/14761"}],"wp:attachment":[{"href":"https:\/\/www.hydraulic-cylinders.net\/fr\/wp-json\/wp\/v2\/media?parent=15881"}],"wp:term":[{"taxonomy":"product_brand","embeddable":true,"href":"https:\/\/www.hydraulic-cylinders.net\/fr\/wp-json\/wp\/v2\/product_brand?post=15881"},{"taxonomy":"product_cat","embeddable":true,"href":"https:\/\/www.hydraulic-cylinders.net\/fr\/wp-json\/wp\/v2\/product_cat?post=15881"},{"taxonomy":"product_tag","embeddable":true,"href":"https:\/\/www.hydraulic-cylinders.net\/fr\/wp-json\/wp\/v2\/product_tag?post=15881"}],"curies":[{"name":"wp","href":"https:\/\/api.w.org\/{rel}","templated":true}]}}