{"id":15882,"date":"2025-01-19T15:06:59","date_gmt":"2025-01-19T15:06:59","guid":{"rendered":"https:\/\/www.hydraulic-cylinders.net\/product\/bucket-cylinder-for-volwa-small-excavator-dls130-9\/"},"modified":"2025-01-19T15:07:05","modified_gmt":"2025-01-19T15:07:05","slug":"bucket-cylinder-for-volwa-small-excavator-dls130-9","status":"publish","type":"product","link":"https:\/\/www.hydraulic-cylinders.net\/fr\/produit\/bucket-cylinder-for-volwa-small-excavator-dls130-9\/","title":{"rendered":"Cylindre de godet pour mini-pelle Volkswagen DLS130-9"},"content":{"rendered":"<h1>Cylindre de godet pour mini-pelle Volkswagen DLS130-9<\/h1>\n<h2>Introduction<\/h2>\n<p>Un v\u00e9rin de godet est un v\u00e9rin hydraulique sp\u00e9cialement con\u00e7u pour contr\u00f4ler les mouvements du godet sur les engins de chantier tels que les pelles hydrauliques, les chargeuses-pelleteuses et les chargeuses frontales. Sa fonction principale est de permettre la lev\u00e9e, l'abaissement et l'inclinaison du godet, facilitant ainsi la manutention de divers mat\u00e9riaux. Dans le syst\u00e8me hydraulique, les v\u00e9rins de godet contr\u00f4lent les mouvements pr\u00e9cis du godet gr\u00e2ce aux variations de pression de l'huile hydraulique, permettant aux op\u00e9rateurs de manipuler efficacement des charges lourdes, de s'adapter \u00e0 des environnements de travail complexes et \u00e0 des exigences op\u00e9rationnelles vari\u00e9es.<\/p>\n<p><img decoding=\"async\" src=\"https:\/\/www.hydraulic-cylinders.net\/wp-content\/uploads\/2025\/01\/songte-company-2.webp\"><\/p>\n<h2>Caract\u00e9ristiques<\/h2>\n<ul>\n<li>Haute r\u00e9sistance et durabilit\u00e9 : G\u00e9n\u00e9ralement fabriqu\u00e9 en acier ou en aluminium \u00e0 haute r\u00e9sistance, il peut supporter des pressions \u00e9lev\u00e9es et des charges importantes, et est con\u00e7u pour r\u00e9sister \u00e0 l'usure et \u00e0 la corrosion, prolongeant ainsi sa dur\u00e9e de vie.<\/li>\n<li>Fonctionnement hydraulique efficace : Utilisant la pression de l'huile hydraulique pour obtenir une expansion et une contraction en douceur, il peut r\u00e9pondre rapidement aux commandes op\u00e9rationnelles, fournir des forces de pouss\u00e9e et de traction puissantes et convient \u00e0 la manutention de charges lourdes et \u00e0 des t\u00e2ches op\u00e9rationnelles complexes.<\/li>\n<li>Diff\u00e9rents types de v\u00e9rins sont disponibles\u00a0: \u00e0 simple effet (actionnement hydraulique dans un seul sens) ou \u00e0 double effet (actionnement hydraulique dans les deux sens), selon les besoins op\u00e9rationnels. Certains mod\u00e8les sont t\u00e9lescopiques, permettant une plus grande extension sans augmentation des dimensions ext\u00e9rieures, ce qui les rend adapt\u00e9s aux espaces restreints.<\/li>\n<li>Personnalisable : Nous pouvons fabriquer ce produit et notre produit peut parfaitement remplacer ces v\u00e9rins hydrauliques.<\/li>\n<\/ul>\n<p><img decoding=\"async\" src=\"https:\/\/www.hydraulic-cylinders.net\/wp-content\/uploads\/2025\/01\/songte-cylinder-head-with-all-kinds-excavator-models.webp\"><\/p>\n<h2>Applications<\/h2>\n<p>Les v\u00e9rins de godet sont largement utilis\u00e9s dans divers engins lourds, notamment\u00a0:<\/p>\n<ul>\n<li>Mat\u00e9riel de construction\u00a0: Sur les excavatrices, les v\u00e9rins sont indispensables pour l\u2019excavation, le chargement et le d\u00e9placement de terre ou de d\u00e9bris. Sur les pelles r\u00e9trocaveuses, les v\u00e9rins du godet facilitent l\u2019excavation et le levage. <\/li>\n<li>Machines agricoles : Utilis\u00e9es dans les chargeuses frontales pour ramasser, soulever et transporter la terre, le foin et autres mat\u00e9riaux.<\/li>\n<li>Excavatrices : Les v\u00e9rins du godet permettent l'action d'excavation en permettant au godet de p\u00e9n\u00e9trer dans le sol.<\/li>\n<li>Chargeuses : Sur les chargeuses frontales, elles permettent de soulever et de d\u00e9charger efficacement la cargaison.<\/li>\n<\/ul>\n<p>Chaque application peut \u00eatre d\u00e9velopp\u00e9e et d\u00e9crite plus en d\u00e9tail, avec une description par mots-cl\u00e9s d'au moins 200 mots.<\/p>\n<h2>Consid\u00e9rations de conception<\/h2>\n<p>Lors de la conception des v\u00e9rins de godet, les consid\u00e9rations suivantes doivent \u00eatre prises en compte\u00a0:<\/p>\n<ul>\n<li>Capacit\u00e9 de charge : Le cylindre peut-il supporter la charge pr\u00e9vue ?<\/li>\n<li>\u00c9tanch\u00e9it\u00e9 : Joints d'\u00e9tanch\u00e9it\u00e9 appropri\u00e9s pour \u00e9viter les fuites et la contamination des fluides hydrauliques.<\/li>\n<li>Durabilit\u00e9 : Le cylindre doit \u00eatre con\u00e7u pour r\u00e9sister \u00e0 l'usure et \u00e0 la corrosion.<\/li>\n<li>S\u00e9curit\u00e9 : Des mesures de s\u00e9curit\u00e9 appropri\u00e9es doivent \u00eatre prises pour prot\u00e9ger les op\u00e9rateurs et l'\u00e9quipement.<\/li>\n<li>Facilit\u00e9 d'entretien : Le cylindre doit \u00eatre facile \u00e0 entretenir et \u00e0 r\u00e9parer.<\/li>\n<\/ul>\n<p><img decoding=\"async\" src=\"https:\/\/www.hydraulic-cylinders.net\/wp-content\/uploads\/2025\/01\/songte-oil-pipes-and-spare-parts.webp\"><\/p>\n<h2>\u00c9tanch\u00e9it\u00e9 et lubrification<\/h2>\n<p>Les v\u00e9rins de godet utilisent diff\u00e9rents types de joints, tels que des joints de piston et des joints de tige. Ces joints sont fabriqu\u00e9s dans des mat\u00e9riaux r\u00e9sistants \u00e0 l'usure, comme le polyur\u00e9thane et le caoutchouc nitrile. Le corps du v\u00e9rin et les surfaces filet\u00e9es sont usin\u00e9s pour une meilleure r\u00e9sistance \u00e0 l'usure. Une lubrification r\u00e9guli\u00e8re \u00e0 l'huile hydraulique est indispensable au bon fonctionnement du v\u00e9rin.<\/p>\n<h2>Inspection et entretien<\/h2>\n<p>Des inspections r\u00e9guli\u00e8res et des mesures d'entretien pr\u00e9ventif doivent \u00eatre mises en \u0153uvre pour assurer la long\u00e9vit\u00e9 des v\u00e9rins de godet. Les t\u00e2ches d'entretien comprennent\u00a0:<\/p>\n<ul>\n<li>Inspection r\u00e9guli\u00e8re<\/li>\n<li>Lubrification ad\u00e9quate<\/li>\n<li>remplacement du joint<\/li>\n<li>V\u00e9rification de l'\u00e9talonnage<\/li>\n<\/ul>\n<p>Lors de l'installation, il convient de souligner l'importance d'une installation, d'une lubrification et d'un r\u00e9glage corrects. Il est recommand\u00e9 de suivre les instructions d'alignement et d'utiliser des supports de fixation appropri\u00e9s pour maintenir le v\u00e9rin en place. Les proc\u00e9dures recommand\u00e9es d'inspection, de r\u00e9paration et de remplacement doivent \u00eatre fournies, ainsi que des conseils pour prolonger la dur\u00e9e de vie des v\u00e9rins de godet.<\/p>\n<p><img decoding=\"async\" src=\"https:\/\/www.hydraulic-cylinders.net\/wp-content\/uploads\/2025\/01\/songte-chushion-collar.webp\"><\/p>\n<h2>Consid\u00e9rations relatives \u00e0 la s\u00e9curit\u00e9 et \u00e0 l'environnement<\/h2>\n<p>Lors de l'utilisation de v\u00e9rins \u00e0 godet, des mesures de s\u00e9curit\u00e9 doivent \u00eatre prises et les facteurs environnementaux doivent \u00eatre pris en compte. Le port d'\u00e9quipements de protection individuelle adapt\u00e9s, tels que des v\u00eatements et un casque, est obligatoire pendant l'utilisation. Les d\u00e9chets doivent \u00eatre \u00e9limin\u00e9s conform\u00e9ment \u00e0 la r\u00e9glementation environnementale.<\/p>\n<h2>Probl\u00e8mes courants et d\u00e9pannage<\/h2>\n<p>Les probl\u00e8mes courants affectant les v\u00e9rins de godet incluent les fuites, la baisse de performance et l'endommagement des joints. Pour y rem\u00e9dier, il convient de proc\u00e9der \u00e0 un d\u00e9pannage appropri\u00e9, notamment en v\u00e9rifiant l'absence de fuites, en contr\u00f4lant la lubrification et en inspectant les joints. Des mesures pr\u00e9ventives, telles qu'une lubrification ad\u00e9quate et le remplacement r\u00e9gulier des joints, permettent de minimiser les risques de probl\u00e8mes.<\/p>\n<p><img decoding=\"async\" src=\"https:\/\/www.hydraulic-cylinders.net\/wp-content\/uploads\/2025\/01\/songte-bushings-with-all-kinds-of-excavator-models.webp\"><\/p>\n<h2>\u00c0 propos de notre entreprise<\/h2>\n<p>Nous sommes un fabricant de v\u00e9rins hydrauliques et un acteur majeur de la production et de la distribution sur les march\u00e9s nationaux et internationaux. Notre priorit\u00e9 est l'excellence, et nous nous appuyons sur une strat\u00e9gie de production industrialis\u00e9e au sein d'un atelier de fabrication de pointe. Nous optimisons constamment nos installations, perfectionnons nos processus de production et cultivons une forte capacit\u00e9 d'innovation. Nous r\u00e9pondons aux besoins vari\u00e9s de nos clients en garantissant efficacit\u00e9, pr\u00e9cision et qualit\u00e9.<\/p>\n<p>Nous proposons des services professionnels, certifi\u00e9s \u00e0 l'international et personnalis\u00e9s, et notre \u00e9quipement de production est \u00e0 la pointe de la technologie. Nous assurons un service apr\u00e8s-vente complet, incluant la fourniture de pi\u00e8ces de rechange et des services de remise \u00e0 neuf, afin d'optimiser la dur\u00e9e de vie de nos produits.<\/p>\n<p><img decoding=\"async\" src=\"https:\/\/hzpt.com\/wp-content\/uploads\/2024\/11\/songte-company-1.webp\"><\/p>\n<p>Auteur lyl<\/p>","protected":false},"excerpt":{"rendered":"<p>Bucket Cylinder For Volwa Small Excavator DLS130-9 Introduction A bucket cylinder is a specifically designed hydraulic cylinder primarily used to control the movement of the bucket in heavy machinery such as excavators, backhoe excavators, and front-end loaders. Its main function is to enable the bucket to lift, lower and tilt, making it easier to handle [&hellip;]<\/p>","protected":false},"featured_media":14789,"comment_status":"open","ping_status":"closed","template":"","meta":{"_et_pb_use_builder":"","_et_pb_old_content":"","_et_gb_content_width":""},"product_brand":[],"product_cat":[1494],"product_tag":[1495,1496],"class_list":{"0":"post-15882","1":"product","2":"type-product","3":"status-publish","4":"has-post-thumbnail","6":"product_cat-bucket-cylinders","7":"product_tag-bucket-cylinders","8":"product_tag-hydraulic-cylinders","10":"first","11":"instock","12":"shipping-taxable","13":"product-type-simple"},"amp_enabled":true,"_links":{"self":[{"href":"https:\/\/www.hydraulic-cylinders.net\/fr\/wp-json\/wp\/v2\/product\/15882","targetHints":{"allow":["GET"]}}],"collection":[{"href":"https:\/\/www.hydraulic-cylinders.net\/fr\/wp-json\/wp\/v2\/product"}],"about":[{"href":"https:\/\/www.hydraulic-cylinders.net\/fr\/wp-json\/wp\/v2\/types\/product"}],"replies":[{"embeddable":true,"href":"https:\/\/www.hydraulic-cylinders.net\/fr\/wp-json\/wp\/v2\/comments?post=15882"}],"wp:featuredmedia":[{"embeddable":true,"href":"https:\/\/www.hydraulic-cylinders.net\/fr\/wp-json\/wp\/v2\/media\/14789"}],"wp:attachment":[{"href":"https:\/\/www.hydraulic-cylinders.net\/fr\/wp-json\/wp\/v2\/media?parent=15882"}],"wp:term":[{"taxonomy":"product_brand","embeddable":true,"href":"https:\/\/www.hydraulic-cylinders.net\/fr\/wp-json\/wp\/v2\/product_brand?post=15882"},{"taxonomy":"product_cat","embeddable":true,"href":"https:\/\/www.hydraulic-cylinders.net\/fr\/wp-json\/wp\/v2\/product_cat?post=15882"},{"taxonomy":"product_tag","embeddable":true,"href":"https:\/\/www.hydraulic-cylinders.net\/fr\/wp-json\/wp\/v2\/product_tag?post=15882"}],"curies":[{"name":"wp","href":"https:\/\/api.w.org\/{rel}","templated":true}]}}