{"id":15889,"date":"2025-01-19T15:07:32","date_gmt":"2025-01-19T15:07:32","guid":{"rendered":"https:\/\/www.hydraulic-cylinders.net\/product\/bucket-cylinder-for-volwa-middle-excavator-dls210-8b\/"},"modified":"2025-01-19T15:07:34","modified_gmt":"2025-01-19T15:07:34","slug":"bucket-cylinder-for-volwa-middle-excavator-dls210-8b","status":"publish","type":"product","link":"https:\/\/www.hydraulic-cylinders.net\/fr\/produit\/bucket-cylinder-for-volwa-middle-excavator-dls210-8b\/","title":{"rendered":"V\u00e9rin de godet pour pelle moyenne Volkswagen DLS210-8B"},"content":{"rendered":"<h1>V\u00e9rin de godet pour pelle moyenne Volkswagen DLS210-8B<\/h1>\n<h2>Introduction<\/h2>\n<p>Un v\u00e9rin de godet est un v\u00e9rin hydraulique sp\u00e9cialement con\u00e7u pour contr\u00f4ler les mouvements du godet des engins de chantier tels que les pelles hydrauliques, les chargeuses-pelleteuses et les chargeuses frontales. Sa fonction principale est de permettre la lev\u00e9e, l'abaissement et l'inclinaison du godet, facilitant ainsi la manutention de divers mat\u00e9riaux. Au sein du syst\u00e8me hydraulique, le v\u00e9rin de godet assure un contr\u00f4le pr\u00e9cis du godet gr\u00e2ce \u00e0 la variation de pression de l'huile hydraulique, permettant aux op\u00e9rateurs de manipuler efficacement des charges lourdes et de s'adapter \u00e0 des environnements de travail complexes et \u00e0 des exigences d'utilisation vari\u00e9es.<\/p>\n<p><img decoding=\"async\" src=\"https:\/\/www.hydraulic-cylinders.net\/wp-content\/uploads\/2025\/01\/songte-company-2.webp\"><\/p>\n<h2>Caract\u00e9ristiques<\/h2>\n<ul>\n<li>Haute r\u00e9sistance et durabilit\u00e9 : G\u00e9n\u00e9ralement fabriqu\u00e9 en acier ou en aluminium \u00e0 haute r\u00e9sistance, il est capable de r\u00e9sister \u00e0 des pressions \u00e9lev\u00e9es et \u00e0 des charges importantes, s'adapte aux environnements de travail difficiles et est con\u00e7u pour r\u00e9sister \u00e0 l'usure et \u00e0 la corrosion afin d'allonger sa dur\u00e9e de vie.<\/li>\n<li>Fonctionnement hydraulique efficace : Un mouvement d'expansion et de contraction fluide est obtenu gr\u00e2ce \u00e0 la pression de l'huile hydraulique, qui peut r\u00e9pondre rapidement aux commandes, fournir une force de pouss\u00e9e et de traction puissante et convient \u00e0 la manutention d'objets lourds et \u00e0 des t\u00e2ches complexes.<\/li>\n<li>Diff\u00e9rents types de v\u00e9rins sont disponibles\u00a0: \u00e0 simple effet (fonctionnement hydraulique dans un seul sens) ou \u00e0 double effet (fonctionnement hydraulique dans les deux sens), selon les besoins. Certains mod\u00e8les sont t\u00e9lescopiques, offrant une plus grande extension sans augmentation des dimensions ext\u00e9rieures, ce qui les rend particuli\u00e8rement adapt\u00e9s aux espaces restreints.<\/li>\n<li>Rempla\u00e7ables : Nos produits peuvent parfaitement remplacer ces v\u00e9rins hydrauliques.<\/li>\n<\/ul>\n<p><img decoding=\"async\" src=\"https:\/\/www.hydraulic-cylinders.net\/wp-content\/uploads\/2025\/01\/songte-cylinder-head-with-all-kinds-excavator-models.webp\"><\/p>\n<h2>Applications<\/h2>\n<p>Les v\u00e9rins de godet sont essentiels pour divers \u00e9quipements lourds, notamment\u00a0:<\/p>\n<ul>\n<li>Mat\u00e9riel de construction\u00a0: Sur les excavatrices, ils sont essentiels pour creuser, charger et d\u00e9placer la terre ou les d\u00e9bris. Sur les pelles r\u00e9trocaveuses, le v\u00e9rin du godet contribue au creusement et au levage.<\/li>\n<li>Machines agricoles : Utilis\u00e9es pour les chargeuses frontales, le ramassage, le levage et le transport de terre, de foin et d'autres mat\u00e9riaux. <\/li>\n<li>Excavatrices : Le v\u00e9rin du godet permet l'action de creuser en permettant \u00e0 la pelle de p\u00e9n\u00e9trer dans le sol.<\/li>\n<li>Chargeurs : Ils permettent de lever et d'incliner efficacement les marchandises dans les chargeurs frontaux.<\/li>\n<\/ul>\n<h2>Consid\u00e9rations de conception et crit\u00e8res de s\u00e9lection<\/h2>\n<p>Du point de vue de la capacit\u00e9 de charge, de l'\u00e9tanch\u00e9it\u00e9, de la durabilit\u00e9, de la s\u00e9curit\u00e9 et de la facilit\u00e9 d'entretien, les v\u00e9rins de godet sont con\u00e7us dans un souci de qualit\u00e9. Voici quelques points cl\u00e9s \u00e0 prendre en compte\u00a0:<\/p>\n<ul>\n<li>Capacit\u00e9 de charge : Capacit\u00e9 \u00e0 r\u00e9sister \u00e0 une pression \u00e9lev\u00e9e et \u00e0 des charges importantes.<\/li>\n<li>\u00c9tanch\u00e9it\u00e9 : Diff\u00e9rents joints sont utilis\u00e9s, tels que des joints de piston et des joints de tige, fabriqu\u00e9s \u00e0 partir de mat\u00e9riaux r\u00e9sistants \u00e0 l'usure comme le polyur\u00e9thane et le caoutchouc nitrile ; le corps du cylindre et les surfaces d'extr\u00e9mit\u00e9 filet\u00e9es sont finement usin\u00e9s pour am\u00e9liorer la r\u00e9sistance \u00e0 l'usure. <\/li>\n<li>Durabilit\u00e9 : Le v\u00e9rin du godet est con\u00e7u avec une r\u00e9sistance \u00e0 l'usure et un rev\u00eatement anticorrosion pour prolonger sa dur\u00e9e de vie.<\/li>\n<li>S\u00e9curit\u00e9 : Des dispositifs de s\u00e9curit\u00e9 tels que des soupapes de d\u00e9charge de pression ont \u00e9t\u00e9 ajout\u00e9s pour \u00e9viter toute surcharge, et le cylindre est con\u00e7u pour emp\u00eacher les chutes brutales.<\/li>\n<li>Facilit\u00e9 d'entretien : Le cylindre est con\u00e7u pour \u00eatre facilement d\u00e9mont\u00e9 et remont\u00e9, et un entretien r\u00e9gulier est n\u00e9cessaire pour garantir une longue dur\u00e9e de vie.<\/li>\n<\/ul>\n<p><img decoding=\"async\" src=\"https:\/\/www.hydraulic-cylinders.net\/wp-content\/uploads\/2025\/01\/songte-oil-pipes-and-spare-parts.webp\"><\/p>\n<h2>\u00c9tanch\u00e9it\u00e9 et lubrification<\/h2>\n<p>Les v\u00e9rins de godet utilisent divers \u00e9l\u00e9ments d'\u00e9tanch\u00e9it\u00e9, tels que des joints de piston et des joints de tige, fabriqu\u00e9s dans des mat\u00e9riaux r\u00e9sistants \u00e0 l'usure comme le polyur\u00e9thane et le caoutchouc nitrile. Le corps du v\u00e9rin et les surfaces d'extr\u00e9mit\u00e9 filet\u00e9es sont usin\u00e9s avec pr\u00e9cision pour une meilleure r\u00e9sistance \u00e0 l'usure. Une lubrification ad\u00e9quate est indispensable, et des vidanges d'huile r\u00e9guli\u00e8res sont n\u00e9cessaires pour garantir des performances optimales et prolonger la dur\u00e9e de vie du v\u00e9rin.<\/p>\n<h2>Mesures d'inspection et de maintenance pr\u00e9ventive<\/h2>\n<p>Des inspections r\u00e9guli\u00e8res et des mesures de maintenance pr\u00e9ventive sont n\u00e9cessaires pour garantir des performances optimales et prolonger la dur\u00e9e de vie du service. Voici quelques exemples de t\u00e2ches de maintenance\u00a0:<\/p>\n<ul>\n<li>Inspection r\u00e9guli\u00e8re\u00a0: inspectez le cylindre pour d\u00e9tecter tout signe d\u2019usure ou de dommage.<\/li>\n<li>Lubrification appropri\u00e9e\u00a0: Lubrifiez le cylindre conform\u00e9ment aux recommandations du fabricant.<\/li>\n<li>Remplacement des joints : Remplacez imm\u00e9diatement tout joint us\u00e9 ou endommag\u00e9.<\/li>\n<li>Contr\u00f4le d'\u00e9talonnage\u00a0: Des contr\u00f4les d'\u00e9talonnage r\u00e9guliers garantissent le bon fonctionnement du cylindre.<\/li>\n<li>Installation correcte\u00a0: Une installation correcte est essentielle pour un fonctionnement optimal. Alignez correctement le cylindre et utilisez les supports de fixation appropri\u00e9s pour le maintenir en place.<\/li>\n<\/ul>\n<p><img decoding=\"async\" src=\"https:\/\/www.hydraulic-cylinders.net\/wp-content\/uploads\/2025\/01\/songte-chushion-collar.webp\"><\/p>\n<h2>Consid\u00e9rations de s\u00e9curit\u00e9 et facteurs environnementaux<\/h2>\n<p>Les v\u00e9rins de godet sont con\u00e7us dans un souci de s\u00e9curit\u00e9, et des mesures de s\u00e9curit\u00e9 appropri\u00e9es doivent \u00eatre prises lors de leur utilisation. Les facteurs environnementaux tels que la temp\u00e9rature et l'humidit\u00e9 peuvent affecter les performances du v\u00e9rin, entra\u00eenant une r\u00e9duction de son efficacit\u00e9 et une usure pr\u00e9matur\u00e9e.<\/p>\n<h2>D\u00e9pannage et probl\u00e8mes courants<\/h2>\n<p>Les probl\u00e8mes courants rencontr\u00e9s avec les v\u00e9rins de godet incluent les fuites, la lenteur et la difficult\u00e9 d'utilisation. Une installation correcte, une inspection r\u00e9guli\u00e8re et un entretien appropri\u00e9 permettent de minimiser ces probl\u00e8mes.<\/p>\n<h2>Informations sur l'entreprise<\/h2>\n<p>Nous sommes un fabricant de v\u00e9rins hydrauliques sp\u00e9cialis\u00e9 dans leur remplacement. Forts d'une gamme compl\u00e8te de produits, nous figurons parmi les principaux fabricants et grossistes de v\u00e9rins hydrauliques sur les march\u00e9s nationaux et internationaux. Notre priorit\u00e9 est l'excellence, et nous nous appuyons sur une strat\u00e9gie de production industrialis\u00e9e au sein d'ateliers de fabrication de pointe. Nous am\u00e9liorons constamment notre plateforme de production, nos lignes de fabrication et notre capacit\u00e9 d'innovation nous permet de r\u00e9pondre aux besoins vari\u00e9s de nos clients avec efficacit\u00e9, pr\u00e9cision et qualit\u00e9.<\/p>\n<p><img decoding=\"async\" src=\"https:\/\/hzpt.com\/wp-content\/uploads\/2024\/11\/songte-company-1.webp\"><\/p>\n<p>Nous sommes fiers de notre professionnalisme, de notre certification internationale, de nos services personnalis\u00e9s, de nos \u00e9quipements de production et de nos services apr\u00e8s-vente.<\/p>\n<p>Auteur : lyl<\/p>","protected":false},"excerpt":{"rendered":"<p>Bucket Cylinder For Volwa Middle Excavator DLS210-8B Introduction A bucket cylinder is a specifically designed hydraulic cylinder that is mainly used to control the movement of the shovel in heavy machinery such as excavators, backhoe excavators, and front-end loaders. Its main function is to allow the shovel to lift, lower, and tilt, making it easier [&hellip;]<\/p>","protected":false},"featured_media":14778,"comment_status":"open","ping_status":"closed","template":"","meta":{"_et_pb_use_builder":"","_et_pb_old_content":"","_et_gb_content_width":""},"product_brand":[],"product_cat":[1494],"product_tag":[1495,1496],"class_list":{"0":"post-15889","1":"product","2":"type-product","3":"status-publish","4":"has-post-thumbnail","6":"product_cat-bucket-cylinders","7":"product_tag-bucket-cylinders","8":"product_tag-hydraulic-cylinders","10":"first","11":"instock","12":"shipping-taxable","13":"product-type-simple"},"amp_enabled":true,"_links":{"self":[{"href":"https:\/\/www.hydraulic-cylinders.net\/fr\/wp-json\/wp\/v2\/product\/15889","targetHints":{"allow":["GET"]}}],"collection":[{"href":"https:\/\/www.hydraulic-cylinders.net\/fr\/wp-json\/wp\/v2\/product"}],"about":[{"href":"https:\/\/www.hydraulic-cylinders.net\/fr\/wp-json\/wp\/v2\/types\/product"}],"replies":[{"embeddable":true,"href":"https:\/\/www.hydraulic-cylinders.net\/fr\/wp-json\/wp\/v2\/comments?post=15889"}],"wp:featuredmedia":[{"embeddable":true,"href":"https:\/\/www.hydraulic-cylinders.net\/fr\/wp-json\/wp\/v2\/media\/14778"}],"wp:attachment":[{"href":"https:\/\/www.hydraulic-cylinders.net\/fr\/wp-json\/wp\/v2\/media?parent=15889"}],"wp:term":[{"taxonomy":"product_brand","embeddable":true,"href":"https:\/\/www.hydraulic-cylinders.net\/fr\/wp-json\/wp\/v2\/product_brand?post=15889"},{"taxonomy":"product_cat","embeddable":true,"href":"https:\/\/www.hydraulic-cylinders.net\/fr\/wp-json\/wp\/v2\/product_cat?post=15889"},{"taxonomy":"product_tag","embeddable":true,"href":"https:\/\/www.hydraulic-cylinders.net\/fr\/wp-json\/wp\/v2\/product_tag?post=15889"}],"curies":[{"name":"wp","href":"https:\/\/api.w.org\/{rel}","templated":true}]}}