{"id":15895,"date":"2025-01-19T15:08:00","date_gmt":"2025-01-19T15:08:00","guid":{"rendered":"https:\/\/www.hydraulic-cylinders.net\/product\/bucket-cylinder-for-volwa-wheel-excavator-dls865-9a\/"},"modified":"2025-01-19T15:08:06","modified_gmt":"2025-01-19T15:08:06","slug":"bucket-cylinder-for-volwa-wheel-excavator-dls865-9a","status":"publish","type":"product","link":"https:\/\/www.hydraulic-cylinders.net\/fr\/produit\/bucket-cylinder-for-volwa-wheel-excavator-dls865-9a\/","title":{"rendered":"V\u00e9rin de godet pour pelle sur pneus Volkswagen DLS865-9A"},"content":{"rendered":"<p><!DOCTYPE html><br \/>\n<html><br \/>\n<head><br \/>\n<title>V\u00e9rin de godet pour pelle sur pneus Volkswagen DLS865-9A<\/title><br \/>\n<\/head><br \/>\n<body><\/p>\n<h1>V\u00e9rin de godet pour pelle sur pneus Volkswagen DLS865-9A<\/h1>\n<h2>Introduction<\/h2>\n<p>Le v\u00e9rin de godet est un v\u00e9rin hydraulique sp\u00e9cialement con\u00e7u pour contr\u00f4ler les mouvements du godet sur les engins de chantier tels que les pelles hydrauliques, les chargeuses-pelleteuses et les chargeuses sur pneus. Sa fonction principale est de permettre le levage, l'abaissement et l'inclinaison du godet, facilitant ainsi diverses op\u00e9rations de manutention. Au sein du syst\u00e8me hydraulique, le v\u00e9rin de godet assure un contr\u00f4le pr\u00e9cis du godet gr\u00e2ce aux variations de pression de l'huile hydraulique, permettant aux op\u00e9rateurs de manipuler efficacement des charges lourdes et de s'adapter \u00e0 des environnements de travail complexes et \u00e0 des besoins op\u00e9rationnels vari\u00e9s.<\/p>\n<p><img decoding=\"async\" src=\"https:\/\/www.hydraulic-cylinders.net\/wp-content\/uploads\/2025\/01\/songte-company-2.webp\" alt=\"Image du cylindre du godet\"><\/p>\n<h2>Caract\u00e9ristiques<\/h2>\n<ul>\n<li>Haute r\u00e9sistance et durabilit\u00e9\u00a0: Fabriqu\u00e9 g\u00e9n\u00e9ralement en acier ou en aluminium haute r\u00e9sistance, le v\u00e9rin du godet supporte les hautes pressions et les charges importantes, s\u2019adaptant ainsi aux environnements de travail difficiles. Sa conception prend en compte la r\u00e9sistance \u00e0 l\u2019usure et \u00e0 la corrosion afin d\u2019en prolonger la dur\u00e9e de vie.<\/li>\n<li>Fonctionnement hydraulique efficace\u00a0: gr\u00e2ce \u00e0 la pression de l\u2019huile hydraulique, le v\u00e9rin du godet permet des mouvements d\u2019extension et de r\u00e9traction fluides et r\u00e9actifs, fournissant des forces de pouss\u00e9e et de traction puissantes adapt\u00e9es \u00e0 la manutention de charges lourdes et \u00e0 des t\u00e2ches op\u00e9rationnelles complexes.<\/li>\n<li>Diff\u00e9rents types\u00a0: Le v\u00e9rin du godet peut \u00eatre choisi en version simple effet (actionnement hydraulique dans un seul sens) ou double effet (actionnement hydraulique dans les deux sens), selon les besoins op\u00e9rationnels. Certains mod\u00e8les sont t\u00e9lescopiques, ce qui permet une plus grande extension sans augmenter les dimensions ext\u00e9rieures et les rend adapt\u00e9s aux applications dans des espaces restreints.<\/li>\n<\/ul>\n<p><img decoding=\"async\" src=\"https:\/\/www.hydraulic-cylinders.net\/wp-content\/uploads\/2025\/01\/songte-cylinder-head-with-all-kinds-excavator-models.webp\" alt=\"Image d&#039;application du cylindre de godet\"><\/p>\n<h2>Applications<\/h2>\n<ul>\n<li>\u00c9quipement de construction\u00a0: Pr\u00e9sents dans les excavatrices, ils sont essentiels pour creuser, charger et d\u00e9placer la terre ou les d\u00e9bris. Dans les chargeuses-pelleteuses, le v\u00e9rin de godet facilite \u00e0 la fois le creusement et le levage.<\/li>\n<li>Machines agricoles : utilis\u00e9es dans les chargeurs frontaux pour ramasser, soulever et transporter de la terre, du foin et d'autres mat\u00e9riaux.<\/li>\n<li>Excavateurs : Le v\u00e9rin de godet permet les actions de creusement en permettant au godet de p\u00e9n\u00e9trer le sol.<\/li>\n<li>Chargeuses sur pneus : Sur les chargeuses frontales, elles permettent de lever et de d\u00e9charger efficacement les marchandises.<\/li>\n<\/ul>\n<h2>Consid\u00e9rations de conception et crit\u00e8res de s\u00e9lection<\/h2>\n<p>Lors de la conception des v\u00e9rins de godet, divers facteurs doivent \u00eatre pris en compte, notamment la capacit\u00e9 de charge, l'\u00e9tanch\u00e9it\u00e9, la durabilit\u00e9, la s\u00e9curit\u00e9 et la facilit\u00e9 d'entretien.<\/p>\n<p><img decoding=\"async\" src=\"https:\/\/www.hydraulic-cylinders.net\/wp-content\/uploads\/2025\/01\/songte-oil-pipes-and-spare-parts.webp\" alt=\"Image de conception du cylindre de godet\"><\/p>\n<h2>\u00c9tanch\u00e9it\u00e9 et lubrification<\/h2>\n<p>Le v\u00e9rin du godet utilise divers joints d'\u00e9tanch\u00e9it\u00e9, tels que des joints de piston et des joints de tige, fabriqu\u00e9s en mat\u00e9riaux r\u00e9sistants \u00e0 l'usure comme le polyur\u00e9thane et le caoutchouc nitrile. Le corps du v\u00e9rin et ses extr\u00e9mit\u00e9s filet\u00e9es b\u00e9n\u00e9ficient d'un traitement de pr\u00e9cision pour une meilleure r\u00e9sistance \u00e0 l'usure. Une lubrification r\u00e9guli\u00e8re avec une huile hydraulique adapt\u00e9e est indispensable pour un fonctionnement optimal.<\/p>\n<h2>Inspection et maintenance pr\u00e9ventive<\/h2>\n<ul>\n<li>V\u00e9rifiez r\u00e9guli\u00e8rement le v\u00e9rin du godet pour d\u00e9tecter tout signe de fuite, de dommage ou d'usure.<\/li>\n<li>Assurez-vous de la bonne lubrification du cylindre et remplacez les joints si n\u00e9cessaire.<\/li>\n<li>Effectuez des contr\u00f4les d'\u00e9talonnage pour garantir un fonctionnement pr\u00e9cis.<\/li>\n<\/ul>\n<p><img decoding=\"async\" src=\"https:\/\/www.hydraulic-cylinders.net\/wp-content\/uploads\/2025\/01\/songte-chushion-collar.webp\" alt=\"Image d&#039;entretien du v\u00e9rin de godet\"><\/p>\n<h2>Consid\u00e9rations de s\u00e9curit\u00e9 et facteurs environnementaux<\/h2>\n<p>Il est primordial de veiller \u00e0 la mise en place de mesures de s\u00e9curit\u00e9 lors de l'utilisation du v\u00e9rin de godet. Les facteurs environnementaux, tels que les conditions d'utilisation et les risques potentiels, doivent \u00eatre soigneusement \u00e9valu\u00e9s et pris en compte.<\/p>\n<h2>D\u00e9pannage et probl\u00e8mes courants<\/h2>\n<p>En cas de probl\u00e8me avec le v\u00e9rin du godet, il est important d'\u00e9tablir un diagnostic pr\u00e9cis. Fournissez des conseils et des solutions pour aider les utilisateurs \u00e0 d\u00e9panner et \u00e0 r\u00e9soudre efficacement les probl\u00e8mes. Insistez sur les mesures pr\u00e9ventives afin de minimiser les risques de dysfonctionnement.<\/p>\n<p><img decoding=\"async\" src=\"https:\/\/www.hydraulic-cylinders.net\/wp-content\/uploads\/2025\/01\/songte-bushings-with-all-kinds-of-excavator-models.webp\" alt=\"Image de d\u00e9pannage du v\u00e9rin de godet\"><\/p>\n<h2>\u00c0 propos de notre entreprise<\/h2>\n<p>Nous sommes un fabricant de v\u00e9rins hydrauliques de remplacement et proposons une large gamme de produits. Nous figurons parmi les principaux fabricants et distributeurs de v\u00e9rins hydrauliques sur les march\u00e9s nationaux et internationaux. Soucieux de l'excellence, nous nous appuyons sur des strat\u00e9gies de gestion de production industrialis\u00e9es au sein de notre atelier de fabrication de pr\u00e9cision. Nous am\u00e9liorons constamment notre plateforme de production gr\u00e2ce \u00e0 l'expertise de nos \u00e9quipes techniques, \u00e0 des \u00e9quipements de fabrication num\u00e9rique de pointe et \u00e0 des syst\u00e8mes de contr\u00f4le professionnels. Notre forte capacit\u00e9 d'innovation nous permet de r\u00e9pondre aux besoins vari\u00e9s de nos clients avec efficacit\u00e9, pr\u00e9cision et qualit\u00e9.<\/p>\n<p><img decoding=\"async\" src=\"https:\/\/www.hydraulic-cylinders.net\/wp-content\/uploads\/2025\/01\/songte-company-3.webp\" alt=\"Image de l&#039;entreprise\"><\/p>\n<p>De plus, nous sommes fiers de notre professionnalisme, de nos certifications internationales, de nos services personnalis\u00e9s, de nos \u00e9quipements de production et de notre service apr\u00e8s-vente.<\/p>\n<h4>Auteur : lyl<\/h4>\n<p><\/body><br \/>\n<\/html><\/p>","protected":false},"excerpt":{"rendered":"<p>Bucket Cylinder For Volwa Wheel Excavator DLS865-9A Bucket Cylinder For Volwa Wheel Excavator DLS865-9A Introduction The bucket cylinder is a specially designed hydraulic cylinder used to control the movement of the bucket in heavy machinery such as excavators, backhoe loaders, and wheel loaders. Its main function is to enable the lifting, lowering, and tilting of [&hellip;]<\/p>","protected":false},"featured_media":14762,"comment_status":"open","ping_status":"closed","template":"","meta":{"_et_pb_use_builder":"","_et_pb_old_content":"","_et_gb_content_width":""},"product_brand":[],"product_cat":[1494],"product_tag":[1495,1496],"class_list":{"0":"post-15895","1":"product","2":"type-product","3":"status-publish","4":"has-post-thumbnail","6":"product_cat-bucket-cylinders","7":"product_tag-bucket-cylinders","8":"product_tag-hydraulic-cylinders","10":"first","11":"instock","12":"shipping-taxable","13":"product-type-simple"},"amp_enabled":true,"_links":{"self":[{"href":"https:\/\/www.hydraulic-cylinders.net\/fr\/wp-json\/wp\/v2\/product\/15895","targetHints":{"allow":["GET"]}}],"collection":[{"href":"https:\/\/www.hydraulic-cylinders.net\/fr\/wp-json\/wp\/v2\/product"}],"about":[{"href":"https:\/\/www.hydraulic-cylinders.net\/fr\/wp-json\/wp\/v2\/types\/product"}],"replies":[{"embeddable":true,"href":"https:\/\/www.hydraulic-cylinders.net\/fr\/wp-json\/wp\/v2\/comments?post=15895"}],"wp:featuredmedia":[{"embeddable":true,"href":"https:\/\/www.hydraulic-cylinders.net\/fr\/wp-json\/wp\/v2\/media\/14762"}],"wp:attachment":[{"href":"https:\/\/www.hydraulic-cylinders.net\/fr\/wp-json\/wp\/v2\/media?parent=15895"}],"wp:term":[{"taxonomy":"product_brand","embeddable":true,"href":"https:\/\/www.hydraulic-cylinders.net\/fr\/wp-json\/wp\/v2\/product_brand?post=15895"},{"taxonomy":"product_cat","embeddable":true,"href":"https:\/\/www.hydraulic-cylinders.net\/fr\/wp-json\/wp\/v2\/product_cat?post=15895"},{"taxonomy":"product_tag","embeddable":true,"href":"https:\/\/www.hydraulic-cylinders.net\/fr\/wp-json\/wp\/v2\/product_tag?post=15895"}],"curies":[{"name":"wp","href":"https:\/\/api.w.org\/{rel}","templated":true}]}}