{"id":15897,"date":"2025-01-19T15:08:12","date_gmt":"2025-01-19T15:08:12","guid":{"rendered":"https:\/\/www.hydraulic-cylinders.net\/product\/bucket-cylinder-for-volwa-cane-unloader-dls880-9a\/"},"modified":"2025-01-19T15:08:14","modified_gmt":"2025-01-19T15:08:14","slug":"bucket-cylinder-for-volwa-cane-unloader-dls880-9a","status":"publish","type":"product","link":"https:\/\/www.hydraulic-cylinders.net\/fr\/produit\/bucket-cylinder-for-volwa-cane-unloader-dls880-9a\/","title":{"rendered":"Cylindre de godet pour d\u00e9chargeur de canne \u00e0 sucre Volkswagen DLS880-9A"},"content":{"rendered":"<h1>Cylindre de godet pour d\u00e9chargeur de canne \u00e0 sucre Volkswagen DLS880-9A<\/h1>\n<h2>Introduction<\/h2>\n<p>A bucket cylinder is a specially designed hydraulic cylinder used to control the movement of the bucket in heavy machinery such as excavators, backhoe excavators, and front loaders. Its main function is to lift, lower, and tilt the bucket, making it easier for various material handling tasks. In the hydraulic system, the bucket cylinder controls the bucket&#8217;s movement precisely through changes in hydraulic oil pressure, enabling operators to efficiently handle heavy loads and adapt to complex working environments and diversified operating requirements.<\/p>\n<p><img decoding=\"async\" src=\"https:\/\/www.hydraulic-cylinders.net\/wp-content\/uploads\/2025\/01\/songte-company-2.webp\"><\/p>\n<h2>Caract\u00e9ristiques<\/h2>\n<ul>\n<li>Haute r\u00e9sistance et durabilit\u00e9 : G\u00e9n\u00e9ralement fabriqu\u00e9s en acier ou en aluminium \u00e0 haute r\u00e9sistance, capables de supporter une pression \u00e9lev\u00e9e et des charges importantes, adapt\u00e9s aux environnements de travail difficiles et con\u00e7us pour r\u00e9sister \u00e0 l'usure et \u00e0 la corrosion, prolongeant ainsi leur dur\u00e9e de vie.<\/li>\n<li>Fonctionnement hydraulique efficace\u00a0: des mouvements d\u2019extension et de r\u00e9traction fluides sont obtenus gr\u00e2ce \u00e0 la pression de l\u2019huile hydraulique, et le v\u00e9rin r\u00e9pond rapidement aux commandes, fournissant des forces de pouss\u00e9e et de traction puissantes adapt\u00e9es \u00e0 la manutention de charges lourdes et \u00e0 des t\u00e2ches op\u00e9rationnelles complexes.<\/li>\n<li>Diff\u00e9rents types de v\u00e9rins sont disponibles\u00a0: \u00e0 simple effet (actionnement hydraulique dans un seul sens) ou \u00e0 double effet (actionnement hydraulique dans les deux sens), selon les besoins. Certains mod\u00e8les sont t\u00e9lescopiques, permettant une extension plus importante sans augmentation des dimensions ext\u00e9rieures, et conviennent donc aux espaces restreints.<\/li>\n<li>Rempla\u00e7able : Notre produit peut parfaitement remplacer ces v\u00e9rins hydrauliques.<\/li>\n<\/ul>\n<p><img decoding=\"async\" src=\"https:\/\/www.hydraulic-cylinders.net\/wp-content\/uploads\/2025\/01\/songte-cylinder-head-with-all-kinds-excavator-models.webp\"><\/p>\n<h2>Applications<\/h2>\n<ul>\n<li>Mat\u00e9riel de construction\u00a0: Pr\u00e9sents dans les excavatrices, ils sont indispensables pour creuser, charger et d\u00e9placer la terre ou les d\u00e9bris. Dans les pelles r\u00e9tro, les v\u00e9rins du godet contribuent \u00e0 la fois au creusement et au levage. Dans les chargeuses frontales, ils facilitent le levage et le basculement des mat\u00e9riaux.<\/li>\n<li>Machines agricoles\u00a0: Utilis\u00e9s dans les chargeuses frontales pour ramasser, soulever et transporter la terre, le foin et autres mat\u00e9riaux. Dans les pelles hydrauliques, les v\u00e9rins du godet permettent le creusement en enfon\u00e7ant le godet dans le sol. Dans les chargeuses, ils facilitent le levage et le d\u00e9chargement des marchandises.<\/li>\n<\/ul>\n<h2>Consid\u00e9rations de conception et crit\u00e8res de s\u00e9lection<\/h2>\n<ul>\n<li>Capacit\u00e9 de charge : Le cylindre doit \u00eatre con\u00e7u pour supporter la charge maximale qu'il peut rencontrer en fonctionnement.<\/li>\n<li>\u00c9tanch\u00e9it\u00e9 : Le cylindre doit \u00eatre con\u00e7u pour \u00eatre parfaitement \u00e9tanche afin d'\u00e9viter les fuites d'huile hydraulique.<\/li>\n<li>Durabilit\u00e9 : Le cylindre doit \u00eatre fabriqu\u00e9 \u00e0 partir de mat\u00e9riaux durables et con\u00e7u pour r\u00e9sister aux environnements de travail difficiles.<\/li>\n<li>S\u00e9curit\u00e9 : Le v\u00e9rin doit \u00eatre con\u00e7u pour garantir un fonctionnement s\u00fbr, notamment lors de la manipulation de charges lourdes.<\/li>\n<li>Maintenance : Le cylindre doit \u00eatre con\u00e7u pour faciliter l'entretien et la r\u00e9paration r\u00e9guliers.<\/li>\n<\/ul>\n<p><img decoding=\"async\" src=\"https:\/\/www.hydraulic-cylinders.net\/wp-content\/uploads\/2025\/01\/songte-oil-pipes-and-spare-parts.webp\"><\/p>\n<h2>\u00c9tanch\u00e9it\u00e9 et lubrification<\/h2>\n<p>Le v\u00e9rin utilise divers composants d'\u00e9tanch\u00e9it\u00e9, tels que des joints de piston et de tige, fabriqu\u00e9s en mat\u00e9riaux r\u00e9sistants \u00e0 l'usure comme le polyur\u00e9thane et le caoutchouc nitrile. Le corps du v\u00e9rin et la surface filet\u00e9e sont usin\u00e9s avec pr\u00e9cision pour une meilleure r\u00e9sistance \u00e0 l'usure. Un remplissage r\u00e9gulier d'huile hydraulique est n\u00e9cessaire pour un fonctionnement optimal.<\/p>\n<h2>Entretien et r\u00e9paration<\/h2>\n<p>L'inspection r\u00e9guli\u00e8re, la lubrification ad\u00e9quate, le remplacement des joints et les contr\u00f4les d'\u00e9talonnage constituent des op\u00e9rations d'entretien courantes. Une installation, une lubrification et un r\u00e9glage corrects sont essentiels pour prolonger la dur\u00e9e de vie du v\u00e9rin. Lors de l'installation, il est recommand\u00e9 de fournir un gabarit pour l'alignement du v\u00e9rin et d'utiliser des supports de fixation appropri\u00e9s. Les proc\u00e9dures recommand\u00e9es d'inspection, de r\u00e9paration et de remplacement sont fournies, et des pi\u00e8ces de rechange ainsi que des services de remise \u00e0 neuf sont disponibles pour prolonger la dur\u00e9e de vie du v\u00e9rin.<\/p>\n<p><img decoding=\"async\" src=\"https:\/\/www.hydraulic-cylinders.net\/wp-content\/uploads\/2025\/01\/songte-chushion-collar.webp\"><\/p>\n<h2>Consid\u00e9rations de s\u00e9curit\u00e9 et facteurs environnementaux<\/h2>\n<p>Les mesures de s\u00e9curit\u00e9 sont essentielles lors de l'utilisation de v\u00e9rins hydrauliques, notamment pour la manutention de charges lourdes. Les facteurs environnementaux tels que la temp\u00e9rature, l'humidit\u00e9 et la poussi\u00e8re peuvent \u00e9galement affecter les performances et la dur\u00e9e de vie du v\u00e9rin.<\/p>\n<h2>Diagnostic des pannes et probl\u00e8mes courants<\/h2>\n<p>Les probl\u00e8mes courants des v\u00e9rins hydrauliques incluent les fuites d'huile, une pression insuffisante et un fonctionnement inefficace. Un diagnostic et un d\u00e9pannage appropri\u00e9s permettent de r\u00e9soudre efficacement ces probl\u00e8mes. Un entretien et une inspection r\u00e9guliers contribuent \u00e0 pr\u00e9venir d'\u00e9ventuels probl\u00e8mes.<\/p>\n<p><img decoding=\"async\" src=\"https:\/\/www.hydraulic-cylinders.net\/wp-content\/uploads\/2025\/01\/songte-bushings-with-all-kinds-of-excavator-models.webp\"><\/p>\n<h2>\u00c0 propos de notre entreprise<\/h2>\n<p>We are a manufacturer of replacement hydraulic cylinders. We offer a wide range of products and have become one of the leading manufacturers and wholesale distributors of hydraulic cylinders in the domestic and international markets. We adhere to the principle of excellent quality and rely on industrialized production management strategies in fine manufacturing workshops. Our company continuously improves the manufacturing platform of the workshop, perfects the product quality production line, and has strong creative ability to meet customers&#8217; diverse needs with high efficiency, high precision, and high-quality principles.<\/p>\n<h3>Professionnalisme<\/h3>\n<p>Nous disposons d'une \u00e9quipe de techniciens professionnels et d'\u00e9quipements de fabrication num\u00e9riques haut de gamme de pointe, capables de r\u00e9pondre \u00e0 diverses exigences personnalis\u00e9es.<\/p>\n<h3>Certification internationale<\/h3>\n<p>Nos produits ont obtenu des certifications internationales telles que ISO9001, CE et SGS, afin de garantir leur qualit\u00e9 et leur fiabilit\u00e9.<\/p>\n<h3>Services de personnalisation<\/h3>\n<p>Nous proposons des services de personnalisation pour r\u00e9pondre aux diff\u00e9rents besoins de nos clients en mati\u00e8re de sp\u00e9cifications et de dimensions des produits.<\/p>\n<h3>\u00c9quipement de production<\/h3>\n<p>Nous disposons d'\u00e9quipements de production de pointe et de syst\u00e8mes de test avanc\u00e9s pour garantir la qualit\u00e9 de nos produits.<\/p>\n<h3>Service apr\u00e8s-vente<\/h3>\n<p>Nous proposons un service apr\u00e8s-vente complet afin de garantir la satisfaction de nos clients.<\/p>\n<p><img decoding=\"async\" src=\"https:\/\/hzpt.com\/wp-content\/uploads\/2024\/11\/songte-company-1.webp\"><\/p>\n<p>Auteur : lyl.<\/p>","protected":false},"excerpt":{"rendered":"<p>Bucket Cylinder For Volwa Cane Unloader DLS880-9A Introduction A bucket cylinder is a specially designed hydraulic cylinder used to control the movement of the bucket in heavy machinery such as excavators, backhoe excavators, and front loaders. Its main function is to lift, lower, and tilt the bucket, making it easier for various material handling tasks. [&hellip;]<\/p>","protected":false},"featured_media":14789,"comment_status":"open","ping_status":"closed","template":"","meta":{"_et_pb_use_builder":"","_et_pb_old_content":"","_et_gb_content_width":""},"product_brand":[],"product_cat":[1494],"product_tag":[1495,1496],"class_list":{"0":"post-15897","1":"product","2":"type-product","3":"status-publish","4":"has-post-thumbnail","6":"product_cat-bucket-cylinders","7":"product_tag-bucket-cylinders","8":"product_tag-hydraulic-cylinders","10":"first","11":"instock","12":"shipping-taxable","13":"product-type-simple"},"amp_enabled":true,"_links":{"self":[{"href":"https:\/\/www.hydraulic-cylinders.net\/fr\/wp-json\/wp\/v2\/product\/15897","targetHints":{"allow":["GET"]}}],"collection":[{"href":"https:\/\/www.hydraulic-cylinders.net\/fr\/wp-json\/wp\/v2\/product"}],"about":[{"href":"https:\/\/www.hydraulic-cylinders.net\/fr\/wp-json\/wp\/v2\/types\/product"}],"replies":[{"embeddable":true,"href":"https:\/\/www.hydraulic-cylinders.net\/fr\/wp-json\/wp\/v2\/comments?post=15897"}],"wp:featuredmedia":[{"embeddable":true,"href":"https:\/\/www.hydraulic-cylinders.net\/fr\/wp-json\/wp\/v2\/media\/14789"}],"wp:attachment":[{"href":"https:\/\/www.hydraulic-cylinders.net\/fr\/wp-json\/wp\/v2\/media?parent=15897"}],"wp:term":[{"taxonomy":"product_brand","embeddable":true,"href":"https:\/\/www.hydraulic-cylinders.net\/fr\/wp-json\/wp\/v2\/product_brand?post=15897"},{"taxonomy":"product_cat","embeddable":true,"href":"https:\/\/www.hydraulic-cylinders.net\/fr\/wp-json\/wp\/v2\/product_cat?post=15897"},{"taxonomy":"product_tag","embeddable":true,"href":"https:\/\/www.hydraulic-cylinders.net\/fr\/wp-json\/wp\/v2\/product_tag?post=15897"}],"curies":[{"name":"wp","href":"https:\/\/api.w.org\/{rel}","templated":true}]}}