{"id":15905,"date":"2025-01-19T15:08:44","date_gmt":"2025-01-19T15:08:44","guid":{"rendered":"https:\/\/www.hydraulic-cylinders.net\/product\/bucket-cylinder-for-volwa-cane-unloader-dls818-9a\/"},"modified":"2025-01-19T15:08:46","modified_gmt":"2025-01-19T15:08:46","slug":"bucket-cylinder-for-volwa-cane-unloader-dls818-9a","status":"publish","type":"product","link":"https:\/\/www.hydraulic-cylinders.net\/fr\/produit\/bucket-cylinder-for-volwa-cane-unloader-dls818-9a\/","title":{"rendered":"Cylindre de godet pour d\u00e9chargeur de canne \u00e0 sucre Volkswagen DLS818-9A"},"content":{"rendered":"<h1>Cylindre de godet pour d\u00e9chargeur de canne \u00e0 sucre Volkswagen DLS818-9A<\/h1>\n<h2>Introduction<\/h2>\n<p>Un v\u00e9rin de godet est un v\u00e9rin hydraulique sp\u00e9cialement con\u00e7u pour contr\u00f4ler les mouvements du godet sur les engins de chantier tels que les pelles hydrauliques, les chargeuses-pelleteuses et les chargeuses frontales. Sa fonction principale est de permettre la lev\u00e9e, l'abaissement et l'inclinaison du godet, facilitant ainsi la manutention de divers mat\u00e9riaux. Au sein du syst\u00e8me hydraulique, le v\u00e9rin de godet assure un contr\u00f4le pr\u00e9cis du godet gr\u00e2ce \u00e0 la variation de la pression d'huile hydraulique, permettant aux op\u00e9rateurs de manipuler efficacement des charges lourdes et de s'adapter \u00e0 des environnements de travail complexes et \u00e0 des besoins op\u00e9rationnels vari\u00e9s.<\/p>\n<p><img decoding=\"async\" src=\"https:\/\/www.hydraulic-cylinders.net\/wp-content\/uploads\/2025\/01\/songte-company-2.webp\"><\/p>\n<h2>Caract\u00e9ristiques<\/h2>\n<ul>\n<li>Haute r\u00e9sistance et durabilit\u00e9 : G\u00e9n\u00e9ralement fabriqu\u00e9 en acier ou en aluminium \u00e0 haute r\u00e9sistance, il supporte les hautes pressions et les charges lourdes, s'adapte aux environnements de travail difficiles et est con\u00e7u pour r\u00e9sister \u00e0 l'usure et \u00e0 la corrosion afin d'allonger sa dur\u00e9e de vie.<\/li>\n<li>Fonctionnement hydraulique efficace : des mouvements d'extension et de r\u00e9traction fluides sont obtenus gr\u00e2ce \u00e0 la pression de l'huile hydraulique, fournissant des forces de pouss\u00e9e et de traction puissantes, adapt\u00e9es \u00e0 la manutention de charges lourdes et aux t\u00e2ches complexes.<\/li>\n<li>Diff\u00e9rents types de v\u00e9rins sont disponibles\u00a0: \u00e0 simple effet (fonctionnement hydraulique dans un seul sens) ou \u00e0 double effet (fonctionnement hydraulique dans les deux sens), selon les besoins. Certains mod\u00e8les sont t\u00e9lescopiques, ce qui permet une plus grande extension sans augmenter l\u2019encombrement et convient aux applications o\u00f9 l\u2019espace est limit\u00e9.<\/li>\n<li>Facile \u00e0 installer : Notre produit est capable de remplacer parfaitement ces v\u00e9rins hydrauliques.<\/li>\n<\/ul>\n<p><img decoding=\"async\" src=\"https:\/\/www.hydraulic-cylinders.net\/wp-content\/uploads\/2025\/01\/songte-cylinder-head-with-all-kinds-excavator-models.webp\"><\/p>\n<h2>Applications<\/h2>\n<p>Les v\u00e9rins \u00e0 godet sont largement utilis\u00e9s dans diverses industries et \u00e9quipements, notamment\u00a0:<\/p>\n<ul>\n<li>Engins de chantier\u00a0: Sur les excavatrices, les v\u00e9rins sont essentiels pour creuser, charger et d\u00e9placer la terre ou les d\u00e9bris. Sur les chargeuses-pelleteuses, le v\u00e9rin du godet contribue \u00e0 la fois au creusement et au levage. <\/li>\n<li>Machines agricoles : Utilis\u00e9es dans les chargeuses frontales pour ramasser, soulever et transporter la terre, le foin et autres mat\u00e9riaux. <\/li>\n<li>Excavatrices : Les v\u00e9rins du godet permettent d'effectuer le creusement en laissant le godet p\u00e9n\u00e9trer dans le sol.<\/li>\n<li>Chargeuses frontales : Sur les chargeuses frontales, elles permettent de soulever et d'incliner efficacement les charges. <\/li>\n<\/ul>\n<h2>Consid\u00e9rations de conception et normes de s\u00e9lection<\/h2>\n<h3>Capacit\u00e9 de charge :<\/h3>\n<p>Les v\u00e9rins de godet sont con\u00e7us pour r\u00e9sister \u00e0 des charges et des pressions \u00e9lev\u00e9es, ce qui exige une s\u00e9lection rigoureuse des mat\u00e9riaux, un processus de fabrication et des essais minutieux. Afin de garantir une capacit\u00e9 de charge maximale, nous utilisons des mat\u00e9riaux \u00e0 haute r\u00e9sistance, tels que l'acier et les alliages d'aluminium, et la conception de la structure du v\u00e9rin est optimis\u00e9e pour une r\u00e9sistance accrue aux charges et pressions \u00e9lev\u00e9es. <\/p>\n<h3>\u00c9tanch\u00e9it\u00e9 et durabilit\u00e9 :<\/h3>\n<p>L'\u00e9tanch\u00e9it\u00e9 joue un r\u00f4le crucial dans la durabilit\u00e9 et la fiabilit\u00e9 des v\u00e9rins de godet. Nous utilisons divers composants d'\u00e9tanch\u00e9it\u00e9, tels que des joints de piston, des joints de tige et des joints racleurs, capables de r\u00e9sister \u00e0 l'abrasion et \u00e0 la corrosion. Les corps de v\u00e9rin et les surfaces d'extr\u00e9mit\u00e9 filet\u00e9es sont usin\u00e9s avec pr\u00e9cision pour optimiser la r\u00e9sistance \u00e0 l'usure, et une lubrification r\u00e9guli\u00e8re \u00e0 l'huile hydraulique est indispensable pour garantir l'\u00e9tanch\u00e9it\u00e9 et prolonger la dur\u00e9e de vie. <\/p>\n<p><img decoding=\"async\" src=\"https:\/\/www.hydraulic-cylinders.net\/wp-content\/uploads\/2025\/01\/songte-oil-pipes-and-spare-parts.webp\"><\/p>\n<h2>Maintenance et d\u00e9pannage<\/h2>\n<h3>Entretien:<\/h3>\n<p>L'inspection r\u00e9guli\u00e8re, la lubrification, le remplacement des joints et les contr\u00f4les d'\u00e9talonnage sont des op\u00e9rations d'entretien courantes qui contribuent \u00e0 prolonger la dur\u00e9e de vie des v\u00e9rins de godet. Lors de l'installation, il est essentiel d'aligner correctement le v\u00e9rin et d'utiliser des supports de fixation adapt\u00e9s. Nous recommandons de suivre les proc\u00e9dures d'inspection, de r\u00e9paration et de remplacement pr\u00e9conis\u00e9es afin de garantir des performances optimales. Nous proposons \u00e9galement des pi\u00e8ces de rechange et des services de remise \u00e0 neuf pour prolonger la dur\u00e9e de vie de votre v\u00e9rin.<\/p>\n<h3>D\u00e9pannage\u00a0:<\/h3>\n<p>Les probl\u00e8mes courants pouvant affecter les v\u00e9rins de godet incluent les fuites, les d\u00e9fauts d'alignement et les performances m\u00e9diocres. Pour diagnostiquer et r\u00e9soudre efficacement ces probl\u00e8mes, nous recommandons d'en identifier la cause premi\u00e8re en v\u00e9rifiant l'\u00e9tat du syst\u00e8me hydraulique, des joints et du corps du v\u00e9rin afin de d\u00e9celer toute usure ou tout dommage. Un alignement et une lubrification corrects sont essentiels pour pr\u00e9venir ces probl\u00e8mes, et un entretien et une inspection r\u00e9guliers permettent de les d\u00e9tecter avant qu'ils ne s'aggravent.<\/p>\n<p><img decoding=\"async\" src=\"https:\/\/www.hydraulic-cylinders.net\/wp-content\/uploads\/2025\/01\/songte-bushings-with-all-kinds-of-excavator-models.webp\"><\/p>\n<h2>\u00c0 propos de notre entreprise<\/h2>\n<p>Nous sommes un fabricant et distributeur de premier plan de v\u00e9rins hydrauliques sur les march\u00e9s nationaux et internationaux. Notre entreprise propose une gamme compl\u00e8te de produits, garantit une qualit\u00e9 irr\u00e9prochable et s'appuie sur des strat\u00e9gies de production industrialis\u00e9es au sein d'ateliers de fabrication de pointe. Nous optimisons constamment notre plateforme de production gr\u00e2ce \u00e0 l'expertise de nos \u00e9quipes techniques, \u00e0 des \u00e9quipements de fabrication num\u00e9riques haut de gamme et \u00e0 des syst\u00e8mes de contr\u00f4le professionnels. Forts de solides capacit\u00e9s de d\u00e9veloppement, nous nous engageons \u00e0 fournir des produits performants, pr\u00e9cis et de haute qualit\u00e9 afin de r\u00e9pondre aux besoins vari\u00e9s de nos clients.<\/p>\n<p><img decoding=\"async\" src=\"https:\/\/hzpt.com\/wp-content\/uploads\/2024\/11\/songte-company-1.webp\"><\/p>\n<h3>Professionnalisme:<\/h3>\n<p>Notre \u00e9quipe d'experts b\u00e9n\u00e9ficie d'une longue exp\u00e9rience dans la fabrication et la distribution de v\u00e9rins hydrauliques. Nous utilisons des technologies et des \u00e9quipements de test de pointe pour garantir la haute qualit\u00e9 de nos produits et proposons des services de personnalisation afin de r\u00e9pondre aux besoins sp\u00e9cifiques de chaque client.<\/p>\n<h3>Certification internationale :<\/h3>\n<p>Notre entreprise a obtenu des certifications internationales, telles que l'ISO 9001, le CE et le SGS, afin de garantir que nos produits sont conformes aux normes et r\u00e9glementations du secteur. <\/p>\n<h3>\u00c9quipement de production :<\/h3>\n<p>Notre entreprise a investi dans des \u00e9quipements de fabrication num\u00e9rique haut de gamme afin d'accro\u00eetre sa capacit\u00e9 de production et d'am\u00e9liorer la qualit\u00e9 de ses produits. <\/p>\n<h3>Service apr\u00e8s-vente :<\/h3>\n<p>Nous offrons \u00e0 nos clients un excellent service apr\u00e8s-vente, comprenant des conseils d'installation, une assistance technique et des services de garantie, afin de leur garantir une exp\u00e9rience sans tracas avec nos produits.<\/p>\n<h4>Auteur : lyl<\/h4>","protected":false},"excerpt":{"rendered":"<p>Bucket Cylinder For Volwa Cane Unloader DLS818-9A Introduction A bucket cylinder is a specially designed hydraulic cylinder that is primarily used to control the movement of the bucket in heavy equipment such as excavators, backhoe loaders, and front-end loaders. Its main function is to enable the bucket to be lifted, lowered, and tilted, making it [&hellip;]<\/p>","protected":false},"featured_media":14776,"comment_status":"open","ping_status":"closed","template":"","meta":{"_et_pb_use_builder":"","_et_pb_old_content":"","_et_gb_content_width":""},"product_brand":[],"product_cat":[1494],"product_tag":[1495,1496],"class_list":{"0":"post-15905","1":"product","2":"type-product","3":"status-publish","4":"has-post-thumbnail","6":"product_cat-bucket-cylinders","7":"product_tag-bucket-cylinders","8":"product_tag-hydraulic-cylinders","10":"first","11":"instock","12":"shipping-taxable","13":"product-type-simple"},"amp_enabled":true,"_links":{"self":[{"href":"https:\/\/www.hydraulic-cylinders.net\/fr\/wp-json\/wp\/v2\/product\/15905","targetHints":{"allow":["GET"]}}],"collection":[{"href":"https:\/\/www.hydraulic-cylinders.net\/fr\/wp-json\/wp\/v2\/product"}],"about":[{"href":"https:\/\/www.hydraulic-cylinders.net\/fr\/wp-json\/wp\/v2\/types\/product"}],"replies":[{"embeddable":true,"href":"https:\/\/www.hydraulic-cylinders.net\/fr\/wp-json\/wp\/v2\/comments?post=15905"}],"wp:featuredmedia":[{"embeddable":true,"href":"https:\/\/www.hydraulic-cylinders.net\/fr\/wp-json\/wp\/v2\/media\/14776"}],"wp:attachment":[{"href":"https:\/\/www.hydraulic-cylinders.net\/fr\/wp-json\/wp\/v2\/media?parent=15905"}],"wp:term":[{"taxonomy":"product_brand","embeddable":true,"href":"https:\/\/www.hydraulic-cylinders.net\/fr\/wp-json\/wp\/v2\/product_brand?post=15905"},{"taxonomy":"product_cat","embeddable":true,"href":"https:\/\/www.hydraulic-cylinders.net\/fr\/wp-json\/wp\/v2\/product_cat?post=15905"},{"taxonomy":"product_tag","embeddable":true,"href":"https:\/\/www.hydraulic-cylinders.net\/fr\/wp-json\/wp\/v2\/product_tag?post=15905"}],"curies":[{"name":"wp","href":"https:\/\/api.w.org\/{rel}","templated":true}]}}