{"id":15911,"date":"2025-01-19T15:09:18","date_gmt":"2025-01-19T15:09:18","guid":{"rendered":"https:\/\/www.hydraulic-cylinders.net\/product\/bucket-cylinder-for-aotai-at80e-9\/"},"modified":"2025-01-19T15:09:20","modified_gmt":"2025-01-19T15:09:20","slug":"bucket-cylinder-for-aotai-at80e-9","status":"publish","type":"product","link":"https:\/\/www.hydraulic-cylinders.net\/fr\/produit\/bucket-cylinder-for-aotai-at80e-9\/","title":{"rendered":"Cylindre de godet pour Aotai AT80E-9"},"content":{"rendered":"<h1>Cylindre de godet pour Aotai AT80E-9<\/h1>\n<h2>Introduction<\/h2>\n<p>Un v\u00e9rin de godet est un v\u00e9rin hydraulique sp\u00e9cialement con\u00e7u pour contr\u00f4ler les mouvements du godet sur les engins de chantier tels que les pelles hydrauliques, les chargeuses-pelleteuses et les chargeuses frontales. Sa fonction principale est de lever, d'abaisser et d'incliner le godet pour une manutention efficace des mat\u00e9riaux. Dans le syst\u00e8me hydraulique, le v\u00e9rin de godet contr\u00f4le avec pr\u00e9cision les mouvements du godet gr\u00e2ce \u00e0 la variation de la pression d'huile hydraulique, permettant ainsi aux op\u00e9rateurs de manipuler efficacement des charges lourdes et de s'adapter \u00e0 des environnements de travail complexes et \u00e0 des exigences de t\u00e2ches vari\u00e9es.<\/p>\n<p><img decoding=\"async\" src=\"https:\/\/www.hydraulic-cylinders.net\/wp-content\/uploads\/2025\/01\/songte-company-2.webp\"><\/p>\n<h2>Caract\u00e9ristiques<\/h2>\n<ul>\n<li>\n<h3>Haute r\u00e9sistance et durabilit\u00e9<\/h3>\n<p>Les v\u00e9rins de godet sont g\u00e9n\u00e9ralement fabriqu\u00e9s en acier ou en aluminium \u00e0 haute r\u00e9sistance, capables de supporter une pression \u00e9lev\u00e9e et des charges importantes, et con\u00e7us en tenant compte de la r\u00e9sistance \u00e0 l'usure et \u00e0 la corrosion, ce qui prolonge leur dur\u00e9e de vie.<\/p>\n<\/li>\n<li>\n<h3>Fonctionnement hydraulique efficace<\/h3>\n<p>Les v\u00e9rins de godet utilisent la pression de l'huile hydraulique pour assurer des mouvements d'expansion et de contraction fluides, r\u00e9pondent rapidement aux commandes, fournissent une force de pouss\u00e9e et de traction puissante et sont adapt\u00e9s \u00e0 la manutention de charges lourdes et \u00e0 des t\u00e2ches complexes.<\/p>\n<\/li>\n<li>\n<h3>Diff\u00e9rents types<\/h3>\n<p>Les v\u00e9rins de godet peuvent \u00eatre choisis en version simple effet (fluide hydraulique circulant dans un seul sens) ou double effet (fluide hydraulique circulant dans les deux sens), selon les besoins. Certains mod\u00e8les sont t\u00e9lescopiques, ce qui permet une plus grande extension sans augmenter les dimensions ext\u00e9rieures et convient aux applications o\u00f9 l'espace est limit\u00e9.<\/p>\n<\/li>\n<li>\n<h3>Remplacement id\u00e9al pour les v\u00e9rins hydrauliques<\/h3>\n<p>Nos produits peuvent parfaitement remplacer ces v\u00e9rins hydrauliques.<\/p>\n<p>  <img decoding=\"async\" src=\"https:\/\/www.hydraulic-cylinders.net\/wp-content\/uploads\/2025\/01\/songte-cylinder-head-with-all-kinds-excavator-models.webp\"><\/li>\n<\/ul>\n<h2>Applications<\/h2>\n<p>Les v\u00e9rins de godet sont essentiels pour diff\u00e9rents types d'engins lourds, notamment\u00a0:<\/p>\n<ul>\n<li>\n<h3>\u00c9quipement de construction<\/h3>\n<p>Sur les excavatrices, les v\u00e9rins de godet sont essentiels pour creuser, charger et d\u00e9placer la terre ou les d\u00e9bris. Sur les chargeuses-pelleteuses, les v\u00e9rins de godet servent \u00e0 la fois au creusement et au levage. <\/p>\n<\/li>\n<li>\n<h3>machines agricoles<\/h3>\n<p>Utilis\u00e9s sur les chargeuses frontales pour pelleter, soulever et transporter de la terre, du foin et autres mat\u00e9riaux, les v\u00e9rins de godet permettent, sur les pelles hydrauliques, d'effectuer le creusement en enfon\u00e7ant le godet dans le sol. Sur les chargeuses frontales, ils facilitent le levage et le d\u00e9chargement des marchandises.<\/p>\n<\/li>\n<\/ul>\n<h2>Consid\u00e9rations de conception<\/h2>\n<p>Les v\u00e9rins de godet sont con\u00e7us en tenant compte de nombreux facteurs afin de garantir des performances optimales\u00a0:<\/p>\n<ul>\n<li>\n<h3>Capacit\u00e9 de charge<\/h3>\n<p>Les v\u00e9rins de godet sont con\u00e7us pour r\u00e9sister \u00e0 des charges et \u00e0 une pression \u00e9lev\u00e9es, garantissant ainsi leur capacit\u00e9 de charge.<\/p>\n<\/li>\n<li>\n<h3>Scellage<\/h3>\n<p>Diff\u00e9rents types de joints sont utilis\u00e9s dans les v\u00e9rins de godet, tels que les joints de piston et les joints de tige, fabriqu\u00e9s \u00e0 partir de mat\u00e9riaux r\u00e9sistants \u00e0 l'usure comme le polyur\u00e9thane et le caoutchouc nitrile, garantissant leur durabilit\u00e9 et leurs performances d'\u00e9tanch\u00e9it\u00e9.<\/p>\n<\/li>\n<li>\n<h3>S\u00e9curit\u00e9<\/h3>\n<p>Les v\u00e9rins de godet sont con\u00e7us dans un souci de s\u00e9curit\u00e9, garantissant ainsi la s\u00e9curit\u00e9 des op\u00e9rateurs et la protection de l'environnement. Une installation et un entretien corrects sont essentiels pour assurer leur fonctionnement en toute s\u00e9curit\u00e9.<\/p>\n<\/li>\n<li>\n<h3>Entretien<\/h3>\n<p>Les v\u00e9rins de godet n\u00e9cessitent un entretien r\u00e9gulier pour garantir leur fonctionnement optimal, notamment la lubrification, le remplacement des joints et les contr\u00f4les d'\u00e9talonnage.<\/p>\n<\/li>\n<\/ul>\n<p><img decoding=\"async\" src=\"https:\/\/www.hydraulic-cylinders.net\/wp-content\/uploads\/2025\/01\/songte-oil-pipes-and-spare-parts.webp\"><\/p>\n<h2>Installation et maintenance<\/h2>\n<p>Pour garantir des performances optimales et une longue dur\u00e9e de vie au v\u00e9rin du godet, il est important de respecter les proc\u00e9dures d'installation et d'entretien. Les t\u00e2ches d'entretien courantes comprennent\u00a0:<\/p>\n<ul>\n<li>\n<h3>Inspection r\u00e9guli\u00e8re<\/h3>\n<p>Il convient d'inspecter r\u00e9guli\u00e8rement le cylindre afin de d\u00e9tecter toute fuite, rayure ou autre signe de dommage et de s'assurer de son bon \u00e9tat.<\/p>\n<\/li>\n<li>\n<h3>Lubrification<\/h3>\n<p>Une lubrification ad\u00e9quate permet au v\u00e9rin du godet de se d\u00e9placer en douceur et contribue \u00e0 pr\u00e9venir les dommages caus\u00e9s par le frottement.<\/p>\n<\/li>\n<li>\n<h3>Remplacement du joint<\/h3>\n<p>Replacing worn-out seals is crucial to prevent leaks and ensure the cylinder&#8217;s optimal performance.<\/p>\n<\/li>\n<li>\n<h3>V\u00e9rification de l'alignement<\/h3>\n<p>Il est important de v\u00e9rifier l'alignement du v\u00e9rin du godet pour s'assurer de son bon fonctionnement.<\/p>\n<\/li>\n<\/ul>\n<p><img decoding=\"async\" src=\"https:\/\/www.hydraulic-cylinders.net\/wp-content\/uploads\/2025\/01\/songte-chushion-collar.webp\"><\/p>\n<h2>Consid\u00e9rations relatives \u00e0 la s\u00e9curit\u00e9 et \u00e0 l'environnement<\/h2>\n<p>Lors de l'utilisation d'un v\u00e9rin de godet, la s\u00e9curit\u00e9 est primordiale. Il convient de respecter scrupuleusement les consignes d'installation, d'entretien et d'utilisation afin de garantir la s\u00e9curit\u00e9 des op\u00e9rateurs et la protection de l'environnement.<\/p>\n<p><img decoding=\"async\" src=\"https:\/\/hzpt.com\/wp-content\/uploads\/2024\/11\/songte-company-1.webp\"><\/p>\n<h2>\u00c0 propos de nous<\/h2>\n<p>Notre entreprise est un fabricant de v\u00e9rins hydrauliques de remplacement proposant une gamme compl\u00e8te de produits. Nous sommes devenus l'un des principaux fabricants et distributeurs de v\u00e9rins hydrauliques sur les march\u00e9s nationaux et internationaux. Notre atelier de production applique une strat\u00e9gie de gestion de la production industrielle, s'appuyant sur une qualit\u00e9 irr\u00e9prochable, des talents techniques de haut niveau, des \u00e9quipements de fabrication num\u00e9riques de pointe et des syst\u00e8mes de contr\u00f4le professionnels. Nous optimisons constamment notre plateforme de production, am\u00e9liorons nos lignes de production et mettons \u00e0 profit notre forte capacit\u00e9 d'innovation. Fid\u00e8les aux principes d'efficacit\u00e9, de pr\u00e9cision et de qualit\u00e9, nous r\u00e9pondons aux besoins vari\u00e9s de nos clients.<\/p>\n<p>Our company&#8217;s outstanding features include:<\/p>\n<ul>\n<li>\n<h3>Professionnalisme<\/h3>\n<p>Notre \u00e9quipe est compos\u00e9e de professionnels hautement qualifi\u00e9s et exp\u00e9riment\u00e9s dans le domaine des v\u00e9rins hydrauliques, garantissant ainsi que nos produits r\u00e9pondent aux normes les plus exigeantes.<\/p>\n<\/li>\n<li>\n<h3>Certifications internationales<\/h3>\n<p>Nos produits ont pass\u00e9 avec succ\u00e8s diverses certifications internationales afin de garantir leur qualit\u00e9 et leur s\u00e9curit\u00e9.<\/p>\n<\/li>\n<li>\n<h3>Services de personnalisation<\/h3>\n<p>Nous proposons des services personnalis\u00e9s pour r\u00e9pondre aux besoins et exigences sp\u00e9cifiques de nos clients.<\/p>\n<\/li>\n<li>\n<h3>\u00c9quipement de production<\/h3>\n<p>Notre entreprise utilise des \u00e9quipements de production de haute technologie et de pointe pour garantir la qualit\u00e9 de nos produits.<\/p>\n<\/li>\n<li>\n<h3>Service apr\u00e8s-vente<\/h3>\n<p>Nous offrons un excellent service apr\u00e8s-vente et un soutien optimal afin de garantir la satisfaction de nos clients.<\/p>\n<\/li>\n<\/ul>\n<p><img decoding=\"async\" src=\"https:\/\/www.hydraulic-cylinders.net\/wp-content\/uploads\/2025\/01\/songte-company-3.webp\"><\/p>\n<p>Auteur : lyl<\/p>","protected":false},"excerpt":{"rendered":"<p>Bucket Cylinder For Aotai AT80E-9 Introduction A bucket cylinder is a specially designed hydraulic cylinder used to control the movement of the bucket in heavy machinery such as excavators, backhoe loaders, and front loaders. Its main function is to raise, lower, and tilt the bucket for efficient material handling tasks. In the hydraulic system, the [&hellip;]<\/p>","protected":false},"featured_media":14761,"comment_status":"open","ping_status":"closed","template":"","meta":{"_et_pb_use_builder":"","_et_pb_old_content":"","_et_gb_content_width":""},"product_brand":[],"product_cat":[1494],"product_tag":[1495,1496],"class_list":{"0":"post-15911","1":"product","2":"type-product","3":"status-publish","4":"has-post-thumbnail","6":"product_cat-bucket-cylinders","7":"product_tag-bucket-cylinders","8":"product_tag-hydraulic-cylinders","10":"first","11":"instock","12":"shipping-taxable","13":"product-type-simple"},"amp_enabled":true,"_links":{"self":[{"href":"https:\/\/www.hydraulic-cylinders.net\/fr\/wp-json\/wp\/v2\/product\/15911","targetHints":{"allow":["GET"]}}],"collection":[{"href":"https:\/\/www.hydraulic-cylinders.net\/fr\/wp-json\/wp\/v2\/product"}],"about":[{"href":"https:\/\/www.hydraulic-cylinders.net\/fr\/wp-json\/wp\/v2\/types\/product"}],"replies":[{"embeddable":true,"href":"https:\/\/www.hydraulic-cylinders.net\/fr\/wp-json\/wp\/v2\/comments?post=15911"}],"wp:featuredmedia":[{"embeddable":true,"href":"https:\/\/www.hydraulic-cylinders.net\/fr\/wp-json\/wp\/v2\/media\/14761"}],"wp:attachment":[{"href":"https:\/\/www.hydraulic-cylinders.net\/fr\/wp-json\/wp\/v2\/media?parent=15911"}],"wp:term":[{"taxonomy":"product_brand","embeddable":true,"href":"https:\/\/www.hydraulic-cylinders.net\/fr\/wp-json\/wp\/v2\/product_brand?post=15911"},{"taxonomy":"product_cat","embeddable":true,"href":"https:\/\/www.hydraulic-cylinders.net\/fr\/wp-json\/wp\/v2\/product_cat?post=15911"},{"taxonomy":"product_tag","embeddable":true,"href":"https:\/\/www.hydraulic-cylinders.net\/fr\/wp-json\/wp\/v2\/product_tag?post=15911"}],"curies":[{"name":"wp","href":"https:\/\/api.w.org\/{rel}","templated":true}]}}