{"id":15915,"date":"2025-01-19T15:09:35","date_gmt":"2025-01-19T15:09:35","guid":{"rendered":"https:\/\/www.hydraulic-cylinders.net\/product\/bucket-cylinder-for-aotai-at180e-9\/"},"modified":"2025-01-19T15:09:37","modified_gmt":"2025-01-19T15:09:37","slug":"bucket-cylinder-for-aotai-at180e-9","status":"publish","type":"product","link":"https:\/\/www.hydraulic-cylinders.net\/fr\/produit\/bucket-cylinder-for-aotai-at180e-9\/","title":{"rendered":"Cylindre de godet pour Aotai AT180E-9"},"content":{"rendered":"<h1>Cylindre de godet pour Aotai AT180E-9<\/h1>\n<h2>Introduction<\/h2>\n<p>Le v\u00e9rin de godet est un v\u00e9rin hydraulique sp\u00e9cialement con\u00e7u pour contr\u00f4ler les mouvements du godet sur les engins de chantier tels que les pelles hydrauliques, les chargeuses-pelleteuses et les chargeuses sur pneus. Sa fonction principale est de permettre la lev\u00e9e, l'abaissement et l'inclinaison du godet, facilitant ainsi diverses op\u00e9rations de manutention. Dans un syst\u00e8me hydraulique, le v\u00e9rin de godet assure un contr\u00f4le pr\u00e9cis du godet gr\u00e2ce aux variations de pression de l'huile hydraulique, permettant aux op\u00e9rateurs de manipuler efficacement des charges lourdes et de s'adapter \u00e0 des environnements de travail complexes et \u00e0 des exigences vari\u00e9es.<\/p>\n<p><img decoding=\"async\" src=\"https:\/\/www.hydraulic-cylinders.net\/wp-content\/uploads\/2025\/01\/songte-company-2.webp\" alt=\"Image du cylindre du godet\"><\/p>\n<h2>Caract\u00e9ristiques<\/h2>\n<ul>\n<li>Haute r\u00e9sistance et durabilit\u00e9\u00a0: Fabriqu\u00e9 g\u00e9n\u00e9ralement en acier ou en aluminium haute r\u00e9sistance, le v\u00e9rin du godet supporte les hautes pressions et les charges importantes, s\u2019adaptant ainsi aux environnements de travail difficiles. Sa conception prend en compte la r\u00e9sistance \u00e0 l\u2019usure et \u00e0 la corrosion, prolongeant sa dur\u00e9e de vie.<\/li>\n<li>Fonctionnement hydraulique efficace\u00a0: gr\u00e2ce \u00e0 la pression de l\u2019huile hydraulique, le v\u00e9rin du godet assure des mouvements d\u2019extension et de r\u00e9traction fluides, permettant une r\u00e9ponse rapide aux commandes et fournissant des forces de pouss\u00e9e et de traction puissantes, adapt\u00e9es \u00e0 la manutention de charges lourdes et aux t\u00e2ches op\u00e9rationnelles complexes.<\/li>\n<li>Diff\u00e9rents types\u00a0: Disponibles en versions simple effet (actionnement hydraulique unidirectionnel) ou double effet (actionnement hydraulique bidirectionnel), les v\u00e9rins de godet peuvent \u00eatre choisis en fonction des besoins op\u00e9rationnels sp\u00e9cifiques. Certains mod\u00e8les sont t\u00e9lescopiques, ce qui permet une plus grande extension sans augmenter les dimensions ext\u00e9rieures et les rend particuli\u00e8rement adapt\u00e9s aux applications \u00e0 espace restreint.<\/li>\n<li>Remplacement parfait : notre produit peut parfaitement remplacer ces v\u00e9rins hydrauliques.<\/li>\n<\/ul>\n<p><img decoding=\"async\" src=\"https:\/\/www.hydraulic-cylinders.net\/wp-content\/uploads\/2025\/01\/songte-cylinder-head-with-all-kinds-excavator-models.webp\" alt=\"Image de remplacement du v\u00e9rin de godet\"><\/p>\n<h2>Applications<\/h2>\n<p>Le v\u00e9rin \u00e0 godet trouve des applications dans diff\u00e9rents types de machines\u00a0:<\/p>\n<ul>\n<li>Mat\u00e9riel de construction\u00a0: Le v\u00e9rin du godet joue un r\u00f4le crucial dans les excavatrices pour creuser, charger et d\u00e9placer la terre ou les d\u00e9bris. Dans les chargeuses-pelleteuses, il contribue aux op\u00e9rations de creusement et de levage.<\/li>\n<li>Machines agricoles : utilis\u00e9es dans les chargeurs frontaux pour ramasser, soulever et transporter de la terre, du foin et d'autres mat\u00e9riaux.<\/li>\n<li>Excavateurs : Le v\u00e9rin de godet permet les actions de creusement en permettant au godet de p\u00e9n\u00e9trer le sol.<\/li>\n<li>Chargeuses sur pneus : Sur les chargeuses sur pneus, elles facilitent le levage et le d\u00e9chargement efficaces des marchandises.<\/li>\n<\/ul>\n<h2>Consid\u00e9rations de conception et crit\u00e8res de s\u00e9lection<\/h2>\n<p>En ce qui concerne les consid\u00e9rations de conception et les crit\u00e8res de s\u00e9lection des v\u00e9rins de godet, plusieurs facteurs cl\u00e9s doivent \u00eatre pris en compte\u00a0:<\/p>\n<ul>\n<li>Capacit\u00e9 de charge<\/li>\n<li>Performances d'\u00e9tanch\u00e9it\u00e9<\/li>\n<li>Durabilit\u00e9<\/li>\n<li>S\u00e9curit\u00e9<\/li>\n<li>Maintenabilit\u00e9<\/li>\n<\/ul>\n<p><img decoding=\"async\" src=\"https:\/\/www.hydraulic-cylinders.net\/wp-content\/uploads\/2025\/01\/songte-oil-pipes-and-spare-parts.webp\" alt=\"Image d&#039;\u00e9tanch\u00e9it\u00e9 et de lubrification\"><\/p>\n<h2>\u00c9tanch\u00e9it\u00e9 et lubrification<\/h2>\n<p>Pour garantir des performances optimales, le v\u00e9rin du godet utilise divers joints d'\u00e9tanch\u00e9it\u00e9, tels que des joints de piston et des joints de tige, fabriqu\u00e9s \u00e0 partir de mat\u00e9riaux r\u00e9sistants \u00e0 l'usure comme le polyur\u00e9thane et le caoutchouc nitrile. Le corps du v\u00e9rin et ses extr\u00e9mit\u00e9s filet\u00e9es b\u00e9n\u00e9ficient d'un traitement de pr\u00e9cision pour une meilleure r\u00e9sistance \u00e0 l'usure. Une lubrification r\u00e9guli\u00e8re avec la quantit\u00e9 appropri\u00e9e d'huile hydraulique est n\u00e9cessaire.<\/p>\n<h2>Inspection r\u00e9guli\u00e8re et maintenance pr\u00e9ventive<\/h2>\n<p>Pour assurer la long\u00e9vit\u00e9 du v\u00e9rin du godet, des inspections r\u00e9guli\u00e8res et des mesures de maintenance pr\u00e9ventive doivent \u00eatre mises en \u0153uvre, notamment\u00a0:<\/p>\n<ul>\n<li>V\u00e9rification des fuites<\/li>\n<li>Lubrification ad\u00e9quate<\/li>\n<li>remplacement des joints<\/li>\n<li>Contr\u00f4les d'\u00e9talonnage<\/li>\n<\/ul>\n<h2>Guide d'installation appropri\u00e9<\/h2>\n<p>Une installation correcte est essentielle au bon fonctionnement du v\u00e9rin de godet. Il est recommand\u00e9 d'aligner correctement le v\u00e9rin lors de l'installation et d'utiliser des supports de fixation appropri\u00e9s pour le maintenir en place.<\/p>\n<p><img decoding=\"async\" src=\"https:\/\/www.hydraulic-cylinders.net\/wp-content\/uploads\/2025\/01\/songte-chushion-collar.webp\" alt=\"Image du guide d&#039;installation\"><\/p>\n<h2>T\u00e2ches de maintenance<\/h2>\n<p>L'entretien courant des v\u00e9rins de godet comprend des inspections r\u00e9guli\u00e8res, une lubrification ad\u00e9quate, le remplacement des joints et des contr\u00f4les d'\u00e9talonnage. Il est essentiel de souligner l'importance d'une installation, d'une lubrification et d'un r\u00e9glage corrects. Il est recommand\u00e9 d'utiliser des supports de fixation appropri\u00e9s pour maintenir le v\u00e9rin en place et de suivre les proc\u00e9dures d'inspection, de r\u00e9paration et de remplacement recommand\u00e9es afin d'optimiser sa dur\u00e9e de vie.<\/p>\n<h2>Consid\u00e9rations de s\u00e9curit\u00e9 et facteurs environnementaux<\/h2>\n<p>Il ne faut pas n\u00e9gliger l'importance des mesures de s\u00e9curit\u00e9 lors de l'utilisation de v\u00e9rins de godet et la prise en compte des facteurs environnementaux.<\/p>\n<h2>Diagnostic des pannes et probl\u00e8mes courants<\/h2>\n<p>En cas de dysfonctionnement du v\u00e9rin de godet, un diagnostic pr\u00e9cis et une r\u00e9solution rapide sont essentiels. Nous proposons des conseils de d\u00e9pannage, des solutions et des mesures pr\u00e9ventives pour minimiser les risques de probl\u00e8mes.<\/p>\n<p><img decoding=\"async\" src=\"https:\/\/www.hydraulic-cylinders.net\/wp-content\/uploads\/2025\/01\/songte-bushings-with-all-kinds-of-excavator-models.webp\" alt=\"Image de diagnostic et de pr\u00e9vention des pannes\"><\/p>\n<p>N'oubliez pas d'organiser l'article de mani\u00e8re logique, d'utiliser des sous-titres pour faciliter la navigation, d'int\u00e9grer des images ou des graphiques pertinents pour am\u00e9liorer la compr\u00e9hension et de veiller \u00e0 un contenu clair et concis, adapt\u00e9 aux lecteurs ayant diff\u00e9rents niveaux de connaissances techniques.<\/p>\n<h2>\u00c0 propos de notre entreprise<\/h2>\n<p>Nous sommes un fabricant de v\u00e9rins hydrauliques de remplacement et proposons une large gamme de produits. Nous figurons parmi les principaux fabricants et distributeurs de v\u00e9rins hydrauliques sur les march\u00e9s nationaux et internationaux. Attach\u00e9s \u00e0 l'excellence, nous nous appuyons sur des strat\u00e9gies de gestion de production industrialis\u00e9es au sein de nos ateliers de fabrication de haute pr\u00e9cision. Gr\u00e2ce \u00e0 nos \u00e9quipes techniques comp\u00e9tentes, nos \u00e9quipements de fabrication num\u00e9rique de pointe et nos syst\u00e8mes de contr\u00f4le professionnels, nous am\u00e9liorons constamment notre plateforme de production, optimisons nos processus de fabrication pour garantir la qualit\u00e9 de nos produits et d\u00e9veloppons une forte capacit\u00e9 d'innovation. Nos principes d'efficacit\u00e9, de pr\u00e9cision et de qualit\u00e9 nous permettent de r\u00e9pondre aux exigences vari\u00e9es de nos clients.<\/p>\n<p><img decoding=\"async\" src=\"https:\/\/www.hydraulic-cylinders.net\/wp-content\/uploads\/2025\/01\/songte-company-3.webp\" alt=\"Image de l&#039;entreprise\"><\/p>","protected":false},"excerpt":{"rendered":"<p>Bucket Cylinder For Aotai AT180E-9 Introduction The bucket cylinder is a specially designed hydraulic cylinder used to control the movement of the bucket in heavy machinery such as excavators, backhoe loaders, and wheel loaders. Its main function is to enable the bucket to lift, lower, and tilt, making it easier for various material handling tasks. [&hellip;]<\/p>","protected":false},"featured_media":14785,"comment_status":"open","ping_status":"closed","template":"","meta":{"_et_pb_use_builder":"","_et_pb_old_content":"","_et_gb_content_width":""},"product_brand":[],"product_cat":[1494],"product_tag":[1495,1496],"class_list":{"0":"post-15915","1":"product","2":"type-product","3":"status-publish","4":"has-post-thumbnail","6":"product_cat-bucket-cylinders","7":"product_tag-bucket-cylinders","8":"product_tag-hydraulic-cylinders","10":"first","11":"instock","12":"shipping-taxable","13":"product-type-simple"},"amp_enabled":true,"_links":{"self":[{"href":"https:\/\/www.hydraulic-cylinders.net\/fr\/wp-json\/wp\/v2\/product\/15915","targetHints":{"allow":["GET"]}}],"collection":[{"href":"https:\/\/www.hydraulic-cylinders.net\/fr\/wp-json\/wp\/v2\/product"}],"about":[{"href":"https:\/\/www.hydraulic-cylinders.net\/fr\/wp-json\/wp\/v2\/types\/product"}],"replies":[{"embeddable":true,"href":"https:\/\/www.hydraulic-cylinders.net\/fr\/wp-json\/wp\/v2\/comments?post=15915"}],"wp:featuredmedia":[{"embeddable":true,"href":"https:\/\/www.hydraulic-cylinders.net\/fr\/wp-json\/wp\/v2\/media\/14785"}],"wp:attachment":[{"href":"https:\/\/www.hydraulic-cylinders.net\/fr\/wp-json\/wp\/v2\/media?parent=15915"}],"wp:term":[{"taxonomy":"product_brand","embeddable":true,"href":"https:\/\/www.hydraulic-cylinders.net\/fr\/wp-json\/wp\/v2\/product_brand?post=15915"},{"taxonomy":"product_cat","embeddable":true,"href":"https:\/\/www.hydraulic-cylinders.net\/fr\/wp-json\/wp\/v2\/product_cat?post=15915"},{"taxonomy":"product_tag","embeddable":true,"href":"https:\/\/www.hydraulic-cylinders.net\/fr\/wp-json\/wp\/v2\/product_tag?post=15915"}],"curies":[{"name":"wp","href":"https:\/\/api.w.org\/{rel}","templated":true}]}}