{"id":15916,"date":"2025-01-19T15:09:39","date_gmt":"2025-01-19T15:09:39","guid":{"rendered":"https:\/\/www.hydraulic-cylinders.net\/product\/bucket-cylinder-for-atlas-3306lc\/"},"modified":"2025-01-19T15:09:41","modified_gmt":"2025-01-19T15:09:41","slug":"bucket-cylinder-for-atlas-3306lc","status":"publish","type":"product","link":"https:\/\/www.hydraulic-cylinders.net\/fr\/produit\/bucket-cylinder-for-atlas-3306lc\/","title":{"rendered":"V\u00e9rin de godet pour Atlas 3306LC"},"content":{"rendered":"<h1>V\u00e9rin de godet pour Atlas 3306LC<\/h1>\n<h2>Introduction<\/h2>\n<p>The bucket cylinder, also known as a hydraulic cylinder, is a specialized type of cylinder primarily used for controlling the movement of the shovel in heavy machinery such as excavators, backhoe loaders, and front loaders. Its main function is to enable the shovel to lift, lower, and tilt, making it easy to carry out various material handling tasks. In the hydraulic system, the bucket cylinder precisely controls the shovel&#8217;s movement through changes in hydraulic oil pressure, allowing operators to efficiently handle heavy loads and adapt to complex working environments and diverse operational needs.<\/p>\n<p><img decoding=\"async\" src=\"https:\/\/www.hydraulic-cylinders.net\/wp-content\/uploads\/2025\/01\/songte-company-2.webp\"><\/p>\n<h2>Caract\u00e9ristiques<\/h2>\n<ul>\n<li>Haute r\u00e9sistance et durabilit\u00e9\u00a0: g\u00e9n\u00e9ralement fabriqu\u00e9 en acier ou en aluminium haute r\u00e9sistance, le v\u00e9rin du godet supporte les hautes pressions et les charges importantes, ce qui le rend adapt\u00e9 aux environnements de travail difficiles. Sa conception prend en compte la r\u00e9sistance \u00e0 l\u2019usure et \u00e0 la corrosion afin d\u2019en prolonger la dur\u00e9e de vie.<\/li>\n<li>Fonctionnement hydraulique efficace\u00a0: gr\u00e2ce \u00e0 la pression de l\u2019huile hydraulique permettant une expansion et une contraction en douceur, le v\u00e9rin du godet peut r\u00e9pondre rapidement aux commandes et fournir une force de pouss\u00e9e et de traction puissante, adapt\u00e9e \u00e0 la manutention de charges lourdes et aux t\u00e2ches complexes.<\/li>\n<li>Diff\u00e9rents types de v\u00e9rins\u00a0: des v\u00e9rins simple effet (utilisant la pression hydraulique dans un seul sens) ou double effet (utilisant la pression hydraulique dans les deux sens) peuvent \u00eatre s\u00e9lectionn\u00e9s en fonction des besoins pour r\u00e9pondre \u00e0 diff\u00e9rentes applications. Certains mod\u00e8les sont t\u00e9lescopiques, permettant une plus grande extension sans augmenter les dimensions ext\u00e9rieures, ce qui les rend adapt\u00e9s aux applications o\u00f9 l\u2019espace est limit\u00e9.<\/li>\n<li>Remplacement facile : Notre produit peut parfaitement remplacer ces v\u00e9rins hydrauliques.<\/li>\n<\/ul>\n<p><img decoding=\"async\" src=\"https:\/\/www.hydraulic-cylinders.net\/wp-content\/uploads\/2025\/01\/songte-cylinder-head-with-all-kinds-excavator-models.webp\"><\/p>\n<h2>Applications<\/h2>\n<ul>\n<li>Mat\u00e9riel de construction\u00a0: Sur les excavatrices, les v\u00e9rins sont essentiels pour creuser, charger et d\u00e9placer la terre ou les d\u00e9bris. Sur les chargeuses-pelleteuses, le v\u00e9rin du godet contribue \u00e0 la fois au creusement et au levage. <\/li>\n<li>Machines agricoles : Utilis\u00e9es pour les chargeuses frontales, pour ramasser, soulever et transporter la terre, le foin et autres mat\u00e9riaux. <\/li>\n<li>Excavatrices : Le v\u00e9rin du godet assure l'excavation en permettant au godet de p\u00e9n\u00e9trer dans le sol. <\/li>\n<li>Chargeuses : Sur les chargeuses frontales, elles permettent de soulever et de basculer efficacement les marchandises.<\/li>\n<\/ul>\n<p>Ces applications sont d\u00e9crites en d\u00e9tail ci-dessous\u00a0:<\/p>\n<h3>\u00c9quipement de construction<\/h3>\n<p>In excavators, bucket cylinders are necessary for digging, loading, and moving soil or debris. It helps to improve the efficiency of excavation work by increasing the power and flexibility of the shovel. In the case of backhoe loaders, the bucket cylinder is critical for both digging and lifting. It contributes to the machine&#8217;s maneuverability and versatility, making it easier to work with in different environments.<\/p>\n<h3>machines agricoles<\/h3>\n<p>Les v\u00e9rins de godet sont utiles sur les chargeuses frontales pour ramasser, soulever et transporter la terre, le foin et autres mat\u00e9riaux. Ils sont utilis\u00e9s dans les machines agricoles pour aider les agriculteurs \u00e0 travailler plus rapidement et plus efficacement. <\/p>\n<h3>Excavateurs<\/h3>\n<p>Le v\u00e9rin du godet est un \u00e9l\u00e9ment essentiel d'une excavatrice. Il permet au godet de p\u00e9n\u00e9trer dans le sol et facilite le chargement, le levage et le transport des mat\u00e9riaux. <\/p>\n<h3>Chargeurs<\/h3>\n<p>Sur les chargeuses frontales, les v\u00e9rins du godet servent \u00e0 lever et \u00e0 basculer efficacement les marchandises. Ils permettent \u00e0 la chargeuse de manipuler des charges lourdes avec aisance et pr\u00e9cision.<\/p>\n<p><img decoding=\"async\" src=\"https:\/\/www.hydraulic-cylinders.net\/wp-content\/uploads\/2025\/01\/songte-bushings-with-all-kinds-of-excavator-models.webp\"><\/p>\n<h2>Consid\u00e9rations de conception et crit\u00e8res de s\u00e9lection<\/h2>\n<ul>\n<li>Capacit\u00e9 de charge : Le v\u00e9rin du godet doit pouvoir supporter le poids de la machine et de sa charge.<\/li>\n<li>\u00c9tanch\u00e9it\u00e9 : Le joint de piston, le joint de tige et les autres \u00e9l\u00e9ments d'\u00e9tanch\u00e9it\u00e9 doivent \u00eatre con\u00e7us pour emp\u00eacher les fuites et assurer un bon fonctionnement.<\/li>\n<li>Durabilit\u00e9 : Le cylindre doit \u00eatre fabriqu\u00e9 \u00e0 partir de mat\u00e9riaux de haute qualit\u00e9 pour r\u00e9sister aux conditions de fonctionnement difficiles des machines lourdes.<\/li>\n<li>S\u00e9curit\u00e9 : Le v\u00e9rin du godet doit \u00eatre con\u00e7u et install\u00e9 de mani\u00e8re \u00e0 ne pr\u00e9senter aucun risque pour l'op\u00e9rateur ou les personnes se trouvant \u00e0 proximit\u00e9.<\/li>\n<li>Facilit\u00e9 d'entretien\u00a0: Le cylindre doit \u00eatre facile \u00e0 entretenir et \u00e0 r\u00e9parer afin de minimiser les temps d'arr\u00eat et de r\u00e9duire les co\u00fbts.<\/li>\n<\/ul>\n<p><img decoding=\"async\" src=\"https:\/\/www.hydraulic-cylinders.net\/wp-content\/uploads\/2025\/01\/songte-oil-pipes-and-spare-parts.webp\"><\/p>\n<h2>\u00c9tanch\u00e9it\u00e9 et lubrification<\/h2>\n<p>Le v\u00e9rin du godet utilise divers composants d'\u00e9tanch\u00e9it\u00e9, tels que des joints de piston, des joints de tige et d'autres \u00e9l\u00e9ments d'\u00e9tanch\u00e9it\u00e9, afin de pr\u00e9venir les fuites et d'assurer un fonctionnement optimal. Ces joints sont fabriqu\u00e9s \u00e0 partir de mat\u00e9riaux r\u00e9sistants \u00e0 l'usure, comme le polyur\u00e9thane et le caoutchouc nitrile. Une lubrification ad\u00e9quate du v\u00e9rin est essentielle \u00e0 son bon fonctionnement\u00a0; il convient donc d'utiliser une huile hydraulique appropri\u00e9e.<\/p>\n<h2>Entretien et r\u00e9paration<\/h2>\n<p>Un contr\u00f4le r\u00e9gulier et des mesures d'entretien pr\u00e9ventif sont essentiels au bon fonctionnement du v\u00e9rin de godet. Les op\u00e9rations d'entretien courantes comprennent la lubrification, le remplacement des joints et le contr\u00f4le de l'\u00e9talonnage. Une installation, une lubrification et un r\u00e9glage corrects sont indispensables. Un alignement pr\u00e9cis du v\u00e9rin et l'utilisation de supports de fixation appropri\u00e9s permettent d'\u00e9viter les dommages caus\u00e9s par un mauvais alignement. Nous recommandons \u00e9galement de suivre les proc\u00e9dures d'inspection, de r\u00e9paration et de remplacement pr\u00e9conis\u00e9es afin de prolonger la dur\u00e9e de vie du v\u00e9rin.<\/p>\n<p><img decoding=\"async\" src=\"https:\/\/www.hydraulic-cylinders.net\/wp-content\/uploads\/2025\/01\/songte-chushion-collar.webp\"><\/p>\n<h2>Consid\u00e9rations de s\u00e9curit\u00e9 et facteurs environnementaux<\/h2>\n<p>Lors de l'utilisation de v\u00e9rins pour godets, il convient de toujours respecter les mesures de s\u00e9curit\u00e9, notamment le port d'\u00e9quipements de protection individuelle adapt\u00e9s, le respect des proc\u00e9dures d'utilisation s\u00fbres et une formation ad\u00e9quate. Les consid\u00e9rations environnementales, telles que les d\u00e9versements et les fuites d'hydrocarbures, doivent \u00e9galement \u00eatre prises en compte afin de pr\u00e9venir la pollution et les dommages caus\u00e9s \u00e0 l'\u00e9cosyst\u00e8me.<\/p>\n<h2>D\u00e9pannage et probl\u00e8mes courants<\/h2>\n<ul>\n<li>Fuite du cylindre<\/li>\n<li>Difficulty in controlling the shovel&#8217;s movement<\/li>\n<li>Incapacit\u00e9 \u00e0 soulever des charges lourdes<\/li>\n<\/ul>\n<p>En cas de probl\u00e8me, il est important d'\u00e9tablir un diagnostic et de le r\u00e9soudre rapidement. Les solutions courantes consistent \u00e0 v\u00e9rifier l'absence de fuites et l'\u00e9tat des joints, \u00e0 contr\u00f4ler le niveau d'huile hydraulique et \u00e0 inspecter le v\u00e9rin pour d\u00e9tecter d'\u00e9ventuels dommages. Des mesures pr\u00e9ventives, telles qu'un entretien et des inspections r\u00e9guliers, permettent de minimiser ces probl\u00e8mes.<\/p>\n<p><img decoding=\"async\" src=\"https:\/\/hzpt.com\/wp-content\/uploads\/2024\/11\/songte-company-1.webp\"><\/p>\n<h2>\u00c0 propos de notre entreprise<\/h2>\n<p>Nous sommes un fabricant de v\u00e9rins hydrauliques de remplacement offrant une gamme compl\u00e8te de produits. Comptant parmi les principaux fabricants et distributeurs de v\u00e9rins hydrauliques sur les march\u00e9s nationaux et internationaux, nous privil\u00e9gions l'excellence et nous appuyons sur une strat\u00e9gie de gestion de la production industrielle rigoureuse au sein d'un atelier de fabrication performant. Notre entreprise am\u00e9liore constamment sa plateforme de production, en mobilisant des talents techniques, des \u00e9quipements de fabrication num\u00e9riques de pointe et des syst\u00e8mes de contr\u00f4le professionnels afin de garantir un processus de production de qualit\u00e9 optimale. Notre forte capacit\u00e9 d'innovation nous permet de r\u00e9pondre aux besoins vari\u00e9s de nos clients avec efficacit\u00e9, pr\u00e9cision et une qualit\u00e9 irr\u00e9prochable.<\/p>\n<p>Notre entreprise est \u00e9galement connue pour :<\/p>\n<ul>\n<li>Professionnalisme<\/li>\n<li>Certifications internationales<\/li>\n<li>Services de personnalisation<\/li>\n<li>\u00e9quipement de production avanc\u00e9<\/li>\n<li>Service apr\u00e8s-vente<\/li>\n<\/ul>\n<p><img decoding=\"async\" src=\"https:\/\/www.hydraulic-cylinders.net\/wp-content\/uploads\/2025\/01\/songte-company-3.webp\"><\/p>\n<p>Auteur : lyl<\/p>","protected":false},"excerpt":{"rendered":"<p>Bucket Cylinder For Atlas 3306LC Introduction The bucket cylinder, also known as a hydraulic cylinder, is a specialized type of cylinder primarily used for controlling the movement of the shovel in heavy machinery such as excavators, backhoe loaders, and front loaders. Its main function is to enable the shovel to lift, lower, and tilt, making [&hellip;]<\/p>","protected":false},"featured_media":14784,"comment_status":"open","ping_status":"closed","template":"","meta":{"_et_pb_use_builder":"","_et_pb_old_content":"","_et_gb_content_width":""},"product_brand":[],"product_cat":[1494],"product_tag":[1495,1496],"class_list":{"0":"post-15916","1":"product","2":"type-product","3":"status-publish","4":"has-post-thumbnail","6":"product_cat-bucket-cylinders","7":"product_tag-bucket-cylinders","8":"product_tag-hydraulic-cylinders","10":"first","11":"instock","12":"shipping-taxable","13":"product-type-simple"},"amp_enabled":true,"_links":{"self":[{"href":"https:\/\/www.hydraulic-cylinders.net\/fr\/wp-json\/wp\/v2\/product\/15916","targetHints":{"allow":["GET"]}}],"collection":[{"href":"https:\/\/www.hydraulic-cylinders.net\/fr\/wp-json\/wp\/v2\/product"}],"about":[{"href":"https:\/\/www.hydraulic-cylinders.net\/fr\/wp-json\/wp\/v2\/types\/product"}],"replies":[{"embeddable":true,"href":"https:\/\/www.hydraulic-cylinders.net\/fr\/wp-json\/wp\/v2\/comments?post=15916"}],"wp:featuredmedia":[{"embeddable":true,"href":"https:\/\/www.hydraulic-cylinders.net\/fr\/wp-json\/wp\/v2\/media\/14784"}],"wp:attachment":[{"href":"https:\/\/www.hydraulic-cylinders.net\/fr\/wp-json\/wp\/v2\/media?parent=15916"}],"wp:term":[{"taxonomy":"product_brand","embeddable":true,"href":"https:\/\/www.hydraulic-cylinders.net\/fr\/wp-json\/wp\/v2\/product_brand?post=15916"},{"taxonomy":"product_cat","embeddable":true,"href":"https:\/\/www.hydraulic-cylinders.net\/fr\/wp-json\/wp\/v2\/product_cat?post=15916"},{"taxonomy":"product_tag","embeddable":true,"href":"https:\/\/www.hydraulic-cylinders.net\/fr\/wp-json\/wp\/v2\/product_tag?post=15916"}],"curies":[{"name":"wp","href":"https:\/\/api.w.org\/{rel}","templated":true}]}}