{"id":15937,"date":"2025-01-19T15:11:26","date_gmt":"2025-01-19T15:11:26","guid":{"rendered":"https:\/\/www.hydraulic-cylinders.net\/product\/bucket-cylinder-for-bonny-ctd460-6\/"},"modified":"2025-01-19T15:11:28","modified_gmt":"2025-01-19T15:11:28","slug":"bucket-cylinder-for-bonny-ctd460-6","status":"publish","type":"product","link":"https:\/\/www.hydraulic-cylinders.net\/fr\/produit\/bucket-cylinder-for-bonny-ctd460-6\/","title":{"rendered":"Cylindre de godet pour Bonny CTD460-6"},"content":{"rendered":"<h1>Cylindre de godet pour Bonny CTD460-6<\/h1>\n<h2>Introduction<\/h2>\n<p>Un v\u00e9rin de godet est un v\u00e9rin hydraulique sp\u00e9cialement con\u00e7u pour commander les mouvements des godets sur les engins de chantier tels que les pelles hydrauliques, les tractopelles et les chargeuses frontales. Sa fonction principale est de permettre au godet de se lever, de s'abaisser et de s'incliner, facilitant ainsi la manutention de divers mat\u00e9riaux.<\/p>\n<p><img decoding=\"async\" src=\"https:\/\/www.hydraulic-cylinders.net\/wp-content\/uploads\/2025\/01\/songte-company-2.webp\"><\/p>\n<h3>D\u00e9finition et explication<\/h3>\n<p>Dans un syst\u00e8me hydraulique, le v\u00e9rin d'un godet utilise les variations de pression d'huile hydraulique pour assurer un contr\u00f4le pr\u00e9cis du godet, permettant ainsi aux op\u00e9rateurs de manipuler efficacement des charges lourdes et de s'adapter \u00e0 des environnements de travail complexes et \u00e0 des exigences de travail diverses.<\/p>\n<h2>Caract\u00e9ristiques<\/h2>\n<ul>\n<li>\n<h3>Haute r\u00e9sistance et durabilit\u00e9<\/h3>\n<\/li>\n<p>Les v\u00e9rins de godet sont g\u00e9n\u00e9ralement fabriqu\u00e9s en acier haute r\u00e9sistance ou en aluminium et peuvent supporter des pressions et des charges \u00e9lev\u00e9es, ce qui les rend adapt\u00e9s aux environnements de travail difficiles. Leur conception prend en compte la r\u00e9sistance \u00e0 l'usure et \u00e0 la corrosion, prolongeant ainsi leur dur\u00e9e de vie.<\/p>\n<li>\n<h3>Fonctionnement hydraulique efficace<\/h3>\n<\/li>\n<p>Les v\u00e9rins de godet utilisent la pression de l'huile hydraulique pour assurer une extension et une contraction fluides, g\u00e9n\u00e9rant ainsi des forces de pouss\u00e9e et de traction importantes et une r\u00e9ponse rapide aux commandes. Ils sont adapt\u00e9s \u00e0 la manutention de charges lourdes et aux t\u00e2ches complexes.<\/p>\n<li>\n<h3>Divers types<\/h3>\n<\/li>\n<p>Le choix des v\u00e9rins de godet d\u00e9pend des besoins\u00a0: v\u00e9rins simple effet (actionnement hydraulique dans un seul sens) ou double effet (actionnement hydraulique dans les deux sens) permettent de r\u00e9pondre \u00e0 diff\u00e9rentes exigences op\u00e9rationnelles. Certains mod\u00e8les sont t\u00e9lescopiques, offrant une plus grande extension sans augmentation des dimensions ext\u00e9rieures, ce qui les rend particuli\u00e8rement adapt\u00e9s aux applications en espaces restreints.<\/p>\n<li>\n<h3>Remplacement parfait<\/h3>\n<\/li>\n<p>Nos produits peuvent parfaitement remplacer ces v\u00e9rins hydrauliques.<\/p>\n<\/ul>\n<p><img decoding=\"async\" src=\"https:\/\/www.hydraulic-cylinders.net\/wp-content\/uploads\/2025\/01\/songte-cylinder-head-with-all-kinds-excavator-models.webp\"><\/p>\n<h2>Applications<\/h2>\n<ul>\n<li>\n<h3>\u00c9quipement de construction<\/h3>\n<\/li>\n<p>Sur les excavatrices, les v\u00e9rins de godet sont indispensables pour l'excavation, le chargement et le d\u00e9placement de terre ou de d\u00e9bris. Sur les pelles r\u00e9trocaveuses, ils servent \u00e0 la fois \u00e0 l'excavation et au levage. Enfin, sur les chargeuses frontales, les v\u00e9rins de godet permettent de ramasser, de soulever et de transporter de la terre, du foin et d'autres mat\u00e9riaux.<\/p>\n<li>\n<h3>Excavateurs<\/h3>\n<\/li>\n<p>Les v\u00e9rins de godet des excavatrices permettent au godet de p\u00e9n\u00e9trer dans le sol pour l'excavation.<\/p>\n<li>\n<h3>Chargeurs<\/h3>\n<\/li>\n<p>Les v\u00e9rins de godet des chargeuses frontales permettent de lever et de d\u00e9charger efficacement les marchandises.<\/p>\n<\/ul>\n<h2>Consid\u00e9rations de conception et crit\u00e8res de s\u00e9lection<\/h2>\n<p>Les v\u00e9rins de godet sont soumis \u00e0 diverses consid\u00e9rations de conception et \u00e0 divers crit\u00e8res de s\u00e9lection. Ceux-ci comprennent\u00a0:<\/p>\n<ul>\n<li>\n<h3>Capacit\u00e9 de charge<\/h3>\n<\/li>\n<p>La capacit\u00e9 de charge est un facteur essentiel dans la conception des v\u00e9rins de godet. Un v\u00e9rin doit pouvoir supporter les charges auxquelles il sera soumis en fonctionnement.<\/p>\n<li>\n<h3>Scellage<\/h3>\n<\/li>\n<p>Divers composants d'\u00e9tanch\u00e9it\u00e9, notamment les joints de piston et les joints de tige, sont utilis\u00e9s pour emp\u00eacher les fuites de fluide du cylindre. Ces joints sont g\u00e9n\u00e9ralement fabriqu\u00e9s \u00e0 partir de mat\u00e9riaux r\u00e9sistants \u00e0 l'usure tels que le polyur\u00e9thane et le caoutchouc nitrile.<\/p>\n<li>\n<h3>Durabilit\u00e9<\/h3>\n<\/li>\n<p>Les v\u00e9rins de godet doivent \u00eatre suffisamment robustes pour r\u00e9sister aux conditions difficiles de leur environnement d'utilisation. Le corps du v\u00e9rin et les surfaces d'extr\u00e9mit\u00e9 filet\u00e9es doivent \u00eatre optimis\u00e9s pour une meilleure r\u00e9sistance \u00e0 l'usure.<\/p>\n<li>\n<h3>S\u00e9curit\u00e9<\/h3>\n<\/li>\n<p>La s\u00e9curit\u00e9 est primordiale lors de la manipulation de syst\u00e8mes hydrauliques. Une installation et un entretien corrects contribuent \u00e0 pr\u00e9venir les accidents.<\/p>\n<li>\n<h3>Entretien<\/h3>\n<\/li>\n<p>Un entretien r\u00e9gulier est essentiel pour garantir la long\u00e9vit\u00e9 et la s\u00e9curit\u00e9 des v\u00e9rins de godet. Les t\u00e2ches d'entretien courantes comprennent l'inspection et le remplacement des joints, la v\u00e9rification de l'\u00e9tanch\u00e9it\u00e9 et le calibrage du v\u00e9rin.<\/p>\n<\/ul>\n<p><img decoding=\"async\" src=\"https:\/\/www.hydraulic-cylinders.net\/wp-content\/uploads\/2025\/01\/songte-oil-pipes-and-spare-parts.webp\"><\/p>\n<h2>\u00c9tanch\u00e9it\u00e9 et lubrification<\/h2>\n<p>Les v\u00e9rins de godet utilisent divers composants d'\u00e9tanch\u00e9it\u00e9, notamment des joints de piston et des joints de tige, pour pr\u00e9venir les fuites de fluide. Ces joints sont g\u00e9n\u00e9ralement fabriqu\u00e9s dans des mat\u00e9riaux r\u00e9sistants \u00e0 l'usure tels que le polyur\u00e9thane et le caoutchouc nitrile. Le corps du v\u00e9rin et les surfaces filet\u00e9es sont usin\u00e9s pour une meilleure r\u00e9sistance \u00e0 l'usure. Un appoint r\u00e9gulier d'huile hydraulique est essentiel pour assurer la lubrification et le bon fonctionnement des v\u00e9rins de godet.<\/p>\n<h2>Mesures d'inspection et de maintenance pr\u00e9ventive<\/h2>\n<p>L'inspection r\u00e9guli\u00e8re et les mesures d'entretien pr\u00e9ventif permettent de garantir le bon fonctionnement et la s\u00e9curit\u00e9 des v\u00e9rins de godet. Les t\u00e2ches d'entretien comprennent\u00a0:<\/p>\n<ul>\n<li>\n<h3>Installation correcte<\/h3>\n<\/li>\n<p>Une installation correcte est essentielle pour garantir le fonctionnement s\u00fbr et efficace des v\u00e9rins de godet. Un alignement correct du v\u00e9rin, l'utilisation de supports de fixation appropri\u00e9s et le respect des proc\u00e9dures d'inspection, de r\u00e9paration et de remplacement recommand\u00e9es permettent d'allonger sa dur\u00e9e de vie.<\/p>\n<li>\n<h3>Lubrification<\/h3>\n<\/li>\n<p>Une lubrification r\u00e9guli\u00e8re est essentielle au bon fonctionnement des v\u00e9rins du godet. L'ajout de la quantit\u00e9 appropri\u00e9e d'huile hydraulique aux intervalles recommand\u00e9s permet de lubrifier les joints et de r\u00e9duire les frottements.<\/p>\n<li>\n<h3>Remplacement des joints et v\u00e9rification de l'\u00e9talonnage<\/h3>\n<\/li>\n<p>L'inspection et le remplacement r\u00e9guliers des joints us\u00e9s permettent de pr\u00e9venir les fuites de fluide. Les contr\u00f4les d'\u00e9talonnage garantissent que les performances du v\u00e9rin sont conformes aux normes sp\u00e9cifi\u00e9es.<\/p>\n<\/ul>\n<p><img decoding=\"async\" src=\"https:\/\/www.hydraulic-cylinders.net\/wp-content\/uploads\/2025\/01\/songte-chushion-collar.webp\"><\/p>\n<h2>Consid\u00e9rations de s\u00e9curit\u00e9 et facteurs environnementaux<\/h2>\n<p>Les v\u00e9rins de godet fonctionnent sous haute pression\u00a0; le respect des mesures de s\u00e9curit\u00e9 est donc essentiel. Les travailleurs doivent porter un \u00e9quipement de protection individuelle adapt\u00e9 et suivre les consignes de s\u00e9curit\u00e9 recommand\u00e9es lors de toute intervention sur les syst\u00e8mes hydrauliques. La protection de l\u2019environnement passe notamment par l\u2019\u00e9limination correcte du fluide hydraulique et des autres mati\u00e8res dangereuses.<\/p>\n<h2>D\u00e9pannage et probl\u00e8mes courants<\/h2>\n<p>Les probl\u00e8mes courants des v\u00e9rins de godet incluent les fuites de fluide, un fonctionnement insuffisant et un mauvais alignement. Pour les r\u00e9soudre, il est conseill\u00e9 de v\u00e9rifier l'absence de fuites, l'\u00e9tat des joints et le bon alignement. La pr\u00e9vention repose sur une installation correcte, une inspection r\u00e9guli\u00e8re et un entretien appropri\u00e9.<\/p>\n<p><img decoding=\"async\" src=\"https:\/\/www.hydraulic-cylinders.net\/wp-content\/uploads\/2025\/01\/songte-bushings-with-all-kinds-of-excavator-models.webp\"><\/p>\n<h2>\u00c0 propos de notre entreprise<\/h2>\n<p>We are a manufacturer of hydraulic cylinder replacements with a complete range of products and have become one of the leading manufacturers and wholesale distributors of hydraulic cylinders on the domestic and international markets. We follow the principle of excellent quality and rely on industrialized production management strategies in refined manufacturing workshops. We continuously improve our manufacturing platforms through the use of technological talent, digital high-end manufacturing equipment, and professional testing systems, enabling us to produce high-quality products with high efficiency, high precision, and high quality to meet customers&#8217; diverse needs.<\/p>\n<ul>\n<li>\n<h3>Professionnalisme<\/h3>\n<\/li>\n<p>We have a team of experienced professionals dedicated to providing the best solutions to our customers&#8217; needs.<\/p>\n<li>\n<h3>Certification internationale<\/h3>\n<\/li>\n<p>Nos produits sont certifi\u00e9s conformes aux normes internationales de qualit\u00e9 et de s\u00e9curit\u00e9.<\/p>\n<li>\n<h3>Services de personnalisation<\/h3>\n<\/li>\n<p>Nous proposons des solutions de v\u00e9rins hydrauliques sur mesure, adapt\u00e9es aux besoins sp\u00e9cifiques de nos clients.<\/p>\n<li>\n<h3>\u00c9quipement de production<\/h3>\n<\/li>\n<p>Nous utilisons des \u00e9quipements de fabrication haut de gamme pour produire des v\u00e9rins hydrauliques de haute qualit\u00e9.<\/p>\n<li>\n<h3>Services apr\u00e8s-vente<\/h3>\n<\/li>\n<p>Nous assurons un service apr\u00e8s-vente \u00e0 tous nos clients tout au long du cycle de vie de nos produits.<\/p>\n<\/ul>\n<p><img decoding=\"async\" src=\"https:\/\/hzpt.com\/wp-content\/uploads\/2024\/11\/songte-company-1.webp\"><\/p>\n<p>Auteur : lyl<\/p>","protected":false},"excerpt":{"rendered":"<p>Bucket Cylinder For Bonny CTD460-6 Introduction A bucket cylinder is a specially designed hydraulic cylinder used primarily to control the movement of buckets in heavy machinery such as excavators, backhoes, and front loaders. Its main function is to enable the bucket to lift, lower, and tilt, making it easier to handle various materials. Definition and [&hellip;]<\/p>","protected":false},"featured_media":14771,"comment_status":"open","ping_status":"closed","template":"","meta":{"_et_pb_use_builder":"","_et_pb_old_content":"","_et_gb_content_width":""},"product_brand":[],"product_cat":[1494],"product_tag":[1495,1496],"class_list":{"0":"post-15937","1":"product","2":"type-product","3":"status-publish","4":"has-post-thumbnail","6":"product_cat-bucket-cylinders","7":"product_tag-bucket-cylinders","8":"product_tag-hydraulic-cylinders","10":"first","11":"instock","12":"shipping-taxable","13":"product-type-simple"},"amp_enabled":true,"_links":{"self":[{"href":"https:\/\/www.hydraulic-cylinders.net\/fr\/wp-json\/wp\/v2\/product\/15937","targetHints":{"allow":["GET"]}}],"collection":[{"href":"https:\/\/www.hydraulic-cylinders.net\/fr\/wp-json\/wp\/v2\/product"}],"about":[{"href":"https:\/\/www.hydraulic-cylinders.net\/fr\/wp-json\/wp\/v2\/types\/product"}],"replies":[{"embeddable":true,"href":"https:\/\/www.hydraulic-cylinders.net\/fr\/wp-json\/wp\/v2\/comments?post=15937"}],"wp:featuredmedia":[{"embeddable":true,"href":"https:\/\/www.hydraulic-cylinders.net\/fr\/wp-json\/wp\/v2\/media\/14771"}],"wp:attachment":[{"href":"https:\/\/www.hydraulic-cylinders.net\/fr\/wp-json\/wp\/v2\/media?parent=15937"}],"wp:term":[{"taxonomy":"product_brand","embeddable":true,"href":"https:\/\/www.hydraulic-cylinders.net\/fr\/wp-json\/wp\/v2\/product_brand?post=15937"},{"taxonomy":"product_cat","embeddable":true,"href":"https:\/\/www.hydraulic-cylinders.net\/fr\/wp-json\/wp\/v2\/product_cat?post=15937"},{"taxonomy":"product_tag","embeddable":true,"href":"https:\/\/www.hydraulic-cylinders.net\/fr\/wp-json\/wp\/v2\/product_tag?post=15937"}],"curies":[{"name":"wp","href":"https:\/\/api.w.org\/{rel}","templated":true}]}}