{"id":15950,"date":"2025-01-19T15:12:27","date_gmt":"2025-01-19T15:12:27","guid":{"rendered":"https:\/\/www.hydraulic-cylinders.net\/product\/bucket-cylinder-for-bada-wys40\/"},"modified":"2025-01-19T15:12:29","modified_gmt":"2025-01-19T15:12:29","slug":"bucket-cylinder-for-bada-wys40","status":"publish","type":"product","link":"https:\/\/www.hydraulic-cylinders.net\/fr\/produit\/bucket-cylinder-for-bada-wys40\/","title":{"rendered":"Cylindre de godet pour Bada WYS40"},"content":{"rendered":"<h1>Cylindre de godet pour Bada WYS40<\/h1>\n<h2>Introduction<\/h2>\n<p>Le v\u00e9rin de godet est un v\u00e9rin hydraulique sp\u00e9cialis\u00e9 con\u00e7u pour contr\u00f4ler les mouvements du godet sur les engins de chantier tels que les pelles hydrauliques, les pelles r\u00e9tro et les chargeuses frontales. Sa fonction principale est de permettre la lev\u00e9e, l'abaissement et l'inclinaison du godet, facilitant ainsi la manutention de divers mat\u00e9riaux. Dans le syst\u00e8me hydraulique, le v\u00e9rin de godet utilise la variation de pression de l'huile hydraulique pour contr\u00f4ler pr\u00e9cis\u00e9ment le godet, permettant aux op\u00e9rateurs de manipuler efficacement des charges lourdes et de s'adapter \u00e0 des environnements de travail complexes et \u00e0 des exigences vari\u00e9es.<\/p>\n<p><img decoding=\"async\" src=\"https:\/\/www.hydraulic-cylinders.net\/wp-content\/uploads\/2025\/01\/songte-company-2.webp\" alt=\"Image du cylindre du godet\"><\/p>\n<h2>Caract\u00e9ristiques<\/h2>\n<ul>\n<li>Haute r\u00e9sistance et durabilit\u00e9 : g\u00e9n\u00e9ralement fabriqu\u00e9 en acier ou en aluminium \u00e0 haute r\u00e9sistance, il peut supporter une pression \u00e9lev\u00e9e et des charges importantes, s'adapter aux environnements de travail difficiles et est con\u00e7u pour r\u00e9sister \u00e0 l'usure et \u00e0 la corrosion afin de prolonger sa dur\u00e9e de vie.<\/li>\n<li>Fonctionnement hydraulique efficace\u00a0: utilisant la pression de l\u2019huile hydraulique pour obtenir une expansion et une contraction en douceur, il peut r\u00e9pondre rapidement aux commandes, fournir des forces de pouss\u00e9e et de traction puissantes et convient \u00e0 la manutention de charges lourdes et \u00e0 des t\u00e2ches complexes.<\/li>\n<li>Diff\u00e9rents types de v\u00e9rins : \u00e0 simple effet (actionnement hydraulique unidirectionnel) ou \u00e0 double effet (actionnement hydraulique bidirectionnel), le choix du v\u00e9rin s'adapte aux besoins et aux exigences de fonctionnement. Certains mod\u00e8les sont t\u00e9lescopiques, offrant une plus grande extension sans augmentation de l'encombrement, et conviennent aux applications en espace restreint.<\/li>\n<li>Peut \u00eatre utilis\u00e9 en remplacement d'autres v\u00e9rins hydrauliques.<\/li>\n<li>Facile \u00e0 installer et \u00e0 entretenir.<\/li>\n<\/ul>\n<p><img decoding=\"async\" src=\"https:\/\/www.hydraulic-cylinders.net\/wp-content\/uploads\/2025\/01\/songte-cylinder-head-with-all-kinds-excavator-models.webp\" alt=\"Image du cylindre du godet\"><\/p>\n<h2>Applications<\/h2>\n<p>Le v\u00e9rin \u00e0 godet est largement utilis\u00e9 dans diverses machines lourdes, notamment\u00a0:<\/p>\n<ul>\n<li>Mat\u00e9riel de construction\u00a0: Sur les excavatrices, les v\u00e9rins sont indispensables pour l\u2019excavation, le chargement et le d\u00e9placement de terre ou de d\u00e9bris. Sur les pelles r\u00e9tro, le v\u00e9rin du godet contribue \u00e0 la fois \u00e0 l\u2019excavation et au levage. <\/li>\n<li>Machines agricoles : Utilis\u00e9es dans les chargeuses frontales pour ramasser, soulever et transporter la terre, le foin et autres mat\u00e9riaux. <\/li>\n<li>Excavatrices : Les v\u00e9rins des godets permettent l'excavation en permettant aux godets de p\u00e9n\u00e9trer dans le sol. <\/li>\n<li>Chargeuses : Sur les chargeuses frontales, elles permettent de lever et de d\u00e9charger efficacement les marchandises.<\/li>\n<\/ul>\n<p>Chaque application du cylindre est d\u00e9crite en d\u00e9tail ci-dessous\u00a0:<\/p>\n<h3>\u00c9quipement de construction<\/h3>\n<p>Les v\u00e9rins de godet jouent un r\u00f4le crucial dans les excavatrices, car ils permettent de creuser, de ramasser et de d\u00e9placer la terre et les d\u00e9bris. Ils permettent aux excavatrices de travailler efficacement et de g\u00e9rer m\u00eame les excavations les plus complexes. Les pelles r\u00e9tro utilisent \u00e9galement des v\u00e9rins de godet pour faciliter l'excavation et le levage. Sur ces machines, le v\u00e9rin est essentiel pour contr\u00f4ler le mouvement et la position du godet, permettant ainsi aux op\u00e9rateurs d'obtenir des r\u00e9sultats pr\u00e9cis.<\/p>\n<h3>machines agricoles<\/h3>\n<p>Les v\u00e9rins de godet sont utilis\u00e9s sur les chargeuses frontales pour ramasser, soulever et transporter de la terre, du foin et d'autres mat\u00e9riaux. Le v\u00e9rin permet \u00e0 la chargeuse d'effectuer ces t\u00e2ches efficacement et avec une grande pr\u00e9cision. En contr\u00f4lant la position et le mouvement du godet, le v\u00e9rin permet \u00e0 la chargeuse de soulever et de transporter m\u00eame les charges les plus lourdes.<\/p>\n<h3>Excavateurs<\/h3>\n<p>Sur les excavatrices, le v\u00e9rin du godet permet \u00e0 ce dernier de p\u00e9n\u00e9trer dans le sol pour r\u00e9aliser les travaux d'excavation. Ce v\u00e9rin contr\u00f4le le mouvement et la position du godet, permettant ainsi aux op\u00e9rateurs d'obtenir des r\u00e9sultats pr\u00e9cis. Les excavatrices sont utilis\u00e9es dans de nombreux secteurs d'activit\u00e9, notamment les mines, la construction et la d\u00e9molition.<\/p>\n<h3>Chargeurs<\/h3>\n<p>Les chargeuses frontales utilisent des v\u00e9rins de godet pour faciliter le levage et le d\u00e9chargement efficaces des marchandises. En contr\u00f4lant le mouvement et la position du godet, le v\u00e9rin permet \u00e0 la chargeuse de manipuler ais\u00e9ment des charges lourdes. Les chargeuses sont utilis\u00e9es dans de nombreux secteurs d'activit\u00e9, notamment l'agriculture, la construction et l'exploitation mini\u00e8re.<\/p>\n<h2>Consid\u00e9rations de conception et crit\u00e8res de s\u00e9lection<\/h2>\n<p>Lors de la conception des v\u00e9rins de godet, il convient de prendre en compte des facteurs tels que la capacit\u00e9 de charge, l'\u00e9tanch\u00e9it\u00e9, la durabilit\u00e9, la s\u00e9curit\u00e9 et la facilit\u00e9 d'entretien. Voici les points \u00e0 consid\u00e9rer\u00a0:<\/p>\n<ul>\n<li>Capacit\u00e9 de charge : Le cylindre doit \u00eatre con\u00e7u pour supporter la charge maximale \u00e0 laquelle il sera soumis.<\/li>\n<li>\u00c9tanch\u00e9it\u00e9 : Des mat\u00e9riaux d'\u00e9tanch\u00e9it\u00e9 de haute qualit\u00e9 doivent \u00eatre utilis\u00e9s pour \u00e9viter les fuites de fluide hydraulique et assurer un fonctionnement fluide.<\/li>\n<li>Durabilit\u00e9 : Le cylindre doit \u00eatre con\u00e7u pour r\u00e9sister aux conditions de travail difficiles et minimiser l'usure.<\/li>\n<li>S\u00e9curit\u00e9 : Le v\u00e9rin doit \u00eatre con\u00e7u de mani\u00e8re \u00e0 garantir la s\u00e9curit\u00e9 de l'op\u00e9rateur et \u00e0 pr\u00e9venir les accidents.<\/li>\n<li>Facilit\u00e9 d'entretien\u00a0: Le cylindre doit \u00eatre facile \u00e0 entretenir, avec des pi\u00e8ces rempla\u00e7ables et des instructions claires pour les proc\u00e9dures d'entretien.<\/li>\n<\/ul>\n<p><img decoding=\"async\" src=\"https:\/\/www.hydraulic-cylinders.net\/wp-content\/uploads\/2025\/01\/songte-oil-pipes-and-spare-parts.webp\" alt=\"Image du cylindre du godet\"><\/p>\n<h2>\u00c9tanch\u00e9it\u00e9 et lubrification<\/h2>\n<p>Divers joints, tels que les joints de piston et les joints de tige, doivent \u00eatre utilis\u00e9s pour assurer l'\u00e9tanch\u00e9it\u00e9 du v\u00e9rin. Ces joints doivent \u00eatre fabriqu\u00e9s dans des mat\u00e9riaux r\u00e9sistants \u00e0 l'usure, comme le polyur\u00e9thane et le caoutchouc nitrile, afin de garantir une longue dur\u00e9e de vie. Le v\u00e9rin doit \u00eatre con\u00e7u avec un corps et une surface d'extr\u00e9mit\u00e9 de filetage usin\u00e9s avec pr\u00e9cision pour am\u00e9liorer sa r\u00e9sistance \u00e0 l'usure. Une lubrification r\u00e9guli\u00e8re \u00e0 l'huile hydraulique est n\u00e9cessaire pour assurer un fonctionnement fluide et prolonger la dur\u00e9e de vie du v\u00e9rin.<\/p>\n<h2>Entretien et r\u00e9paration<\/h2>\n<p>Un entretien et des r\u00e9parations r\u00e9guliers sont n\u00e9cessaires pour garantir le bon fonctionnement du v\u00e9rin et prolonger sa dur\u00e9e de vie. Les t\u00e2ches d'entretien courantes comprennent l'inspection r\u00e9guli\u00e8re, la lubrification appropri\u00e9e, le remplacement des joints et les contr\u00f4les d'\u00e9talonnage. Une installation, une lubrification et un r\u00e9glage corrects sont essentiels au bon fonctionnement du v\u00e9rin. Il est recommand\u00e9 d'utiliser des supports de fixation appropri\u00e9s pour maintenir le v\u00e9rin en place. Les proc\u00e9dures d'inspection, de r\u00e9paration et de remplacement recommand\u00e9es doivent \u00eatre respect\u00e9es, et un service de remise \u00e0 neuf doit \u00eatre mis en place, si n\u00e9cessaire, afin d'optimiser la dur\u00e9e de vie du v\u00e9rin.<\/p>\n<p><img decoding=\"async\" src=\"https:\/\/www.hydraulic-cylinders.net\/wp-content\/uploads\/2025\/01\/songte-chushion-collar.webp\" alt=\"Image du cylindre du godet\"><\/p>\n<h2>Consid\u00e9rations relatives \u00e0 la s\u00e9curit\u00e9 et \u00e0 l'environnement<\/h2>\n<p>Lors de l'utilisation du v\u00e9rin de godet, des mesures de s\u00e9curit\u00e9 doivent \u00eatre prises pour pr\u00e9venir les accidents. Il est essentiel de suivre les instructions du fabricant et de s'assurer que le v\u00e9rin est correctement install\u00e9, entretenu r\u00e9guli\u00e8rement et inspect\u00e9 fr\u00e9quemment. Manipuler le v\u00e9rin avec pr\u00e9caution et porter un \u00e9quipement de protection individuelle (EPI) contribue \u00e0 pr\u00e9venir les accidents. Les facteurs environnementaux doivent \u00e9galement \u00eatre pris en compte lors de l'utilisation du v\u00e9rin. L'\u00e9limination appropri\u00e9e de l'huile hydraulique et des autres mati\u00e8res dangereuses est n\u00e9cessaire afin de minimiser l'impact sur l'environnement.<\/p>\n<h2>Diagnostic et d\u00e9pannage des pannes<\/h2>\n<p>Les probl\u00e8mes courants li\u00e9s au v\u00e9rin de godet incluent les fuites, les mouvements lents ou sans r\u00e9ponse et les bruits anormaux. Pour diagnostiquer et r\u00e9soudre ces probl\u00e8mes, il est n\u00e9cessaire d'inspecter r\u00e9guli\u00e8rement le v\u00e9rin et d'utiliser les outils appropri\u00e9s pour identifier la panne. Un entretien et des r\u00e9parations r\u00e9guliers permettent de pr\u00e9venir ces probl\u00e8mes.<\/p>\n<h2>Pr\u00e9sentation de l'entreprise<\/h2>\n<p>Nous sommes un fabricant de v\u00e9rins hydrauliques de remplacement, offrant une gamme compl\u00e8te de produits et services pour r\u00e9pondre aux besoins vari\u00e9s de nos clients. Soucieux de l'excellence, nous nous appuyons sur un atelier de fabrication performant et des strat\u00e9gies de gestion de production industrialis\u00e9es pour am\u00e9liorer constamment notre plateforme de production et optimiser notre ligne de fabrication. Nous poss\u00e9dons une solide capacit\u00e9 \u00e0 cr\u00e9er des produits performants, pr\u00e9cis et de haute qualit\u00e9, r\u00e9pondant ainsi aux exigences les plus diverses de notre client\u00e8le.<\/p>\n<p>Notre entreprise se caract\u00e9rise par :<\/p>\n<ul>\n<li>Professionnalisme : Nous disposons d'une \u00e9quipe de professionnels hautement qualifi\u00e9s, experts en conception et production de v\u00e9rins hydrauliques.<\/li>\n<li>Certification internationale\u00a0: Nos produits ont \u00e9t\u00e9 certifi\u00e9s par diverses organisations internationales, garantissant leur qualit\u00e9 et leur s\u00e9curit\u00e9.<\/li>\n<li>Services de personnalisation\u00a0: Nous proposons des services personnalis\u00e9s pour r\u00e9pondre aux besoins sp\u00e9cifiques de nos clients.<\/li>\n<li>\u00c9quipements de production : Nous disposons d'\u00e9quipements de fabrication et de syst\u00e8mes de test de pointe pour garantir la qualit\u00e9 de nos produits.<\/li>\n<li>Service apr\u00e8s-vente\u00a0: Nous assurons un service apr\u00e8s-vente complet, incluant la maintenance, la r\u00e9paration et le remplacement des produits.<\/li>\n<\/ul>\n<p><img decoding=\"async\" src=\"https:\/\/hzpt.com\/wp-content\/uploads\/2024\/11\/songte-company-1.webp\" alt=\"Image du cylindre du godet\"><\/p>\n<p>Nous nous engageons \u00e0 fournir \u00e0 nos clients les meilleurs produits et services, et nous nous effor\u00e7ons d'am\u00e9liorer constamment nos capacit\u00e9s de production et la qualit\u00e9 de nos produits. Notre objectif est de devenir un fabricant et grossiste de premier plan de v\u00e9rins hydrauliques sur les march\u00e9s nationaux et internationaux.<\/p>\n<p><em>Auteur : lyl<\/em><\/p>","protected":false},"excerpt":{"rendered":"<p>Bucket Cylinder For Bada WYS40 Introduction The bucket cylinder is a specialized hydraulic cylinder designed for controlling the movement of the bucket in heavy machinery such as excavators, backhoe excavators, and front-end loaders. Its primary function is to enable the bucket to lift, lower, and tilt, making it easier to handle various material handling tasks. [&hellip;]<\/p>","protected":false},"featured_media":14776,"comment_status":"open","ping_status":"closed","template":"","meta":{"_et_pb_use_builder":"","_et_pb_old_content":"","_et_gb_content_width":""},"product_brand":[],"product_cat":[1494],"product_tag":[1495,1496],"class_list":{"0":"post-15950","1":"product","2":"type-product","3":"status-publish","4":"has-post-thumbnail","6":"product_cat-bucket-cylinders","7":"product_tag-bucket-cylinders","8":"product_tag-hydraulic-cylinders","10":"first","11":"instock","12":"shipping-taxable","13":"product-type-simple"},"amp_enabled":true,"_links":{"self":[{"href":"https:\/\/www.hydraulic-cylinders.net\/fr\/wp-json\/wp\/v2\/product\/15950","targetHints":{"allow":["GET"]}}],"collection":[{"href":"https:\/\/www.hydraulic-cylinders.net\/fr\/wp-json\/wp\/v2\/product"}],"about":[{"href":"https:\/\/www.hydraulic-cylinders.net\/fr\/wp-json\/wp\/v2\/types\/product"}],"replies":[{"embeddable":true,"href":"https:\/\/www.hydraulic-cylinders.net\/fr\/wp-json\/wp\/v2\/comments?post=15950"}],"wp:featuredmedia":[{"embeddable":true,"href":"https:\/\/www.hydraulic-cylinders.net\/fr\/wp-json\/wp\/v2\/media\/14776"}],"wp:attachment":[{"href":"https:\/\/www.hydraulic-cylinders.net\/fr\/wp-json\/wp\/v2\/media?parent=15950"}],"wp:term":[{"taxonomy":"product_brand","embeddable":true,"href":"https:\/\/www.hydraulic-cylinders.net\/fr\/wp-json\/wp\/v2\/product_brand?post=15950"},{"taxonomy":"product_cat","embeddable":true,"href":"https:\/\/www.hydraulic-cylinders.net\/fr\/wp-json\/wp\/v2\/product_cat?post=15950"},{"taxonomy":"product_tag","embeddable":true,"href":"https:\/\/www.hydraulic-cylinders.net\/fr\/wp-json\/wp\/v2\/product_tag?post=15950"}],"curies":[{"name":"wp","href":"https:\/\/api.w.org\/{rel}","templated":true}]}}