{"id":15951,"date":"2025-01-19T15:12:31","date_gmt":"2025-01-19T15:12:31","guid":{"rendered":"https:\/\/www.hydraulic-cylinders.net\/product\/bucket-cylinder-for-baoding-wy65-6\/"},"modified":"2025-01-19T15:12:33","modified_gmt":"2025-01-19T15:12:33","slug":"bucket-cylinder-for-baoding-wy65-6","status":"publish","type":"product","link":"https:\/\/www.hydraulic-cylinders.net\/fr\/produit\/bucket-cylinder-for-baoding-wy65-6\/","title":{"rendered":"Cylindre de godet pour Baoding WY65-6"},"content":{"rendered":"<h1>Cylindre de godet pour Baoding WY65-6<\/h1>\n<h2>Introduction<\/h2>\n<p>Le v\u00e9rin de godet pour Baoding WY65-6 est un v\u00e9rin hydraulique con\u00e7u sp\u00e9cifiquement pour contr\u00f4ler les mouvements du godet sur les engins de chantier tels que les pelles hydrauliques, les chargeuses-pelleteuses et les chargeuses frontales. Sa fonction principale est de permettre la lev\u00e9e, l'abaissement et l'inclinaison du godet, facilitant ainsi la manutention de divers mat\u00e9riaux. Au sein du syst\u00e8me hydraulique, le v\u00e9rin de godet utilise la variation de pression de l'huile hydraulique pour un contr\u00f4le pr\u00e9cis du godet, permettant \u00e0 l'op\u00e9rateur de manipuler efficacement des charges lourdes, de s'adapter \u00e0 des environnements de travail complexes et de r\u00e9pondre \u00e0 des exigences vari\u00e9es.<\/p>\n<p><img decoding=\"async\" src=\"https:\/\/www.hydraulic-cylinders.net\/wp-content\/uploads\/2025\/01\/songte-company-2.webp\" alt=\"Cylindre de godet pour Baoding WY65-6\"><\/p>\n<h2>Caract\u00e9ristiques<\/h2>\n<ul>\n<li>Haute r\u00e9sistance et durabilit\u00e9 : g\u00e9n\u00e9ralement fabriqu\u00e9s en acier ou en aluminium \u00e0 haute r\u00e9sistance, capables de supporter des pressions \u00e9lev\u00e9es et des charges importantes, de s'adapter aux environnements de travail difficiles et con\u00e7us pour une durabilit\u00e9 et une r\u00e9sistance \u00e0 la corrosion afin de prolonger leur dur\u00e9e de vie.<\/li>\n<li>Fonctionnement hydraulique efficace : gr\u00e2ce \u00e0 la pression de l'huile hydraulique permettant des mouvements d'expansion et de contraction fluides, le v\u00e9rin r\u00e9pond rapidement aux commandes, fournit une force de pouss\u00e9e et de traction importante et convient \u00e0 la manutention de charges lourdes et \u00e0 des t\u00e2ches complexes.<\/li>\n<li>Diff\u00e9rents types de v\u00e9rins sont disponibles\u00a0: \u00e0 simple effet (fonctionnant dans un seul sens) ou \u00e0 double effet (fonctionnant dans les deux sens), selon les besoins et les exigences op\u00e9rationnelles. Certains mod\u00e8les sont t\u00e9lescopiques, ce qui permet une plus grande extension sans augmenter l\u2019encombrement et convient aux espaces restreints.<\/li>\n<li>Installation facile\u00a0: notre v\u00e9rin de godet remplace ais\u00e9ment les autres v\u00e9rins hydrauliques. Nous proposons une large gamme de culasses compatibles avec diff\u00e9rents mod\u00e8les d\u2019excavatrices.<\/li>\n<\/ul>\n<p><img decoding=\"async\" src=\"https:\/\/www.hydraulic-cylinders.net\/wp-content\/uploads\/2025\/01\/songte-cylinder-head-with-all-kinds-excavator-models.webp\" alt=\"Cylindre de godet pour Baoding WY65-6\"><\/p>\n<h2>Applications<\/h2>\n<p>Le v\u00e9rin \u00e0 godet est largement utilis\u00e9 dans diverses machines lourdes telles que\u00a0:<\/p>\n<ul>\n<li>Les engins de chantier, notamment les excavatrices, les pelles r\u00e9trocaveuses et les chargeuses frontales, sont indispensables pour l'excavation, le chargement et le d\u00e9placement de la terre ou des d\u00e9bris.<\/li>\n<li>Machines agricoles : utilis\u00e9es dans les chargeuses frontales, pour ramasser, soulever et transporter la terre, le foin et autres mat\u00e9riaux.<\/li>\n<li>Excavatrices : le v\u00e9rin du godet permet \u00e0 celui-ci de p\u00e9n\u00e9trer dans le sol pour effectuer l'excavation.<\/li>\n<li>Chargeur : sur les chargeurs frontaux, ils permettent de soulever et d'incliner efficacement les marchandises.<\/li>\n<\/ul>\n<h2>Consid\u00e9rations de conception et crit\u00e8res de s\u00e9lection<\/h2>\n<ul>\n<li>Capacit\u00e9 de charge : Le cylindre doit supporter le poids de la charge et r\u00e9sister aux forces g\u00e9n\u00e9r\u00e9es pendant son fonctionnement.<\/li>\n<li>\u00c9tanch\u00e9it\u00e9 : Le cylindre doit \u00eatre parfaitement \u00e9tanche pour \u00e9viter les fuites d'huile et assurer le bon fonctionnement du syst\u00e8me hydraulique.<\/li>\n<li>Durabilit\u00e9 : Le cylindre doit r\u00e9sister aux conditions de travail difficiles et aux hautes pressions pour garantir une longue dur\u00e9e de vie.<\/li>\n<li>S\u00e9curit\u00e9 : Le cylindre doit \u00eatre con\u00e7u en tenant compte de la s\u00e9curit\u00e9 afin de pr\u00e9venir les accidents lors de son utilisation.<\/li>\n<li>Facilit\u00e9 d'entretien : Le cylindre doit \u00eatre facile \u00e0 entretenir et \u00e0 r\u00e9parer afin de minimiser les temps d'arr\u00eat et de r\u00e9duire les co\u00fbts.<\/li>\n<\/ul>\n<p><img decoding=\"async\" src=\"https:\/\/www.hydraulic-cylinders.net\/wp-content\/uploads\/2025\/01\/songte-oil-pipes-and-spare-parts.webp\" alt=\"Cylindre de godet pour Baoding WY65-6\"><\/p>\n<h2>\u00c9tanch\u00e9it\u00e9 et lubrification<\/h2>\n<p>Notre v\u00e9rin de godet utilise divers joints d'\u00e9tanch\u00e9it\u00e9 (joints de piston, joints de tige, etc.) fabriqu\u00e9s en mat\u00e9riaux r\u00e9sistants \u00e0 l'usure tels que le polyur\u00e9thane et le caoutchouc nitrile. Le corps du v\u00e9rin et la surface d'extr\u00e9mit\u00e9 du filetage sont usin\u00e9s avec pr\u00e9cision pour une meilleure r\u00e9sistance \u00e0 l'usure. Un arrosage r\u00e9gulier avec de l'huile hydraulique permet de prolonger la dur\u00e9e de vie du v\u00e9rin.<\/p>\n<h2>Entretien et r\u00e9paration<\/h2>\n<p>L'inspection r\u00e9guli\u00e8re, la lubrification, le remplacement des joints et le contr\u00f4le d'\u00e9talonnage sont des op\u00e9rations d'entretien courantes pour les v\u00e9rins hydrauliques. Une installation, une lubrification et un r\u00e9glage corrects sont essentiels \u00e0 la long\u00e9vit\u00e9 du v\u00e9rin de godet. Nous recommandons l'utilisation de supports de fixation appropri\u00e9s pour maintenir le v\u00e9rin en place.<\/p>\n<p><img decoding=\"async\" src=\"https:\/\/www.hydraulic-cylinders.net\/wp-content\/uploads\/2025\/01\/songte-chushion-collar.webp\" alt=\"Cylindre de godet pour Baoding WY65-6\"><\/p>\n<h2>Consid\u00e9rations de s\u00e9curit\u00e9 et facteurs environnementaux<\/h2>\n<p>Des mesures de s\u00e9curit\u00e9 appropri\u00e9es sont indispensables lors de l'utilisation d'engins lourds tels que les pelles hydrauliques, les chargeuses-pelleteuses et les chargeuses frontales. Un entretien et une inspection r\u00e9guliers permettent de minimiser les risques d'accidents. De plus, il est essentiel d'\u00e9liminer l'huile hydraulique usag\u00e9e en toute s\u00e9curit\u00e9 afin de pr\u00e9venir tout dommage environnemental.<\/p>\n<h2>D\u00e9pannage et probl\u00e8mes courants<\/h2>\n<p>Les probl\u00e8mes courants des v\u00e9rins hydrauliques incluent les fuites d'huile, le faible rendement et les dysfonctionnements. Le d\u00e9pannage consiste \u00e0 identifier la cause premi\u00e8re du probl\u00e8me, puis \u00e0 appliquer la solution appropri\u00e9e. Un contr\u00f4le et un entretien r\u00e9guliers permettent de r\u00e9duire les risques de panne.<\/p>\n<p><img decoding=\"async\" src=\"https:\/\/www.hydraulic-cylinders.net\/wp-content\/uploads\/2025\/01\/songte-bushings-with-all-kinds-of-excavator-models.webp\" alt=\"Cylindre de godet pour Baoding WY65-6\"><\/p>\n<h2>\u00c0 propos de nous<\/h2>\n<p>Nous sommes un fabricant et distributeur de premier plan de v\u00e9rins hydrauliques sur les march\u00e9s nationaux et internationaux. Nos produits sont d'excellente qualit\u00e9 et nous appliquons une strat\u00e9gie de gestion de la production industrielle, en utilisant des \u00e9quipements de fabrication num\u00e9rique de pointe et des syst\u00e8mes de test professionnels. Notre mission est de fournir des produits performants, pr\u00e9cis et de haute qualit\u00e9 afin de r\u00e9pondre aux divers besoins de nos clients.<\/p>\n<p>Notre entreprise propose des services professionnels, des certifications internationales, des solutions personnalis\u00e9es, des \u00e9quipements de production de pointe et un service apr\u00e8s-vente irr\u00e9prochable. Nous nous engageons \u00e0 fournir \u00e0 nos clients les meilleurs produits et services.<\/p>\n<p><img decoding=\"async\" src=\"https:\/\/hzpt.com\/wp-content\/uploads\/2024\/11\/songte-company-1.webp\" alt=\"Cylindre de godet pour Baoding WY65-6\"><\/p>\n<p>Auteur : lyl<\/p>","protected":false},"excerpt":{"rendered":"<p>Bucket Cylinder For Baoding WY65-6 Introduction The bucket cylinder for Baoding WY65-6 is a type of hydraulic cylinder designed specifically to control the movement of the bucket in heavy machinery such as excavators, backhoe excavators, and front loaders. Its main function is to enable the bucket to lift, lower, and tilt, making it easier to [&hellip;]<\/p>","protected":false},"featured_media":14773,"comment_status":"open","ping_status":"closed","template":"","meta":{"_et_pb_use_builder":"","_et_pb_old_content":"","_et_gb_content_width":""},"product_brand":[],"product_cat":[1494],"product_tag":[1495,1496],"class_list":{"0":"post-15951","1":"product","2":"type-product","3":"status-publish","4":"has-post-thumbnail","6":"product_cat-bucket-cylinders","7":"product_tag-bucket-cylinders","8":"product_tag-hydraulic-cylinders","10":"first","11":"instock","12":"shipping-taxable","13":"product-type-simple"},"amp_enabled":true,"_links":{"self":[{"href":"https:\/\/www.hydraulic-cylinders.net\/fr\/wp-json\/wp\/v2\/product\/15951","targetHints":{"allow":["GET"]}}],"collection":[{"href":"https:\/\/www.hydraulic-cylinders.net\/fr\/wp-json\/wp\/v2\/product"}],"about":[{"href":"https:\/\/www.hydraulic-cylinders.net\/fr\/wp-json\/wp\/v2\/types\/product"}],"replies":[{"embeddable":true,"href":"https:\/\/www.hydraulic-cylinders.net\/fr\/wp-json\/wp\/v2\/comments?post=15951"}],"wp:featuredmedia":[{"embeddable":true,"href":"https:\/\/www.hydraulic-cylinders.net\/fr\/wp-json\/wp\/v2\/media\/14773"}],"wp:attachment":[{"href":"https:\/\/www.hydraulic-cylinders.net\/fr\/wp-json\/wp\/v2\/media?parent=15951"}],"wp:term":[{"taxonomy":"product_brand","embeddable":true,"href":"https:\/\/www.hydraulic-cylinders.net\/fr\/wp-json\/wp\/v2\/product_brand?post=15951"},{"taxonomy":"product_cat","embeddable":true,"href":"https:\/\/www.hydraulic-cylinders.net\/fr\/wp-json\/wp\/v2\/product_cat?post=15951"},{"taxonomy":"product_tag","embeddable":true,"href":"https:\/\/www.hydraulic-cylinders.net\/fr\/wp-json\/wp\/v2\/product_tag?post=15951"}],"curies":[{"name":"wp","href":"https:\/\/api.w.org\/{rel}","templated":true}]}}