{"id":15952,"date":"2025-01-19T15:12:35","date_gmt":"2025-01-19T15:12:35","guid":{"rendered":"https:\/\/www.hydraulic-cylinders.net\/product\/bucket-cylinder-for-baoding-wy150\/"},"modified":"2025-01-19T15:12:37","modified_gmt":"2025-01-19T15:12:37","slug":"bucket-cylinder-for-baoding-wy150","status":"publish","type":"product","link":"https:\/\/www.hydraulic-cylinders.net\/fr\/produit\/bucket-cylinder-for-baoding-wy150\/","title":{"rendered":"Cylindre de godet pour Baoding WY150"},"content":{"rendered":"<h2>Cylindre de godet pour Baoding WY150<\/h2>\n<h3>Introduction<\/h3>\n<p>Le v\u00e9rin de godet pour Baoding WY150 est un v\u00e9rin hydraulique sp\u00e9cialis\u00e9, principalement utilis\u00e9 pour commander les mouvements de godet sur les engins de chantier tels que les pelles hydrauliques, les chargeuses-pelleteuses et les chargeuses frontales. Sa fonction principale est de permettre la lev\u00e9e, l'abaissement et l'inclinaison du godet, facilitant ainsi diverses op\u00e9rations de manutention. Dans les syst\u00e8mes hydrauliques, le v\u00e9rin de godet assure un contr\u00f4le pr\u00e9cis du godet gr\u00e2ce \u00e0 la variation de la pression d'huile hydraulique, permettant aux op\u00e9rateurs de manipuler efficacement des charges lourdes et de s'adapter \u00e0 des environnements de travail complexes et \u00e0 des exigences vari\u00e9es.<\/p>\n<p><img decoding=\"async\" src=\"https:\/\/www.hydraulic-cylinders.net\/wp-content\/uploads\/2025\/01\/songte-company-2.webp\" alt=\"image du cylindre de seau\"><\/p>\n<h3>Caract\u00e9ristiques<\/h3>\n<ul>\n<li>Haute r\u00e9sistance et durabilit\u00e9\u00a0: g\u00e9n\u00e9ralement fabriqu\u00e9 en acier ou en aluminium haute r\u00e9sistance, le v\u00e9rin du godet supporte les hautes pressions et les charges importantes, s\u2019adaptant ainsi aux environnements de travail difficiles. Sa conception prend en compte la r\u00e9sistance \u00e0 l\u2019usure et \u00e0 la corrosion afin d\u2019en prolonger la dur\u00e9e de vie.<\/li>\n<li>Fonctionnement hydraulique efficace : gr\u00e2ce \u00e0 l'utilisation de la pression de l'huile hydraulique pour obtenir des mouvements d'extension et de contraction fluides, le v\u00e9rin du godet peut r\u00e9pondre rapidement aux commandes, fournissant des forces de pouss\u00e9e et de traction importantes adapt\u00e9es \u00e0 la manutention de charges lourdes et \u00e0 des t\u00e2ches complexes.<\/li>\n<li>Diff\u00e9rents types de v\u00e9rins sont disponibles\u00a0: \u00e0 simple effet (fonctionnement hydraulique dans un seul sens) ou \u00e0 double effet (fonctionnement hydraulique dans les deux sens), selon les besoins op\u00e9rationnels. Certains mod\u00e8les sont t\u00e9lescopiques, ce qui permet une plus grande extension sans augmenter l\u2019encombrement et les rend adapt\u00e9s aux espaces restreints.<\/li>\n<li>Fabriqu\u00e9s par notre entreprise\u00a0: Nos produits peuvent parfaitement remplacer ces v\u00e9rins hydrauliques.<\/li>\n<\/ul>\n<p><img decoding=\"async\" src=\"https:\/\/www.hydraulic-cylinders.net\/wp-content\/uploads\/2025\/01\/songte-cylinder-head-with-all-kinds-excavator-models.webp\" alt=\"image de l&#039;entreprise de cylindres \u00e0 godet\"><\/p>\n<h3>Applications<\/h3>\n<p>Le v\u00e9rin \u00e0 godet a une large gamme d'applications, notamment\u00a0:<\/p>\n<ul>\n<li>Mat\u00e9riel de construction\u00a0: Sur les excavatrices, les v\u00e9rins sont indispensables pour creuser, charger et d\u00e9placer la terre ou les d\u00e9bris. Sur les chargeuses-pelleteuses, le v\u00e9rin du godet sert \u00e0 la fois au creusement et au levage. <\/li>\n<li>Machines agricoles : Utilis\u00e9es pour les chargeuses frontales, pour ramasser, soulever et transporter la terre, le foin et autres mat\u00e9riaux. <\/li>\n<li>Excavatrices : Le v\u00e9rin du godet permet l'action de creuser en permettant au godet de p\u00e9n\u00e9trer dans le sol. <\/li>\n<li>Chargeuses frontales : Sur les chargeuses frontales, elles permettent de soulever et d'incliner efficacement la charge. <\/li>\n<\/ul>\n<h3>Consid\u00e9rations de conception et crit\u00e8res de s\u00e9lection<\/h3>\n<p>Les consid\u00e9rations de conception du v\u00e9rin de godet comprennent\u00a0:<\/p>\n<ul>\n<li>Capacit\u00e9 de charge : Pour garantir que le cylindre puisse r\u00e9sister \u00e0 des charges et \u00e0 une pression \u00e9lev\u00e9es.<\/li>\n<li>\u00c9tanch\u00e9it\u00e9 : Diff\u00e9rents composants d'\u00e9tanch\u00e9it\u00e9, tels que des joints de piston et des joints de tige, peuvent \u00eatre utilis\u00e9s, avec des mat\u00e9riaux tels que le polyur\u00e9thane et le caoutchouc nitrile, r\u00e9sistants \u00e0 l'usure.<\/li>\n<li>Durabilit\u00e9 : Les cylindres sont fabriqu\u00e9s \u00e0 partir de mat\u00e9riaux \u00e0 haute r\u00e9sistance afin de garantir une longue dur\u00e9e de vie.<\/li>\n<li>S\u00e9curit\u00e9 : La conception du cylindre int\u00e8gre \u00e9galement des dispositifs de s\u00e9curit\u00e9 tels que des soupapes de d\u00e9charge de pression.<\/li>\n<li>Facilit\u00e9 d'entretien : Le cylindre est con\u00e7u pour \u00eatre facile \u00e0 entretenir et \u00e0 r\u00e9parer, les pi\u00e8ces de rechange \u00e9tant largement disponibles.<\/li>\n<\/ul>\n<p><img decoding=\"async\" src=\"https:\/\/www.hydraulic-cylinders.net\/wp-content\/uploads\/2025\/01\/songte-oil-pipes-and-spare-parts.webp\" alt=\"image de conception du cylindre de godet\"><\/p>\n<p>Le v\u00e9rin du godet peut \u00eatre \u00e9tanch\u00e9ifi\u00e9 et lubrifi\u00e9 \u00e0 l'aide de divers composants, tels que des joints de piston et des joints de tige, fabriqu\u00e9s en mat\u00e9riaux r\u00e9sistants \u00e0 l'usure comme le polyur\u00e9thane et le caoutchouc nitrile. Le corps du v\u00e9rin et la surface d'extr\u00e9mit\u00e9 du filetage b\u00e9n\u00e9ficient d'un usinage de pr\u00e9cision pour une meilleure r\u00e9sistance \u00e0 l'usure\u00a0; une lubrification r\u00e9guli\u00e8re \u00e0 l'huile hydraulique est donc indispensable.<\/p>\n<h3>Entretien et r\u00e9paration<\/h3>\n<p>L'inspection r\u00e9guli\u00e8re, la lubrification ad\u00e9quate, le remplacement des joints et les contr\u00f4les d'\u00e9talonnage sont des op\u00e9rations d'entretien courantes \u00e0 effectuer sur le v\u00e9rin du godet. Des instructions d'installation appropri\u00e9es doivent \u00eatre fournies lors de la mise en place, avec l'utilisation recommand\u00e9e de supports de fixation adapt\u00e9s pour maintenir le v\u00e9rin en place. Le respect des proc\u00e9dures d'inspection, de r\u00e9paration et de remplacement recommand\u00e9es permet d'allonger la dur\u00e9e de vie du v\u00e9rin.<\/p>\n<p><img decoding=\"async\" src=\"https:\/\/www.hydraulic-cylinders.net\/wp-content\/uploads\/2025\/01\/songte-chushion-collar.webp\" alt=\"image d&#039;entretien du cylindre de godet\"><\/p>\n<h3>Consid\u00e9rations de s\u00e9curit\u00e9 et facteurs environnementaux<\/h3>\n<p>Lors de l'utilisation du v\u00e9rin de godet, des mesures de s\u00e9curit\u00e9 doivent \u00eatre prises afin de pr\u00e9venir tout accident. Les facteurs environnementaux doivent \u00e9galement \u00eatre pris en compte lors de sa conception et de son utilisation afin de minimiser leur impact sur l'environnement.<\/p>\n<h3>D\u00e9pannage et probl\u00e8mes courants<\/h3>\n<p>Les probl\u00e8mes courants du v\u00e9rin de godet incluent les fuites d'huile, une force de levage insuffisante et des bruits anormaux. Il convient d'utiliser des techniques de diagnostic et de d\u00e9pannage appropri\u00e9es pour rem\u00e9dier \u00e0 ces probl\u00e8mes.<\/p>\n<p><img decoding=\"async\" src=\"https:\/\/www.hydraulic-cylinders.net\/wp-content\/uploads\/2025\/01\/songte-bushings-with-all-kinds-of-excavator-models.webp\" alt=\"image de d\u00e9pannage du v\u00e9rin de godet\"><\/p>\n<h3>\u00c0 propos de notre entreprise<\/h3>\n<p>Nous sommes un fabricant de v\u00e9rins hydrauliques de remplacement, proposant une large gamme de produits. Figurant parmi les principaux fabricants et distributeurs de v\u00e9rins hydrauliques sur les march\u00e9s nationaux et internationaux, nous nous appuyons sur une strat\u00e9gie de production industrialis\u00e9e et des ateliers de fabrication de pointe. Nous am\u00e9liorons constamment notre plateforme de production et la qualit\u00e9 de nos produits en investissant dans des talents techniques, des \u00e9quipements de fabrication num\u00e9riques haut de gamme et des syst\u00e8mes de contr\u00f4le professionnels. Forts d'une grande capacit\u00e9 d'innovation, nos produits se distinguent par leur haute efficacit\u00e9, leur grande pr\u00e9cision et leur haute qualit\u00e9, r\u00e9pondant ainsi aux besoins vari\u00e9s de nos clients.<\/p>\n<p><img decoding=\"async\" src=\"https:\/\/hzpt.com\/wp-content\/uploads\/2024\/11\/songte-company-1.webp\" alt=\"image de l&#039;entreprise\"><\/p>\n<p>Notre entreprise se caract\u00e9rise par son professionnalisme, sa certification internationale, ses services de personnalisation, ses \u00e9quipements de production et son service apr\u00e8s-vente.<\/p>\n<h2>Auteur : lyl<\/h2>","protected":false},"excerpt":{"rendered":"<p>Bucket Cylinder For Baoding WY150 Introduction The bucket cylinder for Baoding WY150 is a specialized hydraulic cylinder that is primarily used to control the movement of buckets in heavy machinery such as excavators, backhoe loaders, and front-end loaders. Its main function is to enable the bucket to lift, lower, and tilt, which facilitates various material [&hellip;]<\/p>","protected":false},"featured_media":14771,"comment_status":"open","ping_status":"closed","template":"","meta":{"_et_pb_use_builder":"","_et_pb_old_content":"","_et_gb_content_width":""},"product_brand":[],"product_cat":[1494],"product_tag":[1495,1496],"class_list":{"0":"post-15952","1":"product","2":"type-product","3":"status-publish","4":"has-post-thumbnail","6":"product_cat-bucket-cylinders","7":"product_tag-bucket-cylinders","8":"product_tag-hydraulic-cylinders","10":"first","11":"instock","12":"shipping-taxable","13":"product-type-simple"},"amp_enabled":true,"_links":{"self":[{"href":"https:\/\/www.hydraulic-cylinders.net\/fr\/wp-json\/wp\/v2\/product\/15952","targetHints":{"allow":["GET"]}}],"collection":[{"href":"https:\/\/www.hydraulic-cylinders.net\/fr\/wp-json\/wp\/v2\/product"}],"about":[{"href":"https:\/\/www.hydraulic-cylinders.net\/fr\/wp-json\/wp\/v2\/types\/product"}],"replies":[{"embeddable":true,"href":"https:\/\/www.hydraulic-cylinders.net\/fr\/wp-json\/wp\/v2\/comments?post=15952"}],"wp:featuredmedia":[{"embeddable":true,"href":"https:\/\/www.hydraulic-cylinders.net\/fr\/wp-json\/wp\/v2\/media\/14771"}],"wp:attachment":[{"href":"https:\/\/www.hydraulic-cylinders.net\/fr\/wp-json\/wp\/v2\/media?parent=15952"}],"wp:term":[{"taxonomy":"product_brand","embeddable":true,"href":"https:\/\/www.hydraulic-cylinders.net\/fr\/wp-json\/wp\/v2\/product_brand?post=15952"},{"taxonomy":"product_cat","embeddable":true,"href":"https:\/\/www.hydraulic-cylinders.net\/fr\/wp-json\/wp\/v2\/product_cat?post=15952"},{"taxonomy":"product_tag","embeddable":true,"href":"https:\/\/www.hydraulic-cylinders.net\/fr\/wp-json\/wp\/v2\/product_tag?post=15952"}],"curies":[{"name":"wp","href":"https:\/\/api.w.org\/{rel}","templated":true}]}}