{"id":15956,"date":"2025-01-19T15:12:51","date_gmt":"2025-01-19T15:12:51","guid":{"rendered":"https:\/\/www.hydraulic-cylinders.net\/product\/bucket-cylinder-for-baoding-wy90-7\/"},"modified":"2025-01-19T15:12:53","modified_gmt":"2025-01-19T15:12:53","slug":"bucket-cylinder-for-baoding-wy90-7","status":"publish","type":"product","link":"https:\/\/www.hydraulic-cylinders.net\/fr\/produit\/bucket-cylinder-for-baoding-wy90-7\/","title":{"rendered":"Cylindre de godet pour Baoding WY90-7"},"content":{"rendered":"<h1>Cylindre de godet pour Baoding WY90-7<\/h1>\n<h2>D\u00e9finition du produit<\/h2>\n<p>Le v\u00e9rin de godet pour Baoding WY90-7 est un v\u00e9rin hydraulique sp\u00e9cialis\u00e9, con\u00e7u principalement pour la commande des mouvements de godet sur les engins de chantier tels que les pelles hydrauliques, les chargeuses-pelleteuses et les chargeuses frontales. Sa fonction principale est de permettre la lev\u00e9e, l'abaissement et l'inclinaison du godet, facilitant ainsi la manutention de divers mat\u00e9riaux. Dans un syst\u00e8me hydraulique, le v\u00e9rin de godet exploite les variations de pression d'huile hydraulique pour un contr\u00f4le pr\u00e9cis du godet, permettant aux op\u00e9rateurs de manipuler efficacement des charges lourdes et de s'adapter \u00e0 des environnements de travail complexes et \u00e0 des exigences vari\u00e9es.<\/p>\n<p><img decoding=\"async\" src=\"https:\/\/www.hydraulic-cylinders.net\/wp-content\/uploads\/2025\/01\/songte-company-2.webp\" alt=\"Cylindre de godet pour Baoding WY90-7\" \/><\/p>\n<h2>Caract\u00e9ristiques du produit<\/h2>\n<ul>\n<li>Haute r\u00e9sistance et durabilit\u00e9 : G\u00e9n\u00e9ralement fabriqu\u00e9 en acier ou en aluminium \u00e0 haute r\u00e9sistance, il peut supporter une pression \u00e9lev\u00e9e et des charges importantes, s'adapter aux environnements de travail difficiles et est con\u00e7u pour r\u00e9sister \u00e0 l'usure et \u00e0 la corrosion, prolongeant ainsi sa dur\u00e9e de vie.<\/li>\n<li>Fonctionnement hydraulique efficace : L'extension et la r\u00e9traction en douceur sont obtenues gr\u00e2ce \u00e0 la pression de l'huile hydraulique, qui r\u00e9pond rapidement aux commandes, fournissant des forces de pouss\u00e9e et de traction puissantes, adapt\u00e9es \u00e0 la manutention de charges lourdes et \u00e0 des t\u00e2ches complexes.<\/li>\n<li>Diff\u00e9rents types sont disponibles\u00a0: des v\u00e9rins simple effet (fonctionnant dans un seul sens) ou double effet (fonctionnant dans les deux sens) peuvent \u00eatre s\u00e9lectionn\u00e9s en fonction des besoins pour r\u00e9pondre \u00e0 diff\u00e9rentes exigences op\u00e9rationnelles. Certains mod\u00e8les sont t\u00e9lescopiques, permettant une plus grande extension sans augmenter les dimensions ext\u00e9rieures, ce qui les rend adapt\u00e9s aux applications o\u00f9 l\u2019espace est limit\u00e9.<\/li>\n<li>Compatible avec diff\u00e9rentes machines : Notre produit peut parfaitement remplacer ces v\u00e9rins hydrauliques.<\/li>\n<\/ul>\n<p><img decoding=\"async\" src=\"https:\/\/www.hydraulic-cylinders.net\/wp-content\/uploads\/2025\/01\/songte-cylinder-head-with-all-kinds-excavator-models.webp\" alt=\"V\u00e9rin hydraulique compatible avec diverses machines\" \/><\/p>\n<h2>Applications<\/h2>\n<p>Le v\u00e9rin de godet pour Baoding WY90-7 peut \u00eatre utilis\u00e9 dans diverses machines lourdes, notamment\u00a0:<\/p>\n<ul>\n<li>Mat\u00e9riel de construction\u00a0: Il est essentiel pour les excavatrices, car elles creusent, chargent et d\u00e9placent la terre ou les d\u00e9bris. Sur les chargeuses-pelleteuses, le v\u00e9rin de godet contribue \u00e0 l\u2019excavation et au levage. <\/li>\n<li>Machines agricoles : utilis\u00e9es dans les chargeurs frontaux pour ramasser, soulever et transporter de la terre, du foin et d'autres mat\u00e9riaux. <\/li>\n<li>Excavatrices : Le v\u00e9rin du godet permet l'action de creuser en permettant \u00e0 la pelle de p\u00e9n\u00e9trer dans le sol.<\/li>\n<li>Chargeur : Sur les chargeuses frontales, ils permettent de lever et d'incliner efficacement la charge.<\/li>\n<\/ul>\n<h2>Consid\u00e9rations de conception et crit\u00e8res de s\u00e9lection<\/h2>\n<p>Lors de la conception du v\u00e9rin de godet pour la Baoding WY90-7, plusieurs facteurs ont \u00e9t\u00e9 pris en compte, notamment\u00a0:<\/p>\n<h3>Capacit\u00e9 de charge<\/h3>\n<p>Le cylindre est con\u00e7u pour r\u00e9sister \u00e0 des charges \u00e9normes et est fabriqu\u00e9 \u00e0 partir de mat\u00e9riaux haute r\u00e9sistance capables de supporter des machines lourdes et des environnements de travail difficiles.<\/p>\n<h3>Scellage<\/h3>\n<p>Le cylindre utilise diff\u00e9rents types de joints, tels que des joints de piston, des joints de tige et des joints racleurs, en polyur\u00e9thane, en caoutchouc nitrile, etc., pour r\u00e9sister \u00e0 l'usure et emp\u00eacher les fuites de fluide hydraulique.<\/p>\n<h3>Durabilit\u00e9<\/h3>\n<p>Le cylindre est con\u00e7u pour \u00eatre durable et r\u00e9sistant \u00e0 la corrosion, et ses surfaces d'extr\u00e9mit\u00e9 et ses extr\u00e9mit\u00e9s filet\u00e9es sont finement usin\u00e9es pour am\u00e9liorer sa r\u00e9sistance \u00e0 l'usure.<\/p>\n<h3>S\u00e9curit\u00e9<\/h3>\n<p>Le v\u00e9rin du godet est con\u00e7u pour \u00eatre s\u00fbr et ne causera aucun dommage ni blessure lorsqu'il est utilis\u00e9 correctement. Il est \u00e9quip\u00e9 de m\u00e9canismes de s\u00e9curit\u00e9 pour pr\u00e9venir les accidents, tels que des soupapes de s\u00e9curit\u00e9 qui emp\u00eachent l'\u00e9clatement ou l'affaissement du v\u00e9rin en cas de d\u00e9faillance du syst\u00e8me hydraulique.<\/p>\n<h3>Entretien<\/h3>\n<p>Le v\u00e9rin du godet n\u00e9cessite un entretien r\u00e9gulier, comprenant le nettoyage, l'inspection et la lubrification. Il est recommand\u00e9 de remplacer p\u00e9riodiquement les joints us\u00e9s et autres composants, et de faire l'appoint d'huile hydraulique afin d'assurer le bon fonctionnement du v\u00e9rin.<\/p>\n<p><img decoding=\"async\" src=\"https:\/\/www.hydraulic-cylinders.net\/wp-content\/uploads\/2025\/01\/songte-oil-pipes-and-spare-parts.webp\" alt=\"pi\u00e8ces de rechange pour v\u00e9rin de godet\" \/><\/p>\n<h2>\u00c9tanch\u00e9it\u00e9 et lubrification<\/h2>\n<p>Le v\u00e9rin du godet utilise diff\u00e9rents types de joints, tels que des joints de piston, de tige et des joints racleurs en polyur\u00e9thane, en caoutchouc nitrile, etc., pour r\u00e9sister \u00e0 l'usure et pr\u00e9venir les fuites d'huile hydraulique. Il n\u00e9cessite une lubrification r\u00e9guli\u00e8re \u00e0 l'huile hydraulique pour assurer un fonctionnement optimal et limiter l'usure. Les surfaces d'extr\u00e9mit\u00e9 et les filetages du v\u00e9rin sont usin\u00e9s avec pr\u00e9cision pour une meilleure r\u00e9sistance \u00e0 l'usure, mais requi\u00e8rent n\u00e9anmoins une lubrification r\u00e9guli\u00e8re.<\/p>\n<h2>Entretien et r\u00e9paration<\/h2>\n<p>L'entretien et la r\u00e9paration r\u00e9guliers du v\u00e9rin de godet sont essentiels pour garantir son bon fonctionnement et sa long\u00e9vit\u00e9. L'entretien comprend le nettoyage, l'inspection et la lubrification. La r\u00e9paration inclut le remplacement des joints et autres composants us\u00e9s, ainsi que la remise en \u00e9tat du v\u00e9rin si n\u00e9cessaire. Voici quelques conseils pour un entretien et une r\u00e9paration appropri\u00e9s\u00a0:<\/p>\n<ul>\n<li>Inspectez r\u00e9guli\u00e8rement le cylindre pour d\u00e9tecter toute usure, fuite ou autre probl\u00e8me.<\/li>\n<li>Remplacez p\u00e9riodiquement les joints us\u00e9s et autres composants pour assurer le bon fonctionnement du cylindre.<\/li>\n<li>Remplir r\u00e9guli\u00e8rement l'huile hydraulique pour assurer un bon fonctionnement et pr\u00e9venir l'usure.<\/li>\n<li>Lors de l'installation, alignez correctement le cylindre et utilisez les supports de fixation appropri\u00e9s pour le maintenir en place.<\/li>\n<li>Suivez les proc\u00e9dures recommand\u00e9es d'inspection, de r\u00e9paration et de remplacement pour garantir un fonctionnement s\u00fbr et efficace du cylindre.<\/li>\n<li>Utilisez uniquement des pi\u00e8ces et composants d'origine pour l'entretien du cylindre.<\/li>\n<\/ul>\n<p><img decoding=\"async\" src=\"https:\/\/www.hydraulic-cylinders.net\/wp-content\/uploads\/2025\/01\/songte-chushion-collar.webp\" alt=\"bague de suspension pour v\u00e9rin de godet\" \/><\/p>\n<h2>Consid\u00e9rations relatives \u00e0 la s\u00e9curit\u00e9 et \u00e0 l'environnement<\/h2>\n<p>Lors de l'utilisation du v\u00e9rin de godet, des mesures de s\u00e9curit\u00e9 doivent \u00eatre prises afin de pr\u00e9venir les accidents et les blessures. Il est essentiel de suivre les instructions du fabricant concernant l'utilisation et l'entretien en toute s\u00e9curit\u00e9 et de porter un \u00e9quipement de protection individuelle appropri\u00e9, tel que des gants et des lunettes de protection.<\/p>\n<h2>D\u00e9pannage et probl\u00e8mes courants<\/h2>\n<p>Le v\u00e9rin du godet peut pr\u00e9senter divers probl\u00e8mes, tels que des fuites, des joints us\u00e9s et autres anomalies. Le d\u00e9pannage de ces probl\u00e8mes n\u00e9cessite une bonne compr\u00e9hension du v\u00e9rin et de ses composants. Voici quelques probl\u00e8mes courants et leurs solutions\u00a0:<\/p>\n<ul>\n<li>Cylindre qui fuit\u00a0: v\u00e9rifiez l\u2019\u00e9tat des joints et autres composants et remplacez-les si n\u00e9cessaire.<\/li>\n<li>Joints us\u00e9s\u00a0: remplacez les joints par des pi\u00e8ces et composants d\u2019origine.<\/li>\n<li>Autres probl\u00e8mes\u00a0: Suivez les proc\u00e9dures de d\u00e9pannage recommand\u00e9es par le fabricant pour identifier et r\u00e9soudre le probl\u00e8me.<\/li>\n<\/ul>\n<p><img decoding=\"async\" src=\"https:\/\/www.hydraulic-cylinders.net\/wp-content\/uploads\/2025\/01\/songte-bushings-with-all-kinds-of-excavator-models.webp\" alt=\"bagues pour v\u00e9rin de godet\" \/><\/p>\n<h2>\u00c0 propos de notre entreprise<\/h2>\n<p>Nous sommes fabricants de v\u00e9rins hydrauliques compatibles avec les pelles Baoding WY90-7. Notre entreprise propose une gamme compl\u00e8te de produits et figure parmi les principaux fabricants et distributeurs de v\u00e9rins hydrauliques sur les march\u00e9s nationaux et internationaux. Attach\u00e9s \u00e0 l'excellence, nous nous appuyons sur des strat\u00e9gies de gestion de la production industrielle performantes, des ateliers de fabrication de pointe, l'am\u00e9lioration continue de nos plateformes de production, la ma\u00eetrise de nos processus de fabrication et une forte capacit\u00e9 d'innovation. Notre entreprise r\u00e9pond aux besoins vari\u00e9s de ses clients avec efficacit\u00e9, pr\u00e9cision et un souci constant de la qualit\u00e9. <\/p>\n<p><img decoding=\"async\" src=\"https:\/\/hzpt.com\/wp-content\/uploads\/2024\/11\/songte-company-1.webp\" alt=\"logo de l&#039;entreprise\" \/><\/p>\n<h3>Nos sp\u00e9cialisations<\/h3>\n<ul>\n<li>Professionnalisme<\/li>\n<li>Certification internationale<\/li>\n<li>Services personnalis\u00e9s<\/li>\n<li>\u00e9quipement de production avanc\u00e9<\/li>\n<li>Excellent service apr\u00e8s-vente<\/li>\n<\/ul>\n<p>Nos produits sont certifi\u00e9s conformes \u00e0 diverses normes internationales, telles que ISO 9001, CE et SGS. Notre \u00e9quipe technique professionnelle propose des services personnalis\u00e9s. Nous appliquons des mesures de contr\u00f4le qualit\u00e9 rigoureuses et utilisons des \u00e9quipements de production de pointe afin de garantir la haute qualit\u00e9 de nos produits. Enfin, nous assurons un excellent service apr\u00e8s-vente pour la satisfaction de nos clients.<\/p>\n<p>Si vous recherchez un fournisseur fiable de v\u00e9rins hydrauliques, veuillez nous contacter pour plus d'informations.<\/p>\n<p>Auteur : lyl.<\/p>","protected":false},"excerpt":{"rendered":"<p>Bucket Cylinder For Baoding WY90-7 Product Definition The bucket cylinder for Baoding WY90-7 is a specialized hydraulic cylinder designed primarily for controlling the movement of shovels in heavy machinery such as excavators, backhoe loaders, and front-end loaders. Its main function is to enable the shovel to lift, lower and tilt, making it easier to handle [&hellip;]<\/p>","protected":false},"featured_media":14761,"comment_status":"open","ping_status":"closed","template":"","meta":{"_et_pb_use_builder":"","_et_pb_old_content":"","_et_gb_content_width":""},"product_brand":[],"product_cat":[1494],"product_tag":[1495,1496],"class_list":{"0":"post-15956","1":"product","2":"type-product","3":"status-publish","4":"has-post-thumbnail","6":"product_cat-bucket-cylinders","7":"product_tag-bucket-cylinders","8":"product_tag-hydraulic-cylinders","10":"first","11":"instock","12":"shipping-taxable","13":"product-type-simple"},"amp_enabled":true,"_links":{"self":[{"href":"https:\/\/www.hydraulic-cylinders.net\/fr\/wp-json\/wp\/v2\/product\/15956","targetHints":{"allow":["GET"]}}],"collection":[{"href":"https:\/\/www.hydraulic-cylinders.net\/fr\/wp-json\/wp\/v2\/product"}],"about":[{"href":"https:\/\/www.hydraulic-cylinders.net\/fr\/wp-json\/wp\/v2\/types\/product"}],"replies":[{"embeddable":true,"href":"https:\/\/www.hydraulic-cylinders.net\/fr\/wp-json\/wp\/v2\/comments?post=15956"}],"wp:featuredmedia":[{"embeddable":true,"href":"https:\/\/www.hydraulic-cylinders.net\/fr\/wp-json\/wp\/v2\/media\/14761"}],"wp:attachment":[{"href":"https:\/\/www.hydraulic-cylinders.net\/fr\/wp-json\/wp\/v2\/media?parent=15956"}],"wp:term":[{"taxonomy":"product_brand","embeddable":true,"href":"https:\/\/www.hydraulic-cylinders.net\/fr\/wp-json\/wp\/v2\/product_brand?post=15956"},{"taxonomy":"product_cat","embeddable":true,"href":"https:\/\/www.hydraulic-cylinders.net\/fr\/wp-json\/wp\/v2\/product_cat?post=15956"},{"taxonomy":"product_tag","embeddable":true,"href":"https:\/\/www.hydraulic-cylinders.net\/fr\/wp-json\/wp\/v2\/product_tag?post=15956"}],"curies":[{"name":"wp","href":"https:\/\/api.w.org\/{rel}","templated":true}]}}