{"id":15962,"date":"2025-01-19T15:13:24","date_gmt":"2025-01-19T15:13:24","guid":{"rendered":"https:\/\/www.hydraulic-cylinders.net\/product\/bucket-cylinder-for-tiangong-zg3210-9c\/"},"modified":"2025-01-19T15:13:26","modified_gmt":"2025-01-19T15:13:26","slug":"bucket-cylinder-for-tiangong-zg3210-9c","status":"publish","type":"product","link":"https:\/\/www.hydraulic-cylinders.net\/fr\/produit\/bucket-cylinder-for-tiangong-zg3210-9c\/","title":{"rendered":"Cylindre de godet pour Tiangong ZG3210-9C"},"content":{"rendered":"<h1>Cylindre de godet pour Tiangong ZG3210-9C<\/h1>\n<h2>Introduction<\/h2>\n<p>Le v\u00e9rin de godet pour Tiangong ZG3210-9C est un v\u00e9rin hydraulique con\u00e7u sp\u00e9cifiquement pour commander les mouvements du godet des engins de chantier tels que les pelles hydrauliques, les chargeuses-pelleteuses et les chargeuses frontales. Sa fonction principale est de permettre la lev\u00e9e, l'abaissement et l'inclinaison du godet, facilitant ainsi la manutention de divers mat\u00e9riaux. Au sein du syst\u00e8me hydraulique, le v\u00e9rin de godet assure un contr\u00f4le pr\u00e9cis du godet gr\u00e2ce \u00e0 la variation de la pression d'huile hydraulique, permettant aux op\u00e9rateurs de manipuler efficacement des charges lourdes et de s'adapter \u00e0 des environnements de travail complexes et \u00e0 des besoins op\u00e9rationnels vari\u00e9s.<\/p>\n<p><img decoding=\"async\" src=\"https:\/\/www.hydraulic-cylinders.net\/wp-content\/uploads\/2025\/01\/songte-company-2.webp\" alt=\"V\u00e9rin de godet\"><\/p>\n<h2>Caract\u00e9ristiques<\/h2>\n<ul>\n<li>Haute r\u00e9sistance et durabilit\u00e9\u00a0: g\u00e9n\u00e9ralement fabriqu\u00e9 en acier ou en aluminium haute r\u00e9sistance, il supporte les hautes pressions et les charges importantes, s\u2019adaptant ainsi aux environnements de travail difficiles. Sa conception assure une r\u00e9sistance \u00e0 l\u2019usure et \u00e0 la corrosion, prolongeant sa dur\u00e9e de vie.<\/li>\n<li>Fonctionnement hydraulique efficace\u00a0: des mouvements d\u2019extension et de contraction fluides sont obtenus gr\u00e2ce \u00e0 la pression de l\u2019huile hydraulique, fournissant des forces de pouss\u00e9e et de traction puissantes pour manipuler des objets lourds et r\u00e9aliser des t\u00e2ches complexes.<\/li>\n<li>Diff\u00e9rents types : des v\u00e9rins \u00e0 simple effet (l'hydraulique n'est utilis\u00e9e que dans un seul sens) ou \u00e0 double effet (l'hydraulique est utilis\u00e9e dans les deux sens) peuvent \u00eatre s\u00e9lectionn\u00e9s en fonction des besoins op\u00e9rationnels, et certains mod\u00e8les sont t\u00e9lescopiques, permettant une plus grande extension sans augmenter les dimensions ext\u00e9rieures, adapt\u00e9s aux applications \u00e0 espace limit\u00e9.<\/li>\n<li>Solutions de remplacement id\u00e9ales\u00a0: Nos produits peuvent parfaitement remplacer ces v\u00e9rins hydrauliques.<\/li>\n<\/ul>\n<p><img decoding=\"async\" src=\"https:\/\/www.hydraulic-cylinders.net\/wp-content\/uploads\/2025\/01\/songte-cylinder-head-with-all-kinds-excavator-models.webp\" alt=\"Remplacement du v\u00e9rin de godet\"><\/p>\n<h2>Applications<\/h2>\n<p>Le v\u00e9rin \u00e0 godet est largement utilis\u00e9 dans diverses machines lourdes, telles que\u00a0:<\/p>\n<ul>\n<li>Engins de chantier\u00a0: Sur les pelles hydrauliques, les v\u00e9rins sont indispensables pour creuser, charger et d\u00e9placer la terre ou les d\u00e9bris. Sur les chargeuses-pelleteuses, le v\u00e9rin du godet facilite le creusement et le levage. Sur les chargeuses frontales, il permet de lever et de basculer efficacement les mat\u00e9riaux.<\/li>\n<li>Machines agricoles\u00a0: Utilis\u00e9es pour les chargeuses frontales, elles servent \u00e0 ramasser, soulever et transporter de la terre, du foin et d\u2019autres mat\u00e9riaux. Sur les pelles hydrauliques, le v\u00e9rin du godet permet de creuser en laissant le godet p\u00e9n\u00e9trer dans le sol. <\/li>\n<\/ul>\n<h2>Consid\u00e9rations de conception et crit\u00e8res de s\u00e9lection<\/h2>\n<p>Les \u00e9l\u00e9ments \u00e0 prendre en compte lors de la conception du v\u00e9rin du godet sont les suivants\u00a0:<\/p>\n<ul>\n<li>Capacit\u00e9 de charge : Capable de r\u00e9sister \u00e0 des pressions \u00e9lev\u00e9es et \u00e0 des charges importantes.<\/li>\n<li>\u00c9tanch\u00e9it\u00e9 : Utilisation de divers joints tels que des joints de piston et des joints de tige fabriqu\u00e9s \u00e0 partir de mat\u00e9riaux r\u00e9sistants \u00e0 l'usure comme le polyur\u00e9thane et le caoutchouc nitrile.<\/li>\n<li>Durabilit\u00e9 : Le corps du cylindre et la surface d'extr\u00e9mit\u00e9 du filetage subissent un traitement de pr\u00e9cision pour am\u00e9liorer la r\u00e9sistance \u00e0 l'usure.<\/li>\n<li>S\u00e9curit\u00e9 : Des normes de contr\u00f4le qualit\u00e9 strictes garantissent un fonctionnement s\u00fbr et fiable du cylindre.<\/li>\n<li>Entretien : Facile \u00e0 entretenir et \u00e0 r\u00e9parer, avec des vidanges d'huile et des remplacements de joints r\u00e9guliers.<\/li>\n<\/ul>\n<p><img decoding=\"async\" src=\"https:\/\/www.hydraulic-cylinders.net\/wp-content\/uploads\/2025\/01\/songte-oil-pipes-and-spare-parts.webp\" alt=\"Pi\u00e8ces de v\u00e9rin de godet\"><\/p>\n<h2>\u00c9tanch\u00e9it\u00e9 et lubrification<\/h2>\n<p>Le v\u00e9rin du godet utilise divers joints d'\u00e9tanch\u00e9it\u00e9, tels que des joints de piston et des joints de tige, fabriqu\u00e9s en mat\u00e9riaux r\u00e9sistants \u00e0 l'usure comme le polyur\u00e9thane et le caoutchouc nitrile. Le corps du v\u00e9rin et la surface d'extr\u00e9mit\u00e9 du filetage sont usin\u00e9s avec pr\u00e9cision pour une meilleure r\u00e9sistance \u00e0 l'usure. Il convient de vidanger r\u00e9guli\u00e8rement l'huile et d'ajouter la quantit\u00e9 appropri\u00e9e d'huile hydraulique pour lubrifier le v\u00e9rin.<\/p>\n<h2>Entretien et r\u00e9paration<\/h2>\n<p>L'inspection r\u00e9guli\u00e8re, la lubrification appropri\u00e9e, le remplacement des joints et les contr\u00f4les d'\u00e9talonnage constituent des op\u00e9rations d'entretien courantes. Une installation, une lubrification et un r\u00e9glage corrects sont essentiels. Lors de l'installation, il convient d'aligner correctement le v\u00e9rin et d'utiliser les supports de fixation appropri\u00e9s. Les proc\u00e9dures recommand\u00e9es d'inspection, de r\u00e9paration et de remplacement sont fournies, ainsi que des conseils pour prolonger la dur\u00e9e de vie du v\u00e9rin de godet.<\/p>\n<p><img decoding=\"async\" src=\"https:\/\/www.hydraulic-cylinders.net\/wp-content\/uploads\/2025\/01\/songte-chushion-collar.webp\" alt=\"Entretien du v\u00e9rin de godet\"><\/p>\n<h2>Consid\u00e9rations de s\u00e9curit\u00e9 et facteurs environnementaux<\/h2>\n<p>Le v\u00e9rin du godet doit \u00eatre utilis\u00e9 conform\u00e9ment aux consignes de s\u00e9curit\u00e9 afin de pr\u00e9venir les accidents. L'\u00e9limination appropri\u00e9e de l'huile hydraulique utilis\u00e9e dans le v\u00e9rin est essentielle pour \u00e9viter la pollution de l'environnement.<\/p>\n<h2>D\u00e9pannage et probl\u00e8mes courants<\/h2>\n<p>Les probl\u00e8mes courants li\u00e9s au v\u00e9rin de godet incluent les fuites d'huile, les bruits anormaux et un fonctionnement lent. Des conseils et des solutions de d\u00e9pannage sont fournis pour vous aider \u00e0 diagnostiquer et \u00e0 r\u00e9soudre ces probl\u00e8mes, ainsi que des mesures pr\u00e9ventives pour minimiser les risques.<\/p>\n<p><img decoding=\"async\" src=\"https:\/\/www.hydraulic-cylinders.net\/wp-content\/uploads\/2025\/01\/songte-bushings-with-all-kinds-of-excavator-models.webp\" alt=\"Probl\u00e8mes de v\u00e9rin de godet\"><\/p>\n<h2>\u00c0 propos de nous<\/h2>\n<p>Nous sommes un fabricant de v\u00e9rins hydrauliques et proposons une large gamme de produits. Comptant parmi les principaux fabricants et distributeurs de v\u00e9rins hydrauliques sur les march\u00e9s nationaux et internationaux, nous privil\u00e9gions l'excellence et nous appuyons sur une strat\u00e9gie de gestion de la production industrielle rigoureuse, au sein d'ateliers de fabrication de pointe. Notre entreprise am\u00e9liore constamment ses installations, optimise sa ligne de production et fait preuve d'une grande cr\u00e9ativit\u00e9. Nous fournissons des produits performants, pr\u00e9cis et de haute qualit\u00e9 afin de r\u00e9pondre aux besoins vari\u00e9s de nos clients.<\/p>\n<p><img decoding=\"async\" src=\"https:\/\/hzpt.com\/wp-content\/uploads\/2024\/11\/songte-company-1.webp\" alt=\"Notre entreprise\"><\/p>\n<h2>Nos services<\/h2>\n<ul>\n<li>Professionnalisme : Nous poss\u00e9dons une vaste exp\u00e9rience dans la conception et la production de v\u00e9rins hydrauliques.<\/li>\n<li>Certification internationale : Nos produits ont obtenu la certification internationale de syst\u00e8me de gestion de la qualit\u00e9.<\/li>\n<li>Personnalisation : Nous pouvons fournir des v\u00e9rins hydrauliques selon les exigences du client.<\/li>\n<li>\u00c9quipements de production : Nous utilisons des \u00e9quipements et des technologies de production de pointe pour fabriquer des v\u00e9rins hydrauliques.<\/li>\n<li>Service apr\u00e8s-vente : Nous assurons un service apr\u00e8s-vente rapide et efficace.<\/li>\n<\/ul>\n<p>Nous esp\u00e9rons que cet article vous aura fourni une pr\u00e9sentation compl\u00e8te du v\u00e9rin de godet pour la Tiangong ZG3210-9C. Pour toute question ou demande, n'h\u00e9sitez pas \u00e0 nous contacter.<\/p>\n<p>Auteur : lyl.<\/p>","protected":false},"excerpt":{"rendered":"<p>Bucket Cylinder For Tiangong ZG3210-9C Introduction The bucket cylinder for Tiangong ZG3210-9C is a type of hydraulic cylinder specifically designed for controlling the movement of the shovel in heavy machinery such as excavators, backhoe loaders, and front-end loaders. Its main function is to enable the shovel to lift, lower, and tilt, making it easier to [&hellip;]<\/p>","protected":false},"featured_media":14782,"comment_status":"open","ping_status":"closed","template":"","meta":{"_et_pb_use_builder":"","_et_pb_old_content":"","_et_gb_content_width":""},"product_brand":[],"product_cat":[1494],"product_tag":[1495,1496],"class_list":{"0":"post-15962","1":"product","2":"type-product","3":"status-publish","4":"has-post-thumbnail","6":"product_cat-bucket-cylinders","7":"product_tag-bucket-cylinders","8":"product_tag-hydraulic-cylinders","10":"first","11":"instock","12":"shipping-taxable","13":"product-type-simple"},"amp_enabled":true,"_links":{"self":[{"href":"https:\/\/www.hydraulic-cylinders.net\/fr\/wp-json\/wp\/v2\/product\/15962","targetHints":{"allow":["GET"]}}],"collection":[{"href":"https:\/\/www.hydraulic-cylinders.net\/fr\/wp-json\/wp\/v2\/product"}],"about":[{"href":"https:\/\/www.hydraulic-cylinders.net\/fr\/wp-json\/wp\/v2\/types\/product"}],"replies":[{"embeddable":true,"href":"https:\/\/www.hydraulic-cylinders.net\/fr\/wp-json\/wp\/v2\/comments?post=15962"}],"wp:featuredmedia":[{"embeddable":true,"href":"https:\/\/www.hydraulic-cylinders.net\/fr\/wp-json\/wp\/v2\/media\/14782"}],"wp:attachment":[{"href":"https:\/\/www.hydraulic-cylinders.net\/fr\/wp-json\/wp\/v2\/media?parent=15962"}],"wp:term":[{"taxonomy":"product_brand","embeddable":true,"href":"https:\/\/www.hydraulic-cylinders.net\/fr\/wp-json\/wp\/v2\/product_brand?post=15962"},{"taxonomy":"product_cat","embeddable":true,"href":"https:\/\/www.hydraulic-cylinders.net\/fr\/wp-json\/wp\/v2\/product_cat?post=15962"},{"taxonomy":"product_tag","embeddable":true,"href":"https:\/\/www.hydraulic-cylinders.net\/fr\/wp-json\/wp\/v2\/product_tag?post=15962"}],"curies":[{"name":"wp","href":"https:\/\/api.w.org\/{rel}","templated":true}]}}