{"id":15963,"date":"2025-01-19T15:13:27","date_gmt":"2025-01-19T15:13:27","guid":{"rendered":"https:\/\/www.hydraulic-cylinders.net\/product\/bucket-cylinder-for-tiangong-zg3235-9\/"},"modified":"2025-01-19T15:13:30","modified_gmt":"2025-01-19T15:13:30","slug":"bucket-cylinder-for-tiangong-zg3235-9","status":"publish","type":"product","link":"https:\/\/www.hydraulic-cylinders.net\/fr\/produit\/bucket-cylinder-for-tiangong-zg3235-9\/","title":{"rendered":"Cylindre de godet pour Tiangong ZG3235-9"},"content":{"rendered":"<p><!DOCTYPE html><br \/>\n<html><br \/>\n<head><br \/>\n<title>Cylindre de godet pour Tiangong ZG3235-9<\/title><br \/>\n<\/head><br \/>\n<body><\/p>\n<h1>Cylindre de godet pour Tiangong ZG3235-9<\/h1>\n<h2>Introduction<\/h2>\n<p>Le v\u00e9rin de godet pour Tiangong ZG3235-9 est un v\u00e9rin hydraulique sp\u00e9cialis\u00e9 con\u00e7u pour commander les mouvements du godet sur les engins de chantier tels que les pelles hydrauliques, les chargeuses-pelleteuses et les chargeuses frontales. Sa fonction principale est de permettre la lev\u00e9e, l'abaissement et l'inclinaison du godet, facilitant ainsi diverses op\u00e9rations de manutention. Au sein du syst\u00e8me hydraulique, le v\u00e9rin de godet assure un contr\u00f4le pr\u00e9cis du godet gr\u00e2ce aux variations de pression de l'huile hydraulique, permettant aux op\u00e9rateurs de manipuler efficacement des charges lourdes et de s'adapter \u00e0 des environnements de travail complexes et \u00e0 des exigences op\u00e9rationnelles vari\u00e9es.<\/p>\n<p><img decoding=\"async\" src=\"https:\/\/www.hydraulic-cylinders.net\/wp-content\/uploads\/2025\/01\/songte-company-2.webp\" alt=\"Image du cylindre du godet\"><\/p>\n<h2>Caract\u00e9ristiques<\/h2>\n<ul>\n<li>Haute r\u00e9sistance et durabilit\u00e9\u00a0: Fabriqu\u00e9 g\u00e9n\u00e9ralement en acier ou en aluminium haute r\u00e9sistance, le v\u00e9rin du godet supporte les hautes pressions et les charges importantes, s\u2019adaptant ainsi aux environnements de travail difficiles. Sa conception prend en compte la r\u00e9sistance \u00e0 l\u2019usure et \u00e0 la corrosion, prolongeant sa dur\u00e9e de vie.<\/li>\n<li>Fonctionnement hydraulique efficace\u00a0: gr\u00e2ce \u00e0 la pression de l\u2019huile hydraulique, le v\u00e9rin du godet assure des mouvements d\u2019extension et de r\u00e9traction fluides, permettant une r\u00e9ponse rapide aux commandes et fournissant des forces de pouss\u00e9e et de traction puissantes, adapt\u00e9es \u00e0 la manutention de charges lourdes et aux t\u00e2ches complexes.<\/li>\n<li>Diff\u00e9rents types\u00a0: Le v\u00e9rin du godet peut \u00eatre choisi en version simple effet (actionnement hydraulique unidirectionnel) ou double effet (actionnement hydraulique bidirectionnel) afin de r\u00e9pondre \u00e0 diff\u00e9rents besoins op\u00e9rationnels. Certains mod\u00e8les sont t\u00e9lescopiques, ce qui permet une plus grande extension sans augmenter les dimensions ext\u00e9rieures et les rend adapt\u00e9s aux espaces restreints.<\/li>\n<li>Remplacement id\u00e9al\u00a0: Notre produit remplace parfaitement les v\u00e9rins hydrauliques existants. Nous proposons un large choix d\u2019options pour garantir la compatibilit\u00e9 avec divers \u00e9quipements.<\/li>\n<\/ul>\n<p><img decoding=\"async\" src=\"https:\/\/www.hydraulic-cylinders.net\/wp-content\/uploads\/2025\/01\/songte-cylinder-head-with-all-kinds-excavator-models.webp\" alt=\"Image de remplacement du produit\"><\/p>\n<h2>Applications<\/h2>\n<p>Le v\u00e9rin \u00e0 godet trouve des applications dans divers \u00e9quipements\u00a0:<\/p>\n<ul>\n<li>Mat\u00e9riel de construction\u00a0: Pr\u00e9sents dans les excavatrices, ils sont essentiels pour l\u2019excavation, le chargement et le d\u00e9placement de la terre ou des d\u00e9bris. Dans les chargeuses-pelleteuses, le v\u00e9rin du godet contribue \u00e0 la fois au creusement et au levage.<\/li>\n<li>Machines agricoles : Utilis\u00e9es dans les chargeuses frontales pour ramasser, soulever et transporter la terre, le foin et autres mat\u00e9riaux.<\/li>\n<li>Excavatrices : Le v\u00e9rin du godet permet les op\u00e9rations d'excavation en permettant au godet de p\u00e9n\u00e9trer dans le sol.<\/li>\n<li>Chargeurs : Sur les chargeurs frontaux, ils contribuent \u00e0 un levage et un d\u00e9chargement efficaces des marchandises.<\/li>\n<\/ul>\n<h2>Consid\u00e9rations de conception et crit\u00e8res de s\u00e9lection<\/h2>\n<p>Lors de la conception du v\u00e9rin de godet, divers facteurs et crit\u00e8res de s\u00e9lection sont pris en compte\u00a0:<\/p>\n<ul>\n<li>Capacit\u00e9 de charge : Le cylindre est con\u00e7u pour r\u00e9sister \u00e0 la charge et \u00e0 la pression requises afin de garantir un fonctionnement s\u00fbr et efficace.<\/li>\n<li>\u00c9tanch\u00e9it\u00e9\u00a0: Diff\u00e9rents composants d\u2019\u00e9tanch\u00e9it\u00e9, tels que des joints de piston et des joints de tige, sont utilis\u00e9s. Ils sont fabriqu\u00e9s \u00e0 partir de mat\u00e9riaux r\u00e9sistants \u00e0 l\u2019usure comme le polyur\u00e9thane et le caoutchouc nitrile. Le corps du cylindre et les extr\u00e9mit\u00e9s filet\u00e9es sont usin\u00e9s avec pr\u00e9cision pour une meilleure r\u00e9sistance \u00e0 l\u2019usure.<\/li>\n<li>Durabilit\u00e9 : Le v\u00e9rin du godet est con\u00e7u pour r\u00e9sister aux conditions de travail exigeantes et offrir des performances durables.<\/li>\n<li>S\u00e9curit\u00e9 : Des dispositifs de s\u00e9curit\u00e9 sont int\u00e9gr\u00e9s \u00e0 la conception afin d'assurer la protection des op\u00e9rateurs et des \u00e9quipements.<\/li>\n<li>Facilit\u00e9 d'entretien : La conception permet un entretien et une r\u00e9paration ais\u00e9s afin de minimiser les temps d'arr\u00eat.<\/li>\n<\/ul>\n<p><img decoding=\"async\" src=\"https:\/\/www.hydraulic-cylinders.net\/wp-content\/uploads\/2025\/01\/songte-oil-pipes-and-spare-parts.webp\" alt=\"Image des joints et des pi\u00e8ces de rechange\"><\/p>\n<h2>\u00c9tanch\u00e9it\u00e9 et lubrification<\/h2>\n<p>Le v\u00e9rin du godet utilise diff\u00e9rents composants d'\u00e9tanch\u00e9it\u00e9 pour assurer une \u00e9tanch\u00e9it\u00e9 et une lubrification optimales\u00a0:<\/p>\n<ul>\n<li>Joints de piston\u00a0: Utilis\u00e9s pour assurer l\u2019\u00e9tanch\u00e9it\u00e9 entre le piston et la paroi du cylindre.<\/li>\n<li>Joints de tige : Utilis\u00e9s pour emp\u00eacher les fuites entre la tige et la paroi du cylindre.<\/li>\n<li>Mat\u00e9riau d'\u00e9tanch\u00e9it\u00e9 : Les composants d'\u00e9tanch\u00e9it\u00e9 sont fabriqu\u00e9s \u00e0 partir de mat\u00e9riaux r\u00e9sistants \u00e0 l'usure tels que le polyur\u00e9thane et le caoutchouc nitrile.<\/li>\n<li>Corps du cylindre et extr\u00e9mit\u00e9s filet\u00e9es\u00a0: Les surfaces sont finement usin\u00e9es pour am\u00e9liorer la r\u00e9sistance \u00e0 l\u2019usure.<\/li>\n<li>Lubrification : Une lubrification r\u00e9guli\u00e8re avec la quantit\u00e9 appropri\u00e9e d'huile hydraulique est n\u00e9cessaire pour assurer un bon fonctionnement.<\/li>\n<\/ul>\n<h2>Inspection r\u00e9guli\u00e8re et maintenance pr\u00e9ventive<\/h2>\n<p>Pour maintenir des performances optimales, une inspection r\u00e9guli\u00e8re et une maintenance pr\u00e9ventive sont recommand\u00e9es\u00a0:<\/p>\n<ul>\n<li>Inspectez le cylindre pour d\u00e9tecter tout signe d'usure, de dommage ou de fuite.<\/li>\n<li>Assurer une lubrification ad\u00e9quate de toutes les pi\u00e8ces mobiles.<\/li>\n<li>Remplacez les joints si n\u00e9cessaire pour \u00e9viter les fuites.<\/li>\n<li>Effectuez des contr\u00f4les d\u2019\u00e9talonnage pour garantir un fonctionnement pr\u00e9cis.<\/li>\n<li>Veillez \u00e0 un alignement correct lors de l'installation et envisagez d'utiliser des supports de fixation appropri\u00e9s pour s\u00e9curiser le cylindre.<\/li>\n<li>Suivez les proc\u00e9dures recommand\u00e9es d'inspection, de r\u00e9paration et de remplacement afin de prolonger la dur\u00e9e de vie du v\u00e9rin du godet.<\/li>\n<\/ul>\n<p><img decoding=\"async\" src=\"https:\/\/www.hydraulic-cylinders.net\/wp-content\/uploads\/2025\/01\/songte-chushion-collar.webp\" alt=\"Image de maintenance\"><\/p>\n<h2>Consid\u00e9rations de s\u00e9curit\u00e9 et facteurs environnementaux<\/h2>\n<p>Lors de l'utilisation du v\u00e9rin de godet, il est crucial de suivre les mesures de s\u00e9curit\u00e9 afin de garantir un environnement de travail s\u00fbr\u00a0:<\/p>\n<ul>\n<li>Respectez toutes les consignes et r\u00e9glementations de s\u00e9curit\u00e9.<\/li>\n<li>Fournir une formation ad\u00e9quate aux op\u00e9rateurs sur le fonctionnement s\u00e9curitaire des \u00e9quipements.<\/li>\n<li>Inspectez r\u00e9guli\u00e8rement le cylindre et les composants associ\u00e9s afin de d\u00e9celer tout risque potentiel pour la s\u00e9curit\u00e9.<\/li>\n<\/ul>\n<h2>D\u00e9pannage et probl\u00e8mes courants<\/h2>\n<p>Lors du d\u00e9pannage des probl\u00e8mes li\u00e9s au v\u00e9rin du godet, tenez compte des probl\u00e8mes courants suivants\u00a0:<\/p>\n<ul>\n<li>Fuites : V\u00e9rifiez s'il y a des signes de fuite d'huile et inspectez les joints pour d\u00e9tecter tout dommage ou usure.<\/li>\n<li>Fonctionnement lent\u00a0: assurez-vous d\u2019une lubrification ad\u00e9quate et v\u00e9rifiez l\u2019absence d\u2019obstructions dans le syst\u00e8me hydraulique.<\/li>\n<li>Bruits anormaux\u00a0: Examinez tout bruit inhabituel et inspectez le cylindre pour d\u00e9tecter toute pi\u00e8ce desserr\u00e9e ou us\u00e9e.<\/li>\n<li>Mouvements erratiques\u00a0: V\u00e9rifiez tout probl\u00e8me du syst\u00e8me hydraulique et assurez-vous du bon fonctionnement de la vanne de r\u00e9gulation.<\/li>\n<li>Mouvement saccad\u00e9\u00a0: V\u00e9rifiez si le cylindre est endommag\u00e9 ou si les composants sont mal align\u00e9s.<\/li>\n<\/ul>\n<p>Pour chaque probl\u00e8me, tenez compte des conseils et solutions de d\u00e9pannage appropri\u00e9s afin de diagnostiquer et de r\u00e9soudre efficacement le probl\u00e8me. De plus, pr\u00e9voyez des mesures pr\u00e9ventives pour minimiser les probl\u00e8mes potentiels.<\/p>\n<p><img decoding=\"async\" src=\"https:\/\/www.hydraulic-cylinders.net\/wp-content\/uploads\/2025\/01\/songte-bushings-with-all-kinds-of-excavator-models.webp\" alt=\"Image de d\u00e9pannage\"><\/p>\n<h2>\u00c0 propos de notre entreprise<\/h2>\n<p>Nous sommes un fabricant et distributeur de premier plan de v\u00e9rins hydrauliques, sp\u00e9cialis\u00e9 dans la production de v\u00e9rins de remplacement. Gr\u00e2ce \u00e0 notre large gamme de produits, nous sommes devenus l'un des leaders du march\u00e9, tant au niveau national qu'international. Nous nous engageons \u00e0 atteindre l'excellence et mettons en \u0153uvre des strat\u00e9gies de gestion de production industrialis\u00e9es au sein de nos ateliers de fabrication modernes. Forts de notre expertise technique, de nos \u00e9quipements de production num\u00e9rique de pointe et de nos syst\u00e8mes de contr\u00f4le qualit\u00e9 professionnels, nous am\u00e9liorons constamment notre processus de fabrication, optimisons la qualit\u00e9 de nos produits et d\u00e9veloppons une forte capacit\u00e9 d'innovation. Guid\u00e9s par l'efficacit\u00e9, la pr\u00e9cision et la qualit\u00e9, nous nous effor\u00e7ons de r\u00e9pondre aux besoins vari\u00e9s de nos clients.<\/p>\n<p><img decoding=\"async\" src=\"https:\/\/www.hydraulic-cylinders.net\/wp-content\/uploads\/2025\/01\/songte-company-3.webp\" alt=\"Image de l&#039;entreprise\"><\/p>\n<p>De plus, nous proposons\u00a0:<\/p>\n<ul>\n<li>Professionnalisme : Notre \u00e9quipe est compos\u00e9e de professionnels hautement qualifi\u00e9s, d\u00e9di\u00e9s \u00e0 la fourniture de v\u00e9rins hydrauliques de qualit\u00e9 sup\u00e9rieure.<\/li>\n<li>Certifications internationales\u00a0: Nos produits r\u00e9pondent aux normes et certifications internationales en mati\u00e8re d\u2019assurance qualit\u00e9.<\/li>\n<li>Services de personnalisation\u00a0: Nous proposons des solutions personnalis\u00e9es pour r\u00e9pondre aux exigences sp\u00e9cifiques de nos clients.<\/li>\n<li>\u00c9quipements de production : Nous utilisons des \u00e9quipements de pointe pour garantir une fabrication pr\u00e9cise et une qualit\u00e9 constante.<\/li>\n<li>Service apr\u00e8s-vente\u00a0: Nous offrons un service apr\u00e8s-vente complet pour r\u00e9pondre \u00e0 toutes les pr\u00e9occupations et questions de nos clients.<\/li>\n<\/ul>\n<p>Auteur:<\/p>","protected":false},"excerpt":{"rendered":"<p>Bucket Cylinder For Tiangong ZG3235-9 Bucket Cylinder For Tiangong ZG3235-9 Introduction The bucket cylinder for Tiangong ZG3235-9 is a specialized hydraulic cylinder designed for controlling the movement of the bucket in heavy machinery such as excavators, backhoe loaders, and front loaders. Its main function is to enable the lifting, lowering, and tilting of the bucket, [&hellip;]<\/p>","protected":false},"featured_media":14780,"comment_status":"open","ping_status":"closed","template":"","meta":{"_et_pb_use_builder":"","_et_pb_old_content":"","_et_gb_content_width":""},"product_brand":[],"product_cat":[1494],"product_tag":[1495,1496],"class_list":{"0":"post-15963","1":"product","2":"type-product","3":"status-publish","4":"has-post-thumbnail","6":"product_cat-bucket-cylinders","7":"product_tag-bucket-cylinders","8":"product_tag-hydraulic-cylinders","10":"first","11":"instock","12":"shipping-taxable","13":"product-type-simple"},"amp_enabled":true,"_links":{"self":[{"href":"https:\/\/www.hydraulic-cylinders.net\/fr\/wp-json\/wp\/v2\/product\/15963","targetHints":{"allow":["GET"]}}],"collection":[{"href":"https:\/\/www.hydraulic-cylinders.net\/fr\/wp-json\/wp\/v2\/product"}],"about":[{"href":"https:\/\/www.hydraulic-cylinders.net\/fr\/wp-json\/wp\/v2\/types\/product"}],"replies":[{"embeddable":true,"href":"https:\/\/www.hydraulic-cylinders.net\/fr\/wp-json\/wp\/v2\/comments?post=15963"}],"wp:featuredmedia":[{"embeddable":true,"href":"https:\/\/www.hydraulic-cylinders.net\/fr\/wp-json\/wp\/v2\/media\/14780"}],"wp:attachment":[{"href":"https:\/\/www.hydraulic-cylinders.net\/fr\/wp-json\/wp\/v2\/media?parent=15963"}],"wp:term":[{"taxonomy":"product_brand","embeddable":true,"href":"https:\/\/www.hydraulic-cylinders.net\/fr\/wp-json\/wp\/v2\/product_brand?post=15963"},{"taxonomy":"product_cat","embeddable":true,"href":"https:\/\/www.hydraulic-cylinders.net\/fr\/wp-json\/wp\/v2\/product_cat?post=15963"},{"taxonomy":"product_tag","embeddable":true,"href":"https:\/\/www.hydraulic-cylinders.net\/fr\/wp-json\/wp\/v2\/product_tag?post=15963"}],"curies":[{"name":"wp","href":"https:\/\/api.w.org\/{rel}","templated":true}]}}