{"id":15992,"date":"2025-01-19T15:15:43","date_gmt":"2025-01-19T15:15:43","guid":{"rendered":"https:\/\/www.hydraulic-cylinders.net\/product\/bucket-cylinder-for-hengte-wheel-excavator-htl135\/"},"modified":"2025-01-19T15:15:45","modified_gmt":"2025-01-19T15:15:45","slug":"bucket-cylinder-for-hengte-wheel-excavator-htl135","status":"publish","type":"product","link":"https:\/\/www.hydraulic-cylinders.net\/fr\/produit\/bucket-cylinder-for-hengte-wheel-excavator-htl135\/","title":{"rendered":"V\u00e9rin de godet pour pelle sur pneus Hengte HTL135"},"content":{"rendered":"<p><!DOCTYPE html><br \/>\n<html><br \/>\n<head><br \/>\n<title>V\u00e9rin de godet pour pelle sur pneus Hengte HTL135<\/title><br \/>\n<\/head><br \/>\n<body><\/p>\n<h1>V\u00e9rin de godet pour pelle sur pneus Hengte HTL135<\/h1>\n<h2>Introduction<\/h2>\n<p>Le v\u00e9rin de godet est un v\u00e9rin hydraulique sp\u00e9cialement con\u00e7u pour contr\u00f4ler les mouvements du godet sur les engins de chantier tels que les pelles hydrauliques, les chargeuses-pelleteuses et les chargeuses sur pneus. Sa fonction principale est de permettre le levage, l'abaissement et l'inclinaison du godet, ce qui le rend adapt\u00e9 \u00e0 diverses op\u00e9rations de manutention. Au sein du syst\u00e8me hydraulique, le v\u00e9rin de godet assure un contr\u00f4le pr\u00e9cis du godet gr\u00e2ce aux variations de pression de l'huile hydraulique, permettant ainsi aux op\u00e9rateurs de manipuler efficacement des charges lourdes et de s'adapter \u00e0 des environnements de travail complexes et \u00e0 des exigences vari\u00e9es.<\/p>\n<p><img decoding=\"async\" src=\"https:\/\/www.hydraulic-cylinders.net\/wp-content\/uploads\/2025\/01\/songte-company-2.webp\" alt=\"Image du cylindre du godet\"><\/p>\n<h2>Caract\u00e9ristiques<\/h2>\n<ul>\n<li>Haute r\u00e9sistance et durabilit\u00e9\u00a0: g\u00e9n\u00e9ralement fabriqu\u00e9 en acier ou en aluminium haute r\u00e9sistance, le v\u00e9rin de godet supporte les hautes pressions et les charges importantes, s\u2019adaptant ainsi aux environnements de travail difficiles. Sa conception prend en compte la r\u00e9sistance \u00e0 l\u2019usure et \u00e0 la corrosion afin d\u2019en prolonger la dur\u00e9e de vie.<\/li>\n<li>Fonctionnement hydraulique efficace\u00a0: Utilisant la pression de l\u2019huile hydraulique, le v\u00e9rin du godet permet des mouvements d\u2019extension et de r\u00e9traction fluides, assurant une r\u00e9ponse rapide aux commandes et fournissant des forces de pouss\u00e9e et de traction puissantes, ce qui le rend adapt\u00e9 \u00e0 la manutention de charges lourdes et \u00e0 des t\u00e2ches complexes.<\/li>\n<li>Diff\u00e9rents types\u00a0: Le v\u00e9rin du godet peut \u00eatre choisi en version simple effet (hydraulique dans un seul sens) ou double effet (hydraulique dans les deux sens) selon les besoins, afin de r\u00e9pondre \u00e0 diff\u00e9rentes exigences op\u00e9rationnelles. Certains mod\u00e8les sont t\u00e9lescopiques, ce qui permet une plus grande extension sans augmenter les dimensions ext\u00e9rieures et les rend adapt\u00e9s aux applications dans des espaces restreints.<\/li>\n<li>Remplacement id\u00e9al : Notre produit peut parfaitement remplacer ces v\u00e9rins hydrauliques. <\/li>\n<\/ul>\n<p><img decoding=\"async\" src=\"https:\/\/www.hydraulic-cylinders.net\/wp-content\/uploads\/2025\/01\/songte-cylinder-head-with-all-kinds-excavator-models.webp\" alt=\"Image de remplacement du v\u00e9rin de godet\"><\/p>\n<h2>Applications<\/h2>\n<ul>\n<li>Mat\u00e9riel de construction\u00a0: Pr\u00e9sents dans les excavatrices, ils sont indispensables pour creuser, charger et d\u00e9placer la terre ou les d\u00e9bris. Dans les chargeuses-pelleteuses, le v\u00e9rin du godet contribue \u00e0 la fois au creusement et au levage.<\/li>\n<li>Machines agricoles : Utilis\u00e9es dans les chargeuses frontales pour ramasser, soulever et transporter la terre, le foin et autres mat\u00e9riaux.<\/li>\n<li>Excavateurs : Le v\u00e9rin de godet permet les actions de creusement en permettant au godet de p\u00e9n\u00e9trer le sol.<\/li>\n<li>Chargeuses sur pneus : Sur les chargeuses frontales, elles permettent de lever et de d\u00e9charger efficacement la cargaison.<\/li>\n<\/ul>\n<h2>Consid\u00e9rations de conception et crit\u00e8res de s\u00e9lection<\/h2>\n<ul>\n<li>Capacit\u00e9 de charge : Le v\u00e9rin du godet est con\u00e7u pour supporter des charges importantes et offrir des performances fiables.<\/li>\n<li>\u00c9tanch\u00e9it\u00e9\u00a0: Diff\u00e9rents types de joints, tels que les joints de piston et les joints de tige, sont utilis\u00e9s. Ces joints sont fabriqu\u00e9s \u00e0 partir de mat\u00e9riaux r\u00e9sistants \u00e0 l\u2019usure, comme le polyur\u00e9thane et le caoutchouc nitrile. Le corps du cylindre et les surfaces d\u2019extr\u00e9mit\u00e9 filet\u00e9es b\u00e9n\u00e9ficient d\u2019un traitement de surface pr\u00e9cis afin d\u2019am\u00e9liorer leur r\u00e9sistance \u00e0 l\u2019usure.<\/li>\n<li>Durabilit\u00e9 : Le v\u00e9rin du godet est con\u00e7u pour durer, gr\u00e2ce \u00e0 l'utilisation de mat\u00e9riaux et de proc\u00e9d\u00e9s de fabrication de haute qualit\u00e9 qui garantissent des performances \u00e0 long terme.<\/li>\n<li>S\u00e9curit\u00e9 : Des dispositifs de s\u00e9curit\u00e9 sont int\u00e9gr\u00e9s \u00e0 la conception afin de prot\u00e9ger les op\u00e9rateurs et de pr\u00e9venir les accidents.<\/li>\n<li>Facilit\u00e9 d'entretien : Le v\u00e9rin du godet est con\u00e7u pour un entretien facile, permettant une inspection r\u00e9guli\u00e8re, une lubrification et un remplacement des joints et autres composants.<\/li>\n<\/ul>\n<p><img decoding=\"async\" src=\"https:\/\/www.hydraulic-cylinders.net\/wp-content\/uploads\/2025\/01\/songte-oil-pipes-and-spare-parts.webp\" alt=\"Image de conception et d&#039;entretien du v\u00e9rin de godet\"><\/p>\n<h2>\u00c9tanch\u00e9it\u00e9 et lubrification<\/h2>\n<p>Le v\u00e9rin du godet utilise divers \u00e9l\u00e9ments d'\u00e9tanch\u00e9it\u00e9, tels que des joints de piston et des joints de tige, fabriqu\u00e9s en mat\u00e9riaux r\u00e9sistants \u00e0 l'usure comme le polyur\u00e9thane et le caoutchouc nitrile. Le corps du v\u00e9rin et les surfaces d'extr\u00e9mit\u00e9 filet\u00e9es b\u00e9n\u00e9ficient d'un traitement de surface optimis\u00e9 pour une meilleure r\u00e9sistance \u00e0 l'usure. Une lubrification r\u00e9guli\u00e8re avec la quantit\u00e9 appropri\u00e9e d'huile hydraulique est indispensable au bon fonctionnement et \u00e0 la long\u00e9vit\u00e9 du v\u00e9rin.<\/p>\n<h2>Inspection r\u00e9guli\u00e8re et maintenance pr\u00e9ventive<\/h2>\n<p>Des inspections r\u00e9guli\u00e8res doivent \u00eatre effectu\u00e9es afin de d\u00e9tecter tout signe d'usure, de fuite ou de dommage. Un graissage ad\u00e9quat, le remplacement des joints et des contr\u00f4les d'\u00e9talonnage doivent \u00eatre r\u00e9alis\u00e9s pour garantir des performances optimales. Les mesures de maintenance pr\u00e9ventive contribuent \u00e0 minimiser les probl\u00e8mes potentiels et \u00e0 prolonger la dur\u00e9e de vie du v\u00e9rin du godet.<\/p>\n<h2>Guide d'installation correcte du produit<\/h2>\n<p>Une installation correcte du v\u00e9rin de godet est essentielle \u00e0 son fonctionnement optimal. Veuillez suivre les \u00e9tapes suivantes\u00a0:<\/p>\n<ol>\n<li>Veillez \u00e0 ce que le cylindre soit correctement align\u00e9, en suivant les instructions fournies lors de l'installation.<\/li>\n<li>Utilisez des supports d\u2019installation appropri\u00e9s pour fixer le cylindre en place.<\/li>\n<li>Suivez les proc\u00e9dures recommand\u00e9es d'inspection, de r\u00e9paration et de remplacement pour garantir un fonctionnement s\u00fbr et efficace.<\/li>\n<li>Fournir des conseils et des techniques pour prolonger la dur\u00e9e de vie du v\u00e9rin de godet, y compris des services de remplacement de pi\u00e8ces et de remise en \u00e9tat.<\/li>\n<\/ol>\n<p><img decoding=\"async\" src=\"https:\/\/www.hydraulic-cylinders.net\/wp-content\/uploads\/2025\/01\/songte-chushion-collar.webp\" alt=\"Image d&#039;installation du v\u00e9rin de godet\"><\/p>\n<h2>Consid\u00e9rations de s\u00e9curit\u00e9 et facteurs environnementaux<\/h2>\n<p>Lors de l'utilisation du v\u00e9rin de godet, il est essentiel de privil\u00e9gier les mesures de s\u00e9curit\u00e9 afin de prot\u00e9ger \u00e0 la fois les op\u00e9rateurs et l'environnement. Une formation ad\u00e9quate, le respect des consignes de s\u00e9curit\u00e9 et l'utilisation des \u00e9quipements de protection individuelle n\u00e9cessaires sont fortement recommand\u00e9s.<\/p>\n<h2>D\u00e9pannage et probl\u00e8mes courants<\/h2>\n<p>En cas de probl\u00e8me avec le v\u00e9rin du godet, il est important d'\u00e9tablir un diagnostic pr\u00e9cis et de r\u00e9soudre efficacement le probl\u00e8me. Des conseils et des solutions de d\u00e9pannage aideront les utilisateurs \u00e0 surmonter rapidement les difficult\u00e9s rencontr\u00e9es. Il est \u00e9galement utile de proposer des mesures pr\u00e9ventives pour minimiser les risques de probl\u00e8mes.<\/p>\n<p><img decoding=\"async\" src=\"https:\/\/www.hydraulic-cylinders.net\/wp-content\/uploads\/2025\/01\/songte-bushings-with-all-kinds-of-excavator-models.webp\" alt=\"Image de d\u00e9pannage du v\u00e9rin de godet\"><\/p>\n<h2>\u00c0 propos de notre entreprise<\/h2>\n<p>Nous sommes un fabricant de v\u00e9rins hydrauliques de remplacement et proposons une large gamme de produits. Nous figurons parmi les principaux fabricants et distributeurs de v\u00e9rins hydrauliques sur les march\u00e9s nationaux et internationaux. Notre entreprise s'appuie sur une d\u00e9marche d'excellence et des strat\u00e9gies de gestion de production industrialis\u00e9es au sein de nos ateliers de fabrication modernes. Gr\u00e2ce \u00e0 notre expertise technique, nos \u00e9quipements de production de pointe et nos syst\u00e8mes de contr\u00f4le qualit\u00e9 professionnels, nous am\u00e9liorons constamment notre plateforme de production et nos processus de fabrication. Forts d'une grande capacit\u00e9 d'innovation, nous nous effor\u00e7ons de r\u00e9pondre aux besoins vari\u00e9s de nos clients avec efficacit\u00e9, pr\u00e9cision et qualit\u00e9.<\/p>\n<p><img decoding=\"async\" src=\"https:\/\/www.hydraulic-cylinders.net\/wp-content\/uploads\/2025\/01\/songte-company-3.webp\" alt=\"Image de l&#039;entreprise\"><\/p>\n<h2>Pr\u00e9sentation de l'entreprise<\/h2>\n<ul>\n<li>Professionnalisme : Nous nous engageons \u00e0 fournir des solutions professionnelles en mati\u00e8re de v\u00e9rins hydrauliques.<\/li>\n<li>Certifications internationales\u00a0: Nos produits r\u00e9pondent aux normes de qualit\u00e9 internationales et ont obtenu les certifications pertinentes.<\/li>\n<li>Services de personnalisation\u00a0: Nous proposons des solutions personnalis\u00e9es pour r\u00e9pondre aux exigences sp\u00e9cifiques de nos clients.<\/li>\n<li>Installations de production : Notre entreprise est \u00e9quip\u00e9e d'\u00e9quipements de production de pointe afin de garantir une fabrication de haute qualit\u00e9.<\/li>\n<li>Service apr\u00e8s-vente\u00a0: Nous proposons des services apr\u00e8s-vente complets, incluant le remplacement de pi\u00e8ces et la remise en \u00e9tat, afin d\u2019optimiser la dur\u00e9e de vie de nos v\u00e9rins hydrauliques.<\/li>\n<\/ul>\n<p><img decoding=\"async\" src=\"https:\/\/hzpt.com\/wp-content\/uploads\/2024\/11\/songte-company-1.webp\" alt=\"Image des installations de l&#039;entreprise\"><\/p>\n<p>Auteur : lyl<\/p>\n<p><\/body><br \/>\n<\/html><\/p>","protected":false},"excerpt":{"rendered":"<p>Bucket Cylinder For Hengte Wheel Excavator HTL135 Bucket Cylinder For Hengte Wheel Excavator HTL135 Introduction The bucket cylinder is a specially designed hydraulic cylinder used to control the movement of the bucket in heavy machinery such as excavators, backhoe loaders, and wheel loaders. Its main function is to enable the lifting, lowering, and tilting of [&hellip;]<\/p>","protected":false},"featured_media":14782,"comment_status":"open","ping_status":"closed","template":"","meta":{"_et_pb_use_builder":"","_et_pb_old_content":"","_et_gb_content_width":""},"product_brand":[],"product_cat":[1494],"product_tag":[1495,1496],"class_list":{"0":"post-15992","1":"product","2":"type-product","3":"status-publish","4":"has-post-thumbnail","6":"product_cat-bucket-cylinders","7":"product_tag-bucket-cylinders","8":"product_tag-hydraulic-cylinders","10":"first","11":"instock","12":"shipping-taxable","13":"product-type-simple"},"amp_enabled":true,"_links":{"self":[{"href":"https:\/\/www.hydraulic-cylinders.net\/fr\/wp-json\/wp\/v2\/product\/15992","targetHints":{"allow":["GET"]}}],"collection":[{"href":"https:\/\/www.hydraulic-cylinders.net\/fr\/wp-json\/wp\/v2\/product"}],"about":[{"href":"https:\/\/www.hydraulic-cylinders.net\/fr\/wp-json\/wp\/v2\/types\/product"}],"replies":[{"embeddable":true,"href":"https:\/\/www.hydraulic-cylinders.net\/fr\/wp-json\/wp\/v2\/comments?post=15992"}],"wp:featuredmedia":[{"embeddable":true,"href":"https:\/\/www.hydraulic-cylinders.net\/fr\/wp-json\/wp\/v2\/media\/14782"}],"wp:attachment":[{"href":"https:\/\/www.hydraulic-cylinders.net\/fr\/wp-json\/wp\/v2\/media?parent=15992"}],"wp:term":[{"taxonomy":"product_brand","embeddable":true,"href":"https:\/\/www.hydraulic-cylinders.net\/fr\/wp-json\/wp\/v2\/product_brand?post=15992"},{"taxonomy":"product_cat","embeddable":true,"href":"https:\/\/www.hydraulic-cylinders.net\/fr\/wp-json\/wp\/v2\/product_cat?post=15992"},{"taxonomy":"product_tag","embeddable":true,"href":"https:\/\/www.hydraulic-cylinders.net\/fr\/wp-json\/wp\/v2\/product_tag?post=15992"}],"curies":[{"name":"wp","href":"https:\/\/api.w.org\/{rel}","templated":true}]}}