{"id":16000,"date":"2025-01-19T15:16:29","date_gmt":"2025-01-19T15:16:29","guid":{"rendered":"https:\/\/www.hydraulic-cylinders.net\/product\/bucket-cylinder-for-yigong-cy330lc-8\/"},"modified":"2025-01-19T15:16:31","modified_gmt":"2025-01-19T15:16:31","slug":"bucket-cylinder-for-yigong-cy330lc-8","status":"publish","type":"product","link":"https:\/\/www.hydraulic-cylinders.net\/fr\/produit\/bucket-cylinder-for-yigong-cy330lc-8\/","title":{"rendered":"Cylindre de godet pour Yigong CY330LC-8"},"content":{"rendered":"<h1>Cylindre de godet pour Yigong CY330LC-8<\/h1>\n<h2>Introduction<\/h2>\n<p>Le v\u00e9rin de godet est un v\u00e9rin hydraulique sp\u00e9cialement con\u00e7u pour contr\u00f4ler les mouvements du godet sur les engins de chantier tels que les pelles hydrauliques, les chargeuses-pelleteuses et les chargeuses frontales. Sa fonction principale est de permettre la lev\u00e9e, l'abaissement et l'inclinaison du godet, facilitant ainsi diverses op\u00e9rations de manutention. Dans un syst\u00e8me hydraulique, le v\u00e9rin de godet assure un contr\u00f4le pr\u00e9cis du godet gr\u00e2ce aux variations de pression de l'huile hydraulique, permettant aux op\u00e9rateurs de manipuler efficacement des charges lourdes et de s'adapter \u00e0 des environnements de travail complexes et \u00e0 des exigences vari\u00e9es.<\/p>\n<p><img decoding=\"async\" src=\"https:\/\/www.hydraulic-cylinders.net\/wp-content\/uploads\/2025\/01\/songte-company-2.webp\"><\/p>\n<h2>Caract\u00e9ristiques<\/h2>\n<ul>\n<li><strong>Haute r\u00e9sistance et durabilit\u00e9 :<\/strong> Fabriqu\u00e9 g\u00e9n\u00e9ralement en acier haute r\u00e9sistance ou en aluminium, le v\u00e9rin du godet supporte les hautes pressions et les charges importantes, s'adaptant ainsi aux conditions de travail difficiles. Sa conception prend en compte la r\u00e9sistance \u00e0 l'usure et \u00e0 la corrosion, prolongeant sa dur\u00e9e de vie.<\/li>\n<li><strong>Fonctionnement hydraulique efficace :<\/strong> En utilisant la pression de l'huile hydraulique, le v\u00e9rin du godet assure une extension et une r\u00e9traction fluides, permettant une r\u00e9ponse rapide aux commandes et fournissant une force de pouss\u00e9e et de traction puissante, adapt\u00e9e \u00e0 la manutention de charges lourdes et \u00e0 des t\u00e2ches complexes.<\/li>\n<li><strong>Plusieurs types :<\/strong> Le v\u00e9rin du godet peut \u00eatre choisi en version simple effet (pression hydraulique unidirectionnelle) ou double effet (pression hydraulique bidirectionnelle) selon les besoins, r\u00e9pondant ainsi \u00e0 diff\u00e9rentes exigences op\u00e9rationnelles. Certains mod\u00e8les sont t\u00e9lescopiques, ce qui permet une plus grande extension sans augmenter les dimensions ext\u00e9rieures et les rend particuli\u00e8rement adapt\u00e9s aux applications en espaces restreints.<\/li>\n<li><strong>Rempla\u00e7abilit\u00e9 :<\/strong> Nos produits peuvent parfaitement remplacer ces v\u00e9rins hydrauliques.<\/li>\n<\/ul>\n<p><img decoding=\"async\" src=\"https:\/\/www.hydraulic-cylinders.net\/wp-content\/uploads\/2025\/01\/songte-cylinder-head-with-all-kinds-excavator-models.webp\"><\/p>\n<h2>Applications<\/h2>\n<h3>\u00c9quipement de construction<\/h3>\n<p>Sur les excavatrices, ils sont indispensables pour creuser, charger et d\u00e9placer la terre ou les d\u00e9bris. Sur les chargeuses-pelleteuses, le v\u00e9rin du godet contribue \u00e0 la fois \u00e0 l'excavation et au levage.<\/p>\n<h3>machines agricoles<\/h3>\n<p>Utilis\u00e9 dans les chargeurs frontaux pour ramasser, soulever et transporter de la terre, du foin et d'autres mat\u00e9riaux.<\/p>\n<h3>Excavateurs<\/h3>\n<p>Le v\u00e9rin du godet permet l'action de creuser en permettant au godet de p\u00e9n\u00e9trer dans le sol.<\/p>\n<h3>Chargeurs<\/h3>\n<p>Sur les chargeuses frontales, elles contribuent \u00e0 lever et \u00e0 d\u00e9charger efficacement la cargaison.<\/p>\n<p><img decoding=\"async\" src=\"https:\/\/www.hydraulic-cylinders.net\/wp-content\/uploads\/2025\/01\/songte-oil-pipes-and-spare-parts.webp\"><\/p>\n<h2>Consid\u00e9rations de conception et crit\u00e8res de s\u00e9lection<\/h2>\n<ul>\n<li><strong>Capacit\u00e9 portante :<\/strong> Le v\u00e9rin du godet est con\u00e7u pour r\u00e9sister aux exigences de charge sp\u00e9cifi\u00e9es.<\/li>\n<li><strong>Scellage:<\/strong> Diff\u00e9rents types de joints, tels que les joints de piston et les joints de tige, sont utilis\u00e9s, confectionn\u00e9s dans des mat\u00e9riaux r\u00e9sistants \u00e0 l'usure comme le polyur\u00e9thane et le caoutchouc nitrile. Le corps du cylindre et les extr\u00e9mit\u00e9s filet\u00e9es subissent un traitement de pr\u00e9cision afin d'am\u00e9liorer leur r\u00e9sistance \u00e0 l'usure.<\/li>\n<li><strong>Durabilit\u00e9:<\/strong> Le v\u00e9rin du godet est con\u00e7u pour r\u00e9sister aux exigences des environnements de travail difficiles et offrir des performances durables.<\/li>\n<li><strong>S\u00e9curit\u00e9:<\/strong> Les consid\u00e9rations de s\u00e9curit\u00e9 sont prises en compte lors du processus de conception afin de garantir le fonctionnement fiable du v\u00e9rin du godet.<\/li>\n<li><strong>Maintenabilit\u00e9 :<\/strong> Le v\u00e9rin du godet est con\u00e7u pour faciliter l'entretien, permettant ainsi une maintenance et une r\u00e9paration efficaces en cas de besoin.<\/li>\n<\/ul>\n<p><img decoding=\"async\" src=\"https:\/\/www.hydraulic-cylinders.net\/wp-content\/uploads\/2025\/01\/songte-chushion-collar.webp\"><\/p>\n<h2>\u00c9tanch\u00e9it\u00e9 et lubrification<\/h2>\n<p>Le v\u00e9rin du godet utilise diff\u00e9rents joints, tels que des joints de piston et des joints de tige, fabriqu\u00e9s en mat\u00e9riaux r\u00e9sistants \u00e0 l'usure comme le polyur\u00e9thane et le caoutchouc nitrile. Le corps du v\u00e9rin et ses extr\u00e9mit\u00e9s filet\u00e9es b\u00e9n\u00e9ficient d'un traitement de pr\u00e9cision pour une meilleure r\u00e9sistance \u00e0 l'usure. Une lubrification r\u00e9guli\u00e8re avec la quantit\u00e9 appropri\u00e9e d'huile hydraulique est indispensable \u00e0 un fonctionnement optimal.<\/p>\n<h2>Inspection r\u00e9guli\u00e8re et maintenance pr\u00e9ventive<\/h2>\n<ul>\n<li>Inspectez r\u00e9guli\u00e8rement le v\u00e9rin du godet pour d\u00e9tecter tout signe de dommage ou d'usure.<\/li>\n<li>Assurer une lubrification ad\u00e9quate de toutes les pi\u00e8ces mobiles.<\/li>\n<li>Remplacez les joints lorsque cela est n\u00e9cessaire afin de maintenir des performances optimales.<\/li>\n<li>Effectuez des contr\u00f4les d\u2019\u00e9talonnage pour garantir un fonctionnement pr\u00e9cis.<\/li>\n<\/ul>\n<p><img decoding=\"async\" src=\"https:\/\/www.hydraulic-cylinders.net\/wp-content\/uploads\/2025\/01\/songte-bushings-with-all-kinds-of-excavator-models.webp\"><\/p>\n<h2>Consid\u00e9rations de s\u00e9curit\u00e9 et facteurs environnementaux<\/h2>\n<p>Lors de l'utilisation du v\u00e9rin de godet, il est important de respecter les consignes de s\u00e9curit\u00e9 afin de garantir la s\u00e9curit\u00e9 des op\u00e9rateurs et de pr\u00e9venir les accidents. Des pr\u00e9cautions de s\u00e9curit\u00e9 doivent \u00eatre prises lors de la manutention de charges lourdes et de l'utilisation de machines.<\/p>\n<h2>D\u00e9pannage et probl\u00e8mes courants<\/h2>\n<p>Les probl\u00e8mes courants pouvant affecter le v\u00e9rin du godet incluent les fuites, une puissance insuffisante et des mouvements anormaux. Des conseils et des solutions de d\u00e9pannage sont fournis pour aider les lecteurs \u00e0 diagnostiquer et \u00e0 r\u00e9soudre efficacement ces probl\u00e8mes. Des mesures pr\u00e9ventives sont \u00e9galement sugg\u00e9r\u00e9es afin de minimiser les risques.<\/p>\n<p><img decoding=\"async\" src=\"https:\/\/www.hydraulic-cylinders.net\/wp-content\/uploads\/2025\/01\/songte-company-1.webp\"><\/p>\n<h2>T\u00e2ches de maintenance<\/h2>\n<ul>\n<li>inspections r\u00e9guli\u00e8res<\/li>\n<li>Lubrification ad\u00e9quate<\/li>\n<li>remplacement des joints<\/li>\n<li>Contr\u00f4les d'\u00e9talonnage<\/li>\n<\/ul>\n<p>Une installation, une lubrification et un r\u00e9glage corrects sont essentiels, et des instructions pour un alignement pr\u00e9cis du v\u00e9rin lors de l'installation sont fournies. L'utilisation de supports de fixation appropri\u00e9s est recommand\u00e9e. Les proc\u00e9dures recommand\u00e9es d'inspection, de r\u00e9paration et de remplacement sont d\u00e9crites, ainsi que des conseils pour prolonger la dur\u00e9e de vie du v\u00e9rin de godet.<\/p>\n<p><img decoding=\"async\" src=\"https:\/\/www.hydraulic-cylinders.net\/wp-content\/uploads\/2025\/01\/songte-company-3.webp\"><\/p>\n<h2>\u00c0 propos de notre entreprise<\/h2>\n<p>Nous sommes un fabricant de v\u00e9rins hydrauliques de remplacement et proposons une large gamme de produits. Comptant parmi les principaux fabricants et distributeurs de v\u00e9rins hydrauliques sur les march\u00e9s nationaux et internationaux, nous privil\u00e9gions l'excellence et nous appuyons sur des strat\u00e9gies de gestion de production industrialis\u00e9es au sein d'ateliers de fabrication ultramodernes. Gr\u00e2ce \u00e0 nos \u00e9quipes techniques comp\u00e9tentes, nos \u00e9quipements de fabrication num\u00e9rique de pointe et nos syst\u00e8mes de contr\u00f4le qualit\u00e9 professionnels, nous am\u00e9liorons constamment notre plateforme de production, optimisons nos processus de fabrication et d\u00e9veloppons une forte capacit\u00e9 d'innovation. Notre objectif est de r\u00e9pondre aux besoins vari\u00e9s de nos clients avec efficacit\u00e9, pr\u00e9cision et qualit\u00e9.<\/p>","protected":false},"excerpt":{"rendered":"<p>Bucket Cylinder For Yigong CY330LC-8 Introduction The bucket cylinder is a specially designed hydraulic cylinder used to control the movement of the bucket in heavy machinery such as excavators, backhoe loaders, and front loaders. Its main function is to allow the bucket to lift, lower, and tilt, making it convenient for various material handling tasks. [&hellip;]<\/p>","protected":false},"featured_media":14762,"comment_status":"open","ping_status":"closed","template":"","meta":{"_et_pb_use_builder":"","_et_pb_old_content":"","_et_gb_content_width":""},"product_brand":[],"product_cat":[1494],"product_tag":[1495,1496],"class_list":{"0":"post-16000","1":"product","2":"type-product","3":"status-publish","4":"has-post-thumbnail","6":"product_cat-bucket-cylinders","7":"product_tag-bucket-cylinders","8":"product_tag-hydraulic-cylinders","10":"first","11":"instock","12":"shipping-taxable","13":"product-type-simple"},"amp_enabled":true,"_links":{"self":[{"href":"https:\/\/www.hydraulic-cylinders.net\/fr\/wp-json\/wp\/v2\/product\/16000","targetHints":{"allow":["GET"]}}],"collection":[{"href":"https:\/\/www.hydraulic-cylinders.net\/fr\/wp-json\/wp\/v2\/product"}],"about":[{"href":"https:\/\/www.hydraulic-cylinders.net\/fr\/wp-json\/wp\/v2\/types\/product"}],"replies":[{"embeddable":true,"href":"https:\/\/www.hydraulic-cylinders.net\/fr\/wp-json\/wp\/v2\/comments?post=16000"}],"wp:featuredmedia":[{"embeddable":true,"href":"https:\/\/www.hydraulic-cylinders.net\/fr\/wp-json\/wp\/v2\/media\/14762"}],"wp:attachment":[{"href":"https:\/\/www.hydraulic-cylinders.net\/fr\/wp-json\/wp\/v2\/media?parent=16000"}],"wp:term":[{"taxonomy":"product_brand","embeddable":true,"href":"https:\/\/www.hydraulic-cylinders.net\/fr\/wp-json\/wp\/v2\/product_brand?post=16000"},{"taxonomy":"product_cat","embeddable":true,"href":"https:\/\/www.hydraulic-cylinders.net\/fr\/wp-json\/wp\/v2\/product_cat?post=16000"},{"taxonomy":"product_tag","embeddable":true,"href":"https:\/\/www.hydraulic-cylinders.net\/fr\/wp-json\/wp\/v2\/product_tag?post=16000"}],"curies":[{"name":"wp","href":"https:\/\/api.w.org\/{rel}","templated":true}]}}