{"id":16002,"date":"2025-01-19T15:16:38","date_gmt":"2025-01-19T15:16:38","guid":{"rendered":"https:\/\/www.hydraulic-cylinders.net\/product\/bucket-cylinder-for-xiniu-xn63180\/"},"modified":"2025-01-19T15:16:40","modified_gmt":"2025-01-19T15:16:40","slug":"bucket-cylinder-for-xiniu-xn63180","status":"publish","type":"product","link":"https:\/\/www.hydraulic-cylinders.net\/fr\/produit\/bucket-cylinder-for-xiniu-xn63180\/","title":{"rendered":"Cylindre de godet pour Xiniu XN63180"},"content":{"rendered":"<h1>Cylindre de godet pour Xiniu XN63180<\/h1>\n<h2>Introduction<\/h2>\n<p>Le v\u00e9rin de godet, \u00e9galement appel\u00e9 v\u00e9rin hydraulique, est sp\u00e9cialement con\u00e7u pour les engins de chantier tels que les pelles hydrauliques, les tractopelles et les chargeuses. Sa fonction principale est de contr\u00f4ler les mouvements du godet, permettant le levage, l'abaissement et l'inclinaison, ce qui le rend adapt\u00e9 \u00e0 diverses op\u00e9rations de manutention. Dans un syst\u00e8me hydraulique, le v\u00e9rin de godet contr\u00f4le pr\u00e9cis\u00e9ment les mouvements du godet en modulant la pression de l'huile hydraulique, permettant ainsi aux op\u00e9rateurs de manipuler efficacement des charges lourdes et de s'adapter \u00e0 des environnements de travail complexes et \u00e0 des exigences vari\u00e9es.<\/p>\n<p><img decoding=\"async\" src=\"https:\/\/www.hydraulic-cylinders.net\/wp-content\/uploads\/2025\/01\/songte-company-2.webp\"><\/p>\n<h2>Caract\u00e9ristiques<\/h2>\n<ul>\n<li><strong>Haute r\u00e9sistance et durabilit\u00e9<\/strong>Fabriqu\u00e9 g\u00e9n\u00e9ralement en acier haute r\u00e9sistance ou en aluminium, le v\u00e9rin du godet supporte les hautes pressions et les charges importantes, s'adaptant ainsi aux environnements de travail difficiles. Sa conception assure une r\u00e9sistance \u00e0 l'usure et \u00e0 la corrosion, prolongeant sa dur\u00e9e de vie.<\/li>\n<li><strong>Fonctionnement hydraulique efficace<\/strong>Gr\u00e2ce \u00e0 la pression de l'huile hydraulique, le v\u00e9rin du godet assure une extension et une r\u00e9traction fluides, r\u00e9pond rapidement aux commandes et fournit une force de pouss\u00e9e et de traction importante, ce qui le rend adapt\u00e9 \u00e0 la manutention de charges lourdes et \u00e0 des t\u00e2ches complexes.<\/li>\n<li><strong>Diff\u00e9rents types<\/strong>Le v\u00e9rin du godet peut \u00eatre \u00e0 simple effet (actionnement hydraulique dans un seul sens) ou \u00e0 double effet (actionnement hydraulique dans les deux sens), selon les besoins op\u00e9rationnels. Certains mod\u00e8les sont t\u00e9lescopiques, ce qui permet une plus grande extension sans augmenter les dimensions ext\u00e9rieures et les rend adapt\u00e9s aux applications o\u00f9 l'espace est limit\u00e9.<\/li>\n<li><strong>Remplacement du produit<\/strong>Nos produits peuvent parfaitement remplacer ces v\u00e9rins hydrauliques.<\/li>\n<\/ul>\n<p><img decoding=\"async\" src=\"https:\/\/www.hydraulic-cylinders.net\/wp-content\/uploads\/2025\/01\/songte-cylinder-head-with-all-kinds-excavator-models.webp\"><\/p>\n<h2>Applications<\/h2>\n<p>Le v\u00e9rin \u00e0 godet est largement utilis\u00e9 dans diverses industries, notamment\u00a0:<\/p>\n<ul>\n<li><strong>\u00c9quipement de construction<\/strong>Sur les excavatrices, le v\u00e9rin du godet est indispensable pour creuser, charger et d\u00e9placer la terre ou les d\u00e9bris. Sur les pelles r\u00e9tro, il sert \u00e0 la fois au creusement et au levage. Sur les chargeuses, il permet de lever et de d\u00e9charger efficacement les mat\u00e9riaux.<\/li>\n<li><strong>machines agricoles<\/strong>Utilis\u00e9 sur les chargeuses frontales pour le levage et le transport de terre, de foin et d'autres mat\u00e9riaux. Sur les pelles hydrauliques, le v\u00e9rin du godet assure le creusement en permettant \u00e0 ce dernier de p\u00e9n\u00e9trer dans le sol. <\/li>\n<\/ul>\n<p>Pour chaque application, la description du mot-cl\u00e9 doit comporter au moins 200 mots.<\/p>\n<h2>Consid\u00e9rations de conception et crit\u00e8res de s\u00e9lection<\/h2>\n<p>La conception du v\u00e9rin de godet doit prendre en compte la capacit\u00e9 de charge, l'\u00e9tanch\u00e9it\u00e9, la durabilit\u00e9, la s\u00e9curit\u00e9 et la facilit\u00e9 d'entretien. Les principaux points abord\u00e9s sont les suivants\u00a0:<\/p>\n<ul>\n<li><strong>Capacit\u00e9 de charge<\/strong>La capacit\u00e9 de charge du v\u00e9rin du godet est essentielle pour les engins lourds et doit \u00eatre choisie en fonction des exigences sp\u00e9cifiques de l'application.<\/li>\n<li><strong>Scellage<\/strong>Divers composants d'\u00e9tanch\u00e9it\u00e9, tels que les joints de piston et les joints de tige, sont utilis\u00e9s pour pr\u00e9venir les fuites d'huile, susceptibles d'entra\u00eener des pannes de machine. Des mat\u00e9riaux comme le polyur\u00e9thane et le caoutchouc nitrile sont employ\u00e9s pour leur r\u00e9sistance \u00e0 l'usure.<\/li>\n<li><strong>Durabilit\u00e9<\/strong>La durabilit\u00e9 du v\u00e9rin du godet est essentielle, et ses pi\u00e8ces doivent \u00eatre con\u00e7ues et fabriqu\u00e9es avec des mat\u00e9riaux de haute qualit\u00e9 pour r\u00e9sister aux environnements difficiles, r\u00e9duire l'usure et prolonger sa dur\u00e9e de vie.<\/li>\n<li><strong>S\u00e9curit\u00e9<\/strong>La conception du v\u00e9rin du godet doit privil\u00e9gier la s\u00e9curit\u00e9 et il doit \u00eatre \u00e9quip\u00e9 de soupapes de d\u00e9charge pour \u00e9viter les dommages dus \u00e0 une pression ou une charge excessive.<\/li>\n<li><strong>Maintenabilit\u00e9<\/strong>La conception du v\u00e9rin de godet doit prendre en compte la maintenance dans son cycle de vie, ce qui peut inclure la facilit\u00e9 de d\u00e9montage, de remplacement et de r\u00e9paration.<\/li>\n<\/ul>\n<p><img decoding=\"async\" src=\"https:\/\/www.hydraulic-cylinders.net\/wp-content\/uploads\/2025\/01\/songte-oil-pipes-and-spare-parts.webp\"><\/p>\n<h2>\u00c9tanch\u00e9it\u00e9 et lubrification<\/h2>\n<p>Le v\u00e9rin du godet n\u00e9cessite diff\u00e9rents types de joints, tels que des joints de piston et des joints de tige, pour pr\u00e9venir les fuites d'huile et garantir un fonctionnement optimal. Ces joints sont fabriqu\u00e9s en polyur\u00e9thane et en caoutchouc nitrile pour r\u00e9sister \u00e0 l'usure. Le corps du v\u00e9rin et la surface filet\u00e9e sont usin\u00e9s avec pr\u00e9cision pour une meilleure r\u00e9sistance \u00e0 l'usure. Un graissage r\u00e9gulier avec la quantit\u00e9 appropri\u00e9e d'huile hydraulique est indispensable \u00e0 son bon fonctionnement.<\/p>\n<h2>Mesures d'inspection et de maintenance pr\u00e9ventive<\/h2>\n<p>Des inspections r\u00e9guli\u00e8res et des mesures d'entretien pr\u00e9ventif sont essentielles pour prolonger la dur\u00e9e de vie du v\u00e9rin du godet. Les principales mesures comprennent\u00a0:<\/p>\n<ul>\n<li><strong>Inspection r\u00e9guli\u00e8re<\/strong>Une inspection r\u00e9guli\u00e8re du v\u00e9rin du godet vous permettra d'identifier rapidement les probl\u00e8mes potentiels et de les r\u00e9soudre avant qu'ils ne s'aggravent.<\/li>\n<li><strong>Lubrification<\/strong>V\u00e9rifiez et lubrifiez r\u00e9guli\u00e8rement le v\u00e9rin du godet pour assurer son bon fonctionnement.<\/li>\n<li><strong>Remplacement des joints et v\u00e9rification de l'\u00e9talonnage<\/strong>Remplacez r\u00e9guli\u00e8rement les joints us\u00e9s et v\u00e9rifiez l'\u00e9talonnage afin de maintenir l'efficacit\u00e9 du cylindre.<\/li>\n<\/ul>\n<p>Chaque point doit comporter au moins 200 mots de description.<\/p>\n<p><img decoding=\"async\" src=\"https:\/\/www.hydraulic-cylinders.net\/wp-content\/uploads\/2025\/01\/songte-chushion-collar.webp\"><\/p>\n<h2>Consid\u00e9rations de s\u00e9curit\u00e9 et facteurs environnementaux<\/h2>\n<p>Lors de l'utilisation du v\u00e9rin de godet, il est essentiel de respecter les consignes de s\u00e9curit\u00e9 afin de pr\u00e9venir tout accident. Suivez toujours les instructions et les recommandations du fabricant concernant l'installation, le fonctionnement et l'entretien. Les facteurs environnementaux tels que la temp\u00e9rature, l'humidit\u00e9 et la qualit\u00e9 de l'air peuvent affecter l'efficacit\u00e9 et la dur\u00e9e de vie du v\u00e9rin. Il est donc important de prendre les mesures pr\u00e9ventives n\u00e9cessaires pour garantir un environnement de travail s\u00fbr.<\/p>\n<h2>D\u00e9pannage et probl\u00e8mes courants<\/h2>\n<p>Les probl\u00e8mes courants pouvant affecter le v\u00e9rin du godet incluent les fuites d'huile, l'endommagement des joints et une baisse d'efficacit\u00e9. Le d\u00e9pannage consiste \u00e0 inspecter les joints, \u00e0 identifier et r\u00e9parer les fuites, et \u00e0 remplacer les pi\u00e8ces ou joints us\u00e9s. La pr\u00e9vention repose sur une inspection r\u00e9guli\u00e8re, la lubrification et le remplacement des pi\u00e8ces us\u00e9es.<\/p>\n<p><img decoding=\"async\" src=\"https:\/\/www.hydraulic-cylinders.net\/wp-content\/uploads\/2025\/01\/songte-bushings-with-all-kinds-of-excavator-models.webp\"><\/p>\n<h2>\u00c0 propos de notre entreprise<\/h2>\n<p>Nous sommes un fabricant de v\u00e9rins hydrauliques de remplacement offrant une gamme compl\u00e8te de produits, et figurons parmi les principaux fabricants et grossistes de v\u00e9rins hydrauliques sur les march\u00e9s nationaux et internationaux. Notre priorit\u00e9 est l'excellence, et nous nous appuyons sur une strat\u00e9gie de gestion de la production performante au sein d'ateliers de fabrication modernes. Nous optimisons constamment nos processus de production, am\u00e9liorons la qualit\u00e9 de nos produits et cultivons une forte capacit\u00e9 d'innovation. Notre objectif est de satisfaire les besoins vari\u00e9s de nos clients avec efficacit\u00e9, pr\u00e9cision et un souci constant de la qualit\u00e9.<\/p>\n<h3>Professionnalisme<\/h3>\n<p>Nous disposons de techniciens professionnels et exp\u00e9riment\u00e9s, d'un ensemble complet d'\u00e9quipements de production de pointe et d'un syst\u00e8me de d\u00e9tection professionnel pour garantir la qualit\u00e9 de nos produits.<\/p>\n<h3>Certification internationale<\/h3>\n<p>Nos produits ont re\u00e7u les certifications ISO9001 et CE, r\u00e9pondant ainsi aux normes internationales.<\/p>\n<h3>Service de personnalisation<\/h3>\n<p>Nous proposons des services personnalis\u00e9s pour r\u00e9pondre aux diff\u00e9rents besoins de nos clients, notamment des conceptions, des mat\u00e9riaux et des rev\u00eatements sp\u00e9ciaux.<\/p>\n<h3>\u00c9quipement de production<\/h3>\n<p>Nous utilisons des \u00e9quipements de fabrication de pointe, tels que des tours CNC, des centres d'usinage et des machines de test, afin de garantir la pr\u00e9cision et la constance de nos produits.<\/p>\n<h3>Service apr\u00e8s-vente<\/h3>\n<p>Nous proposons des services apr\u00e8s-vente complets, incluant le remplacement de pi\u00e8ces et la remise en \u00e9tat, afin de garantir la satisfaction de nos clients.<\/p>\n<p><img decoding=\"async\" src=\"https:\/\/www.hydraulic-cylinders.net\/wp-content\/uploads\/2025\/01\/songte-company-3.webp\"><\/p>\n<p>Auteur : lyl.<\/p>","protected":false},"excerpt":{"rendered":"<p>Bucket Cylinder For Xiniu XN63180 Introduction The bucket cylinder, also known as a hydraulic cylinder, is specially designed for heavy machinery such as excavators, backhoes, and loaders. Its main function is to control the movement of the bucket, allowing for lifting, lowering, and tilting, making it suitable for various material handling tasks. In the hydraulic [&hellip;]<\/p>","protected":false},"featured_media":14789,"comment_status":"open","ping_status":"closed","template":"","meta":{"_et_pb_use_builder":"","_et_pb_old_content":"","_et_gb_content_width":""},"product_brand":[],"product_cat":[1494],"product_tag":[1495,1496],"class_list":{"0":"post-16002","1":"product","2":"type-product","3":"status-publish","4":"has-post-thumbnail","6":"product_cat-bucket-cylinders","7":"product_tag-bucket-cylinders","8":"product_tag-hydraulic-cylinders","10":"first","11":"instock","12":"shipping-taxable","13":"product-type-simple"},"amp_enabled":true,"_links":{"self":[{"href":"https:\/\/www.hydraulic-cylinders.net\/fr\/wp-json\/wp\/v2\/product\/16002","targetHints":{"allow":["GET"]}}],"collection":[{"href":"https:\/\/www.hydraulic-cylinders.net\/fr\/wp-json\/wp\/v2\/product"}],"about":[{"href":"https:\/\/www.hydraulic-cylinders.net\/fr\/wp-json\/wp\/v2\/types\/product"}],"replies":[{"embeddable":true,"href":"https:\/\/www.hydraulic-cylinders.net\/fr\/wp-json\/wp\/v2\/comments?post=16002"}],"wp:featuredmedia":[{"embeddable":true,"href":"https:\/\/www.hydraulic-cylinders.net\/fr\/wp-json\/wp\/v2\/media\/14789"}],"wp:attachment":[{"href":"https:\/\/www.hydraulic-cylinders.net\/fr\/wp-json\/wp\/v2\/media?parent=16002"}],"wp:term":[{"taxonomy":"product_brand","embeddable":true,"href":"https:\/\/www.hydraulic-cylinders.net\/fr\/wp-json\/wp\/v2\/product_brand?post=16002"},{"taxonomy":"product_cat","embeddable":true,"href":"https:\/\/www.hydraulic-cylinders.net\/fr\/wp-json\/wp\/v2\/product_cat?post=16002"},{"taxonomy":"product_tag","embeddable":true,"href":"https:\/\/www.hydraulic-cylinders.net\/fr\/wp-json\/wp\/v2\/product_tag?post=16002"}],"curies":[{"name":"wp","href":"https:\/\/api.w.org\/{rel}","templated":true}]}}