{"id":16006,"date":"2025-01-19T15:16:54","date_gmt":"2025-01-19T15:16:54","guid":{"rendered":"https:\/\/www.hydraulic-cylinders.net\/product\/bucket-cylinder-for-xiniu-xn120-l\/"},"modified":"2025-01-19T15:16:56","modified_gmt":"2025-01-19T15:16:56","slug":"bucket-cylinder-for-xiniu-xn120-l","status":"publish","type":"product","link":"https:\/\/www.hydraulic-cylinders.net\/fr\/produit\/bucket-cylinder-for-xiniu-xn120-l\/","title":{"rendered":"V\u00e9rin de godet pour Xiniu XN120-L"},"content":{"rendered":"<h1>V\u00e9rin de godet pour Xiniu XN120-L<\/h1>\n<h2>Introduction<\/h2>\n<p>Le v\u00e9rin de godet pour Xiniu XN120-L est un v\u00e9rin hydraulique sp\u00e9cialement con\u00e7u pour commander les mouvements du godet des engins de chantier tels que les pelles hydrauliques, les chargeuses-pelleteuses et les chargeuses frontales. Sa fonction principale est de permettre la lev\u00e9e, l'abaissement et l'inclinaison du godet, facilitant ainsi les op\u00e9rations de manutention. Au sein du syst\u00e8me hydraulique, le v\u00e9rin de godet exploite les variations de pression d'huile pour un contr\u00f4le pr\u00e9cis du godet, permettant aux op\u00e9rateurs de manipuler efficacement des charges lourdes, de s'adapter \u00e0 des environnements de travail complexes et de r\u00e9pondre \u00e0 des exigences vari\u00e9es.<\/p>\n<p><img decoding=\"async\" src=\"https:\/\/www.hydraulic-cylinders.net\/wp-content\/uploads\/2025\/01\/songte-company-2.webp\" alt=\"Cylindre de godet pour Xiniu XN120-L Image\"><\/p>\n<h2>Caract\u00e9ristiques<\/h2>\n<ul>\n<li>Haute r\u00e9sistance et durabilit\u00e9 : G\u00e9n\u00e9ralement fabriqu\u00e9 en acier ou en aluminium \u00e0 haute r\u00e9sistance, capable de r\u00e9sister \u00e0 une pression \u00e9lev\u00e9e et \u00e0 des charges importantes, adapt\u00e9 aux environnements de travail difficiles, con\u00e7u pour r\u00e9sister \u00e0 l'usure et \u00e0 la corrosion, et prolonger sa dur\u00e9e de vie.<\/li>\n<li>Fonctionnement hydraulique efficace : Utilisant la pression de l'huile hydraulique pour obtenir un mouvement d'expansion et de contraction fluide, r\u00e9pondant rapidement aux commandes, fournissant une force de pouss\u00e9e et de traction puissante, adapt\u00e9e \u00e0 la manutention de charges lourdes et aux t\u00e2ches complexes.<\/li>\n<li>Diff\u00e9rents types de v\u00e9rins sont disponibles\u00a0: \u00e0 simple effet (fonctionnant dans un seul sens) ou \u00e0 double effet (fonctionnant dans les deux sens), ils peuvent \u00eatre s\u00e9lectionn\u00e9s en fonction des besoins pour r\u00e9pondre \u00e0 diff\u00e9rentes exigences op\u00e9rationnelles. Certains mod\u00e8les sont t\u00e9lescopiques, permettant une plus grande extension sans augmenter l\u2019encombrement, ce qui les rend particuli\u00e8rement adapt\u00e9s aux espaces restreints.<\/li>\n<li>Remplacement id\u00e9al : Nos produits peuvent parfaitement remplacer ces v\u00e9rins hydrauliques.<\/li>\n<\/ul>\n<p><img decoding=\"async\" src=\"https:\/\/www.hydraulic-cylinders.net\/wp-content\/uploads\/2025\/01\/songte-cylinder-head-with-all-kinds-excavator-models.webp\" alt=\"Cylindre de godet pour Xiniu XN120-L Image\"><\/p>\n<h2>Applications<\/h2>\n<p>Le v\u00e9rin \u00e0 godet pour Xiniu XN120-L est largement utilis\u00e9 dans de nombreuses applications. En voici quelques exemples\u00a0:<\/p>\n<ul>\n<li>Mat\u00e9riel de construction\u00a0: Sur les pelles hydrauliques, les v\u00e9rins sont indispensables pour l\u2019excavation, le chargement et le d\u00e9placement de terre ou de d\u00e9bris. Sur les pelles r\u00e9tro, les v\u00e9rins du godet facilitent \u00e0 la fois le creusement et le levage. Sur les chargeuses frontales, ils permettent de lever et de basculer efficacement les mat\u00e9riaux.<\/li>\n<li>Machines agricoles\u00a0: Utilis\u00e9 dans les chargeuses frontales pour ramasser, soulever et transporter la terre, le foin et autres mat\u00e9riaux. Dans les excavatrices, le v\u00e9rin du godet permet l\u2019excavation en permettant au godet de p\u00e9n\u00e9trer dans le sol.<\/li>\n<\/ul>\n<h2>Consid\u00e9rations de conception et crit\u00e8res de s\u00e9lection<\/h2>\n<p>Les crit\u00e8res de s\u00e9lection des v\u00e9rins de godet doivent prendre en compte plusieurs aspects de conception, tels que\u00a0:<\/p>\n<ul>\n<li>Capacit\u00e9 de charge : Le cylindre doit pouvoir supporter la charge maximale que la machine peut exercer sur lui.<\/li>\n<li>\u00c9tanch\u00e9it\u00e9 : Le cylindre doit \u00eatre \u00e9tanche afin d'emp\u00eacher les fuites d'huile hydraulique et l'entr\u00e9e de contaminants \u00e0 l'int\u00e9rieur du cylindre.<\/li>\n<li>Durabilit\u00e9 : Le cylindre doit \u00eatre suffisamment durable pour r\u00e9sister aux impacts de facteurs environnementaux difficiles, tels que la poussi\u00e8re, l'eau et les d\u00e9bris.<\/li>\n<li>S\u00e9curit\u00e9 : La conception du cylindre doit tenir compte des mesures de s\u00e9curit\u00e9, telles que la protection du cylindre contre les dommages physiques.<\/li>\n<li>Maintenance : Le cylindre doit \u00eatre facile \u00e0 entretenir et \u00e0 r\u00e9parer, car il s'agit d'un composant essentiel de la machine, et toute panne peut entra\u00eener un temps d'arr\u00eat important.<\/li>\n<\/ul>\n<p><img decoding=\"async\" src=\"https:\/\/www.hydraulic-cylinders.net\/wp-content\/uploads\/2025\/01\/songte-oil-pipes-and-spare-parts.webp\" alt=\"Cylindre de godet pour Xiniu XN120-L Image\"><\/p>\n<h2>\u00c9tanch\u00e9it\u00e9 et lubrification<\/h2>\n<p>Le v\u00e9rin du godet utilise divers \u00e9l\u00e9ments d'\u00e9tanch\u00e9it\u00e9, tels que des joints de piston, des joints de tige, etc. Ces \u00e9l\u00e9ments sont fabriqu\u00e9s en mat\u00e9riaux r\u00e9sistants \u00e0 l'usure, comme le polyur\u00e9thane et le caoutchouc nitrile, afin de garantir une longue dur\u00e9e de vie. Le corps et le filetage du v\u00e9rin b\u00e9n\u00e9ficient d'un traitement sp\u00e9cifique pour une meilleure r\u00e9sistance \u00e0 l'usure. Un graissage p\u00e9riodique \u00e0 l'huile hydraulique est n\u00e9cessaire au bon fonctionnement du v\u00e9rin du godet.<\/p>\n<h2>Entretien et r\u00e9paration<\/h2>\n<p>L'inspection r\u00e9guli\u00e8re, la lubrification appropri\u00e9e, le remplacement des joints, la v\u00e9rification de l'\u00e9talonnage et autres op\u00e9rations d'entretien sont essentiels \u00e0 la long\u00e9vit\u00e9 des v\u00e9rins de godet. Un alignement correct du v\u00e9rin lors de l'installation est indispensable pour un fonctionnement optimal. L'utilisation de supports de fixation adapt\u00e9s est recommand\u00e9e. Nous proposons des services d'inspection, de r\u00e9paration et de remplacement pour accompagner nos clients face \u00e0 tout probl\u00e8me rencontr\u00e9 avec leurs v\u00e9rins de godet.<\/p>\n<p><img decoding=\"async\" src=\"https:\/\/www.hydraulic-cylinders.net\/wp-content\/uploads\/2025\/01\/songte-chushion-collar.webp\" alt=\"Cylindre de godet pour Xiniu XN120-L Image\"><\/p>\n<h2>Consid\u00e9rations de s\u00e9curit\u00e9 et facteurs environnementaux<\/h2>\n<p>Le v\u00e9rin de godet pour Xiniu XN120-L doit \u00eatre install\u00e9, utilis\u00e9 et entretenu en respectant les consignes de s\u00e9curit\u00e9. Tout manquement \u00e0 ces consignes peut entra\u00eener des blessures ou endommager la machine. Les facteurs environnementaux tels que la temp\u00e9rature, l'humidit\u00e9 et la poussi\u00e8re peuvent affecter les performances du v\u00e9rin et doivent \u00eatre pris en compte lors de sa s\u00e9lection et de son installation.<\/p>\n<h2>Diagnostic et d\u00e9pannage des pannes<\/h2>\n<p>Les probl\u00e8mes courants rencontr\u00e9s avec les v\u00e9rins de godet incluent les fuites, une force insuffisante et des bruits anormaux. Nous recommandons d'inspecter r\u00e9guli\u00e8rement le v\u00e9rin et de r\u00e9soudre rapidement tout probl\u00e8me afin d'\u00e9viter une immobilisation prolong\u00e9e. Des conseils et des solutions de d\u00e9pannage peuvent aider les lecteurs \u00e0 diagnostiquer et \u00e0 r\u00e9soudre efficacement les probl\u00e8mes de v\u00e9rins de godet.<\/p>\n<p><img decoding=\"async\" src=\"https:\/\/www.hydraulic-cylinders.net\/wp-content\/uploads\/2025\/01\/songte-bushings-with-all-kinds-of-excavator-models.webp\" alt=\"Cylindre de godet pour Xiniu XN120-L Image\"><\/p>\n<h2>\u00c0 propos de notre entreprise<\/h2>\n<p>Nous sommes un fabricant de v\u00e9rins hydrauliques de remplacement, offrant une gamme compl\u00e8te de produits et figurant parmi les principaux fabricants et distributeurs de v\u00e9rins hydrauliques sur les march\u00e9s nationaux et internationaux. Notre priorit\u00e9 est l'excellence, et nous nous appuyons sur une strat\u00e9gie de production industrialis\u00e9e au sein d'ateliers de fabrication de pointe. Nous am\u00e9liorons constamment nos installations, perfectionnons nos processus de production et disposons d'une forte capacit\u00e9 de production pour r\u00e9pondre aux besoins vari\u00e9s de nos clients avec efficacit\u00e9, pr\u00e9cision et un haut niveau de qualit\u00e9.<\/p>\n<p>Nous proposons des services personnalis\u00e9s, des \u00e9quipements de production professionnels, des certifications reconnues internationalement et un syst\u00e8me complet de service apr\u00e8s-vente, garantissant que nos produits r\u00e9pondent aux attentes de nos clients, voire les d\u00e9passent.<\/p>\n<p><img decoding=\"async\" src=\"https:\/\/hzpt.com\/wp-content\/uploads\/2024\/11\/songte-company-1.webp\" alt=\"Cylindre de godet pour Xiniu XN120-L Image\"><\/p>\n<p>Auteur : lyl.<\/p>","protected":false},"excerpt":{"rendered":"<p>Bucket Cylinder For Xiniu XN120-L Introduction The bucket cylinder for Xiniu XN120-L is a type of hydraulic cylinder specially designed to control the movement of shovels in heavy machinery such as excavators, backhoe excavators, and front-end loaders. Its main function is to allow the bucket to lift, lower and tilt, making it easier to handle [&hellip;]<\/p>","protected":false},"featured_media":14784,"comment_status":"open","ping_status":"closed","template":"","meta":{"_et_pb_use_builder":"","_et_pb_old_content":"","_et_gb_content_width":""},"product_brand":[],"product_cat":[1494],"product_tag":[1495,1496],"class_list":{"0":"post-16006","1":"product","2":"type-product","3":"status-publish","4":"has-post-thumbnail","6":"product_cat-bucket-cylinders","7":"product_tag-bucket-cylinders","8":"product_tag-hydraulic-cylinders","10":"first","11":"instock","12":"shipping-taxable","13":"product-type-simple"},"amp_enabled":true,"_links":{"self":[{"href":"https:\/\/www.hydraulic-cylinders.net\/fr\/wp-json\/wp\/v2\/product\/16006","targetHints":{"allow":["GET"]}}],"collection":[{"href":"https:\/\/www.hydraulic-cylinders.net\/fr\/wp-json\/wp\/v2\/product"}],"about":[{"href":"https:\/\/www.hydraulic-cylinders.net\/fr\/wp-json\/wp\/v2\/types\/product"}],"replies":[{"embeddable":true,"href":"https:\/\/www.hydraulic-cylinders.net\/fr\/wp-json\/wp\/v2\/comments?post=16006"}],"wp:featuredmedia":[{"embeddable":true,"href":"https:\/\/www.hydraulic-cylinders.net\/fr\/wp-json\/wp\/v2\/media\/14784"}],"wp:attachment":[{"href":"https:\/\/www.hydraulic-cylinders.net\/fr\/wp-json\/wp\/v2\/media?parent=16006"}],"wp:term":[{"taxonomy":"product_brand","embeddable":true,"href":"https:\/\/www.hydraulic-cylinders.net\/fr\/wp-json\/wp\/v2\/product_brand?post=16006"},{"taxonomy":"product_cat","embeddable":true,"href":"https:\/\/www.hydraulic-cylinders.net\/fr\/wp-json\/wp\/v2\/product_cat?post=16006"},{"taxonomy":"product_tag","embeddable":true,"href":"https:\/\/www.hydraulic-cylinders.net\/fr\/wp-json\/wp\/v2\/product_tag?post=16006"}],"curies":[{"name":"wp","href":"https:\/\/api.w.org\/{rel}","templated":true}]}}