{"id":16092,"date":"2025-01-20T08:28:04","date_gmt":"2025-01-20T08:28:04","guid":{"rendered":"https:\/\/www.hydraulic-cylinders.net\/product\/arm-cylinderfor-sumitomo-small-excavator-sh60\/"},"modified":"2025-01-20T08:28:06","modified_gmt":"2025-01-20T08:28:06","slug":"arm-cylinderfor-sumitomo-small-excavator-sh60","status":"publish","type":"product","link":"https:\/\/www.hydraulic-cylinders.net\/fr\/produit\/arm-cylinderfor-sumitomo-small-excavator-sh60\/","title":{"rendered":"V\u00e9rin de bras pour mini-pelle Sumitomo SH60"},"content":{"rendered":"<h1>V\u00e9rin de bras pour mini-pelle Sumitomo SH60<\/h1>\n<h2>Introduction<\/h2>\n<p>Un v\u00e9rin de bras est un type de v\u00e9rin hydraulique con\u00e7u sp\u00e9cifiquement pour fournir un mouvement lin\u00e9aire et de la puissance aux bras de divers types d'engins, tels que les excavatrices, les grues et les bras m\u00e9caniques. Le v\u00e9rin de bras joue un r\u00f4le essentiel dans les syst\u00e8mes hydrauliques, permettant le mouvement et le contr\u00f4le d'outils ou d'accessoires suppl\u00e9mentaires. Ces v\u00e9rins assurent non seulement un mouvement fluide, mais sont \u00e9galement capables de supporter des charges importantes, garantissant ainsi un fonctionnement efficace et une grande fiabilit\u00e9 des machines dans diverses conditions d'utilisation.<\/p>\n<p><img decoding=\"async\" src=\"https:\/\/www.hydraulic-cylinders.net\/wp-content\/uploads\/2025\/01\/songte-company-2.webp\" alt=\"Image du cylindre de bras\"><\/p>\n<h3>Caract\u00e9ristiques<\/h3>\n<ul>\n<li><strong>Transmission d'\u00e9nergie efficace :<\/strong> Le v\u00e9rin du bras assure un mouvement lin\u00e9aire et une force puissants, garantissant ainsi des performances \u00e9lev\u00e9es du bras m\u00e9canique dans diverses op\u00e9rations.<\/li>\n<li><strong>Contr\u00f4le pr\u00e9cis :<\/strong> Gr\u00e2ce au syst\u00e8me hydraulique, le v\u00e9rin du bras permet un contr\u00f4le pr\u00e9cis du mouvement, rendant ainsi le fonctionnement des outils suppl\u00e9mentaires plus flexible et pr\u00e9cis.<\/li>\n<li><strong>Grande durabilit\u00e9 :<\/strong> Le cylindre du bras est g\u00e9n\u00e9ralement fabriqu\u00e9 \u00e0 partir de mat\u00e9riaux \u00e0 haute r\u00e9sistance, offrant une bonne r\u00e9sistance \u00e0 l'usure et \u00e0 la corrosion, et adapt\u00e9 \u00e0 une utilisation \u00e0 long terme dans des environnements difficiles.<\/li>\n<li><strong>Adaptabilit\u00e9 multifonctionnelle\u00a0:<\/strong> Ces v\u00e9rins peuvent \u00eatre largement utilis\u00e9s dans divers \u00e9quipements m\u00e9caniques, tels que les excavatrices, les grues et les bras m\u00e9caniques, s'adaptant ainsi \u00e0 diff\u00e9rentes exigences de travail.<\/li>\n<li><strong>Entretien facile\u00a0:<\/strong> Con\u00e7us pour faciliter l'entretien et le remplacement, les inspections et la maintenance r\u00e9guli\u00e8res deviennent plus pratiques, r\u00e9duisant ainsi les temps d'arr\u00eat des \u00e9quipements.<\/li>\n<\/ul>\n<p>Nous pouvons fabriquer ce produit et il peut parfaitement remplacer ces v\u00e9rins hydrauliques.<\/p>\n<p><img decoding=\"async\" src=\"https:\/\/www.hydraulic-cylinders.net\/wp-content\/uploads\/2025\/01\/songte-oil-pipes-and-spare-parts.webp\" alt=\"Image de v\u00e9rin hydraulique\"><\/p>\n<h2>Applications<\/h2>\n<p>Le v\u00e9rin \u00e0 bras est largement utilis\u00e9 dans diverses industries, telles que\u00a0:<\/p>\n<ul>\n<li><strong>G\u00e9nie civil :<\/strong> Dans les excavatrices et les grues, le v\u00e9rin du bras sert \u00e0 contr\u00f4ler le mouvement de la pelle ou de la fl\u00e8che pour effectuer des travaux de terrassement, de manutention de mat\u00e9riaux et d'installation de structures.<\/li>\n<li><strong>Fabrication:<\/strong> Dans les lignes de production automatis\u00e9es, le v\u00e9rin du bras est utilis\u00e9 pour contr\u00f4ler le mouvement du bras m\u00e9canique afin d'effectuer les op\u00e9rations d'assemblage, de soudage et de manutention, am\u00e9liorant ainsi l'efficacit\u00e9 et la pr\u00e9cision de la production.<\/li>\n<li><strong>Machines agricoles :<\/strong> Dans les machines agricoles telles que les moissonneuses-batteuses et les semoirs, le v\u00e9rin du bras contr\u00f4le le mouvement du bras op\u00e9rateur pour effectuer des t\u00e2ches telles que le semis, la fertilisation et la r\u00e9colte.<\/li>\n<li><strong>Exploitation mini\u00e8re:<\/strong> Dans les \u00e9quipements miniers, le v\u00e9rin de bras sert \u00e0 contr\u00f4ler le mouvement du bras de l'\u00e9quipement pour effectuer l'extraction et le transport du minerai.<\/li>\n<li><strong>Logistique et transport :<\/strong> Dans les chariots \u00e9l\u00e9vateurs et les robots de manutention, le v\u00e9rin du bras sert \u00e0 contr\u00f4ler le levage et le mouvement de la fourche, permettant ainsi la manutention et l'empilage des mat\u00e9riaux.<\/li>\n<\/ul>\n<h2>Consid\u00e9rations de conception et crit\u00e8res de s\u00e9lection<\/h2>\n<p>Du point de vue de la conception, la capacit\u00e9 de charge, l'\u00e9tanch\u00e9it\u00e9, la durabilit\u00e9, la s\u00e9curit\u00e9 et la facilit\u00e9 d'entretien du v\u00e9rin sont autant de consid\u00e9rations importantes. <\/p>\n<ul>\n<li><strong>Capacit\u00e9 de charge :<\/strong> Les v\u00e9rins de bras sont con\u00e7us pour supporter des charges importantes ; il est donc essentiel de prendre en compte la capacit\u00e9 de charge du v\u00e9rin en fonction des exigences de fonctionnement de l'\u00e9quipement.<\/li>\n<li><strong>Scellage:<\/strong> L'utilisation de divers joints, tels que des joints de piston, des joints de tige, etc., fabriqu\u00e9s \u00e0 partir de mat\u00e9riaux r\u00e9sistants \u00e0 l'usure comme le polyur\u00e9thane et le caoutchouc nitrile, est cruciale pour garantir l'\u00e9tanch\u00e9it\u00e9 du cylindre du bras.<\/li>\n<li><strong>Durabilit\u00e9:<\/strong> Le corps du cylindre et la surface d'extr\u00e9mit\u00e9 filet\u00e9e du v\u00e9rin de bras subissent un traitement de pr\u00e9cision afin d'am\u00e9liorer la r\u00e9sistance \u00e0 l'usure et \u00e0 la corrosion.<\/li>\n<li><strong>S\u00e9curit\u00e9:<\/strong> Des mesures de s\u00e9curit\u00e9 telles que des soupapes de s\u00e9curit\u00e9 et des dispositifs tampons doivent \u00eatre pr\u00e9vues pour pr\u00e9venir les accidents caus\u00e9s par une surcharge ou une d\u00e9faillance du syst\u00e8me.<\/li>\n<li><strong>Maintenabilit\u00e9 :<\/strong> La conception doit prendre en compte la facilit\u00e9 d'entretien et de remplacement du cylindre afin de r\u00e9duire les co\u00fbts de maintenance et les temps d'arr\u00eat des \u00e9quipements.<\/li>\n<\/ul>\n<p><img decoding=\"async\" src=\"https:\/\/www.hydraulic-cylinders.net\/wp-content\/uploads\/2025\/01\/songte-cylinder-head-with-all-kinds-excavator-models.webp\" alt=\"Image de v\u00e9rin hydraulique\"><\/p>\n<h2>\u00c9tanch\u00e9it\u00e9 et lubrification<\/h2>\n<p>Le v\u00e9rin utilise diff\u00e9rents types de joints, tels que des joints de piston et des joints de tige, fabriqu\u00e9s en mat\u00e9riaux r\u00e9sistants \u00e0 l'usure comme le polyur\u00e9thane et le caoutchouc nitrile. Le corps du v\u00e9rin et la surface d'extr\u00e9mit\u00e9 filet\u00e9e b\u00e9n\u00e9ficient d'un usinage de pr\u00e9cision pour une meilleure r\u00e9sistance \u00e0 l'usure et \u00e0 la corrosion. Une lubrification r\u00e9guli\u00e8re avec une quantit\u00e9 appropri\u00e9e d'huile hydraulique est n\u00e9cessaire pour maintenir ses performances et prolonger sa dur\u00e9e de vie.<\/p>\n<p><img decoding=\"async\" src=\"https:\/\/www.hydraulic-cylinders.net\/wp-content\/uploads\/2025\/01\/songte-chushion-collar.webp\" alt=\"Image de v\u00e9rin hydraulique\"><\/p>\n<h2>Maintenance et d\u00e9pannage<\/h2>\n<p>L'inspection r\u00e9guli\u00e8re et la maintenance pr\u00e9ventive permettent d'\u00e9viter les probl\u00e8mes potentiels et de r\u00e9duire les temps d'arr\u00eat des \u00e9quipements. En cas de panne, un diagnostic et un d\u00e9pannage rapides sont indispensables. Voici quelques probl\u00e8mes courants et leurs solutions\u00a0:<\/p>\n<ul>\n<li><strong>Faible vitesse de fonctionnement\u00a0:<\/strong> V\u00e9rifiez la pression et le d\u00e9bit du syst\u00e8me, inspectez le cylindre pour d\u00e9tecter toute fuite et nettoyez ou remplacez les filtres.<\/li>\n<li><strong>Force insuffisante :<\/strong> V\u00e9rifiez la pression du syst\u00e8me, inspectez le cylindre pour d\u00e9tecter toute fuite et r\u00e9glez la vanne de r\u00e9gulation.<\/li>\n<li><strong>Bruit anormal :<\/strong> V\u00e9rifiez la pression et le d\u00e9bit du syst\u00e8me, inspectez le cylindre pour d\u00e9tecter tout dommage ou contamination et remplacez les composants endommag\u00e9s.<\/li>\n<li><strong>Surchauffe:<\/strong> V\u00e9rifiez la pression et le d\u00e9bit du syst\u00e8me, inspectez le cylindre pour d\u00e9tecter toute fuite ou contamination, et nettoyez ou remplacez les filtres.<\/li>\n<\/ul>\n<p>Pour pr\u00e9venir d'\u00e9ventuels probl\u00e8mes, une inspection et un entretien r\u00e9guliers sont n\u00e9cessaires. Il est important de suivre les instructions et les recommandations du fabricant concernant l'entretien et le remplacement des composants.<\/p>\n<h2>Guide d'installation<\/h2>\n<p>L'installation du v\u00e9rin de bras n\u00e9cessite une pr\u00e9paration et une manipulation minutieuses afin de garantir la s\u00e9curit\u00e9 et la fiabilit\u00e9 du syst\u00e8me. Les \u00e9tapes suivantes sont recommand\u00e9es\u00a0:<\/p>\n<ol>\n<li>Pr\u00e9parer le lieu de travail ainsi que les outils et \u00e9quipements d'installation n\u00e9cessaires.<\/li>\n<li>Inspectez le cylindre et les composants associ\u00e9s afin de d\u00e9tecter tout dommage ou contamination.<\/li>\n<li>Nettoyez la surface d'installation et les composants pour \u00e9liminer toute salet\u00e9 ou d\u00e9bris.<\/li>\n<li>Appliquez une quantit\u00e9 appropri\u00e9e de lubrifiant sur la surface filet\u00e9e de l'extr\u00e9mit\u00e9 du cylindre et installez-le sur l'\u00e9quipement.<\/li>\n<li>Serrez les \u00e9crous conform\u00e9ment aux couples de serrage recommand\u00e9s par le fabricant.<\/li>\n<li>Raccordez les flexibles et les tuyaux hydrauliques et v\u00e9rifiez l'\u00e9tanch\u00e9it\u00e9.<\/li>\n<li>Tester le syst\u00e8me et r\u00e9gler la vanne de r\u00e9gulation pour un fonctionnement optimal.<\/li>\n<\/ol>\n<p><img decoding=\"async\" src=\"https:\/\/www.hydraulic-cylinders.net\/wp-content\/uploads\/2025\/01\/songte-bushings-with-all-kinds-of-excavator-models.webp\" alt=\"Image de v\u00e9rin hydraulique\"><\/p>\n<h2>Consid\u00e9rations de s\u00e9curit\u00e9 et facteurs environnementaux<\/h2>\n<p>Lors de l'utilisation du v\u00e9rin \u00e0 bras, il est essentiel de respecter les consignes et les r\u00e8gles de s\u00e9curit\u00e9 afin de pr\u00e9venir les accidents et de garantir un fonctionnement s\u00fbr. Des dispositifs de s\u00e9curit\u00e9, tels que des soupapes de s\u00e9curit\u00e9 et des amortisseurs, doivent \u00eatre install\u00e9s pour pr\u00e9venir les accidents dus \u00e0 une surcharge ou \u00e0 une d\u00e9faillance du syst\u00e8me. Les facteurs environnementaux, comme la temp\u00e9rature, l'humidit\u00e9 et la pr\u00e9sence de substances corrosives, doivent \u00e9galement \u00eatre pris en compte pour assurer le fonctionnement optimal et la dur\u00e9e de vie du v\u00e9rin.<\/p>\n<h2>\u00c0 propos de nous<\/h2>\n<p>Nous sommes un fabricant professionnel de v\u00e9rins hydrauliques offrant une large gamme de produits et figurant parmi les principaux fabricants et distributeurs de v\u00e9rins hydrauliques sur les march\u00e9s nationaux et internationaux. Attach\u00e9s \u00e0 l'excellence, nous am\u00e9liorons constamment nos technologies et notre efficacit\u00e9 de production gr\u00e2ce \u00e0 une strat\u00e9gie de gestion industrialis\u00e9e au sein d'un atelier de fabrication sophistiqu\u00e9. L'int\u00e9gration d'\u00e9quipements de fabrication num\u00e9rique de pointe et de syst\u00e8mes de test professionnels nous permet d'optimiser en permanence notre plateforme de production, d'am\u00e9liorer le contr\u00f4le qualit\u00e9 de nos produits et de d\u00e9velopper une forte capacit\u00e9 d'innovation. Notre objectif est de r\u00e9pondre aux besoins vari\u00e9s de nos clients avec efficacit\u00e9, pr\u00e9cision et une qualit\u00e9 irr\u00e9prochable.<\/p>\n<p>Nous proposons des services professionnels, certifi\u00e9s internationalement et personnalis\u00e9s, des \u00e9quipements de production de pointe et un excellent service apr\u00e8s-vente afin de garantir la qualit\u00e9 des produits et la satisfaction de nos clients.<\/p>\n<p><img decoding=\"async\" src=\"https:\/\/www.hydraulic-cylinders.net\/wp-content\/uploads\/2025\/01\/songte-company-4.webp\" alt=\"Image de l&#039;entreprise\"><br \/>\n<img decoding=\"async\" src=\"https:\/\/www.hydraulic-cylinders.net\/wp-content\/uploads\/2025\/01\/songte-company-3.webp\" alt=\"Image de l&#039;entreprise\"><\/p>\n<p>Auteur : lyl.<\/p>","protected":false},"excerpt":{"rendered":"<p>Arm Cylinder for Sumitomo Small Excavator SH60 Introduction An arm cylinder is a type of hydraulic cylinder designed specifically to provide linear motion and power to the arms of various types of machinery, such as excavators, cranes, and mechanical arms. The arm cylinder plays a critical role in hydraulic systems, enabling the movement and control [&hellip;]<\/p>","protected":false},"featured_media":14759,"comment_status":"open","ping_status":"closed","template":"","meta":{"_et_pb_use_builder":"","_et_pb_old_content":"","_et_gb_content_width":""},"product_brand":[],"product_cat":[1497],"product_tag":[1498,1496],"class_list":{"0":"post-16092","1":"product","2":"type-product","3":"status-publish","4":"has-post-thumbnail","6":"product_cat-arm-cylinders","7":"product_tag-arm-cylinders","8":"product_tag-hydraulic-cylinders","10":"first","11":"instock","12":"shipping-taxable","13":"product-type-simple"},"amp_enabled":true,"_links":{"self":[{"href":"https:\/\/www.hydraulic-cylinders.net\/fr\/wp-json\/wp\/v2\/product\/16092","targetHints":{"allow":["GET"]}}],"collection":[{"href":"https:\/\/www.hydraulic-cylinders.net\/fr\/wp-json\/wp\/v2\/product"}],"about":[{"href":"https:\/\/www.hydraulic-cylinders.net\/fr\/wp-json\/wp\/v2\/types\/product"}],"replies":[{"embeddable":true,"href":"https:\/\/www.hydraulic-cylinders.net\/fr\/wp-json\/wp\/v2\/comments?post=16092"}],"wp:featuredmedia":[{"embeddable":true,"href":"https:\/\/www.hydraulic-cylinders.net\/fr\/wp-json\/wp\/v2\/media\/14759"}],"wp:attachment":[{"href":"https:\/\/www.hydraulic-cylinders.net\/fr\/wp-json\/wp\/v2\/media?parent=16092"}],"wp:term":[{"taxonomy":"product_brand","embeddable":true,"href":"https:\/\/www.hydraulic-cylinders.net\/fr\/wp-json\/wp\/v2\/product_brand?post=16092"},{"taxonomy":"product_cat","embeddable":true,"href":"https:\/\/www.hydraulic-cylinders.net\/fr\/wp-json\/wp\/v2\/product_cat?post=16092"},{"taxonomy":"product_tag","embeddable":true,"href":"https:\/\/www.hydraulic-cylinders.net\/fr\/wp-json\/wp\/v2\/product_tag?post=16092"}],"curies":[{"name":"wp","href":"https:\/\/api.w.org\/{rel}","templated":true}]}}