{"id":1613,"date":"2023-10-08T02:59:47","date_gmt":"2023-10-08T02:59:47","guid":{"rendered":"https:\/\/hydraulic-cylinders.net\/?post_type=product&#038;p=1613"},"modified":"2025-04-01T07:35:41","modified_gmt":"2025-04-01T07:35:41","slug":"mining-dump-truck-piston-accumulator","status":"publish","type":"product","link":"https:\/\/www.hydraulic-cylinders.net\/fr\/produit\/mining-dump-truck-piston-accumulator\/","title":{"rendered":"Accumulateur \u00e0 piston pour camion-benne minier"},"content":{"rendered":"<h1 style=\"text-align: center;\"><strong>Accumulateur \u00e0 piston pour camion-benne minier<\/strong><\/h1>\n<p><img loading=\"lazy\" decoding=\"async\" class=\"aligncenter wp-image-1614\" src=\"https:\/\/hydraulic-cylinders.net\/wp-content\/uploads\/2023\/10\/piston-accumulator-1-300x300.webp\" alt=\"\" width=\"400\" height=\"400\" \/><\/p>\n<p>Dans le secteur minier, o\u00f9 les exigences sont \u00e9lev\u00e9es, la fiabilit\u00e9 et la s\u00e9curit\u00e9 des \u00e9quipements sont primordiales. L'accumulateur \u00e0 piston des camions-bennes miniers est un composant essentiel con\u00e7u pour optimiser les performances et renforcer la s\u00e9curit\u00e9 de ces engins.<\/p>\n<p>L'accumulateur \u00e0 pistons pour camions-bennes miniers est un composant essentiel qui am\u00e9liore les performances et la s\u00e9curit\u00e9 de ces engins. Ses performances haute pression, son stockage d'\u00e9nergie efficace et ses dispositifs de s\u00e9curit\u00e9 garantissent un fonctionnement hydraulique fiable et r\u00e9actif. En int\u00e9grant l'accumulateur \u00e0 pistons \u00e0 votre flotte mini\u00e8re et en respectant les m\u00e9thodes d'utilisation et les pratiques d'entretien appropri\u00e9es, vous optimiserez les performances, l'efficacit\u00e9 et la s\u00e9curit\u00e9 de vos op\u00e9rations mini\u00e8res. Choisissez ce composant exceptionnel pour exploiter pleinement le potentiel de vos camions-bennes miniers.<\/p>\n<p>Caract\u00e9ristiques principales de l'accumulateur \u00e0 piston pour camion-benne minier\u00a0:<\/p>\n<ol>\n<li>Performances \u00e0 haute pression :<\/li>\n<\/ol>\n<ul>\n<li>L'accumulateur \u00e0 piston pour camion-benne minier est con\u00e7u pour r\u00e9sister aux environnements \u00e0 haute pression fr\u00e9quemment rencontr\u00e9s dans les op\u00e9rations mini\u00e8res.<\/li>\n<li>Sa construction robuste et ses mat\u00e9riaux durables garantissent des performances fiables m\u00eame dans des conditions exigeantes.<\/li>\n<\/ul>\n<ol start=\"2\">\n<li>Stockage efficace de l'\u00e9nergie :<\/li>\n<\/ol>\n<ul>\n<li>Cet accumulateur \u00e0 piston stocke efficacement l'\u00e9nergie hydraulique, permettant un fonctionnement rapide et r\u00e9actif des diff\u00e9rentes fonctions hydrauliques du camion-benne.<\/li>\n<li>Il assure une alimentation \u00e9lectrique constante, minimisant les fluctuations de pression du syst\u00e8me et optimisant les performances globales.<\/li>\n<\/ul>\n<ol start=\"3\">\n<li>Am\u00e9lioration de la s\u00e9curit\u00e9 :<\/li>\n<\/ol>\n<ul>\n<li>L'accumulateur de piston du camion-benne minier fait office de dispositif de s\u00e9curit\u00e9 en fournissant une r\u00e9serve d'\u00e9nergie hydraulique pour les situations d'urgence.<\/li>\n<li>Cela permet de pr\u00e9venir les accidents ou dommages potentiels caus\u00e9s par des pannes soudaines du syst\u00e8me ou des coupures de courant.<\/li>\n<\/ul>\n<h2><strong>Param\u00e8tre de l'accumulateur \u00e0 piston du camion-benne minier\u00a0:<\/strong><\/h2>\n<table border=\"1\" cellspacing=\"0\" cellpadding=\"0\">\n<tbody>\n<tr>\n<td>Nom du produit<\/td>\n<td>Accumulateur \u00e0 piston pour camion-benne minier<\/td>\n<\/tr>\n<tr>\n<td>Caract\u00e9ristiques:<\/td>\n<td>La charge est r\u00e9partie de mani\u00e8re \u00e9gale et en temps r\u00e9el entre les essieux central et arri\u00e8re afin d'\u00e9quilibrer la capacit\u00e9 de charge des essieux.<\/td>\n<\/tr>\n<tr>\n<td>Force de pouss\u00e9e :<\/td>\n<td>Maximum 27,5 MPa<\/td>\n<\/tr>\n<tr>\n<td>Applications des accumulateurs \u00e0 piston\u00a0:<\/td>\n<td>Camion-benne minier<\/td>\n<\/tr>\n<\/tbody>\n<\/table>\n<h2><strong>Sch\u00e9ma d'identification des cylindres d'un camion-benne minier\u00a0:<\/strong><\/h2>\n<p><img loading=\"lazy\" decoding=\"async\" class=\"alignnone wp-image-1594 size-full\" src=\"https:\/\/hydraulic-cylinders.net\/wp-content\/uploads\/2023\/10\/mining-dump-truck-cylinder.webp\" alt=\"\" width=\"1418\" height=\"946\" srcset=\"https:\/\/hydraulic-cylinders.net\/wp-content\/uploads\/2023\/10\/mining-dump-truck-cylinder.webp 1418w, https:\/\/hydraulic-cylinders.net\/wp-content\/uploads\/2023\/10\/mining-dump-truck-cylinder-1280x854.webp 1280w, https:\/\/hydraulic-cylinders.net\/wp-content\/uploads\/2023\/10\/mining-dump-truck-cylinder-980x654.webp 980w, https:\/\/hydraulic-cylinders.net\/wp-content\/uploads\/2023\/10\/mining-dump-truck-cylinder-480x320.webp 480w\" sizes=\"(min-width: 0px) and (max-width: 480px) 480px, (min-width: 481px) and (max-width: 980px) 980px, (min-width: 981px) and (max-width: 1280px) 1280px, (min-width: 1281px) 1418px, 100vw\" \/><\/p>\n<h2><strong>Mode d'utilisation de l'accumulateur \u00e0 piston pour camion-benne minier<\/strong><strong>:<\/strong><\/h2>\n<ol>\n<li><strong>Int\u00e9gration dans le syst\u00e8me hydraulique\u00a0:<\/strong><\/li>\n<\/ol>\n<ul>\n<li>L'accumulateur \u00e0 piston du camion-benne minier est int\u00e9gr\u00e9 au syst\u00e8me hydraulique du camion-benne.<\/li>\n<li>Il est g\u00e9n\u00e9ralement reli\u00e9 \u00e0 la pompe hydraulique et plac\u00e9 strat\u00e9giquement dans le syst\u00e8me afin d'optimiser le stockage et la distribution d'\u00e9nergie.<\/li>\n<\/ul>\n<ol start=\"2\">\n<li><strong>Stockage d'\u00e9nergie hydraulique :<\/strong><\/li>\n<\/ol>\n<ul>\n<li>L'accumulateur stocke l'\u00e9nergie hydraulique pendant les p\u00e9riodes de faible demande ou lorsque les fonctions hydrauliques ne sont pas utilis\u00e9es.<\/li>\n<li>Lorsque la demande en \u00e9nergie hydraulique augmente, l'\u00e9nergie stock\u00e9e est lib\u00e9r\u00e9e, fournissant une source d'\u00e9nergie fiable et instantan\u00e9e.<\/li>\n<\/ul>\n<ol start=\"3\">\n<li><strong>Dimensionnement et configuration appropri\u00e9s\u00a0:<\/strong><\/li>\n<\/ol>\n<ul>\n<li>Il est essentiel de s\u00e9lectionner la taille et la configuration appropri\u00e9es de l'accumulateur \u00e0 piston du camion-benne minier afin de r\u00e9pondre aux exigences sp\u00e9cifiques du syst\u00e8me hydraulique du camion-benne.<\/li>\n<li>Consulter des experts ou se r\u00e9f\u00e9rer aux directives du fabricant permet de garantir des performances et une s\u00e9curit\u00e9 optimales.<\/li>\n<\/ul>\n<h2><strong>Qu'est-ce qu'un syst\u00e8me hydraulique en circuit ferm\u00e9\u00a0?<\/strong><\/h2>\n<p>Un syst\u00e8me hydraulique en circuit ferm\u00e9, \u00e9galement appel\u00e9 syst\u00e8me hydraulique \u00e0 centre ferm\u00e9, est couramment utilis\u00e9 dans les machines industrielles et les engins mobiles. Il utilise une pompe \u00e0 cylindr\u00e9e variable pour maintenir une pression constante dans le syst\u00e8me hydraulique, quelles que soient les variations de charge.<\/p>\n<p>Voici les principales caract\u00e9ristiques et les composants d'un syst\u00e8me hydraulique en boucle ferm\u00e9e\u00a0:<\/p>\n<ol>\n<li><strong>Pompe \u00e0 cylindr\u00e9e variable :<\/strong> Un syst\u00e8me hydraulique en circuit ferm\u00e9 utilise une pompe \u00e0 cylindr\u00e9e variable pour alimenter le syst\u00e8me en fluide hydraulique. La pompe ajuste son d\u00e9bit ou sa course en fonction des besoins en charge, tout en maintenant une pression constante.<\/li>\n<li><strong>Compensateur de pression :<\/strong> Un compensateur de pression, \u00e9galement appel\u00e9 vanne de r\u00e9gulation de pression, r\u00e9gule et contr\u00f4le la pression du syst\u00e8me. Il garantit une pression constante, m\u00eame en cas de variation de la charge.<\/li>\n<li><strong>Contr\u00f4le du retour d'information\u00a0:<\/strong> Les syst\u00e8mes hydrauliques en boucle ferm\u00e9e int\u00e8grent des m\u00e9canismes de r\u00e9gulation par r\u00e9troaction pour surveiller et ajuster la pression du syst\u00e8me. Cette r\u00e9gulation par r\u00e9troaction permet un contr\u00f4le pr\u00e9cis de la pression, garantissant ainsi des performances et une efficacit\u00e9 optimales.<\/li>\n<li><strong>Moteur ou actionneur hydraulique\u00a0:<\/strong> Le moteur ou actionneur hydraulique convertit l'\u00e9nergie hydraulique en mouvement ou force m\u00e9canique. Il re\u00e7oit le fluide hydraulique du syst\u00e8me en circuit ferm\u00e9 et le convertit en mouvement de rotation ou de translation pour effectuer un travail.<\/li>\n<li><strong>R\u00e9servoir hydraulique :<\/strong> Le r\u00e9servoir hydraulique stocke le fluide hydraulique n\u00e9cessaire au fonctionnement du syst\u00e8me hydraulique en circuit ferm\u00e9. Il alimente la pompe et dissipe la chaleur, contribuant ainsi \u00e0 maintenir la temp\u00e9rature du fluide dans des limites acceptables.<\/li>\n<\/ol>\n<h2><strong>Capacit\u00e9 de l'usine :<\/strong><\/h2>\n<h3>(1) Assemblage<\/h3>\n<p>Nous disposons d'une plateforme d'assemblage ind\u00e9pendante de recherche et d\u00e9veloppement de premier ordre. Notre atelier de production de v\u00e9rins hydrauliques dispose de quatre lignes d'assemblage semi-automatiques de v\u00e9rins de levage et d'une ligne d'assemblage automatique de v\u00e9rins d'inclinaison, pour une capacit\u00e9 de production annuelle pr\u00e9vue d'un million de pi\u00e8ces. L'atelier de v\u00e9rins sp\u00e9ciaux est \u00e9quip\u00e9 d'un syst\u00e8me d'assemblage de nettoyage semi-automatique de diverses sp\u00e9cifications, d'une capacit\u00e9 de production annuelle pr\u00e9vue de 200\u00a0000 pi\u00e8ces et dispose d'\u00e9quipements d'usinage CNC de pointe, d'un centre d'usinage, d'\u00e9quipements sp\u00e9ciaux d'usinage de haute pr\u00e9cision, d'une machine de soudage robotis\u00e9e, d'une machine de nettoyage automatique, d'une machine d'assemblage automatique de v\u00e9rins et d'une ligne de peinture automatique. Nous disposons de plus de 300 \u00e9quipements critiques. L'allocation optimale et l'utilisation efficace des ressources garantissent la pr\u00e9cision et la qualit\u00e9 des produits.<\/p>\n<p><img loading=\"lazy\" decoding=\"async\" class=\"alignnone wp-image-626\" src=\"https:\/\/hydraulic-cylinders.net\/wp-content\/uploads\/2023\/08\/hydraulic-cylinder-product-1-300x158.webp\" alt=\"\" width=\"495\" height=\"260\" srcset=\"https:\/\/hydraulic-cylinders.net\/wp-content\/uploads\/2023\/08\/hydraulic-cylinder-product-1-300x158.webp 495w, https:\/\/hydraulic-cylinders.net\/wp-content\/uploads\/2023\/08\/hydraulic-cylinder-product-1-480x252.webp 480w\" sizes=\"(min-width: 0px) and (max-width: 480px) 480px, (min-width: 481px) 495px, 100vw\" \/> <img loading=\"lazy\" decoding=\"async\" class=\"alignnone wp-image-627\" src=\"https:\/\/hydraulic-cylinders.net\/wp-content\/uploads\/2023\/08\/hydraulic-cylinder-product-2-300x189.webp\" alt=\"\" width=\"413\" height=\"260\" \/><\/p>\n<h3>(2) Usinage<\/h3>\n<p>L'atelier d'usinage est \u00e9quip\u00e9 d'un centre de tournage sur rail inclin\u00e9 personnalis\u00e9, d'un centre d'usinage, d'une machine \u00e0 honer \u00e0 grande vitesse, d'un robot de soudage et d'autres \u00e9quipements connexes, qui peuvent traiter des tubes cylindriques d'un diam\u00e8tre int\u00e9rieur maximal de 400 mm et d'une longueur maximale de 6 m\u00e8tres.<\/p>\n<p><img loading=\"lazy\" decoding=\"async\" class=\"alignnone wp-image-628 size-large\" src=\"https:\/\/hydraulic-cylinders.net\/wp-content\/uploads\/2023\/08\/hydraulic-cylinder-product-3-1024x391.webp\" alt=\"\" width=\"1024\" height=\"391\" srcset=\"https:\/\/hydraulic-cylinders.net\/wp-content\/uploads\/2023\/08\/hydraulic-cylinder-product-3-980x374.webp 980w, https:\/\/hydraulic-cylinders.net\/wp-content\/uploads\/2023\/08\/hydraulic-cylinder-product-3-480x183.webp 480w\" sizes=\"(min-width: 0px) and (max-width: 480px) 480px, (min-width: 481px) and (max-width: 980px) 980px, (min-width: 981px) 1024px, 100vw\" \/><\/p>\n<h3>(3) Soudage<\/h3>\n<p><img loading=\"lazy\" decoding=\"async\" class=\"alignnone wp-image-629 size-large\" src=\"https:\/\/hydraulic-cylinders.net\/wp-content\/uploads\/2023\/08\/hydraulic-cylinder-product-4-1024x510.webp\" alt=\"\" width=\"1024\" height=\"510\" srcset=\"https:\/\/hydraulic-cylinders.net\/wp-content\/uploads\/2023\/08\/hydraulic-cylinder-product-4-980x488.webp 980w, https:\/\/hydraulic-cylinders.net\/wp-content\/uploads\/2023\/08\/hydraulic-cylinder-product-4-480x239.webp 480w\" sizes=\"(min-width: 0px) and (max-width: 480px) 480px, (min-width: 481px) and (max-width: 980px) 980px, (min-width: 981px) 1024px, 100vw\" \/><\/p>\n<h3>(4) Peinture et rev\u00eatement<\/h3>\n<p>Avec des lignes de rev\u00eatement de peinture \u00e0 base d'eau automatiques \u00e0 cylindre de petite et moyenne taille, pour r\u00e9aliser le chargement et le d\u00e9chargement automatiques par robot et la pulv\u00e9risation automatique, la capacit\u00e9 de conception est de 4 000 pi\u00e8ces par \u00e9quipe ;<br \/>\nNous disposons \u00e9galement d'une ligne de production de peinture semi-automatique pour gros cylindres, aliment\u00e9e par une cha\u00eene de traction, d'une capacit\u00e9 de conception de 60 caisses par \u00e9quipe.<\/p>\n<p><img loading=\"lazy\" decoding=\"async\" class=\"alignnone wp-image-630\" src=\"https:\/\/hydraulic-cylinders.net\/wp-content\/uploads\/2023\/08\/hydraulic-cylinder-product-5-300x213.webp\" alt=\"\" width=\"366\" height=\"260\" \/> <img loading=\"lazy\" decoding=\"async\" class=\"alignnone wp-image-631\" src=\"https:\/\/hydraulic-cylinders.net\/wp-content\/uploads\/2023\/08\/hydraulic-cylinder-product-6-300x225.webp\" alt=\"\" width=\"347\" height=\"260\" \/><\/p>\n<h3>(5) Essais<\/h3>\n<p>Nous disposons d'installations d'inspection et de bancs d'essai de premier ordre pour garantir que les performances de la bouteille sont conformes aux exigences.<\/p>\n<p><img loading=\"lazy\" decoding=\"async\" class=\"alignnone wp-image-632\" src=\"https:\/\/hydraulic-cylinders.net\/wp-content\/uploads\/2023\/08\/hydraulic-cylinder-product-8-300x200.webp\" alt=\"\" width=\"389\" height=\"260\" \/><\/p>\n<p>&nbsp;<\/p>\n<p>&nbsp;<\/p>\n<p>Nous sommes l'un des meilleurs fabricants de v\u00e9rins hydrauliques. Nous proposons une gamme compl\u00e8te de v\u00e9rins hydrauliques. Nous fournissons \u00e9galement les v\u00e9rins correspondants. <a href=\"https:\/\/hzpt.com\/agricultural-pto-gearbox\/\" target=\"_blank\" rel=\"noopener\">bo\u00eetes de vitesses agricoles<\/a>Nous exportons nos produits dans le monde entier et nous avons acquis une excellente r\u00e9putation gr\u00e2ce \u00e0 la qualit\u00e9 sup\u00e9rieure de nos produits et \u00e0 notre service apr\u00e8s-vente. Nous invitons nos clients, nationaux et internationaux, \u00e0 nous contacter pour n\u00e9gocier, \u00e9changer des informations et\u2026 <a href=\"https:\/\/www.hydraulic-cylinders.net\/fr\/contact-us\/\">coop\u00e9rer avec nous<\/a>!<\/p>","protected":false},"excerpt":{"rendered":"<p>Mining Dump Truck Piston Accumulator Equipment reliability and safety are paramount in the demanding world of mining operations. The mining dump truck piston accumulator is a crucial component designed to optimize performance and enhance safety in mining dump trucks The mining dump truck piston accumulator is a vital component that enhances performance and safety in [&hellip;]<\/p>","protected":false},"featured_media":1615,"comment_status":"open","ping_status":"closed","template":"","meta":{"_et_pb_use_builder":"","_et_pb_old_content":"","_et_gb_content_width":""},"product_brand":[],"product_cat":[1517,1532,1376],"product_tag":[1380],"class_list":{"0":"post-1613","1":"product","2":"type-product","3":"status-publish","4":"has-post-thumbnail","6":"product_cat-dump-truck-hydraulic-cylinders","7":"product_cat-mining-dump-truck-hydraulic-cylinders","8":"product_cat-hydraulic-cylinder","9":"product_tag-hydraulic-cylinder","11":"first","12":"instock","13":"shipping-taxable","14":"product-type-simple"},"amp_enabled":true,"_links":{"self":[{"href":"https:\/\/www.hydraulic-cylinders.net\/fr\/wp-json\/wp\/v2\/product\/1613","targetHints":{"allow":["GET"]}}],"collection":[{"href":"https:\/\/www.hydraulic-cylinders.net\/fr\/wp-json\/wp\/v2\/product"}],"about":[{"href":"https:\/\/www.hydraulic-cylinders.net\/fr\/wp-json\/wp\/v2\/types\/product"}],"replies":[{"embeddable":true,"href":"https:\/\/www.hydraulic-cylinders.net\/fr\/wp-json\/wp\/v2\/comments?post=1613"}],"wp:featuredmedia":[{"embeddable":true,"href":"https:\/\/www.hydraulic-cylinders.net\/fr\/wp-json\/wp\/v2\/media\/1615"}],"wp:attachment":[{"href":"https:\/\/www.hydraulic-cylinders.net\/fr\/wp-json\/wp\/v2\/media?parent=1613"}],"wp:term":[{"taxonomy":"product_brand","embeddable":true,"href":"https:\/\/www.hydraulic-cylinders.net\/fr\/wp-json\/wp\/v2\/product_brand?post=1613"},{"taxonomy":"product_cat","embeddable":true,"href":"https:\/\/www.hydraulic-cylinders.net\/fr\/wp-json\/wp\/v2\/product_cat?post=1613"},{"taxonomy":"product_tag","embeddable":true,"href":"https:\/\/www.hydraulic-cylinders.net\/fr\/wp-json\/wp\/v2\/product_tag?post=1613"}],"curies":[{"name":"wp","href":"https:\/\/api.w.org\/{rel}","templated":true}]}}