{"id":16165,"date":"2025-01-20T08:35:01","date_gmt":"2025-01-20T08:35:01","guid":{"rendered":"https:\/\/www.hydraulic-cylinders.net\/product\/arm-cylinderfor-caterpillar-middle-excavator-e325d\/"},"modified":"2025-01-20T08:35:03","modified_gmt":"2025-01-20T08:35:03","slug":"arm-cylinderfor-caterpillar-middle-excavator-e325d","status":"publish","type":"product","link":"https:\/\/www.hydraulic-cylinders.net\/fr\/produit\/arm-cylinderfor-caterpillar-middle-excavator-e325d\/","title":{"rendered":"V\u00e9rin de bras pour pelle hydraulique Caterpillar E325D"},"content":{"rendered":"<h1>V\u00e9rin de bras pour pelle hydraulique Caterpillar E325D<\/h1>\n<h2>Introduction<\/h2>\n<p>Le v\u00e9rin de bras est un v\u00e9rin hydraulique sp\u00e9cialis\u00e9 con\u00e7u pour fournir un mouvement lin\u00e9aire et de la puissance au bras de diverses machines telles que les excavatrices, les grues et les bras m\u00e9caniques. Il joue un r\u00f4le essentiel dans les syst\u00e8mes hydrauliques, permettant le mouvement et le contr\u00f4le efficaces des accessoires. Ces v\u00e9rins assurent non seulement un mouvement fluide, mais peuvent \u00e9galement supporter des charges importantes, garantissant ainsi le fonctionnement efficace et la fiabilit\u00e9 des machines dans diverses conditions de travail.<\/p>\n<p><img decoding=\"async\" src=\"https:\/\/www.hydraulic-cylinders.net\/wp-content\/uploads\/2025\/01\/songte-company-2.webp\" alt=\"Image de v\u00e9rin hydraulique\"><\/p>\n<h2>Caract\u00e9ristiques<\/h2>\n<ul>\n<li>Transmission de puissance efficace : Le v\u00e9rin du bras assure un mouvement lin\u00e9aire et une force puissants, garantissant ainsi un rendement \u00e9lev\u00e9 du bras m\u00e9canique lors de diverses op\u00e9rations.<\/li>\n<li>Contr\u00f4le pr\u00e9cis\u00a0: gr\u00e2ce au syst\u00e8me hydraulique, le v\u00e9rin du bras permet un contr\u00f4le pr\u00e9cis des mouvements, rendant le fonctionnement des accessoires plus flexible et pr\u00e9cis.<\/li>\n<li>Haute durabilit\u00e9 : Les v\u00e9rins de bras sont g\u00e9n\u00e9ralement fabriqu\u00e9s \u00e0 partir de mat\u00e9riaux \u00e0 haute r\u00e9sistance, offrant une bonne r\u00e9sistance \u00e0 l'usure et \u00e0 la corrosion, et adapt\u00e9s \u00e0 une utilisation \u00e0 long terme dans des environnements difficiles.<\/li>\n<li>Adaptabilit\u00e9 multifonctionnelle : Ces v\u00e9rins peuvent \u00eatre largement utilis\u00e9s dans divers \u00e9quipements m\u00e9caniques tels que les excavatrices, les grues et les bras m\u00e9caniques, s'adaptant ainsi \u00e0 diff\u00e9rentes exigences de travail.<\/li>\n<li>Maintenance ais\u00e9e : Con\u00e7u pour \u00eatre facile \u00e0 entretenir et \u00e0 remplacer, ce qui facilite l'inspection et la maintenance r\u00e9guli\u00e8res et r\u00e9duit les temps d'arr\u00eat des \u00e9quipements.<\/li>\n<\/ul>\n<p>Nous pouvons fabriquer ce produit, et notre produit peut parfaitement remplacer ces v\u00e9rins hydrauliques.<\/p>\n<p><img decoding=\"async\" src=\"https:\/\/www.hydraulic-cylinders.net\/wp-content\/uploads\/2025\/01\/songte-oil-pipes-and-spare-parts.webp\" alt=\"Image des pi\u00e8ces du v\u00e9rin hydraulique\"><\/p>\n<h2>Applications<\/h2>\n<p>Les v\u00e9rins \u00e0 bras ont une large gamme d'applications, notamment\u00a0:<\/p>\n<ul>\n<li>\n<h3>G\u00e9nie civil :<\/h3>\n<p> Dans les excavatrices et les grues, les v\u00e9rins de bras servent \u00e0 contr\u00f4ler le mouvement du godet ou de la fl\u00e8che pour effectuer des travaux de terrassement, de manutention de mat\u00e9riaux et d'installation de structures.<\/li>\n<li>\n<h3>Fabrication:<\/h3>\n<p> Dans les lignes de production automatis\u00e9es, les v\u00e9rins de bras sont utilis\u00e9s pour le mouvement des bras m\u00e9caniques afin d'effectuer des op\u00e9rations d'assemblage, de soudage et de manutention, am\u00e9liorant ainsi l'efficacit\u00e9 et la pr\u00e9cision de la production.<\/li>\n<li>\n<h3>Machines agricoles :<\/h3>\n<p> Dans les machines agricoles telles que les moissonneuses-batteuses et les semoirs, les v\u00e9rins de bras contr\u00f4lent le mouvement des bras de travail pour effectuer des t\u00e2ches telles que le semis, la fertilisation et la r\u00e9colte.<\/li>\n<li>\n<h3>Exploitation mini\u00e8re:<\/h3>\n<p> Dans les \u00e9quipements miniers, les v\u00e9rins de bras servent \u00e0 contr\u00f4ler le mouvement du bras de l'engin pour extraire et transporter les minerais.<\/li>\n<li>\n<h3>Logistique et transport :<\/h3>\n<p> Dans les chariots \u00e9l\u00e9vateurs et les robots de manutention, des v\u00e9rins de bras sont utilis\u00e9s pour contr\u00f4ler le levage et le mouvement des fourches, permettant ainsi la manutention et l'empilage des mat\u00e9riaux.<\/li>\n<\/ul>\n<h2>Consid\u00e9rations de conception et crit\u00e8res de s\u00e9lection<\/h2>\n<p>Lors de la conception et de la s\u00e9lection des v\u00e9rins de bras, les facteurs suivants doivent \u00eatre pris en compte\u00a0:<\/p>\n<ul>\n<li>\n<h3>Capacit\u00e9 de charge :<\/h3>\n<p> Le v\u00e9rin du bras doit pouvoir supporter la charge requise, garantissant ainsi un fonctionnement s\u00fbr et fiable.<\/li>\n<li>\n<h3>Scellage:<\/h3>\n<p> Divers composants d'\u00e9tanch\u00e9it\u00e9, tels que les joints de piston et les joints de tige, doivent \u00eatre utilis\u00e9s pour \u00e9viter les fuites de fluide et garantir un fonctionnement efficace.<\/li>\n<li>\n<h3>Durabilit\u00e9:<\/h3>\n<p> Les v\u00e9rins de bras doivent \u00eatre fabriqu\u00e9s \u00e0 partir de mat\u00e9riaux \u00e0 haute r\u00e9sistance et r\u00e9sistants \u00e0 l'usure afin de supporter des conditions de travail difficiles.<\/li>\n<li>\n<h3>S\u00e9curit\u00e9:<\/h3>\n<p> Le cylindre doit \u00eatre con\u00e7u de mani\u00e8re \u00e0 pr\u00e9venir les accidents tels que les pincements et les \u00e9crasements gr\u00e2ce \u00e0 l'utilisation de dispositifs de s\u00e9curit\u00e9 comme des coussins et des colliers.<\/li>\n<li>\n<h3>Entretien:<\/h3>\n<p> Le cylindre doit \u00eatre con\u00e7u pour faciliter la maintenance et le remplacement des composants, r\u00e9duisant ainsi les temps d'arr\u00eat des \u00e9quipements.<\/li>\n<\/ul>\n<p><img decoding=\"async\" src=\"https:\/\/www.hydraulic-cylinders.net\/wp-content\/uploads\/2025\/01\/songte-cylinder-head-with-all-kinds-excavator-models.webp\" alt=\"Image de la culasse du cylindre hydraulique\"><\/p>\n<h2>\u00c9tanch\u00e9it\u00e9 et lubrification<\/h2>\n<p>Divers composants d'\u00e9tanch\u00e9it\u00e9, tels que les joints de piston et les joints de tige, doivent \u00eatre utilis\u00e9s pour pr\u00e9venir les fuites de fluide et garantir un fonctionnement optimal. Le choix de ces composants doit se faire en fonction de leur r\u00e9sistance \u00e0 l'usure, de leur compatibilit\u00e9 chimique et des conditions de fonctionnement. Le corps du v\u00e9rin et la surface d'extr\u00e9mit\u00e9 du filetage doivent \u00eatre usin\u00e9s avec pr\u00e9cision pour am\u00e9liorer la r\u00e9sistance \u00e0 l'usure. Une lubrification r\u00e9guli\u00e8re avec la quantit\u00e9 appropri\u00e9e d'huile hydraulique est \u00e9galement indispensable au bon fonctionnement du v\u00e9rin.<\/p>\n<p><img decoding=\"async\" src=\"https:\/\/www.hydraulic-cylinders.net\/wp-content\/uploads\/2025\/01\/songte-chushion-collar.webp\" alt=\"Image du collier de coussin de v\u00e9rin hydraulique\"><\/p>\n<h2>Maintenance et d\u00e9pannage<\/h2>\n<p>Pour garantir un fonctionnement efficace et fiable, les v\u00e9rins de bras doivent \u00eatre inspect\u00e9s et entretenus r\u00e9guli\u00e8rement. Les mesures pr\u00e9ventives suivantes peuvent \u00eatre prises\u00a0:<\/p>\n<ul>\n<li>V\u00e9rifiez r\u00e9guli\u00e8rement l'\u00e9tat des joints d'\u00e9tanch\u00e9it\u00e9 et remplacez-les si n\u00e9cessaire.<\/li>\n<li>V\u00e9rifiez r\u00e9guli\u00e8rement l'\u00e9tat du corps du cylindre et de la tige de piston et remplacez-les si n\u00e9cessaire.<\/li>\n<li>Lubrifiez r\u00e9guli\u00e8rement le cylindre avec la quantit\u00e9 appropri\u00e9e d'huile hydraulique.<\/li>\n<li>La maintenance pr\u00e9ventive doit \u00eatre effectu\u00e9e avant le d\u00e9but de la saison de travail afin de garantir le bon fonctionnement des \u00e9quipements.<\/li>\n<\/ul>\n<p>Lors du d\u00e9pannage de probl\u00e8mes courants tels qu'un mouvement lent ou une fuite de fluide, il est essentiel de diagnostiquer pr\u00e9cis\u00e9ment la panne et de prendre les mesures appropri\u00e9es. Les solutions possibles incluent le remplacement des pi\u00e8ces endommag\u00e9es ou us\u00e9es, le r\u00e9glage de la pression du syst\u00e8me hydraulique et le nettoyage du corps du v\u00e9rin et de la tige de piston. Afin de minimiser les risques de probl\u00e8mes, un entretien et une inspection r\u00e9guliers sont recommand\u00e9s.<\/p>\n<h2>Guide d'installation<\/h2>\n<p>La proc\u00e9dure d'installation du cylindre de bras doit suivre les \u00e9tapes suivantes\u00a0:<\/p>\n<ul>\n<li>Pr\u00e9parez les outils et les mat\u00e9riaux d'installation, y compris l'huile hydraulique, les composants d'\u00e9tanch\u00e9it\u00e9 et les fixations.<\/li>\n<li>Retirez l'ancien cylindre et nettoyez le site d'installation.<\/li>\n<li>Installez le nouveau cylindre et serrez les fixations.<\/li>\n<li>Raccordez le tuyau d'huile hydraulique et les autres accessoires.<\/li>\n<li>Tester le fonctionnement du cylindre pour s'assurer de son installation et de son fonctionnement corrects.<\/li>\n<\/ul>\n<p><img decoding=\"async\" src=\"https:\/\/www.hydraulic-cylinders.net\/wp-content\/uploads\/2025\/01\/songte-bushings-with-all-kinds-of-excavator-models.webp\" alt=\"Image des bagues de v\u00e9rin hydraulique\"><\/p>\n<h2>\u00c0 propos de nous<\/h2>\n<p>Nous sommes un fabricant professionnel de v\u00e9rins hydrauliques de remplacement offrant une large gamme de produits. Nous figurons parmi les principaux fabricants et distributeurs de v\u00e9rins hydrauliques sur les march\u00e9s nationaux et internationaux. Attach\u00e9s \u00e0 l'excellence, nous nous appuyons sur une strat\u00e9gie de gestion de production industrialis\u00e9e et des ateliers de fabrication performants pour am\u00e9liorer constamment notre niveau technique et notre productivit\u00e9. Gr\u00e2ce \u00e0 l'int\u00e9gration d'\u00e9quipements de fabrication num\u00e9rique de pointe et de syst\u00e8mes de test professionnels, nous optimisons notre plateforme de production, am\u00e9liorons le contr\u00f4le qualit\u00e9 de nos produits et d\u00e9veloppons une forte capacit\u00e9 d'innovation. Notre objectif est de r\u00e9pondre aux besoins vari\u00e9s de nos clients avec efficacit\u00e9, pr\u00e9cision et exigence de qualit\u00e9.<\/p>\n<p>Notre entreprise propose des services professionnels, certifi\u00e9s \u00e0 l'international et personnalis\u00e9s, ainsi que des \u00e9quipements de production de pointe et un excellent service apr\u00e8s-vente. Nous sommes certifi\u00e9s ISO 9001:2015 et CE, garantissant la qualit\u00e9 et la s\u00e9curit\u00e9 de nos produits. Nous offrons des services sur mesure r\u00e9pondant aux exigences de nos clients et pouvons fabriquer des cylindres non standard selon leurs plans. Nous disposons d'\u00e9quipements d'usinage performants, tels que des tours CNC, des rectifieuses et des fraiseuses, pour assurer une qualit\u00e9 de produit et une productivit\u00e9 optimales. Notre \u00e9quipe du service apr\u00e8s-vente fournit un support technique professionnel et un service efficace pour garantir la satisfaction de nos clients.<\/p>\n<p><img decoding=\"async\" src=\"https:\/\/www.hydraulic-cylinders.net\/wp-content\/uploads\/2025\/01\/songte-company-4.webp\" alt=\"Image de l&#039;entreprise de v\u00e9rins hydrauliques\"><br \/>\n<img decoding=\"async\" src=\"https:\/\/www.hydraulic-cylinders.net\/wp-content\/uploads\/2025\/01\/songte-company-3.webp\" alt=\"Image de l&#039;entreprise de v\u00e9rins hydrauliques\"><\/p>\n<p>Auteur : lyl<\/p>","protected":false},"excerpt":{"rendered":"<p>Arm Cylinder For Caterpillar Middle Excavator E325D Introduction The arm cylinder is a specialized hydraulic cylinder designed to provide linear motion and power to the arm of various machines such as excavators, cranes, and mechanical arms. It plays a critical role in hydraulic systems, enabling the effective movement and control of attachments or accessories. These [&hellip;]<\/p>","protected":false},"featured_media":14779,"comment_status":"open","ping_status":"closed","template":"","meta":{"_et_pb_use_builder":"","_et_pb_old_content":"","_et_gb_content_width":""},"product_brand":[],"product_cat":[1497],"product_tag":[1498,1496],"class_list":{"0":"post-16165","1":"product","2":"type-product","3":"status-publish","4":"has-post-thumbnail","6":"product_cat-arm-cylinders","7":"product_tag-arm-cylinders","8":"product_tag-hydraulic-cylinders","10":"first","11":"instock","12":"shipping-taxable","13":"product-type-simple"},"amp_enabled":true,"_links":{"self":[{"href":"https:\/\/www.hydraulic-cylinders.net\/fr\/wp-json\/wp\/v2\/product\/16165","targetHints":{"allow":["GET"]}}],"collection":[{"href":"https:\/\/www.hydraulic-cylinders.net\/fr\/wp-json\/wp\/v2\/product"}],"about":[{"href":"https:\/\/www.hydraulic-cylinders.net\/fr\/wp-json\/wp\/v2\/types\/product"}],"replies":[{"embeddable":true,"href":"https:\/\/www.hydraulic-cylinders.net\/fr\/wp-json\/wp\/v2\/comments?post=16165"}],"wp:featuredmedia":[{"embeddable":true,"href":"https:\/\/www.hydraulic-cylinders.net\/fr\/wp-json\/wp\/v2\/media\/14779"}],"wp:attachment":[{"href":"https:\/\/www.hydraulic-cylinders.net\/fr\/wp-json\/wp\/v2\/media?parent=16165"}],"wp:term":[{"taxonomy":"product_brand","embeddable":true,"href":"https:\/\/www.hydraulic-cylinders.net\/fr\/wp-json\/wp\/v2\/product_brand?post=16165"},{"taxonomy":"product_cat","embeddable":true,"href":"https:\/\/www.hydraulic-cylinders.net\/fr\/wp-json\/wp\/v2\/product_cat?post=16165"},{"taxonomy":"product_tag","embeddable":true,"href":"https:\/\/www.hydraulic-cylinders.net\/fr\/wp-json\/wp\/v2\/product_tag?post=16165"}],"curies":[{"name":"wp","href":"https:\/\/api.w.org\/{rel}","templated":true}]}}