{"id":1620,"date":"2023-10-08T08:35:44","date_gmt":"2023-10-08T08:35:44","guid":{"rendered":"https:\/\/hydraulic-cylinders.net\/?post_type=product&#038;p=1620"},"modified":"2025-04-11T02:55:36","modified_gmt":"2025-04-11T02:55:36","slug":"press-side-cylinder","status":"publish","type":"product","link":"https:\/\/www.hydraulic-cylinders.net\/fr\/produit\/press-side-cylinder\/","title":{"rendered":"Cylindre lat\u00e9ral de pression"},"content":{"rendered":"<h1 style=\"text-align: center;\"><strong>Cylindre lat\u00e9ral de pression<\/strong><\/h1>\n<p><img loading=\"lazy\" decoding=\"async\" class=\"aligncenter wp-image-1621\" src=\"https:\/\/hydraulic-cylinders.net\/wp-content\/uploads\/2023\/10\/side-cylinder-1-300x300.webp\" alt=\"\" width=\"400\" height=\"400\" \/><\/p>\n<p>Le v\u00e9rin de presse est un composant puissant et fiable, con\u00e7u pour optimiser les op\u00e9rations de pressage dans divers secteurs industriels. Ce v\u00e9rin innovant offre une force pr\u00e9cise et des performances exceptionnelles, vous permettant d'obtenir des r\u00e9sultats sup\u00e9rieurs dans vos applications de pressage.<\/p>\n<p>Le v\u00e9rin c\u00f4t\u00e9 presse offre une solution fiable et performante pour optimiser vos op\u00e9rations de pressage. Gr\u00e2ce \u00e0 sa construction robuste, sa g\u00e9n\u00e9ration de force pr\u00e9cise et son efficacit\u00e9 \u00e9nerg\u00e9tique, ce v\u00e9rin vous permet d'obtenir des r\u00e9sultats exceptionnels dans vos applications de pressage. En respectant les m\u00e9thodes d'utilisation et les pratiques d'entretien appropri\u00e9es, vous maximiserez les performances, la productivit\u00e9 et la dur\u00e9e de vie de vos op\u00e9rations de pressage. Choisissez le v\u00e9rin c\u00f4t\u00e9 presse pour am\u00e9liorer vos capacit\u00e9s de pressage et conserver une longueur d'avance dans le paysage industriel concurrentiel d'aujourd'hui.<\/p>\n<p>Caract\u00e9ristiques de la cl\u00e9 du cylindre lat\u00e9ral de pression\u00a0:<\/p>\n<ol>\n<li>Construction robuste :<\/li>\n<\/ol>\n<ul>\n<li>Le cylindre c\u00f4t\u00e9 presse est fabriqu\u00e9 avec des mat\u00e9riaux de haute qualit\u00e9, garantissant durabilit\u00e9 et performances durables.<\/li>\n<li>Sa construction robuste lui permet de r\u00e9sister \u00e0 de lourdes charges et \u00e0 des conditions d'utilisation difficiles, assurant ainsi sa fiabilit\u00e9 dans les environnements industriels exigeants.<\/li>\n<\/ul>\n<ol start=\"2\">\n<li>G\u00e9n\u00e9ration de force de pr\u00e9cision\u00a0:<\/li>\n<\/ol>\n<ul>\n<li>Ce cylindre est con\u00e7u pour d\u00e9livrer une force pr\u00e9cise avec une exactitude exceptionnelle, garantissant des r\u00e9sultats de pressage constants et fiables.<\/li>\n<li>Ses techniques de conception et de fabrication avanc\u00e9es permettent un contr\u00f4le pr\u00e9cis de l'application de la force, r\u00e9duisant ainsi les risques de d\u00e9fauts ou d'incoh\u00e9rences du produit.<\/li>\n<\/ul>\n<ol start=\"3\">\n<li>Consommation d'\u00e9nergie efficace :<\/li>\n<\/ol>\n<ul>\n<li>Le cylindre c\u00f4t\u00e9 presse est con\u00e7u dans un souci d'efficacit\u00e9 \u00e9nerg\u00e9tique, optimisant ainsi la consommation d'\u00e9nergie lors des op\u00e9rations de pressage.<\/li>\n<li>Son syst\u00e8me hydraulique performant minimise le gaspillage d'\u00e9nergie, ce qui engendre des \u00e9conomies de co\u00fbts et des avantages environnementaux.<\/li>\n<\/ul>\n<h2><strong>Param\u00e8tre du cylindre c\u00f4t\u00e9 presse\u00a0:<\/strong><\/h2>\n<table border=\"1\" cellspacing=\"0\" cellpadding=\"0\">\n<tbody>\n<tr>\n<td>Nom du produit<\/td>\n<td>Cylindre lat\u00e9ral de presse hydraulique<\/td>\n<\/tr>\n<tr>\n<td>Caract\u00e9ristiques:<\/td>\n<td>Fournir une pouss\u00e9e \u00e0 la presse avec le ma\u00eetre-cylindre<\/td>\n<\/tr>\n<tr>\n<td>Piston:<\/td>\n<td>420 mm \u00e0 1000 mm<\/td>\n<\/tr>\n<tr>\n<td>Accident vasculaire c\u00e9r\u00e9bral:<\/td>\n<td>Course \u2264 4500 mm<\/td>\n<\/tr>\n<tr>\n<td>Force de pouss\u00e9e :<\/td>\n<td>Maximum 24,7 MN<br \/>\n(Pompon 1000 mm \/ pression 31,5 MPa)<\/td>\n<\/tr>\n<tr>\n<td>Applications des v\u00e9rins lat\u00e9raux hydrauliques\u00a0:<\/td>\n<td>Presse hydraulique<\/td>\n<\/tr>\n<\/tbody>\n<\/table>\n<div><\/div>\n<div class=\"txtboxL\">Caract\u00e9ristiques:<\/div>\n<div class=\"txtboxR\">Fournir une pouss\u00e9e \u00e0 la presse avec le ma\u00eetre-cylindre<\/div>\n<div class=\"txtboxL\">Sp\u00e9cification:<\/div>\n<div class=\"txtboxR\">Piston 420 mm \u00e0 1000 mm<br \/>\nCourse \u2264 4500 mm<\/div>\n<div class=\"txtboxL\">Force de pouss\u00e9e :<\/div>\n<div class=\"txtboxR\">Maximum 24,7 MN<br \/>\n(Pompon 1000 mm \/ pression 31,5 MPa)<\/div>\n<h2><strong>Usine de cylindres de presse :<\/strong><\/h2>\n<p><img loading=\"lazy\" decoding=\"async\" class=\"alignnone wp-image-1619 size-full\" src=\"https:\/\/hydraulic-cylinders.net\/wp-content\/uploads\/2023\/10\/press-cylinder.webp\" alt=\"\" width=\"1418\" height=\"946\" srcset=\"https:\/\/hydraulic-cylinders.net\/wp-content\/uploads\/2023\/10\/press-cylinder.webp 1418w, https:\/\/hydraulic-cylinders.net\/wp-content\/uploads\/2023\/10\/press-cylinder-1280x854.webp 1280w, https:\/\/hydraulic-cylinders.net\/wp-content\/uploads\/2023\/10\/press-cylinder-980x654.webp 980w, https:\/\/hydraulic-cylinders.net\/wp-content\/uploads\/2023\/10\/press-cylinder-480x320.webp 480w\" sizes=\"(min-width: 0px) and (max-width: 480px) 480px, (min-width: 481px) and (max-width: 980px) 980px, (min-width: 981px) and (max-width: 1280px) 1280px, (min-width: 1281px) 1418px, 100vw\" \/><\/p>\n<h2><strong>Mode d'utilisation du cylindre lat\u00e9ral de pression<\/strong><strong>:<\/strong><\/h2>\n<ol>\n<li><strong>Installation et int\u00e9gration :<\/strong><\/li>\n<\/ol>\n<ul>\n<li>Montez solidement le cylindre c\u00f4t\u00e9 presse sur le ch\u00e2ssis de la presse, en veillant \u00e0 un alignement et une connexion corrects.<\/li>\n<li>Suivez les instructions et recommandations du fabricant concernant l'installation afin de garantir des performances et une s\u00e9curit\u00e9 optimales.<\/li>\n<\/ul>\n<ol start=\"2\">\n<li><strong>Connexions hydrauliques :<\/strong><\/li>\n<\/ol>\n<ul>\n<li>Raccordez le v\u00e9rin c\u00f4t\u00e9 presse au groupe hydraulique \u00e0 l'aide des tuyaux et raccords appropri\u00e9s.<\/li>\n<li>V\u00e9rifiez que les raccords hydrauliques sont bien serr\u00e9s et \u00e9tanches afin de garantir un transfert de fluide efficace et un fonctionnement fiable.<\/li>\n<\/ul>\n<ol start=\"3\">\n<li><strong>R\u00e9glage de la pression\u00a0:<\/strong><\/li>\n<\/ol>\n<ul>\n<li>R\u00e9glez la pression fournie au cylindre c\u00f4t\u00e9 presse en fonction des exigences sp\u00e9cifiques de pressage.<\/li>\n<li>Consultez les instructions du fabricant pour d\u00e9terminer la plage de pression recommand\u00e9e pour des performances optimales.<\/li>\n<\/ul>\n<ol start=\"4\">\n<li><strong>Contr\u00f4le de la longueur et de la vitesse de la course\u00a0:<\/strong><\/li>\n<\/ol>\n<ul>\n<li>Le v\u00e9rin c\u00f4t\u00e9 presse offre g\u00e9n\u00e9ralement des options de r\u00e9glage de la longueur de course et de la vitesse pour diff\u00e9rentes applications de pressage.<\/li>\n<li>Familiarisez-vous avec les commandes et les fonctions du v\u00e9rin pour obtenir les r\u00e9sultats souhait\u00e9s.<\/li>\n<\/ul>\n<h2><strong>Comment purger l'air du syst\u00e8me hydraulique d'un tracteur ?<\/strong><\/h2>\n<p>La purge du syst\u00e8me hydraulique d'un tracteur est une op\u00e9ration d'entretien importante pour garantir son bon fonctionnement et ses performances. La pr\u00e9sence d'air dans le syst\u00e8me hydraulique peut entra\u00eener une baisse d'efficacit\u00e9, un fonctionnement irr\u00e9gulier et des dommages potentiels aux composants. Voici les \u00e9tapes g\u00e9n\u00e9rales pour purger l'air du syst\u00e8me hydraulique d'un tracteur\u00a0:<\/p>\n<ol>\n<li><strong>Pr\u00e9paration:<\/strong>\n<ul>\n<li>Garez le tracteur sur une surface plane et serrez le frein de stationnement.<\/li>\n<li>Assurez-vous que le r\u00e9servoir d'huile hydraulique est rempli au niveau recommand\u00e9.<\/li>\n<li>Rep\u00e9rez la vis ou la vanne de purge sur le syst\u00e8me hydraulique. Elle se trouve g\u00e9n\u00e9ralement pr\u00e8s du point le plus haut du syst\u00e8me ou sur le v\u00e9rin hydraulique.<\/li>\n<\/ul>\n<\/li>\n<li><strong>Identifier les points de saignement\u00a0:<\/strong>\n<ul>\n<li>Selon le mod\u00e8le du tracteur, le syst\u00e8me hydraulique peut comporter plusieurs points de purge.<\/li>\n<li>Les points de purge courants comprennent les v\u00e9rins hydrauliques, les vannes de r\u00e9gulation et autres points hauts du syst\u00e8me o\u00f9 l'air peut s'accumuler.<\/li>\n<\/ul>\n<\/li>\n<li><strong>Ouvrir la vis\/vanne de purge\u00a0:<\/strong>\n<ul>\n<li>\u00c0 l'aide d'un outil appropri\u00e9, tel qu'une cl\u00e9 ou un tournevis, desserrez soigneusement la vis ou la valve de purge.<\/li>\n<li>Veillez \u00e0 ouvrir la vis\/valve de purge juste assez pour permettre \u00e0 l'air de s'\u00e9chapper, sans la retirer compl\u00e8tement.<\/li>\n<\/ul>\n<\/li>\n<li><strong>D\u00e9marrer le tracteur :<\/strong>\n<ul>\n<li>D\u00e9marrez le moteur du tracteur et laissez-le tourner au ralenti.<\/li>\n<li>Laissez le syst\u00e8me hydraulique se r\u00e9chauffer pendant quelques minutes afin d'assurer un d\u00e9bit de fluide optimal.<\/li>\n<\/ul>\n<\/li>\n<li><strong>Actionner les commandes hydrauliques\u00a0:<\/strong>\n<ul>\n<li>Actionnez les commandes hydrauliques associ\u00e9es au point de purge sur lequel vous travaillez.<\/li>\n<li>Par exemple, pour purger l'air d'un v\u00e9rin hydraulique de chargeur, actionnez le levier de commande du chargeur pour d\u00e9ployer et r\u00e9tracter compl\u00e8tement le v\u00e9rin.<\/li>\n<\/ul>\n<\/li>\n<li><strong>Surveiller le d\u00e9gagement de fluide et d'air\u00a0:<\/strong>\n<ul>\n<li>Lorsque vous actionnez les commandes hydrauliques, observez la vis\/vanne de purge pour d\u00e9tecter l'\u00e9vacuation des bulles d'air.<\/li>\n<li>Il est \u00e9galement possible que du liquide commence \u00e0 s'\u00e9couler du point de purge, indiquant que l'air est purg\u00e9 du syst\u00e8me.<\/li>\n<\/ul>\n<\/li>\n<li><strong>Fermez la vis\/vanne de purge\u00a0:<\/strong>\n<ul>\n<li>Une fois que les bulles d'air ont disparu, serrez fermement la vis\/valve de purge.<\/li>\n<li>Assurez-vous que la vis\/vanne de purge est correctement \u00e9tanche afin d'\u00e9viter toute fuite de liquide.<\/li>\n<\/ul>\n<\/li>\n<li><strong>R\u00e9p\u00e9tez l'op\u00e9ration pour les autres points de saignement\u00a0:<\/strong>\n<ul>\n<li>S'il existe plusieurs points de purge dans le syst\u00e8me hydraulique, r\u00e9p\u00e9tez la proc\u00e9dure de purge pour chacun d'eux.<\/li>\n<li>Commencez par le point le plus haut et descendez progressivement pour vous assurer que tout l'air est expuls\u00e9 du syst\u00e8me.<\/li>\n<\/ul>\n<\/li>\n<li><strong>V\u00e9rifier le niveau de liquide\u00a0:<\/strong>\n<ul>\n<li>Apr\u00e8s avoir purg\u00e9 l'air du syst\u00e8me hydraulique, v\u00e9rifiez le niveau de liquide dans le r\u00e9servoir.<\/li>\n<li>Si n\u00e9cessaire, ajoutez du liquide hydraulique pour maintenir le niveau recommand\u00e9.<\/li>\n<\/ul>\n<\/li>\n<li><strong>Syst\u00e8me hydraulique de test :<\/strong>\n<ul>\n<li>Une fois l'air purg\u00e9 du syst\u00e8me, testez les commandes et les fonctions hydrauliques pour garantir un fonctionnement fluide et correct.<\/li>\n<li>V\u00e9rifiez que le syst\u00e8me hydraulique du tracteur fonctionne comme pr\u00e9vu, sans bruits anormaux ni probl\u00e8mes de performance.<\/li>\n<\/ul>\n<\/li>\n<\/ol>\n<h2><strong>Capacit\u00e9 de l'usine :<\/strong><\/h2>\n<h3>(1) Assemblage<\/h3>\n<p>Nous disposons d'une plateforme d'assemblage ind\u00e9pendante de recherche et d\u00e9veloppement de premier ordre. Notre atelier de production de v\u00e9rins hydrauliques dispose de quatre lignes d'assemblage semi-automatiques de v\u00e9rins de levage et d'une ligne d'assemblage automatique de v\u00e9rins d'inclinaison, pour une capacit\u00e9 de production annuelle pr\u00e9vue d'un million de pi\u00e8ces. L'atelier de v\u00e9rins sp\u00e9ciaux est \u00e9quip\u00e9 d'un syst\u00e8me d'assemblage de nettoyage semi-automatique de diverses sp\u00e9cifications, d'une capacit\u00e9 de production annuelle pr\u00e9vue de 200\u00a0000 pi\u00e8ces et dispose d'\u00e9quipements d'usinage CNC de pointe, d'un centre d'usinage, d'\u00e9quipements sp\u00e9ciaux d'usinage de haute pr\u00e9cision, d'une machine de soudage robotis\u00e9e, d'une machine de nettoyage automatique, d'une machine d'assemblage automatique de v\u00e9rins et d'une ligne de peinture automatique. Nous disposons de plus de 300 \u00e9quipements critiques. L'allocation optimale et l'utilisation efficace des ressources garantissent la pr\u00e9cision et la qualit\u00e9 des produits.<\/p>\n<p><img loading=\"lazy\" decoding=\"async\" class=\"alignnone wp-image-626\" src=\"https:\/\/hydraulic-cylinders.net\/wp-content\/uploads\/2023\/08\/hydraulic-cylinder-product-1-300x158.webp\" alt=\"\" width=\"495\" height=\"260\" srcset=\"https:\/\/hydraulic-cylinders.net\/wp-content\/uploads\/2023\/08\/hydraulic-cylinder-product-1-300x158.webp 495w, https:\/\/hydraulic-cylinders.net\/wp-content\/uploads\/2023\/08\/hydraulic-cylinder-product-1-480x252.webp 480w\" sizes=\"(min-width: 0px) and (max-width: 480px) 480px, (min-width: 481px) 495px, 100vw\" \/> <img loading=\"lazy\" decoding=\"async\" class=\"alignnone wp-image-627\" src=\"https:\/\/hydraulic-cylinders.net\/wp-content\/uploads\/2023\/08\/hydraulic-cylinder-product-2-300x189.webp\" alt=\"\" width=\"413\" height=\"260\" \/><\/p>\n<h3>(2) Usinage<\/h3>\n<p>L'atelier d'usinage est \u00e9quip\u00e9 d'un centre de tournage sur rail inclin\u00e9 personnalis\u00e9, d'un centre d'usinage, d'une machine \u00e0 honer \u00e0 grande vitesse, d'un robot de soudage et d'autres \u00e9quipements connexes, qui peuvent traiter des tubes cylindriques d'un diam\u00e8tre int\u00e9rieur maximal de 400 mm et d'une longueur maximale de 6 m\u00e8tres.<\/p>\n<p><img loading=\"lazy\" decoding=\"async\" class=\"alignnone wp-image-628 size-large\" src=\"https:\/\/hydraulic-cylinders.net\/wp-content\/uploads\/2023\/08\/hydraulic-cylinder-product-3-1024x391.webp\" alt=\"\" width=\"1024\" height=\"391\" srcset=\"https:\/\/hydraulic-cylinders.net\/wp-content\/uploads\/2023\/08\/hydraulic-cylinder-product-3-980x374.webp 980w, https:\/\/hydraulic-cylinders.net\/wp-content\/uploads\/2023\/08\/hydraulic-cylinder-product-3-480x183.webp 480w\" sizes=\"(min-width: 0px) and (max-width: 480px) 480px, (min-width: 481px) and (max-width: 980px) 980px, (min-width: 981px) 1024px, 100vw\" \/><\/p>\n<h3>(3) Soudage<\/h3>\n<p><img loading=\"lazy\" decoding=\"async\" class=\"alignnone wp-image-629 size-large\" src=\"https:\/\/hydraulic-cylinders.net\/wp-content\/uploads\/2023\/08\/hydraulic-cylinder-product-4-1024x510.webp\" alt=\"\" width=\"1024\" height=\"510\" srcset=\"https:\/\/hydraulic-cylinders.net\/wp-content\/uploads\/2023\/08\/hydraulic-cylinder-product-4-980x488.webp 980w, https:\/\/hydraulic-cylinders.net\/wp-content\/uploads\/2023\/08\/hydraulic-cylinder-product-4-480x239.webp 480w\" sizes=\"(min-width: 0px) and (max-width: 480px) 480px, (min-width: 481px) and (max-width: 980px) 980px, (min-width: 981px) 1024px, 100vw\" \/><\/p>\n<h3>(4) Peinture et rev\u00eatement<\/h3>\n<p>Avec des lignes de rev\u00eatement de peinture \u00e0 base d'eau automatiques \u00e0 cylindre de petite et moyenne taille, pour r\u00e9aliser le chargement et le d\u00e9chargement automatiques par robot et la pulv\u00e9risation automatique, la capacit\u00e9 de conception est de 4 000 pi\u00e8ces par \u00e9quipe ;<br \/>\nNous disposons \u00e9galement d'une ligne de production de peinture semi-automatique pour gros cylindres, aliment\u00e9e par une cha\u00eene de traction, d'une capacit\u00e9 de conception de 60 caisses par \u00e9quipe.<\/p>\n<p><img loading=\"lazy\" decoding=\"async\" class=\"alignnone wp-image-630\" src=\"https:\/\/hydraulic-cylinders.net\/wp-content\/uploads\/2023\/08\/hydraulic-cylinder-product-5-300x213.webp\" alt=\"\" width=\"366\" height=\"260\" \/> <img loading=\"lazy\" decoding=\"async\" class=\"alignnone wp-image-631\" src=\"https:\/\/hydraulic-cylinders.net\/wp-content\/uploads\/2023\/08\/hydraulic-cylinder-product-6-300x225.webp\" alt=\"\" width=\"347\" height=\"260\" \/><\/p>\n<h3>(5) Essais<\/h3>\n<p>Nous disposons d'installations d'inspection et de bancs d'essai de premier ordre pour garantir que les performances de la bouteille sont conformes aux exigences.<\/p>\n<p><img loading=\"lazy\" decoding=\"async\" class=\"alignnone wp-image-632\" src=\"https:\/\/hydraulic-cylinders.net\/wp-content\/uploads\/2023\/08\/hydraulic-cylinder-product-8-300x200.webp\" alt=\"\" width=\"389\" height=\"260\" \/><\/p>\n<p>&nbsp;<\/p>\n<p>&nbsp;<\/p>\n<p>Nous sommes l'un des meilleurs fabricants de v\u00e9rins hydrauliques. Nous proposons une gamme compl\u00e8te de v\u00e9rins hydrauliques. Nous fournissons \u00e9galement les v\u00e9rins correspondants. <a href=\"https:\/\/hzpt.com\/agricultural-pto-gearbox\/\" target=\"_blank\" rel=\"noopener\">bo\u00eetes de vitesses agricoles<\/a>Nous exportons nos produits dans le monde entier et nous avons acquis une excellente r\u00e9putation gr\u00e2ce \u00e0 la qualit\u00e9 sup\u00e9rieure de nos produits et \u00e0 notre service apr\u00e8s-vente. Nous invitons nos clients, nationaux et internationaux, \u00e0 nous contacter pour n\u00e9gocier, \u00e9changer des informations et\u2026 <a href=\"https:\/\/www.hydraulic-cylinders.net\/fr\/contact-us\/\">coop\u00e9rer avec nous<\/a>!<\/p>","protected":false},"excerpt":{"rendered":"<p>Press Side Cylinder The press side cylinder is a powerful and reliable component designed to optimize pressing operations across various industries. This innovative cylinder delivers precise force and exceptional performance, enabling you to achieve superior results in your pressing applications. The press side cylinder offers a reliable, efficient solution for enhancing pressing operations. With its [&hellip;]<\/p>","protected":false},"featured_media":1622,"comment_status":"open","ping_status":"closed","template":"","meta":{"_et_pb_use_builder":"","_et_pb_old_content":"","_et_gb_content_width":""},"product_brand":[],"product_cat":[1522,1549,1376],"product_tag":[1380],"class_list":{"0":"post-1620","1":"product","2":"type-product","3":"status-publish","4":"has-post-thumbnail","6":"product_cat-press-hydraulic-cylinders","7":"product_cat-single-acting-hydraulic-cylinder","8":"product_cat-hydraulic-cylinder","9":"product_tag-hydraulic-cylinder","11":"first","12":"instock","13":"shipping-taxable","14":"product-type-simple"},"amp_enabled":true,"_links":{"self":[{"href":"https:\/\/www.hydraulic-cylinders.net\/fr\/wp-json\/wp\/v2\/product\/1620","targetHints":{"allow":["GET"]}}],"collection":[{"href":"https:\/\/www.hydraulic-cylinders.net\/fr\/wp-json\/wp\/v2\/product"}],"about":[{"href":"https:\/\/www.hydraulic-cylinders.net\/fr\/wp-json\/wp\/v2\/types\/product"}],"replies":[{"embeddable":true,"href":"https:\/\/www.hydraulic-cylinders.net\/fr\/wp-json\/wp\/v2\/comments?post=1620"}],"wp:featuredmedia":[{"embeddable":true,"href":"https:\/\/www.hydraulic-cylinders.net\/fr\/wp-json\/wp\/v2\/media\/1622"}],"wp:attachment":[{"href":"https:\/\/www.hydraulic-cylinders.net\/fr\/wp-json\/wp\/v2\/media?parent=1620"}],"wp:term":[{"taxonomy":"product_brand","embeddable":true,"href":"https:\/\/www.hydraulic-cylinders.net\/fr\/wp-json\/wp\/v2\/product_brand?post=1620"},{"taxonomy":"product_cat","embeddable":true,"href":"https:\/\/www.hydraulic-cylinders.net\/fr\/wp-json\/wp\/v2\/product_cat?post=1620"},{"taxonomy":"product_tag","embeddable":true,"href":"https:\/\/www.hydraulic-cylinders.net\/fr\/wp-json\/wp\/v2\/product_tag?post=1620"}],"curies":[{"name":"wp","href":"https:\/\/api.w.org\/{rel}","templated":true}]}}