{"id":16231,"date":"2025-01-20T08:42:00","date_gmt":"2025-01-20T08:42:00","guid":{"rendered":"https:\/\/www.hydraulic-cylinders.net\/product\/arm-cylinderfor-doosan-wheel-excavator-dx60n\/"},"modified":"2025-01-20T08:42:02","modified_gmt":"2025-01-20T08:42:02","slug":"arm-cylinderfor-doosan-wheel-excavator-dx60n","status":"publish","type":"product","link":"https:\/\/www.hydraulic-cylinders.net\/fr\/produit\/arm-cylinderfor-doosan-wheel-excavator-dx60n\/","title":{"rendered":"V\u00e9rin de bras pour pelle sur pneus Doosan DX60N"},"content":{"rendered":"<h1>V\u00e9rin de bras pour pelle sur pneus Doosan DX60N<\/h1>\n<h2>Introduction<\/h2>\n<p>Le v\u00e9rin de bras est un v\u00e9rin hydraulique sp\u00e9cialement con\u00e7u pour fournir un mouvement lin\u00e9aire et de la puissance \u00e0 divers types de bras de machines, tels que les excavatrices, les grues et les manipulateurs. \u00c9l\u00e9ment cl\u00e9 du syst\u00e8me hydraulique, il permet le mouvement et le contr\u00f4le efficaces des accessoires. Ces v\u00e9rins assurent non seulement un mouvement fluide, mais supportent \u00e9galement des charges importantes, garantissant ainsi une efficacit\u00e9 et une fiabilit\u00e9 \u00e9lev\u00e9es de la machine dans diverses conditions d'utilisation.<\/p>\n<p><img decoding=\"async\" src=\"https:\/\/www.hydraulic-cylinders.net\/wp-content\/uploads\/2025\/01\/songte-company-2.webp\" alt=\"Image du cylindre de bras\"><\/p>\n<h2>Caract\u00e9ristiques<\/h2>\n<ul>\n<li>Transmission de puissance efficace : Le v\u00e9rin du bras assure un mouvement lin\u00e9aire et une force puissants, garantissant une grande efficacit\u00e9 du bras de la machine dans diverses op\u00e9rations.<\/li>\n<li>Contr\u00f4le pr\u00e9cis\u00a0: gr\u00e2ce au syst\u00e8me hydraulique, le v\u00e9rin du bras permet un contr\u00f4le pr\u00e9cis des mouvements, rendant le fonctionnement des accessoires plus flexible et pr\u00e9cis.<\/li>\n<li>Grande durabilit\u00e9 : les v\u00e9rins de bras sont g\u00e9n\u00e9ralement fabriqu\u00e9s \u00e0 partir de mat\u00e9riaux \u00e0 haute r\u00e9sistance offrant une bonne r\u00e9sistance \u00e0 l'usure et \u00e0 la corrosion, adapt\u00e9s \u00e0 une utilisation \u00e0 long terme dans des environnements difficiles.<\/li>\n<li>Adaptabilit\u00e9 multifonctionnelle\u00a0: Ces v\u00e9rins peuvent \u00eatre largement utilis\u00e9s dans divers \u00e9quipements m\u00e9caniques tels que les excavatrices, les grues et les manipulateurs, s\u2019adaptant ainsi \u00e0 diff\u00e9rentes exigences de travail.<\/li>\n<li>Maintenance ais\u00e9e : La conception prend en compte la facilit\u00e9 d'entretien et de remplacement, ce qui rend l'inspection et la maintenance r\u00e9guli\u00e8res plus pratiques et r\u00e9duit les temps d'arr\u00eat des \u00e9quipements.<\/li>\n<\/ul>\n<p>Nous pouvons fabriquer ce produit, et notre produit peut parfaitement remplacer ces v\u00e9rins hydrauliques.<\/p>\n<p><img decoding=\"async\" src=\"https:\/\/www.hydraulic-cylinders.net\/wp-content\/uploads\/2025\/01\/songte-oil-pipes-and-spare-parts.webp\" alt=\"Image de remplacement du cylindre de bras\"><\/p>\n<h2>Applications<\/h2>\n<p>Le v\u00e9rin \u00e0 bras est largement utilis\u00e9 dans diverses industries :<\/p>\n<h3>Ing\u00e9nierie de la construction<\/h3>\n<p>Dans les excavatrices et les grues, le v\u00e9rin de bras sert \u00e0 contr\u00f4ler le mouvement du godet ou de la fl\u00e8che, \u00e0 effectuer des travaux de terrassement, de manutention de mat\u00e9riaux et d'installation de structures.<\/p>\n<h3>Industrie manufacturi\u00e8re<\/h3>\n<p>Dans les lignes de production automatis\u00e9es, les v\u00e9rins de bras sont utilis\u00e9s pour le mouvement des manipulateurs, r\u00e9alisant des op\u00e9rations d'assemblage, de soudage et de manutention, am\u00e9liorant ainsi l'efficacit\u00e9 et la pr\u00e9cision de la production.<\/p>\n<h3>machines agricoles<\/h3>\n<p>Dans les machines agricoles comme les moissonneuses-batteuses et les semoirs, les v\u00e9rins de bras contr\u00f4lent le mouvement des bras moteurs, ex\u00e9cutant des t\u00e2ches telles que le semis, la fertilisation et la r\u00e9colte.<\/p>\n<h3>Exploitation mini\u00e8re<\/h3>\n<p>Dans les \u00e9quipements miniers, les v\u00e9rins de bras sont utilis\u00e9s pour contr\u00f4ler le mouvement du bras des \u00e9quipements miniers pour l'extraction et la manutention du minerai.<\/p>\n<h3>Logistique et transport<\/h3>\n<p>Dans les chariots \u00e9l\u00e9vateurs et les robots de manutention, les v\u00e9rins de bras servent \u00e0 contr\u00f4ler le levage et le mouvement des fourches, permettant ainsi la manutention et l'empilage des mat\u00e9riaux.<\/p>\n<p><img decoding=\"async\" src=\"https:\/\/www.hydraulic-cylinders.net\/wp-content\/uploads\/2025\/01\/songte-chushion-collar.webp\" alt=\"Image d&#039;application du cylindre de bras\"><\/p>\n<h2>Consid\u00e9rations de conception et crit\u00e8res de s\u00e9lection<\/h2>\n<h3>Capacit\u00e9 de charge<\/h3>\n<p>Les v\u00e9rins de bras doivent avoir une capacit\u00e9 de charge suffisante pour supporter la charge en fonctionnement.<\/p>\n<h3>Scellage<\/h3>\n<p>Divers composants d'\u00e9tanch\u00e9it\u00e9 doivent \u00eatre utilis\u00e9s pour garantir l'\u00e9tanch\u00e9it\u00e9 des v\u00e9rins, tels que les joints de piston et les joints de tige. Ces composants doivent \u00eatre fabriqu\u00e9s dans des mat\u00e9riaux r\u00e9sistants \u00e0 l'usure, comme le polyur\u00e9thane et le caoutchouc nitrile, et le corps du v\u00e9rin ainsi que la surface d'extr\u00e9mit\u00e9 filet\u00e9e doivent \u00eatre finement usin\u00e9s pour am\u00e9liorer leur r\u00e9sistance \u00e0 l'usure.<\/p>\n<h3>Durabilit\u00e9<\/h3>\n<p>Les v\u00e9rins de bras doivent \u00eatre fabriqu\u00e9s \u00e0 partir de mat\u00e9riaux \u00e0 haute r\u00e9sistance, pr\u00e9sentant une bonne r\u00e9sistance \u00e0 l'usure et \u00e0 la corrosion, adapt\u00e9s \u00e0 une utilisation \u00e0 long terme dans des environnements difficiles.<\/p>\n<h3>S\u00e9curit\u00e9<\/h3>\n<p>La conception des v\u00e9rins de bras doit prendre en compte des facteurs de s\u00e9curit\u00e9 tels que la protection contre les surcharges, l'arr\u00eat d'urgence et les r\u00e9glages des soupapes de s\u00e9curit\u00e9 afin de pr\u00e9venir les accidents pendant le fonctionnement.<\/p>\n<h3>Entretien<\/h3>\n<p>Les v\u00e9rins de bras doivent \u00eatre con\u00e7us de mani\u00e8re \u00e0 faciliter leur entretien et leur remplacement, r\u00e9duisant ainsi les temps d'arr\u00eat des \u00e9quipements et les co\u00fbts de maintenance.<\/p>\n<p><img decoding=\"async\" src=\"https:\/\/www.hydraulic-cylinders.net\/wp-content\/uploads\/2025\/01\/songte-cylinder-head-with-all-kinds-excavator-models.webp\" alt=\"Image de conception du cylindre de bras\"><\/p>\n<h2>\u00c9tanch\u00e9it\u00e9 et lubrification<\/h2>\n<p>Divers composants d'\u00e9tanch\u00e9it\u00e9, tels que des joints de piston et de tige, doivent \u00eatre utilis\u00e9s pour garantir l'\u00e9tanch\u00e9it\u00e9 des v\u00e9rins de bras. Ces composants doivent \u00eatre fabriqu\u00e9s dans des mat\u00e9riaux r\u00e9sistants \u00e0 l'usure, comme le polyur\u00e9thane et le caoutchouc nitrile. Le corps du v\u00e9rin et la surface filet\u00e9e doivent \u00eatre usin\u00e9s avec pr\u00e9cision pour am\u00e9liorer la r\u00e9sistance \u00e0 l'usure. Les v\u00e9rins de bras doivent \u00eatre lubrifi\u00e9s r\u00e9guli\u00e8rement avec la quantit\u00e9 appropri\u00e9e d'huile hydraulique pour assurer un fonctionnement optimal.<\/p>\n<h2>Maintenance et mesures pr\u00e9ventives<\/h2>\n<ul>\n<li>Contr\u00f4lez r\u00e9guli\u00e8rement l'\u00e9tanch\u00e9it\u00e9 du v\u00e9rin et remplacez les pi\u00e8ces d'\u00e9tanch\u00e9it\u00e9 \u00e0 temps si n\u00e9cessaire.<\/li>\n<li>Nettoyez et entretenez r\u00e9guli\u00e8rement le v\u00e9rin du bras et le syst\u00e8me hydraulique afin d'\u00e9viter toute contamination.<\/li>\n<li>Contr\u00f4lez r\u00e9guli\u00e8rement l'\u00e9tat d'usure du corps du cylindre et de la tige de piston, et remplacez-les \u00e0 temps si n\u00e9cessaire.<\/li>\n<li>V\u00e9rifiez r\u00e9guli\u00e8rement le serrage des boulons de fixation et resserrez-les si n\u00e9cessaire afin d'\u00e9viter les fuites.<\/li>\n<\/ul>\n<p><img decoding=\"async\" src=\"https:\/\/www.hydraulic-cylinders.net\/wp-content\/uploads\/2025\/01\/songte-bushings-with-all-kinds-of-excavator-models.webp\" alt=\"Image de maintenance du cylindre de bras\"><\/p>\n<h2>Guide d'installation du produit<\/h2>\n<p>Avant l'installation, v\u00e9rifiez la compatibilit\u00e9 du v\u00e9rin de bras avec la machine. Lors de l'installation, assurez-vous que le v\u00e9rin de bras est correctement positionn\u00e9 et que les boulons sont serr\u00e9s au couple prescrit. Apr\u00e8s l'installation, testez le bon fonctionnement du v\u00e9rin de bras et v\u00e9rifiez l'absence de fuites.<\/p>\n<h2>Consid\u00e9rations de s\u00e9curit\u00e9 et facteurs environnementaux<\/h2>\n<p>Les mesures de s\u00e9curit\u00e9 du v\u00e9rin doivent \u00eatre respect\u00e9es pendant son utilisation afin d'\u00e9viter tout accident. L'\u00e9limination appropri\u00e9e de l'huile hydraulique doit \u00eatre effectu\u00e9e afin de pr\u00e9venir toute pollution environnementale.<\/p>\n<h2>D\u00e9pannage et probl\u00e8mes courants<\/h2>\n<ul>\n<li>Fuite : V\u00e9rifiez les \u00e9l\u00e9ments d'\u00e9tanch\u00e9it\u00e9 et resserrez les boulons si n\u00e9cessaire.<\/li>\n<li>Mouvement lent\u00a0: V\u00e9rifiez que le syst\u00e8me hydraulique et le corps du v\u00e9rin ne sont pas contamin\u00e9s.<\/li>\n<li>Bruit anormal\u00a0: v\u00e9rifiez le niveau d\u2019huile hydraulique et l\u2019\u00e9tat du corps du v\u00e9rin (usure et dommages).<\/li>\n<\/ul>\n<p>Si les probl\u00e8mes ne peuvent \u00eatre r\u00e9solus par les m\u00e9thodes ci-dessus, veuillez contacter le fabricant pour obtenir de l'aide.<\/p>\n<p>Auteur : lyl<\/p>\n<p><img decoding=\"async\" src=\"https:\/\/www.hydraulic-cylinders.net\/wp-content\/uploads\/2025\/01\/songte-company-4.webp\" alt=\"Image de pr\u00e9sentation de l&#039;entreprise\"><br \/>\n<img decoding=\"async\" src=\"https:\/\/www.hydraulic-cylinders.net\/wp-content\/uploads\/2025\/01\/songte-company-3.webp\" alt=\"Image de pr\u00e9sentation de l&#039;entreprise\"> <\/p>\n<p>Nous sommes un fabricant professionnel de v\u00e9rins hydrauliques de remplacement, proposant une large gamme de produits et figurant parmi les principaux fabricants et grossistes de v\u00e9rins hydrauliques sur les march\u00e9s nationaux et internationaux. Attach\u00e9s \u00e0 l'excellence, nous nous appuyons sur une strat\u00e9gie de gestion de production industrialis\u00e9e au sein d'ateliers de fabrication de pointe et am\u00e9liorons constamment notre niveau technique et notre productivit\u00e9. Gr\u00e2ce \u00e0 l'int\u00e9gration d'\u00e9quipements de fabrication num\u00e9rique haut de gamme et de syst\u00e8mes de test professionnels, nous optimisons en permanence notre plateforme de production, am\u00e9liorons nos processus de contr\u00f4le qualit\u00e9 et d\u00e9veloppons une forte capacit\u00e9 d'innovation. Notre objectif est de r\u00e9pondre aux besoins vari\u00e9s de nos clients avec efficacit\u00e9, pr\u00e9cision et qualit\u00e9.<\/p>\n<p>Nous proposons des services professionnels, certifi\u00e9s \u00e0 l'international et personnalis\u00e9s, des \u00e9quipements de production de pointe et un excellent service apr\u00e8s-vente. <\/p>","protected":false},"excerpt":{"rendered":"<p>Arm Cylinder For Doosan Wheel Excavator DX60N Introduction The Arm Cylinder is a specially designed hydraulic cylinder for providing linear motion and power to various kinds of machinery arms such as excavators, cranes, and manipulators. The arm cylinder plays a key role in the hydraulic system, enabling the effective movement and control of attachments or [&hellip;]<\/p>","protected":false},"featured_media":14763,"comment_status":"open","ping_status":"closed","template":"","meta":{"_et_pb_use_builder":"","_et_pb_old_content":"","_et_gb_content_width":""},"product_brand":[],"product_cat":[1497],"product_tag":[1498,1496],"class_list":{"0":"post-16231","1":"product","2":"type-product","3":"status-publish","4":"has-post-thumbnail","6":"product_cat-arm-cylinders","7":"product_tag-arm-cylinders","8":"product_tag-hydraulic-cylinders","10":"first","11":"instock","12":"shipping-taxable","13":"product-type-simple"},"amp_enabled":true,"_links":{"self":[{"href":"https:\/\/www.hydraulic-cylinders.net\/fr\/wp-json\/wp\/v2\/product\/16231","targetHints":{"allow":["GET"]}}],"collection":[{"href":"https:\/\/www.hydraulic-cylinders.net\/fr\/wp-json\/wp\/v2\/product"}],"about":[{"href":"https:\/\/www.hydraulic-cylinders.net\/fr\/wp-json\/wp\/v2\/types\/product"}],"replies":[{"embeddable":true,"href":"https:\/\/www.hydraulic-cylinders.net\/fr\/wp-json\/wp\/v2\/comments?post=16231"}],"wp:featuredmedia":[{"embeddable":true,"href":"https:\/\/www.hydraulic-cylinders.net\/fr\/wp-json\/wp\/v2\/media\/14763"}],"wp:attachment":[{"href":"https:\/\/www.hydraulic-cylinders.net\/fr\/wp-json\/wp\/v2\/media?parent=16231"}],"wp:term":[{"taxonomy":"product_brand","embeddable":true,"href":"https:\/\/www.hydraulic-cylinders.net\/fr\/wp-json\/wp\/v2\/product_brand?post=16231"},{"taxonomy":"product_cat","embeddable":true,"href":"https:\/\/www.hydraulic-cylinders.net\/fr\/wp-json\/wp\/v2\/product_cat?post=16231"},{"taxonomy":"product_tag","embeddable":true,"href":"https:\/\/www.hydraulic-cylinders.net\/fr\/wp-json\/wp\/v2\/product_tag?post=16231"}],"curies":[{"name":"wp","href":"https:\/\/api.w.org\/{rel}","templated":true}]}}