{"id":16262,"date":"2025-01-20T09:00:34","date_gmt":"2025-01-20T09:00:34","guid":{"rendered":"https:\/\/www.hydraulic-cylinders.net\/product\/arm-cylinderfor-hyundai-wheel-excavator-r160w-5\/"},"modified":"2025-01-20T09:00:36","modified_gmt":"2025-01-20T09:00:36","slug":"arm-cylinderfor-hyundai-wheel-excavator-r160w-5","status":"publish","type":"product","link":"https:\/\/www.hydraulic-cylinders.net\/fr\/produit\/arm-cylinderfor-hyundai-wheel-excavator-r160w-5\/","title":{"rendered":"V\u00e9rin de bras pour pelle sur pneus Hyundai R160W-5"},"content":{"rendered":"<h2>Introduction<\/h2>\n<h3>V\u00e9rin de bras pour pelle sur pneus Hyundai R160W-5<\/h3>\n<p>Un v\u00e9rin de bras est un v\u00e9rin hydraulique sp\u00e9cialement con\u00e7u pour assurer le mouvement lin\u00e9aire et la puissance des bras de divers types d'engins, tels que les excavatrices, les grues et les bras m\u00e9caniques. Ce v\u00e9rin joue un r\u00f4le essentiel dans le syst\u00e8me hydraulique en permettant le mouvement et le contr\u00f4le efficaces des outils ou accessoires. Ces v\u00e9rins garantissent non seulement un mouvement fluide, mais supportent \u00e9galement des charges importantes, assurant ainsi un fonctionnement efficace et une grande fiabilit\u00e9 des machines dans diverses conditions de travail.<\/p>\n<p><img decoding=\"async\" src=\"https:\/\/www.hydraulic-cylinders.net\/wp-content\/uploads\/2025\/01\/songte-company-2.webp\" alt=\"Image du cylindre de bras\"><\/p>\n<h2>Caract\u00e9ristiques<\/h2>\n<ol>\n<li><strong>Transmission \u00e0 haut rendement :<\/strong> Les v\u00e9rins du bras assurent un mouvement lin\u00e9aire et une force puissants, garantissant ainsi une performance \u00e0 haut rendement du bras m\u00e9canique dans diverses op\u00e9rations.<\/li>\n<li><strong>Contr\u00f4le de pr\u00e9cision :<\/strong> Gr\u00e2ce au syst\u00e8me hydraulique, les v\u00e9rins du bras permettent un contr\u00f4le pr\u00e9cis du mouvement, rendant l'utilisation d'outils suppl\u00e9mentaires plus flexible et pr\u00e9cise.<\/li>\n<li><strong>Grande durabilit\u00e9 :<\/strong> Les v\u00e9rins de bras sont g\u00e9n\u00e9ralement fabriqu\u00e9s \u00e0 partir de mat\u00e9riaux \u00e0 haute r\u00e9sistance et pr\u00e9sentent une bonne r\u00e9sistance \u00e0 l'usure et \u00e0 la corrosion, ce qui les rend adapt\u00e9s \u00e0 une utilisation \u00e0 long terme dans des environnements difficiles.<\/li>\n<li><strong>Adaptabilit\u00e9 multifonctionnelle\u00a0:<\/strong> Ces v\u00e9rins peuvent \u00eatre largement utilis\u00e9s dans diff\u00e9rents types de machines telles que les excavatrices, les grues et les bras m\u00e9caniques, s'adaptant ainsi \u00e0 diff\u00e9rentes exigences de travail.<\/li>\n<li><strong>Entretien facile\u00a0:<\/strong> La conception a pris en compte la facilit\u00e9 d'entretien et de remplacement, ce qui rend les contr\u00f4les et la maintenance r\u00e9guliers plus pratiques et r\u00e9duit les temps d'arr\u00eat des \u00e9quipements.<\/li>\n<\/ol>\n<p>Notre produit peut parfaitement remplacer ces v\u00e9rins hydrauliques. Voir l'image ci-dessous\u00a0:<\/p>\n<p><img decoding=\"async\" src=\"https:\/\/www.hydraulic-cylinders.net\/wp-content\/uploads\/2025\/01\/songte-oil-pipes-and-spare-parts.webp\" alt=\"Image de v\u00e9rins hydrauliques\"><\/p>\n<h2>Applications<\/h2>\n<p>Les v\u00e9rins \u00e0 bras sont utilis\u00e9s dans diverses industries pour de multiples applications telles que\u00a0:<\/p>\n<ol>\n<li><strong>G\u00e9nie civil :<\/strong> Dans les excavatrices et les grues, les v\u00e9rins de bras sont utilis\u00e9s pour contr\u00f4ler le mouvement des godets ou des fl\u00e8ches pour le terrassement, la manutention des mat\u00e9riaux et l'installation structurelle.<\/li>\n<li><strong>Fabrication:<\/strong> Dans les lignes de production automatis\u00e9es, les v\u00e9rins de bras sont utilis\u00e9s pour contr\u00f4ler le mouvement des bras m\u00e9caniques d'assemblage, de soudage et de manutention des mat\u00e9riaux, am\u00e9liorant ainsi l'efficacit\u00e9 et la pr\u00e9cision de la production.<\/li>\n<li><strong>Machines agricoles :<\/strong> Dans les machines agricoles telles que les moissonneuses-batteuses et les semoirs, les v\u00e9rins de bras contr\u00f4lent le mouvement des bras de travail pour effectuer des t\u00e2ches telles que le semis, la fertilisation et la r\u00e9colte.<\/li>\n<li><strong>Exploitation mini\u00e8re:<\/strong> Dans les \u00e9quipements miniers, les v\u00e9rins de bras sont utilis\u00e9s pour contr\u00f4ler le mouvement du bras des \u00e9quipements miniers pour l'extraction et la manutention du minerai.<\/li>\n<li><strong>Logistique et transport :<\/strong> Dans les chariots \u00e9l\u00e9vateurs et les robots de manutention, les v\u00e9rins de bras servent \u00e0 contr\u00f4ler le levage et le d\u00e9placement de la charge, permettant ainsi la manutention et l'empilage des mat\u00e9riaux.<\/li>\n<\/ol>\n<h2>Consid\u00e9rations de conception et crit\u00e8res de s\u00e9lection<\/h2>\n<p>Les v\u00e9rins de bras sont con\u00e7us en tenant compte de facteurs cl\u00e9s tels que\u00a0:<\/p>\n<ol>\n<li><strong>Capacit\u00e9 de charge :<\/strong> Les v\u00e9rins de bras doivent avoir une capacit\u00e9 de charge suffisante pour supporter des charges importantes et garantir leur fonctionnement efficace.<\/li>\n<li><strong>Scellage:<\/strong> Divers composants d'\u00e9tanch\u00e9it\u00e9, tels que des joints de piston et des joints de tige, sont utilis\u00e9s, et des mat\u00e9riaux d'\u00e9tanch\u00e9it\u00e9 comme le polyur\u00e9thane et le caoutchouc nitrile sont s\u00e9lectionn\u00e9s pour garantir la durabilit\u00e9.<\/li>\n<li><strong>Durabilit\u00e9:<\/strong> Les v\u00e9rins de bras sont fabriqu\u00e9s \u00e0 partir de mat\u00e9riaux \u00e0 haute r\u00e9sistance et usin\u00e9s avec pr\u00e9cision afin d'am\u00e9liorer leur r\u00e9sistance \u00e0 l'usure et \u00e0 la corrosion.<\/li>\n<li><strong>S\u00e9curit\u00e9:<\/strong> Les consid\u00e9rations de s\u00e9curit\u00e9 comprennent la conception et l'installation de soupapes de s\u00e9curit\u00e9 et d'autres dispositifs de s\u00e9curit\u00e9 afin de pr\u00e9venir les accidents.<\/li>\n<li><strong>Maintenabilit\u00e9 :<\/strong> La conception prend en compte la facilit\u00e9 d'entretien et de remplacement pour les contr\u00f4les et la maintenance r\u00e9guliers, r\u00e9duisant ainsi les temps d'arr\u00eat des \u00e9quipements.<\/li>\n<\/ol>\n<p>Voir l'image suivante\u00a0:<\/p>\n<p><img decoding=\"async\" src=\"https:\/\/www.hydraulic-cylinders.net\/wp-content\/uploads\/2025\/01\/songte-cylinder-head-with-all-kinds-excavator-models.webp\" alt=\"Image de la culasse\"><\/p>\n<h2>\u00c9tanch\u00e9it\u00e9 et lubrification<\/h2>\n<p>Les v\u00e9rins de bras utilisent divers composants d'\u00e9tanch\u00e9it\u00e9, tels que des joints de piston et de tige, ainsi que des mat\u00e9riaux d'\u00e9tanch\u00e9it\u00e9 comme le polyur\u00e9thane et le caoutchouc nitrile, pour garantir leur durabilit\u00e9. Le corps du v\u00e9rin et les surfaces d'extr\u00e9mit\u00e9 filet\u00e9es sont usin\u00e9s avec pr\u00e9cision afin d'am\u00e9liorer leur r\u00e9sistance \u00e0 l'usure. Un remplissage r\u00e9gulier avec une huile hydraulique adapt\u00e9e est n\u00e9cessaire pour la lubrification.<\/p>\n<h2>Maintenance pr\u00e9ventive et d\u00e9pannage<\/h2>\n<p>Des contr\u00f4les r\u00e9guliers et une maintenance pr\u00e9ventive sont n\u00e9cessaires pour \u00e9viter d'\u00e9ventuels probl\u00e8mes. Les conseils suivants peuvent vous aider \u00e0 diagnostiquer et \u00e0 r\u00e9soudre les probl\u00e8mes\u00a0:<\/p>\n<h3>Probl\u00e8mes courants<\/h3>\n<ol>\n<li>faible rendement de fonctionnement du cylindre<\/li>\n<li>Fuite d'huile du cylindre<\/li>\n<li>Bruit ou vibration excessifs des cylindres<\/li>\n<li>D\u00e9rive du cylindre<\/li>\n<li>D\u00e9formation ou dommage du cylindre<\/li>\n<\/ol>\n<h3>M\u00e9thodes de d\u00e9pannage<\/h3>\n<ol>\n<li>V\u00e9rifiez le circuit d'huile et la vanne de r\u00e9gulation pour assurer un d\u00e9bit d'huile r\u00e9gulier et une r\u00e9gulation correcte.<\/li>\n<li>V\u00e9rifiez les \u00e9l\u00e9ments d'\u00e9tanch\u00e9it\u00e9 et remplacez-les si n\u00e9cessaire.<\/li>\n<li>V\u00e9rifiez la pr\u00e9cision d'installation du cylindre et ajustez-le.<\/li>\n<li>V\u00e9rifiez la pression du syst\u00e8me hydraulique et ajustez-la au niveau appropri\u00e9.<\/li>\n<li>V\u00e9rifiez le corps du cylindre et r\u00e9parez-le ou remplacez-le si n\u00e9cessaire.<\/li>\n<\/ol>\n<p>Les mesures pr\u00e9ventives comprennent l'entretien r\u00e9gulier et le remplacement des pi\u00e8ces us\u00e9es, l'utilisation et l'entretien appropri\u00e9s du syst\u00e8me hydraulique, et l'\u00e9vitement des surcharges ou des surpressions.<\/p>\n<p>Voir l'image suivante\u00a0:<\/p>\n<p><img decoding=\"async\" src=\"https:\/\/www.hydraulic-cylinders.net\/wp-content\/uploads\/2025\/01\/songte-chushion-collar.webp\" alt=\"Image du col Chushion\"><\/p>\n<h2>Directives d'installation<\/h2>\n<p>Une installation correcte est essentielle au bon fonctionnement des v\u00e9rins de bras. Les \u00e9tapes suivantes doivent \u00eatre respect\u00e9es\u00a0:<\/p>\n<ol>\n<li>Assurez-vous que le cylindre et le bras m\u00e9canique sont align\u00e9s.<\/li>\n<li>Assurez-vous que la tige de piston est correctement install\u00e9e.<\/li>\n<li>Assurez-vous que le raccord hydraulique est correctement install\u00e9 et serr\u00e9.<\/li>\n<li>Effectuez un test fonctionnel pour garantir un bon fonctionnement.<\/li>\n<\/ol>\n<p>Voir l'image suivante\u00a0:<\/p>\n<p><img decoding=\"async\" src=\"https:\/\/www.hydraulic-cylinders.net\/wp-content\/uploads\/2025\/01\/songte-bushings-with-all-kinds-of-excavator-models.webp\" alt=\"Image des bagues\"><\/p>\n<h2>\u00c0 propos de nous<\/h2>\n<p>Nous sommes un fabricant professionnel de v\u00e9rins hydrauliques de remplacement offrant une large gamme de produits. Figurant parmi les principaux fabricants et distributeurs de v\u00e9rins hydrauliques sur les march\u00e9s nationaux et internationaux, nous nous engageons \u00e0 fournir une qualit\u00e9 irr\u00e9prochable. Gr\u00e2ce \u00e0 des strat\u00e9gies de gestion de la production rigoureuses et \u00e0 des ateliers de fabrication performants, nous am\u00e9liorons constamment nos technologies et notre productivit\u00e9. L'int\u00e9gration d'\u00e9quipements de fabrication num\u00e9rique de pointe et de syst\u00e8mes de test professionnels nous permet d'optimiser en permanence notre plateforme de production et de perfectionner nos processus de contr\u00f4le qualit\u00e9. Notre objectif est de r\u00e9pondre aux besoins vari\u00e9s de nos clients en leur offrant efficacit\u00e9, pr\u00e9cision et qualit\u00e9 optimale.<\/p>\n<p>Notre entreprise pr\u00e9sente les avantages suivants\u00a0:<\/p>\n<ul>\n<li><strong>Professionnalisme:<\/strong> Nous disposons d'une \u00e9quipe de professionnels exp\u00e9riment\u00e9s et d'\u00e9quipements de fabrication de pointe pour garantir la qualit\u00e9 et la pr\u00e9cision de nos produits.<\/li>\n<li><strong>Certification internationale :<\/strong> Nos produits ont obtenu les certifications ISO9001, CE et autres certifications internationales, garantissant leur qualit\u00e9 et leur fiabilit\u00e9.<\/li>\n<li><strong>Services personnalis\u00e9s\u00a0:<\/strong> Nous proposons des services personnalis\u00e9s pour r\u00e9pondre aux besoins et exigences sp\u00e9cifiques de nos clients.<\/li>\n<li><strong>\u00c9quipement de production :<\/strong> Nous disposons d'\u00e9quipements de production num\u00e9rique de pointe, tels que des machines CNC et des syst\u00e8mes de test, afin de garantir des produits de haute qualit\u00e9.<\/li>\n<li><strong>Service apr\u00e8s-vente :<\/strong> Nous assurons un service apr\u00e8s-vente complet et un support technique afin de garantir la satisfaction et la fid\u00e9lit\u00e9 de nos clients.<\/li>\n<\/ul>\n<p>Voir les images suivantes\u00a0:<\/p>\n<p><img decoding=\"async\" src=\"https:\/\/www.hydraulic-cylinders.net\/wp-content\/uploads\/2025\/01\/songte-company-4.webp\" alt=\"Image de l&#039;entreprise 1\"><br \/>\n<img decoding=\"async\" src=\"https:\/\/www.hydraulic-cylinders.net\/wp-content\/uploads\/2025\/01\/songte-company-3.webp\" alt=\"Image de l&#039;entreprise 2\"><\/p>\n<p>\u00c9crit par lyl.<\/p>","protected":false},"excerpt":{"rendered":"<p>Introduction Arm Cylinder for Hyundai Wheel Excavator R160W-5 An arm cylinder is a specially designed hydraulic cylinder that is primarily used to provide linear motion and power for the arms of various types of machinery such as excavators, cranes, and mechanical arms. The arm cylinder plays a key role in the hydraulic system by enabling [&hellip;]<\/p>","protected":false},"featured_media":14766,"comment_status":"open","ping_status":"closed","template":"","meta":{"_et_pb_use_builder":"","_et_pb_old_content":"","_et_gb_content_width":""},"product_brand":[],"product_cat":[1497],"product_tag":[1498,1496],"class_list":{"0":"post-16262","1":"product","2":"type-product","3":"status-publish","4":"has-post-thumbnail","6":"product_cat-arm-cylinders","7":"product_tag-arm-cylinders","8":"product_tag-hydraulic-cylinders","10":"first","11":"instock","12":"shipping-taxable","13":"product-type-simple"},"amp_enabled":true,"_links":{"self":[{"href":"https:\/\/www.hydraulic-cylinders.net\/fr\/wp-json\/wp\/v2\/product\/16262","targetHints":{"allow":["GET"]}}],"collection":[{"href":"https:\/\/www.hydraulic-cylinders.net\/fr\/wp-json\/wp\/v2\/product"}],"about":[{"href":"https:\/\/www.hydraulic-cylinders.net\/fr\/wp-json\/wp\/v2\/types\/product"}],"replies":[{"embeddable":true,"href":"https:\/\/www.hydraulic-cylinders.net\/fr\/wp-json\/wp\/v2\/comments?post=16262"}],"wp:featuredmedia":[{"embeddable":true,"href":"https:\/\/www.hydraulic-cylinders.net\/fr\/wp-json\/wp\/v2\/media\/14766"}],"wp:attachment":[{"href":"https:\/\/www.hydraulic-cylinders.net\/fr\/wp-json\/wp\/v2\/media?parent=16262"}],"wp:term":[{"taxonomy":"product_brand","embeddable":true,"href":"https:\/\/www.hydraulic-cylinders.net\/fr\/wp-json\/wp\/v2\/product_brand?post=16262"},{"taxonomy":"product_cat","embeddable":true,"href":"https:\/\/www.hydraulic-cylinders.net\/fr\/wp-json\/wp\/v2\/product_cat?post=16262"},{"taxonomy":"product_tag","embeddable":true,"href":"https:\/\/www.hydraulic-cylinders.net\/fr\/wp-json\/wp\/v2\/product_tag?post=16262"}],"curies":[{"name":"wp","href":"https:\/\/api.w.org\/{rel}","templated":true}]}}