{"id":16305,"date":"2025-01-20T09:04:07","date_gmt":"2025-01-20T09:04:07","guid":{"rendered":"https:\/\/www.hydraulic-cylinders.net\/product\/arm-cylinderfor-yugong-wy135-8\/"},"modified":"2025-01-20T09:04:09","modified_gmt":"2025-01-20T09:04:09","slug":"arm-cylinderfor-yugong-wy135-8","status":"publish","type":"product","link":"https:\/\/www.hydraulic-cylinders.net\/fr\/produit\/arm-cylinderfor-yugong-wy135-8\/","title":{"rendered":"Cylindre de bras pour Yugong WY135-8"},"content":{"rendered":"<h2>Cylindre de bras pour Yugong WY135-8<\/h2>\n<p>Le v\u00e9rin de bras est un v\u00e9rin hydraulique sp\u00e9cialement con\u00e7u pour assurer le mouvement lin\u00e9aire et la puissance des bras de diverses machines, telles que les excavatrices, les grues et les bras robotis\u00e9s. Il joue un r\u00f4le essentiel dans les syst\u00e8mes hydrauliques, permettant le mouvement et le contr\u00f4le efficaces des outils ou accessoires. Ces v\u00e9rins garantissent non seulement un mouvement fluide, mais aussi une r\u00e9sistance aux charges importantes, assurant ainsi un fonctionnement efficace et une grande fiabilit\u00e9 des machines dans diverses conditions de travail.<\/p>\n<p><img decoding=\"async\" src=\"https:\/\/www.hydraulic-cylinders.net\/wp-content\/uploads\/2025\/01\/songte-company-2.webp\" alt=\"Image du cylindre de bras\"><\/p>\n<h3>Caract\u00e9ristiques du cylindre de bras\u00a0:<\/h3>\n<ol>\n<li>Transmission \u00e0 haut rendement\u00a0: le v\u00e9rin du bras assure un mouvement lin\u00e9aire et une force puissants, garantissant des performances \u00e9lev\u00e9es pour le bras robotique dans diverses op\u00e9rations.<\/li>\n<li>Contr\u00f4le pr\u00e9cis\u00a0: gr\u00e2ce au syst\u00e8me hydraulique, le v\u00e9rin de bras permet un contr\u00f4le pr\u00e9cis du mouvement, am\u00e9liorant ainsi la flexibilit\u00e9 et la pr\u00e9cision de l\u2019utilisation des accessoires.<\/li>\n<li>Durabilit\u00e9 : Les v\u00e9rins de bras sont fabriqu\u00e9s \u00e0 partir de mat\u00e9riaux \u00e0 haute r\u00e9sistance, offrant une excellente r\u00e9sistance \u00e0 l'usure et \u00e0 la corrosion, ce qui les rend adapt\u00e9s \u00e0 une utilisation \u00e0 long terme dans des environnements difficiles.<\/li>\n<li>Adaptabilit\u00e9 multifonctionnelle\u00a0: Ces v\u00e9rins sont largement applicables \u00e0 diverses machines telles que les excavatrices, les grues et les bras robotis\u00e9s, s\u2019adaptant ainsi aux diff\u00e9rentes exigences de travail.<\/li>\n<li>Maintenance ais\u00e9e\u00a0: La conception des v\u00e9rins de bras prend en compte la facilit\u00e9 d\u2019entretien et de remplacement, ce qui rend les inspections et la maintenance r\u00e9guli\u00e8res pratiques et r\u00e9duit ainsi les temps d\u2019arr\u00eat des \u00e9quipements.<\/li>\n<\/ol>\n<p><img decoding=\"async\" src=\"https:\/\/www.hydraulic-cylinders.net\/wp-content\/uploads\/2025\/01\/songte-oil-pipes-and-spare-parts.webp\" alt=\"Image de v\u00e9rin hydraulique\"><\/p>\n<h3>Applications du cylindre de bras :<\/h3>\n<ul>\n<li>G\u00e9nie civil : Dans les excavatrices et les grues, les v\u00e9rins de bras contr\u00f4lent le mouvement des godets ou des fl\u00e8ches pour les travaux de terrassement, la manutention des mat\u00e9riaux et l'installation de structures.<\/li>\n<li>Industrie manufacturi\u00e8re\u00a0: Dans les lignes de production automatis\u00e9es, les v\u00e9rins de bras facilitent le mouvement des bras robotis\u00e9s pour les processus d\u2019assemblage, de soudage et de manutention, am\u00e9liorant ainsi l\u2019efficacit\u00e9 et la pr\u00e9cision de la production.<\/li>\n<li>Machines agricoles\u00a0: Les v\u00e9rins de bras contr\u00f4lent le mouvement des bras moteurs des machines agricoles telles que les moissonneuses-batteuses et les semoirs, permettant des t\u00e2ches comme le semis, la fertilisation et la r\u00e9colte.<\/li>\n<li>Exploitation mini\u00e8re : Dans les \u00e9quipements miniers, les v\u00e9rins de bras contr\u00f4lent le mouvement du bras \u00e0 des fins d'extraction et de transport de mat\u00e9riaux.<\/li>\n<li>Logistique et transport\u00a0: Dans les chariots \u00e9l\u00e9vateurs et les robots de manutention, les v\u00e9rins de bras contr\u00f4lent le levage et le mouvement des fourches, permettant la manutention et l\u2019empilage des mat\u00e9riaux.<\/li>\n<\/ul>\n<h3>Consid\u00e9rations de conception et crit\u00e8res de s\u00e9lection\u00a0:<\/h3>\n<p>Lors de la conception des v\u00e9rins de bras, les principaux \u00e9l\u00e9ments \u00e0 prendre en compte sont la capacit\u00e9 de charge, l'\u00e9tanch\u00e9it\u00e9, la durabilit\u00e9, la s\u00e9curit\u00e9 et la facilit\u00e9 d'entretien.<\/p>\n<p><img decoding=\"async\" src=\"https:\/\/www.hydraulic-cylinders.net\/wp-content\/uploads\/2025\/01\/songte-cylinder-head-with-all-kinds-excavator-models.webp\" alt=\"Image de la culasse\"><\/p>\n<h3>\u00c9tanch\u00e9it\u00e9 et lubrification :<\/h3>\n<p>Les v\u00e9rins de bras utilisent divers composants d'\u00e9tanch\u00e9it\u00e9, tels que des joints de piston et des joints de tige, fabriqu\u00e9s \u00e0 partir de mat\u00e9riaux r\u00e9sistants \u00e0 l'usure comme le polyur\u00e9thane et le caoutchouc nitrile. Le corps du v\u00e9rin et ses extr\u00e9mit\u00e9s filet\u00e9es b\u00e9n\u00e9ficient d'un traitement de surface pr\u00e9cis afin d'am\u00e9liorer leur r\u00e9sistance \u00e0 l'usure. Une lubrification r\u00e9guli\u00e8re avec une huile hydraulique appropri\u00e9e est indispensable \u00e0 leur bon fonctionnement.<\/p>\n<h3>Inspection r\u00e9guli\u00e8re et maintenance pr\u00e9ventive\u00a0:<\/h3>\n<ul>\n<li>V\u00e9rifiez r\u00e9guli\u00e8rement le cylindre pour d\u00e9tecter tout signe de fuite, de dommage ou d'usure anormale.<\/li>\n<li>Assurez une lubrification ad\u00e9quate et remplacez rapidement les joints ou composants us\u00e9s.<\/li>\n<li>Inspectez le syst\u00e8me hydraulique afin de d\u00e9tecter toute contamination ou tout probl\u00e8me de pression susceptible d'affecter les performances du v\u00e9rin.<\/li>\n<li>Suivez les recommandations du fabricant concernant les programmes et les proc\u00e9dures d'entretien.<\/li>\n<\/ul>\n<h3>Guide d'installation du produit\u00a0:<\/h3>\n<p>Une installation correcte du v\u00e9rin de bras est essentielle pour un fonctionnement optimal et une s\u00e9curit\u00e9 maximale. Suivez ces \u00e9tapes\u00a0:<\/p>\n<ol>\n<li>Assurez-vous que la machine est \u00e9teinte et que le syst\u00e8me hydraulique est d\u00e9pressuris\u00e9.<\/li>\n<li>Retirez soigneusement l'ancien cylindre en \u00e9vitant d'endommager les autres composants.<\/li>\n<li>Inspectez les points de fixation pour d\u00e9tecter toute usure ou tout dommage.<\/li>\n<li>Installez solidement le nouveau cylindre de bras en alignant les trous de fixation.<\/li>\n<li>Serrer les boulons au couple sp\u00e9cifi\u00e9 \u00e0 l'aide des outils appropri\u00e9s.<\/li>\n<li>V\u00e9rifiez l'absence de fuites ou d'anomalies une fois le syst\u00e8me hydraulique sous pression.<\/li>\n<\/ol>\n<p><img decoding=\"async\" src=\"https:\/\/www.hydraulic-cylinders.net\/wp-content\/uploads\/2025\/01\/songte-bushings-with-all-kinds-of-excavator-models.webp\" alt=\"Image des bagues\"><\/p>\n<h3>Consid\u00e9rations relatives \u00e0 la s\u00e9curit\u00e9 et facteurs environnementaux\u00a0:<\/h3>\n<p>Lors de la manipulation de v\u00e9rins \u00e0 bras, le respect des consignes de s\u00e9curit\u00e9 est primordial. Cela garantit la protection du personnel et du mat\u00e9riel. Les pr\u00e9cautions de s\u00e9curit\u00e9 peuvent inclure\u00a0:<\/p>\n<ul>\n<li>Formation ad\u00e9quate pour les op\u00e9rateurs et le personnel de maintenance.<\/li>\n<li>Utilisation de dispositifs de s\u00e9curit\u00e9 et de protection.<\/li>\n<li>Mise en \u0153uvre des proc\u00e9dures de consignation\/d\u00e9consignation pendant la maintenance.<\/li>\n<li>Respecter les normes et r\u00e9glementations de s\u00e9curit\u00e9 en vigueur.<\/li>\n<\/ul>\n<h3>D\u00e9pannage et probl\u00e8mes courants\u00a0:<\/h3>\n<p>Le v\u00e9rin \u00e0 bras peut rencontrer divers probl\u00e8mes, notamment des fuites, une alimentation insuffisante ou un fonctionnement anormal. Voici quelques conseils de d\u00e9pannage\u00a0:<\/p>\n<ul>\n<li>V\u00e9rifier l'absence de fuites de fluide hydraulique et r\u00e9parer ou remplacer les joints endommag\u00e9s.<\/li>\n<li>Assurez-vous que la pression et le d\u00e9bit hydrauliques soient corrects au niveau du v\u00e9rin.<\/li>\n<li>V\u00e9rifiez que les connexions et les raccords ne sont ni desserr\u00e9s ni endommag\u00e9s.<\/li>\n<li>Nettoyez ou remplacez les filtres obstru\u00e9s ou autres composants affectant les performances.<\/li>\n<\/ul>\n<p>Un entretien pr\u00e9ventif r\u00e9gulier, une inspection et un traitement rapide des probl\u00e8mes peuvent minimiser les probl\u00e8mes potentiels et assurer la long\u00e9vit\u00e9 du v\u00e9rin.<\/p>\n<p><img decoding=\"async\" src=\"https:\/\/www.hydraulic-cylinders.net\/wp-content\/uploads\/2025\/01\/songte-chushion-collar.webp\" alt=\"Image du col Chushion\"><\/p>\n<p>N'oubliez pas d'organiser l'article de mani\u00e8re logique, en utilisant des sous-titres pour faciliter la navigation. Int\u00e9grez des images ou des graphiques pertinents pour enrichir la compr\u00e9hension. Veillez \u00e0 ce que le contenu soit clair, concis et adapt\u00e9 \u00e0 des lecteurs ayant diff\u00e9rents niveaux de connaissances techniques.<\/p>\n<h2>\u00c0 propos de notre entreprise<\/h2>\n<p>Nous sommes un fabricant professionnel de v\u00e9rins hydrauliques de remplacement, offrant une vaste gamme de produits. Nous figurons parmi les principaux fabricants et distributeurs de v\u00e9rins hydrauliques sur les march\u00e9s nationaux et internationaux. Fid\u00e8les \u00e0 notre principe d'excellence, nous am\u00e9liorons constamment notre expertise technique et notre efficacit\u00e9 de production gr\u00e2ce \u00e0 des processus de fabrication optimis\u00e9s. L'introduction d'\u00e9quipements de fabrication num\u00e9rique de pointe et de syst\u00e8mes de test professionnels nous permet d'optimiser nos capacit\u00e9s de production et de renforcer nos processus de contr\u00f4le qualit\u00e9. Notre objectif est de r\u00e9pondre aux divers besoins de nos clients en nous appuyant sur les principes d'efficacit\u00e9, de pr\u00e9cision et de haute qualit\u00e9.<\/p>\n<p><img decoding=\"async\" src=\"https:\/\/www.hydraulic-cylinders.net\/wp-content\/uploads\/2025\/01\/songte-company-4.webp\" alt=\"Image de l&#039;entreprise\"><br \/>\n<img decoding=\"async\" src=\"https:\/\/www.hydraulic-cylinders.net\/wp-content\/uploads\/2025\/01\/songte-company-3.webp\" alt=\"Image de l&#039;entreprise\"><\/p>\n<p>Auteur : lyl<\/p>","protected":false},"excerpt":{"rendered":"<p>Arm Cylinder for Yugong WY135-8 Arm Cylinder is a specially designed hydraulic cylinder that provides linear motion and power for the arms of various machinery, such as excavators, cranes, and robotic arms. It plays a critical role in hydraulic systems, enabling the effective movement and control of additional tools or attachments. These cylinders not only [&hellip;]<\/p>","protected":false},"featured_media":14786,"comment_status":"open","ping_status":"closed","template":"","meta":{"_et_pb_use_builder":"","_et_pb_old_content":"","_et_gb_content_width":""},"product_brand":[],"product_cat":[1497],"product_tag":[1498,1496],"class_list":{"0":"post-16305","1":"product","2":"type-product","3":"status-publish","4":"has-post-thumbnail","6":"product_cat-arm-cylinders","7":"product_tag-arm-cylinders","8":"product_tag-hydraulic-cylinders","10":"first","11":"instock","12":"shipping-taxable","13":"product-type-simple"},"amp_enabled":true,"_links":{"self":[{"href":"https:\/\/www.hydraulic-cylinders.net\/fr\/wp-json\/wp\/v2\/product\/16305","targetHints":{"allow":["GET"]}}],"collection":[{"href":"https:\/\/www.hydraulic-cylinders.net\/fr\/wp-json\/wp\/v2\/product"}],"about":[{"href":"https:\/\/www.hydraulic-cylinders.net\/fr\/wp-json\/wp\/v2\/types\/product"}],"replies":[{"embeddable":true,"href":"https:\/\/www.hydraulic-cylinders.net\/fr\/wp-json\/wp\/v2\/comments?post=16305"}],"wp:featuredmedia":[{"embeddable":true,"href":"https:\/\/www.hydraulic-cylinders.net\/fr\/wp-json\/wp\/v2\/media\/14786"}],"wp:attachment":[{"href":"https:\/\/www.hydraulic-cylinders.net\/fr\/wp-json\/wp\/v2\/media?parent=16305"}],"wp:term":[{"taxonomy":"product_brand","embeddable":true,"href":"https:\/\/www.hydraulic-cylinders.net\/fr\/wp-json\/wp\/v2\/product_brand?post=16305"},{"taxonomy":"product_cat","embeddable":true,"href":"https:\/\/www.hydraulic-cylinders.net\/fr\/wp-json\/wp\/v2\/product_cat?post=16305"},{"taxonomy":"product_tag","embeddable":true,"href":"https:\/\/www.hydraulic-cylinders.net\/fr\/wp-json\/wp\/v2\/product_tag?post=16305"}],"curies":[{"name":"wp","href":"https:\/\/api.w.org\/{rel}","templated":true}]}}