{"id":16367,"date":"2025-01-20T09:09:36","date_gmt":"2025-01-20T09:09:36","guid":{"rendered":"https:\/\/www.hydraulic-cylinders.net\/product\/arm-cylinderfor-sany-middle-excavator-sy265cq\/"},"modified":"2025-01-20T09:09:38","modified_gmt":"2025-01-20T09:09:38","slug":"arm-cylinderfor-sany-middle-excavator-sy265cq","status":"publish","type":"product","link":"https:\/\/www.hydraulic-cylinders.net\/fr\/produit\/arm-cylinderfor-sany-middle-excavator-sy265cq\/","title":{"rendered":"V\u00e9rin de bras pour pelle hydraulique Sany SY265CQ"},"content":{"rendered":"<h2>V\u00e9rin de bras pour pelle hydraulique Sany SY265CQ<\/h2>\n<h3>Introduction<\/h3>\n<p>Le v\u00e9rin de bras est un v\u00e9rin hydraulique sp\u00e9cialis\u00e9 con\u00e7u pour fournir un mouvement lin\u00e9aire et de la puissance aux bras de diverses machines, telles que les excavatrices, les grues et les bras m\u00e9caniques. Il joue un r\u00f4le crucial dans le syst\u00e8me hydraulique, permettant le mouvement et le contr\u00f4le efficaces des accessoires. Ces v\u00e9rins assurent non seulement un mouvement fluide, mais supportent \u00e9galement des charges importantes, garantissant ainsi un fonctionnement efficace et une grande fiabilit\u00e9 des machines dans diverses conditions d'utilisation.<\/p>\n<p><img decoding=\"async\" src=\"https:\/\/www.hydraulic-cylinders.net\/wp-content\/uploads\/2025\/01\/songte-company-2.webp\" alt=\"Image du cylindre de bras\"><\/p>\n<h3>Caract\u00e9ristiques<\/h3>\n<ul>\n<li>Transmission de puissance efficace : Le v\u00e9rin du bras assure un mouvement lin\u00e9aire et une force puissants, garantissant ainsi une efficacit\u00e9 \u00e9lev\u00e9e des bras m\u00e9caniques dans diverses op\u00e9rations.<\/li>\n<li>Contr\u00f4le pr\u00e9cis\u00a0: Le v\u00e9rin de bras permet un contr\u00f4le pr\u00e9cis du mouvement gr\u00e2ce au syst\u00e8me hydraulique, ce qui rend le fonctionnement des accessoires plus flexible et pr\u00e9cis.<\/li>\n<li>Haute durabilit\u00e9 : Ces cylindres sont g\u00e9n\u00e9ralement fabriqu\u00e9s \u00e0 partir de mat\u00e9riaux \u00e0 haute r\u00e9sistance offrant une bonne r\u00e9sistance \u00e0 l'usure et \u00e0 la corrosion, ce qui les rend adapt\u00e9s \u00e0 une utilisation \u00e0 long terme dans des environnements difficiles.<\/li>\n<li>Adaptabilit\u00e9 multifonctionnelle\u00a0: Ces v\u00e9rins sont largement utilis\u00e9s dans divers \u00e9quipements m\u00e9caniques, tels que les excavatrices, les grues et les bras m\u00e9caniques, et s\u2019adaptent \u00e0 diff\u00e9rentes exigences de travail.<\/li>\n<li>Maintenance simplifi\u00e9e : La conception prend en compte la facilit\u00e9 d'entretien et de remplacement, ce qui rend l'inspection et la maintenance r\u00e9guli\u00e8res plus pratiques et r\u00e9duit les temps d'arr\u00eat des \u00e9quipements.<\/li>\n<\/ul>\n<p>Nous pouvons produire ce produit et nos produits peuvent parfaitement remplacer ces v\u00e9rins hydrauliques.<\/p>\n<p><img decoding=\"async\" src=\"https:\/\/www.hydraulic-cylinders.net\/wp-content\/uploads\/2025\/01\/songte-oil-pipes-and-spare-parts.webp\" alt=\"Image de remplacement du cylindre de bras\"><\/p>\n<h3>Applications<\/h3>\n<p>Le v\u00e9rin \u00e0 bras est largement utilis\u00e9 dans diverses industries, notamment\u00a0:<\/p>\n<ul>\n<li>G\u00e9nie civil : Dans les excavatrices et les grues, le v\u00e9rin de bras contr\u00f4le le mouvement des godets ou des fl\u00e8ches pour les travaux de terrassement, la manutention des mat\u00e9riaux et l'installation de structures.<\/li>\n<li>Fabrication : Dans les lignes de production automatis\u00e9es, le v\u00e9rin de bras contr\u00f4le le mouvement des bras m\u00e9caniques pour les processus d'assemblage, de soudage et de manutention afin d'am\u00e9liorer l'efficacit\u00e9 et la pr\u00e9cision de la production.<\/li>\n<li>Machines agricoles\u00a0: Dans les machines agricoles telles que les moissonneuses-batteuses et les semoirs, le v\u00e9rin de bras contr\u00f4le le mouvement des bras de travail pour effectuer des t\u00e2ches telles que le semis, la fertilisation et la r\u00e9colte.<\/li>\n<li>Exploitation mini\u00e8re : Dans les \u00e9quipements miniers, le v\u00e9rin de bras contr\u00f4le le mouvement des bras de l'\u00e9quipement pour l'extraction et la manutention du minerai.<\/li>\n<li>Logistique et transport : Dans les chariots \u00e9l\u00e9vateurs et les robots de manutention, le v\u00e9rin de bras contr\u00f4le le levage et le mouvement des bras de fourche pour r\u00e9aliser la manutention et l'empilage des mat\u00e9riaux.<\/li>\n<\/ul>\n<h3>Consid\u00e9rations de conception et crit\u00e8res de s\u00e9lection<\/h3>\n<p>Du point de vue de la conception, le v\u00e9rin de bras doit prendre en compte sa capacit\u00e9 de charge, son \u00e9tanch\u00e9it\u00e9, sa durabilit\u00e9, sa s\u00e9curit\u00e9 et sa facilit\u00e9 d'entretien.<\/p>\n<ul>\n<li>Capacit\u00e9 de charge : Le v\u00e9rin du bras doit avoir une capacit\u00e9 de charge suffisante pour garantir la s\u00e9curit\u00e9 du fonctionnement m\u00e9canique.<\/li>\n<li>\u00c9tanch\u00e9it\u00e9\u00a0: Le v\u00e9rin de bras doit utiliser diff\u00e9rents types de joints, tels que des joints de piston, des joints de tige, etc., et choisir des mat\u00e9riaux r\u00e9sistants \u00e0 l\u2019usure comme le polyur\u00e9thane et le caoutchouc nitrile pour garantir une bonne \u00e9tanch\u00e9it\u00e9.<\/li>\n<li>Durabilit\u00e9 : Le corps du cylindre et la surface d'extr\u00e9mit\u00e9 filet\u00e9e doivent subir un traitement de pr\u00e9cision afin d'am\u00e9liorer la r\u00e9sistance \u00e0 l'usure.<\/li>\n<li>S\u00e9curit\u00e9 : Le v\u00e9rin \u00e0 bras doit r\u00e9pondre \u00e0 diverses exigences de s\u00e9curit\u00e9, telles qu'une conception anti-\u00e9clatement, une protection anticorrosion et un contr\u00f4le qualit\u00e9 strict.<\/li>\n<li>Maintenance : Le v\u00e9rin du bras doit \u00eatre con\u00e7u pour faciliter la maintenance et le remplacement, et le processus de maintenance doit \u00eatre simple et pratique.<\/li>\n<\/ul>\n<p><img decoding=\"async\" src=\"https:\/\/www.hydraulic-cylinders.net\/wp-content\/uploads\/2025\/01\/songte-cylinder-head-with-all-kinds-excavator-models.webp\" alt=\"Image de conception du cylindre de bras\"><\/p>\n<h3>\u00c9tanch\u00e9it\u00e9 et lubrification<\/h3>\n<p>Le v\u00e9rin utilise diff\u00e9rents types de joints, tels que des joints de piston et de tige, et est fabriqu\u00e9 \u00e0 partir de mat\u00e9riaux r\u00e9sistants \u00e0 l'usure comme le polyur\u00e9thane et le caoutchouc nitrile afin de garantir une \u00e9tanch\u00e9it\u00e9 optimale. Le corps du v\u00e9rin et la surface filet\u00e9e sont usin\u00e9s avec pr\u00e9cision pour une meilleure r\u00e9sistance \u00e0 l'usure. Un apport r\u00e9gulier d'huile hydraulique est n\u00e9cessaire pour la lubrification.<\/p>\n<h3>Mesures d'inspection et de maintenance pr\u00e9ventive<\/h3>\n<p>Pour garantir le fonctionnement efficace et s\u00fbr du v\u00e9rin de bras, il est n\u00e9cessaire de l'inspecter et de l'entretenir r\u00e9guli\u00e8rement. Les mesures suivantes peuvent \u00eatre prises\u00a0:<\/p>\n<ul>\n<li>Inspecter et remplacer les joints d'\u00e9tanch\u00e9it\u00e9 endommag\u00e9s.<\/li>\n<li>V\u00e9rifiez que le corps du cylindre ne pr\u00e9sente aucune d\u00e9formation ni usure.<\/li>\n<li>V\u00e9rifiez que l'extr\u00e9mit\u00e9 filet\u00e9e ne pr\u00e9sente aucun dommage ni corrosion.<\/li>\n<li>Ajoutez r\u00e9guli\u00e8rement la quantit\u00e9 appropri\u00e9e d'huile hydraulique pour la lubrification.<\/li>\n<li>V\u00e9rifiez le bon fonctionnement de la soupape de s\u00e9curit\u00e9.<\/li>\n<\/ul>\n<p><img decoding=\"async\" src=\"https:\/\/www.hydraulic-cylinders.net\/wp-content\/uploads\/2025\/01\/songte-chushion-collar.webp\" alt=\"Image d&#039;inspection du cylindre de bras\"><\/p>\n<h3>Guide d'installation<\/h3>\n<ol>\n<li>Assurez-vous que le cylindre du bras est propre et exempt de corps \u00e9trangers.<\/li>\n<li>Alignez l'extr\u00e9mit\u00e9 filet\u00e9e du cylindre avec le trou du bras de la machine.<\/li>\n<li>Utilisez une cl\u00e9 pour serrer l'extr\u00e9mit\u00e9 filet\u00e9e.<\/li>\n<li>Raccordez les tubes et les raccords hydrauliques.<\/li>\n<li>Ajouter la quantit\u00e9 appropri\u00e9e d'huile hydraulique pour la lubrification.<\/li>\n<\/ol>\n<p><img decoding=\"async\" src=\"https:\/\/www.hydraulic-cylinders.net\/wp-content\/uploads\/2025\/01\/songte-bushings-with-all-kinds-of-excavator-models.webp\" alt=\"Image d&#039;installation du cylindre de bras\"><\/p>\n<h3>Consid\u00e9rations relatives \u00e0 la s\u00e9curit\u00e9 et \u00e0 l'environnement<\/h3>\n<p>Le respect des consignes de s\u00e9curit\u00e9 est essentiel lors de l'utilisation du v\u00e9rin hydraulique. Il est imp\u00e9ratif de suivre scrupuleusement les instructions, de respecter la r\u00e9glementation en vigueur et de porter un \u00e9quipement de protection adapt\u00e9. La protection de l'environnement doit \u00e9galement \u00eatre prise en compte lors de la mise au rebut du v\u00e9rin hydraulique.<\/p>\n<h3>D\u00e9pannage et probl\u00e8mes courants<\/h3>\n<ul>\n<li>Panne du v\u00e9rin : V\u00e9rifiez que le corps du v\u00e9rin ne pr\u00e9sente aucune d\u00e9formation ni fuite d'huile hydraulique.<\/li>\n<li>D\u00e9faillance d'\u00e9tanch\u00e9it\u00e9\u00a0: v\u00e9rifiez l'usure ou les dommages des joints de piston et des joints de tige.<\/li>\n<li>Piston bloqu\u00e9\u00a0: v\u00e9rifiez le syst\u00e8me hydraulique pour d\u00e9tecter d\u2019\u00e9ventuels blocages ou une viscosit\u00e9 d\u2019huile inad\u00e9quate.<\/li>\n<li>Bruit anormal\u00a0: v\u00e9rifiez si le corps du cylindre ou l\u2019extr\u00e9mit\u00e9 filet\u00e9e pr\u00e9sente une d\u00e9formation ou un dommage.<\/li>\n<\/ul>\n<p>Pour tout d\u00e9pannage, il est recommand\u00e9 de faire appel \u00e0 un technicien qualifi\u00e9. Afin de pr\u00e9venir d'\u00e9ventuels probl\u00e8mes, un entretien r\u00e9gulier est indispensable.<\/p>\n<p><img decoding=\"async\" src=\"https:\/\/www.hydraulic-cylinders.net\/wp-content\/uploads\/2025\/01\/songte-chushion-collar.webp\" alt=\"Image de d\u00e9pannage du cylindre de bras\"><\/p>\n<h3>\u00c0 propos de notre entreprise<\/h3>\n<p>Nous sommes un fabricant professionnel de v\u00e9rins hydrauliques de remplacement, proposant une large gamme de produits et figurant parmi les principaux fabricants et distributeurs de v\u00e9rins hydrauliques sur les march\u00e9s nationaux et internationaux. Attach\u00e9s \u00e0 l'excellence, nous nous appuyons sur des strat\u00e9gies de gestion de production industrialis\u00e9es au sein de nos ateliers de fabrication de pointe, et am\u00e9liorons constamment notre niveau technique et notre productivit\u00e9. L'int\u00e9gration d'\u00e9quipements de fabrication num\u00e9rique haut de gamme et de syst\u00e8mes de test professionnels nous permet d'optimiser notre plateforme de production et d'am\u00e9liorer le contr\u00f4le qualit\u00e9 de nos produits, tout en b\u00e9n\u00e9ficiant d'une forte capacit\u00e9 d'innovation. Notre objectif est de r\u00e9pondre aux besoins vari\u00e9s de nos clients avec efficacit\u00e9, pr\u00e9cision et exigence de qualit\u00e9.<\/p>\n<p><img decoding=\"async\" src=\"https:\/\/www.hydraulic-cylinders.net\/wp-content\/uploads\/2025\/01\/songte-company-4.webp\" alt=\"Image de pr\u00e9sentation de l&#039;entreprise\"><\/p>\n<h3>Professionnalisme, certification internationale, personnalisation, \u00e9quipements de production et service apr\u00e8s-vente<\/h3>\n<p>Nous sommes fiers de notre professionnalisme et de la qualit\u00e9 de nos produits. Nos produits sont certifi\u00e9s conformes aux normes internationales ISO 9001 et CE. Nous proposons \u00e9galement des services personnalis\u00e9s pour r\u00e9pondre aux besoins de nos clients. Notre parc de machines de production est \u00e0 la pointe de la technologie\u00a0: centres d\u2019usinage CNC, machines \u00e0 souder automatiques et \u00e9quipements de test. Nous assurons un service apr\u00e8s-vente complet, incluant l\u2019assistance technique, la maintenance et la r\u00e9paration.<\/p>\n<p><img decoding=\"async\" src=\"https:\/\/www.hydraulic-cylinders.net\/wp-content\/uploads\/2025\/01\/songte-company-3.webp\" alt=\"Image d&#039;information de l&#039;entreprise\"><\/p>\n<p>Auteur : lyl.<\/p>","protected":false},"excerpt":{"rendered":"<p>Arm Cylinder For Sany Middle Excavator SY265CQ Introduction The Arm Cylinder is a specialized hydraulic cylinder designed to provide linear motion and power to various machinery arms such as excavators, cranes, and mechanical arms. It plays a crucial role in the hydraulic system, enabling the effective movement and control of attachments or accessories. These cylinders [&hellip;]<\/p>","protected":false},"featured_media":14779,"comment_status":"open","ping_status":"closed","template":"","meta":{"_et_pb_use_builder":"","_et_pb_old_content":"","_et_gb_content_width":""},"product_brand":[],"product_cat":[1497],"product_tag":[1498,1496],"class_list":{"0":"post-16367","1":"product","2":"type-product","3":"status-publish","4":"has-post-thumbnail","6":"product_cat-arm-cylinders","7":"product_tag-arm-cylinders","8":"product_tag-hydraulic-cylinders","10":"first","11":"instock","12":"shipping-taxable","13":"product-type-simple"},"amp_enabled":true,"_links":{"self":[{"href":"https:\/\/www.hydraulic-cylinders.net\/fr\/wp-json\/wp\/v2\/product\/16367","targetHints":{"allow":["GET"]}}],"collection":[{"href":"https:\/\/www.hydraulic-cylinders.net\/fr\/wp-json\/wp\/v2\/product"}],"about":[{"href":"https:\/\/www.hydraulic-cylinders.net\/fr\/wp-json\/wp\/v2\/types\/product"}],"replies":[{"embeddable":true,"href":"https:\/\/www.hydraulic-cylinders.net\/fr\/wp-json\/wp\/v2\/comments?post=16367"}],"wp:featuredmedia":[{"embeddable":true,"href":"https:\/\/www.hydraulic-cylinders.net\/fr\/wp-json\/wp\/v2\/media\/14779"}],"wp:attachment":[{"href":"https:\/\/www.hydraulic-cylinders.net\/fr\/wp-json\/wp\/v2\/media?parent=16367"}],"wp:term":[{"taxonomy":"product_brand","embeddable":true,"href":"https:\/\/www.hydraulic-cylinders.net\/fr\/wp-json\/wp\/v2\/product_brand?post=16367"},{"taxonomy":"product_cat","embeddable":true,"href":"https:\/\/www.hydraulic-cylinders.net\/fr\/wp-json\/wp\/v2\/product_cat?post=16367"},{"taxonomy":"product_tag","embeddable":true,"href":"https:\/\/www.hydraulic-cylinders.net\/fr\/wp-json\/wp\/v2\/product_tag?post=16367"}],"curies":[{"name":"wp","href":"https:\/\/api.w.org\/{rel}","templated":true}]}}