{"id":16390,"date":"2025-01-20T09:11:39","date_gmt":"2025-01-20T09:11:39","guid":{"rendered":"https:\/\/www.hydraulic-cylinders.net\/product\/arm-cylinderfor-xcmg-small-excavator-xe85c\/"},"modified":"2025-01-20T09:11:41","modified_gmt":"2025-01-20T09:11:41","slug":"arm-cylinderfor-xcmg-small-excavator-xe85c","status":"publish","type":"product","link":"https:\/\/www.hydraulic-cylinders.net\/fr\/produit\/arm-cylinderfor-xcmg-small-excavator-xe85c\/","title":{"rendered":"V\u00e9rin de bras pour mini-pelle XCMG XE85C"},"content":{"rendered":"<h2>V\u00e9rin de bras pour mini-pelle XCMG XE85C<\/h2>\n<h3>Introduction<\/h3>\n<p>Un v\u00e9rin de bras est un v\u00e9rin hydraulique sp\u00e9cialis\u00e9 qui assure le mouvement lin\u00e9aire et la propulsion de divers bras de machines, comme les excavatrices, les grues et les bras robotis\u00e9s. Ce v\u00e9rin joue un r\u00f4le crucial dans le syst\u00e8me hydraulique, permettant le d\u00e9placement et le contr\u00f4le efficaces d'outils ou d'accessoires suppl\u00e9mentaires. Outre la fluidit\u00e9 de mouvement qu'il offre, il est capable de supporter des charges importantes, garantissant ainsi le fonctionnement optimal et la fiabilit\u00e9 des machines dans diverses conditions de travail.<\/p>\n<p><img decoding=\"async\" src=\"https:\/\/www.hydraulic-cylinders.net\/wp-content\/uploads\/2025\/01\/songte-company-2.webp\" alt=\"Image du cylindre de bras\"><\/p>\n<h3>Caract\u00e9ristiques<\/h3>\n<ul>\n<li>Transmission de puissance efficace : Le v\u00e9rin du bras assure un mouvement lin\u00e9aire et une force importants, garantissant ainsi un rendement \u00e9lev\u00e9 des bras de machines dans diverses op\u00e9rations.<\/li>\n<li>Contr\u00f4le de pr\u00e9cision\u00a0: gr\u00e2ce au syst\u00e8me hydraulique, le v\u00e9rin du bras permet un contr\u00f4le pr\u00e9cis du mouvement, rendant l\u2019utilisation des outils suppl\u00e9mentaires plus flexible et pr\u00e9cise.<\/li>\n<li>Durables : Les v\u00e9rins de bras sont g\u00e9n\u00e9ralement fabriqu\u00e9s \u00e0 partir de mat\u00e9riaux \u00e0 haute r\u00e9sistance, offrant une bonne r\u00e9sistance \u00e0 l'usure et \u00e0 la corrosion, et adapt\u00e9s \u00e0 une utilisation \u00e0 long terme dans des environnements difficiles.<\/li>\n<li>Adaptabilit\u00e9 multifonctionnelle\u00a0: Ces v\u00e9rins peuvent \u00eatre largement utilis\u00e9s dans divers \u00e9quipements m\u00e9caniques, tels que les excavatrices, les grues et les bras robotis\u00e9s, pour s\u2019adapter \u00e0 diff\u00e9rentes exigences de travail.<\/li>\n<li>Maintenance facile : Con\u00e7u pour faciliter la maintenance et le remplacement des \u00e9quipements, ce qui rend l'inspection et la maintenance r\u00e9guli\u00e8res plus pratiques et r\u00e9duit les temps d'arr\u00eat.<\/li>\n<\/ul>\n<p>Nos produits peuvent parfaitement remplacer ces v\u00e9rins hydrauliques. Voir l'image ci-dessous\u00a0:<\/p>\n<p><img decoding=\"async\" src=\"https:\/\/www.hydraulic-cylinders.net\/wp-content\/uploads\/2025\/01\/songte-oil-pipes-and-spare-parts.webp\" alt=\"Image de remplacement du v\u00e9rin hydraulique\"><\/p>\n<h3>Applications<\/h3>\n<ul>\n<li><strong>Construction:<\/strong> Dans les excavatrices et les grues, le v\u00e9rin du bras sert \u00e0 contr\u00f4ler le mouvement du godet ou de la fl\u00e8che, permettant ainsi d'effectuer des travaux de terrassement, de manutention de mat\u00e9riaux et d'installation de structures.<\/li>\n<li><strong>Fabrication:<\/strong> Dans les lignes de production automatis\u00e9es, le v\u00e9rin de bras est utilis\u00e9 pour le mouvement des bras robotis\u00e9s, effectuant des op\u00e9rations d'assemblage, de soudage et de manutention, am\u00e9liorant ainsi l'efficacit\u00e9 et la pr\u00e9cision de la production.<\/li>\n<li><strong>Machines agricoles :<\/strong> Dans les machines agricoles telles que les moissonneuses-batteuses et les semoirs, le v\u00e9rin du bras contr\u00f4le le mouvement du bras op\u00e9rateur, effectuant des t\u00e2ches telles que le semis, la fertilisation et la r\u00e9colte.<\/li>\n<li><strong>Exploitation mini\u00e8re:<\/strong> Dans les \u00e9quipements miniers, le v\u00e9rin de bras sert \u00e0 contr\u00f4ler le mouvement des bras de l'\u00e9quipement, permettant ainsi l'extraction et la manutention du minerai.<\/li>\n<li><strong>Logistique et transport :<\/strong> Dans les chariots \u00e9l\u00e9vateurs et les robots de manutention, le v\u00e9rin du bras sert \u00e0 contr\u00f4ler le levage et le mouvement des fourches, permettant ainsi la manutention et l'empilage des mat\u00e9riaux.<\/li>\n<\/ul>\n<h3>Consid\u00e9rations de conception et crit\u00e8res de s\u00e9lection<\/h3>\n<ul>\n<li><strong>Capacit\u00e9 de charge :<\/strong> Le v\u00e9rin du bras doit pouvoir supporter la charge \u00e0 laquelle il sera soumis dans son application pr\u00e9vue.<\/li>\n<li><strong>Scellage:<\/strong> Le v\u00e9rin du bras utilise divers composants d'\u00e9tanch\u00e9it\u00e9, tels que des joints de piston et des joints de tige, qui doivent \u00eatre fabriqu\u00e9s \u00e0 partir de mat\u00e9riaux r\u00e9sistants \u00e0 l'usure tels que le polyur\u00e9thane et le caoutchouc nitrile, afin d'\u00e9viter les fuites de fluide hydraulique.<\/li>\n<li><strong>Durabilit\u00e9:<\/strong> Le v\u00e9rin du bras doit \u00eatre fabriqu\u00e9 \u00e0 partir de mat\u00e9riaux \u00e0 haute r\u00e9sistance pour supporter les conditions de travail difficiles et avoir une longue dur\u00e9e de vie.<\/li>\n<li><strong>S\u00e9curit\u00e9:<\/strong> Le v\u00e9rin du bras doit \u00eatre con\u00e7u en tenant compte de la s\u00e9curit\u00e9, avec des fonctionnalit\u00e9s telles que la protection contre les surcharges, l'arr\u00eat d'urgence et les syst\u00e8mes anti-collision.<\/li>\n<li><strong>Maintenabilit\u00e9 :<\/strong> Le v\u00e9rin du bras doit \u00eatre con\u00e7u pour \u00eatre facile \u00e0 entretenir et \u00e0 r\u00e9parer, avec des caract\u00e9ristiques telles que des ports de service accessibles et des composants rempla\u00e7ables.<\/li>\n<\/ul>\n<p><img decoding=\"async\" src=\"https:\/\/www.hydraulic-cylinders.net\/wp-content\/uploads\/2025\/01\/songte-cylinder-head-with-all-kinds-excavator-models.webp\" alt=\"Image de conception du cylindre de bras\"><\/p>\n<h3>\u00c9tanch\u00e9it\u00e9 et lubrification<\/h3>\n<p>Le v\u00e9rin de bras utilise divers joints d'\u00e9tanch\u00e9it\u00e9 pour pr\u00e9venir les fuites d'huile hydraulique, tels que des joints de piston, des joints de tige et des bagues d'usure. Ces joints sont fabriqu\u00e9s dans des mat\u00e9riaux r\u00e9sistants \u00e0 l'usure comme le polyur\u00e9thane et le caoutchouc nitrile. La t\u00eate de v\u00e9rin, la tige et le bouchon sont usin\u00e9s avec pr\u00e9cision pour une meilleure r\u00e9sistance \u00e0 l'usure. Le v\u00e9rin de bras n\u00e9cessite une lubrification r\u00e9guli\u00e8re avec une quantit\u00e9 appropri\u00e9e d'huile hydraulique pour garantir un fonctionnement optimal et \u00e9viter l'usure pr\u00e9matur\u00e9e des joints.<\/p>\n<h3>Maintenance et mesures pr\u00e9ventives<\/h3>\n<ul>\n<li>V\u00e9rifiez r\u00e9guli\u00e8rement le cylindre du bras pour d\u00e9tecter tout signe d'usure ou de dommage et remplacez imm\u00e9diatement toute pi\u00e8ce us\u00e9e ou endommag\u00e9e.<\/li>\n<li>Lubrifiez r\u00e9guli\u00e8rement le v\u00e9rin du bras avec une quantit\u00e9 appropri\u00e9e d'huile hydraulique.<\/li>\n<li>Effectuer r\u00e9guli\u00e8rement l'inspection et l'entretien du syst\u00e8me hydraulique afin d'assurer son bon fonctionnement.<\/li>\n<li>Follow the manufacturer&#8217;s instructions for installation and maintenance.<\/li>\n<li>Respectez toutes les consignes de s\u00e9curit\u00e9 lors de l'utilisation d'\u00e9quipements hydrauliques.<\/li>\n<\/ul>\n<p><img decoding=\"async\" src=\"https:\/\/www.hydraulic-cylinders.net\/wp-content\/uploads\/2025\/01\/songte-chushion-collar.webp\" alt=\"Image de maintenance du cylindre de bras\"><\/p>\n<h3>Guide d'installation<\/h3>\n<p>Before installation, check that the arm cylinder is compatible with the machinery and attachment. Follow the manufacturer&#8217;s instructions for installation, including the torque specifications for the bolts and nuts. Make sure all hydraulic connections are tight and properly sealed. After installation, check for leaks and perform a function test to ensure proper operation.<\/p>\n<p><img decoding=\"async\" src=\"https:\/\/www.hydraulic-cylinders.net\/wp-content\/uploads\/2025\/01\/songte-bushings-with-all-kinds-of-excavator-models.webp\" alt=\"Image d&#039;installation du cylindre de bras\"><\/p>\n<h3>Consid\u00e9rations de s\u00e9curit\u00e9 et facteurs environnementaux<\/h3>\n<p>La s\u00e9curit\u00e9 est primordiale lors de l'utilisation d'\u00e9quipements hydrauliques. Le v\u00e9rin de bras doit \u00eatre con\u00e7u en tenant compte des exigences de s\u00e9curit\u00e9 et int\u00e9grer des dispositifs tels que la protection contre les surcharges, l'arr\u00eat d'urgence et les syst\u00e8mes anti-collision. Les facteurs environnementaux, comme la temp\u00e9rature, l'humidit\u00e9 et l'exposition aux produits chimiques, peuvent \u00e9galement affecter les performances et la dur\u00e9e de vie du v\u00e9rin de bras\u00a0; il convient donc d'en tenir compte lors de sa s\u00e9lection et de son utilisation.<\/p>\n<h3>D\u00e9pannage et probl\u00e8mes courants<\/h3>\n<ul>\n<li>Fuite de liquide hydraulique\u00a0: v\u00e9rifiez l\u2019\u00e9tat des joints et des bagues d\u2019usure et remplacez-les si n\u00e9cessaire.<\/li>\n<li>Mouvement lent ou irr\u00e9gulier\u00a0: v\u00e9rifiez le bon fonctionnement du syst\u00e8me hydraulique et les niveaux de fluide.<\/li>\n<li>Bruit ou vibrations excessifs\u00a0: v\u00e9rifiez l\u2019\u00e9tat des composants endommag\u00e9s ou us\u00e9s, tels que les roulements ou les pistons, et remplacez-les si n\u00e9cessaire.<\/li>\n<\/ul>\n<h3>Conseils et solutions de d\u00e9pannage<\/h3>\n<p>If encountering any problems, refer to the manufacturer&#8217;s instructions for troubleshooting and repair. If necessary, seek assistance from a qualified hydraulic technician. To prevent problems, follow the manufacturer&#8217;s instructions for maintenance and perform regular inspection and preventive maintenance.<\/p>\n<p><img decoding=\"async\" src=\"https:\/\/www.hydraulic-cylinders.net\/wp-content\/uploads\/2025\/01\/songte-company-4.webp\" alt=\"Image de profil de l&#039;entreprise\"><br \/>\n<img decoding=\"async\" src=\"https:\/\/www.hydraulic-cylinders.net\/wp-content\/uploads\/2025\/01\/songte-company-3.webp\" alt=\"Image de profil de l&#039;entreprise\"><\/p>\n<h3>\u00c0 propos de nous<\/h3>\n<p>We are a professional manufacturer of replacement hydraulic cylinders with a wide range of products, and have become one of the leading hydraulic cylinder manufacturers and wholesale distributors in domestic and international markets. We always uphold the principle of excellent quality, rely on industrial production management strategies in fine manufacturing workshops, and continuously improve our technical level and production efficiency. Through the introduction of high-end digital manufacturing equipment and professional testing systems, we continuously optimize our manufacturing platform and improve our product quality control process, with strong innovation capabilities. Our goal is to meet customer&#8217;s diversified needs with high efficiency, precision, and high-quality principles.<\/p>\n<h3>Nos services<\/h3>\n<ul>\n<li>Professionnalisme : Nous disposons d'une \u00e9quipe de professionnels pour assurer le support et les services techniques.<\/li>\n<li>Certification internationale : Nous avons obtenu la certification ISO9001, syst\u00e8me international de management de la qualit\u00e9.<\/li>\n<li>Personnalisation : Nous proposons des services personnalis\u00e9s pour r\u00e9pondre aux exigences sp\u00e9cifiques de nos clients.<\/li>\n<li>\u00c9quipements de production : Nous disposons d'\u00e9quipements de fabrication num\u00e9rique de pointe et de syst\u00e8mes de test professionnels.<\/li>\n<li>Service apr\u00e8s-vente : Nous fournissons un service apr\u00e8s-vente complet et une assistance technique afin de garantir la satisfaction de nos clients.<\/li>\n<\/ul>\n<p>Auteur : lyl<\/p>","protected":false},"excerpt":{"rendered":"<p>Arm Cylinder for XCMG Small Excavator XE85C Introduction An arm cylinder is a specialized hydraulic cylinder used to provide linear motion and power to various machinery arms, such as excavators, cranes, and robotic arms. The arm cylinder plays a crucial role in the hydraulic system, allowing for effective movement and control of additional tools or [&hellip;]<\/p>","protected":false},"featured_media":14772,"comment_status":"open","ping_status":"closed","template":"","meta":{"_et_pb_use_builder":"","_et_pb_old_content":"","_et_gb_content_width":""},"product_brand":[],"product_cat":[1497],"product_tag":[1498,1496],"class_list":{"0":"post-16390","1":"product","2":"type-product","3":"status-publish","4":"has-post-thumbnail","6":"product_cat-arm-cylinders","7":"product_tag-arm-cylinders","8":"product_tag-hydraulic-cylinders","10":"first","11":"instock","12":"shipping-taxable","13":"product-type-simple"},"amp_enabled":true,"_links":{"self":[{"href":"https:\/\/www.hydraulic-cylinders.net\/fr\/wp-json\/wp\/v2\/product\/16390","targetHints":{"allow":["GET"]}}],"collection":[{"href":"https:\/\/www.hydraulic-cylinders.net\/fr\/wp-json\/wp\/v2\/product"}],"about":[{"href":"https:\/\/www.hydraulic-cylinders.net\/fr\/wp-json\/wp\/v2\/types\/product"}],"replies":[{"embeddable":true,"href":"https:\/\/www.hydraulic-cylinders.net\/fr\/wp-json\/wp\/v2\/comments?post=16390"}],"wp:featuredmedia":[{"embeddable":true,"href":"https:\/\/www.hydraulic-cylinders.net\/fr\/wp-json\/wp\/v2\/media\/14772"}],"wp:attachment":[{"href":"https:\/\/www.hydraulic-cylinders.net\/fr\/wp-json\/wp\/v2\/media?parent=16390"}],"wp:term":[{"taxonomy":"product_brand","embeddable":true,"href":"https:\/\/www.hydraulic-cylinders.net\/fr\/wp-json\/wp\/v2\/product_brand?post=16390"},{"taxonomy":"product_cat","embeddable":true,"href":"https:\/\/www.hydraulic-cylinders.net\/fr\/wp-json\/wp\/v2\/product_cat?post=16390"},{"taxonomy":"product_tag","embeddable":true,"href":"https:\/\/www.hydraulic-cylinders.net\/fr\/wp-json\/wp\/v2\/product_tag?post=16390"}],"curies":[{"name":"wp","href":"https:\/\/api.w.org\/{rel}","templated":true}]}}