{"id":16412,"date":"2025-01-20T09:13:27","date_gmt":"2025-01-20T09:13:27","guid":{"rendered":"https:\/\/www.hydraulic-cylinders.net\/product\/arm-cylinderfor-xcmg-large-excavator-xe700c\/"},"modified":"2025-01-20T09:13:29","modified_gmt":"2025-01-20T09:13:29","slug":"arm-cylinderfor-xcmg-large-excavator-xe700c","status":"publish","type":"product","link":"https:\/\/www.hydraulic-cylinders.net\/fr\/produit\/arm-cylinderfor-xcmg-large-excavator-xe700c\/","title":{"rendered":"V\u00e9rin de bras pour pelle hydraulique XCMG XE700C"},"content":{"rendered":"<p>V\u00e9rin de bras pour pelle hydraulique XCMG XE700C<\/p>\n<p>Le v\u00e9rin de bras est un type de v\u00e9rin hydraulique sp\u00e9cialement con\u00e7u pour fournir un mouvement lin\u00e9aire et de la puissance aux bras de divers types d'engins, tels que les excavatrices, les grues et les bras m\u00e9caniques. Ce v\u00e9rin joue un r\u00f4le essentiel dans les syst\u00e8mes hydrauliques, permettant le mouvement et le contr\u00f4le efficaces des outils ou accessoires qui y sont fix\u00e9s. Ces v\u00e9rins assurent non seulement un mouvement fluide, mais supportent \u00e9galement des charges importantes, garantissant ainsi un fonctionnement efficace et une grande fiabilit\u00e9 des machines dans diverses conditions de travail.<\/p>\n<p><img decoding=\"async\" src=\"https:\/\/www.hydraulic-cylinders.net\/wp-content\/uploads\/2025\/01\/songte-company-2.webp\"><\/p>\n<p>Caract\u00e9ristiques du cylindre de bras\u00a0:<br \/>\n\u2013 Transmission \u00e0 haut rendement\u00a0: Le v\u00e9rin du bras assure un mouvement lin\u00e9aire et une force puissants, garantissant ainsi un rendement \u00e9lev\u00e9 du bras m\u00e9canique dans diverses op\u00e9rations.<br \/>\n\u2013 Contr\u00f4le pr\u00e9cis\u00a0: Gr\u00e2ce au syst\u00e8me hydraulique, le v\u00e9rin du bras permet un contr\u00f4le pr\u00e9cis des mouvements, rendant l\u2019utilisation des outils fix\u00e9s plus flexible et pr\u00e9cise.<br \/>\n\u2013 Grande durabilit\u00e9\u00a0: les v\u00e9rins de bras sont g\u00e9n\u00e9ralement fabriqu\u00e9s \u00e0 partir de mat\u00e9riaux \u00e0 haute r\u00e9sistance et pr\u00e9sentent une bonne r\u00e9sistance \u00e0 l\u2019usure et \u00e0 la corrosion, ce qui les rend adapt\u00e9s \u00e0 une utilisation \u00e0 long terme dans des environnements difficiles.<br \/>\n\u2013 Adaptabilit\u00e9 multifonctionnelle\u00a0: Ces v\u00e9rins peuvent \u00eatre largement utilis\u00e9s dans diff\u00e9rents types de machines, telles que les excavatrices, les grues et les bras m\u00e9caniques, s\u2019adaptant ainsi \u00e0 diff\u00e9rentes exigences de travail.<br \/>\n\u2013 Maintenance facile\u00a0: La conception prend en compte la facilit\u00e9 d\u2019entretien et de remplacement, ce qui rend les inspections et la maintenance r\u00e9guli\u00e8res plus pratiques et r\u00e9duit les temps d\u2019arr\u00eat des \u00e9quipements.<\/p>\n<p>Nos produits peuvent parfaitement remplacer ces v\u00e9rins hydrauliques.<\/p>\n<p><img decoding=\"async\" src=\"https:\/\/www.hydraulic-cylinders.net\/wp-content\/uploads\/2025\/01\/songte-oil-pipes-and-spare-parts.webp\"><\/p>\n<p>Applications:<br \/>\n\u2013 G\u00e9nie civil\u00a0: Les v\u00e9rins de bras sont utilis\u00e9s dans les excavatrices et les grues pour contr\u00f4ler le mouvement du godet ou de la fl\u00e8che, pour le terrassement, la manutention de mat\u00e9riaux et l\u2019installation de structures.<br \/>\n\u2013 Production : Dans les lignes de production automatis\u00e9es, les v\u00e9rins de bras contr\u00f4lent le mouvement des bras m\u00e9caniques pour l'assemblage, le soudage et la manutention, am\u00e9liorant ainsi l'efficacit\u00e9 et la pr\u00e9cision de la production.<br \/>\n\u2013 Machines agricoles\u00a0: Dans les machines agricoles telles que les moissonneuses-batteuses et les semoirs, les v\u00e9rins de bras contr\u00f4lent le mouvement des bras de travail, effectuant des t\u00e2ches telles que la plantation, la fertilisation et la r\u00e9colte.<br \/>\n\u2013 Exploitation mini\u00e8re\u00a0: Dans les \u00e9quipements miniers, les v\u00e9rins de bras servent \u00e0 contr\u00f4ler le mouvement du bras des engins d\u2019extraction et de manutention du minerai.<br \/>\n\u2013 Logistique et transport : Dans les chariots \u00e9l\u00e9vateurs et les robots de manutention, des v\u00e9rins de bras sont utilis\u00e9s pour contr\u00f4ler le levage et le mouvement des fourches, permettant ainsi la manutention et l'empilage des mat\u00e9riaux.<\/p>\n<p>Consid\u00e9rations de conception et normes de s\u00e9lection\u00a0:<br \/>\n\u2013 Capacit\u00e9 de charge : Le v\u00e9rin du bras doit pouvoir supporter la capacit\u00e9 de charge maximale de la machine.<br \/>\n\u2013 \u00c9tanch\u00e9it\u00e9\u00a0: Diff\u00e9rents composants d\u2019\u00e9tanch\u00e9it\u00e9, tels que des joints de piston et des joints de tige, doivent \u00eatre utilis\u00e9s, et les joints doivent \u00eatre fabriqu\u00e9s \u00e0 partir de mat\u00e9riaux r\u00e9sistants \u00e0 l\u2019usure tels que le polyur\u00e9thane et le caoutchouc nitrile.<br \/>\n\u2013 Durabilit\u00e9 : Le corps du cylindre et la surface d'extr\u00e9mit\u00e9 du filetage doivent \u00eatre finement usin\u00e9s pour am\u00e9liorer la r\u00e9sistance \u00e0 l'usure.<br \/>\n\u2013 S\u00e9curit\u00e9 : Le v\u00e9rin du bras doit \u00eatre con\u00e7u avec un facteur de s\u00e9curit\u00e9 afin de pr\u00e9venir les accidents caus\u00e9s par une charge excessive.<br \/>\n\u2013 Maintenance : La conception doit prendre en compte la facilit\u00e9 d'entretien et de remplacement, rendant ainsi les inspections et la maintenance r\u00e9guli\u00e8res plus pratiques.<\/p>\n<p><img decoding=\"async\" src=\"https:\/\/www.hydraulic-cylinders.net\/wp-content\/uploads\/2025\/01\/songte-cylinder-head-with-all-kinds-excavator-models.webp\"><\/p>\n<p>\u00c9tanch\u00e9it\u00e9 et lubrification :<br \/>\n\u2013 Diff\u00e9rents composants d'\u00e9tanch\u00e9it\u00e9 doivent \u00eatre utilis\u00e9s, tels que des bagues d'\u00e9tanch\u00e9it\u00e9 de piston et des bagues d'\u00e9tanch\u00e9it\u00e9 de tige, et les joints doivent \u00eatre fabriqu\u00e9s \u00e0 partir de mat\u00e9riaux r\u00e9sistants \u00e0 l'usure tels que le polyur\u00e9thane et le caoutchouc nitrile.<br \/>\n\u2013 Le corps du cylindre et la surface d'extr\u00e9mit\u00e9 du filetage doivent \u00eatre finement usin\u00e9s pour am\u00e9liorer la r\u00e9sistance \u00e0 l'usure.<br \/>\n\u2013 Il convient d'ajouter r\u00e9guli\u00e8rement une quantit\u00e9 appropri\u00e9e d'huile hydraulique pour assurer la lubrification.<\/p>\n<p>Inspection r\u00e9guli\u00e8re et mesures d'entretien pr\u00e9ventif\u00a0:<br \/>\n\u2013 V\u00e9rifiez r\u00e9guli\u00e8rement le cylindre du bras pour d\u00e9tecter tout signe d\u2019usure ou de dommage et remplacez les pi\u00e8ces us\u00e9es ou endommag\u00e9es \u00e0 temps.<br \/>\n\u2013 Contr\u00f4lez r\u00e9guli\u00e8rement l\u2019huile hydraulique pour d\u00e9tecter les impuret\u00e9s et remplacez-la \u00e0 temps.<br \/>\n\u2013 V\u00e9rifiez r\u00e9guli\u00e8rement les composants d\u2019\u00e9tanch\u00e9it\u00e9 et remplacez-les \u00e0 temps s\u2019ils sont endommag\u00e9s ou us\u00e9s.<\/p>\n<p>Guide d'installation correcte du produit\u00a0:<br \/>\n\u2013 Avant l\u2019installation, nettoyez la surface de montage de la machine et la surface d\u2019extr\u00e9mit\u00e9 du filetage du v\u00e9rin du bras.<br \/>\n\u2013 Appliquez une couche de graisse sur la surface d'extr\u00e9mit\u00e9 filet\u00e9e du v\u00e9rin et installez-le sur la machine.<br \/>\n\u2013 Serrez les boulons de fixation au couple sp\u00e9cifi\u00e9.<\/p>\n<p><img decoding=\"async\" src=\"https:\/\/www.hydraulic-cylinders.net\/wp-content\/uploads\/2025\/01\/songte-bushings-with-all-kinds-of-excavator-models.webp\"><\/p>\n<p>Consid\u00e9rations relatives \u00e0 la s\u00e9curit\u00e9 et facteurs environnementaux\u00a0:<br \/>\n\u2013 Des mesures de s\u00e9curit\u00e9 doivent \u00eatre prises lors de l'installation, du fonctionnement et de l'entretien du v\u00e9rin de bras.<br \/>\n\u2013 L\u2019huile hydraulique utilis\u00e9e doit \u00eatre respectueuse de l\u2019environnement et correctement \u00e9limin\u00e9e apr\u00e8s usage.<\/p>\n<p>Diagnostic des pannes et probl\u00e8mes courants\u00a0:<br \/>\n\u2013 Une lubrification insuffisante ou excessive peut provoquer un bruit anormal ou une puissance insuffisante.<br \/>\n\u2013 L\u2019endommagement des composants d\u2019\u00e9tanch\u00e9it\u00e9 peut provoquer une fuite d\u2019huile hydraulique.<br \/>\n\u2013 L\u2019usure ou les dommages m\u00e9caniques peuvent entra\u00eener une puissance insuffisante ou un mouvement instable.<\/p>\n<p>Conseils et solutions pour la gestion des pannes\u00a0:<br \/>\n\u2013 V\u00e9rifier et ajuster la quantit\u00e9 d'huile hydraulique.<br \/>\n\u2013 Remplacer les composants d'\u00e9tanch\u00e9it\u00e9 endommag\u00e9s.<br \/>\n\u2013 Remplacez les pi\u00e8ces us\u00e9es ou endommag\u00e9es.<\/p>\n<p><img decoding=\"async\" src=\"https:\/\/www.hydraulic-cylinders.net\/wp-content\/uploads\/2025\/01\/songte-chushion-collar.webp\"><\/p>\n<p>Nous sommes un fabricant professionnel de v\u00e9rins hydrauliques de remplacement offrant une large gamme de produits. Nous figurons parmi les principaux fabricants et distributeurs de v\u00e9rins hydrauliques sur les march\u00e9s nationaux et internationaux. Notre priorit\u00e9 absolue est la qualit\u00e9. Nous nous appuyons sur une strat\u00e9gie de gestion de la production industrialis\u00e9e au sein d'un atelier de fabrication performant et am\u00e9liorons constamment notre niveau technique et notre productivit\u00e9. Gr\u00e2ce \u00e0 l'int\u00e9gration d'\u00e9quipements de fabrication num\u00e9rique de pointe et de syst\u00e8mes de test professionnels, nous optimisons en permanence notre plateforme de production, perfectionnons nos processus de contr\u00f4le qualit\u00e9 et d\u00e9veloppons une forte capacit\u00e9 d'innovation. Notre objectif est de r\u00e9pondre aux besoins vari\u00e9s de nos clients avec efficacit\u00e9, pr\u00e9cision et une qualit\u00e9 irr\u00e9prochable.<\/p>\n<p>Nous proposons des services professionnels, des certifications internationales, des services personnalis\u00e9s, des \u00e9quipements de production et un service apr\u00e8s-vente.<\/p>\n<p><img decoding=\"async\" src=\"https:\/\/www.hydraulic-cylinders.net\/wp-content\/uploads\/2025\/01\/songte-company-4.webp\"><br \/>\n<img decoding=\"async\" src=\"https:\/\/www.hydraulic-cylinders.net\/wp-content\/uploads\/2025\/01\/songte-company-3.webp\"><br \/>\nAuteur : lyl.<\/p>","protected":false},"excerpt":{"rendered":"<p>Arm Cylinder for XCMG Large Excavator XE700C Arm cylinder is a type of specially designed hydraulic cylinder that is mainly used to provide linear motion and power to the arms of various types of machinery, such as excavators, cranes, and mechanical arms. The arm cylinder plays a critical role in hydraulic systems, enabling the effective [&hellip;]<\/p>","protected":false},"featured_media":14766,"comment_status":"open","ping_status":"closed","template":"","meta":{"_et_pb_use_builder":"","_et_pb_old_content":"","_et_gb_content_width":""},"product_brand":[],"product_cat":[1497],"product_tag":[1498,1496],"class_list":{"0":"post-16412","1":"product","2":"type-product","3":"status-publish","4":"has-post-thumbnail","6":"product_cat-arm-cylinders","7":"product_tag-arm-cylinders","8":"product_tag-hydraulic-cylinders","10":"first","11":"instock","12":"shipping-taxable","13":"product-type-simple"},"amp_enabled":true,"_links":{"self":[{"href":"https:\/\/www.hydraulic-cylinders.net\/fr\/wp-json\/wp\/v2\/product\/16412","targetHints":{"allow":["GET"]}}],"collection":[{"href":"https:\/\/www.hydraulic-cylinders.net\/fr\/wp-json\/wp\/v2\/product"}],"about":[{"href":"https:\/\/www.hydraulic-cylinders.net\/fr\/wp-json\/wp\/v2\/types\/product"}],"replies":[{"embeddable":true,"href":"https:\/\/www.hydraulic-cylinders.net\/fr\/wp-json\/wp\/v2\/comments?post=16412"}],"wp:featuredmedia":[{"embeddable":true,"href":"https:\/\/www.hydraulic-cylinders.net\/fr\/wp-json\/wp\/v2\/media\/14766"}],"wp:attachment":[{"href":"https:\/\/www.hydraulic-cylinders.net\/fr\/wp-json\/wp\/v2\/media?parent=16412"}],"wp:term":[{"taxonomy":"product_brand","embeddable":true,"href":"https:\/\/www.hydraulic-cylinders.net\/fr\/wp-json\/wp\/v2\/product_brand?post=16412"},{"taxonomy":"product_cat","embeddable":true,"href":"https:\/\/www.hydraulic-cylinders.net\/fr\/wp-json\/wp\/v2\/product_cat?post=16412"},{"taxonomy":"product_tag","embeddable":true,"href":"https:\/\/www.hydraulic-cylinders.net\/fr\/wp-json\/wp\/v2\/product_tag?post=16412"}],"curies":[{"name":"wp","href":"https:\/\/api.w.org\/{rel}","templated":true}]}}