{"id":16417,"date":"2025-01-20T09:13:53","date_gmt":"2025-01-20T09:13:53","guid":{"rendered":"https:\/\/www.hydraulic-cylinders.net\/product\/arm-cylinderfor-xcmg-wheel-excavator-xe150w\/"},"modified":"2025-01-20T09:13:55","modified_gmt":"2025-01-20T09:13:55","slug":"arm-cylinderfor-xcmg-wheel-excavator-xe150w","status":"publish","type":"product","link":"https:\/\/www.hydraulic-cylinders.net\/fr\/produit\/arm-cylinderfor-xcmg-wheel-excavator-xe150w\/","title":{"rendered":"V\u00e9rin de bras pour pelle sur pneus XCMG XE150W"},"content":{"rendered":"<h1>V\u00e9rin de bras pour pelle sur pneus XCMG XE150W<\/h1>\n<h2>Introduction<\/h2>\n<p>Le v\u00e9rin de bras est un v\u00e9rin hydraulique sp\u00e9cialement con\u00e7u pour assurer le mouvement lin\u00e9aire et la puissance des bras de diverses machines, telles que les excavatrices, les grues et les bras robotis\u00e9s. Il joue un r\u00f4le crucial dans les syst\u00e8mes hydrauliques, permettant le d\u00e9placement et le contr\u00f4le efficaces d'outils ou d'accessoires suppl\u00e9mentaires. Ces v\u00e9rins garantissent non seulement un mouvement fluide, mais aussi une r\u00e9sistance aux charges importantes, assurant ainsi un fonctionnement efficace et une grande fiabilit\u00e9 des machines dans diverses conditions de travail.<\/p>\n<p><img decoding=\"async\" src=\"https:\/\/www.hydraulic-cylinders.net\/wp-content\/uploads\/2025\/01\/songte-company-2.webp\" alt=\"Image du cylindre de bras\"><\/p>\n<h2>Caract\u00e9ristiques<\/h2>\n<ul>\n<li>Transmission \u00e0 haut rendement : Le v\u00e9rin du bras assure un mouvement lin\u00e9aire et une force puissants, garantissant des performances \u00e9lev\u00e9es lors de diverses op\u00e9rations.<\/li>\n<li>Contr\u00f4le pr\u00e9cis\u00a0: gr\u00e2ce au syst\u00e8me hydraulique, le v\u00e9rin du bras permet un contr\u00f4le pr\u00e9cis du mouvement, rendant l\u2019utilisation des outils fix\u00e9s plus flexible et pr\u00e9cise.<\/li>\n<li>Grande durabilit\u00e9 : les v\u00e9rins de bras sont g\u00e9n\u00e9ralement fabriqu\u00e9s \u00e0 partir de mat\u00e9riaux \u00e0 haute r\u00e9sistance, offrant une excellente r\u00e9sistance \u00e0 l'usure et \u00e0 la corrosion, ce qui les rend adapt\u00e9s \u00e0 une utilisation \u00e0 long terme dans des environnements difficiles.<\/li>\n<li>Adaptabilit\u00e9 multifonctionnelle\u00a0: Ces v\u00e9rins peuvent \u00eatre largement utilis\u00e9s dans diverses machines telles que les excavatrices, les grues et les bras robotis\u00e9s, r\u00e9pondant ainsi \u00e0 diff\u00e9rentes exigences op\u00e9rationnelles.<\/li>\n<li>Maintenance ais\u00e9e : Con\u00e7ue pour faciliter la maintenance et le remplacement des \u00e9quipements, les inspections et l'entretien r\u00e9guliers sont simplifi\u00e9s, r\u00e9duisant ainsi les temps d'arr\u00eat.<\/li>\n<\/ul>\n<p><img decoding=\"async\" src=\"https:\/\/www.hydraulic-cylinders.net\/wp-content\/uploads\/2025\/01\/songte-oil-pipes-and-spare-parts.webp\" alt=\"Image du produit\"><\/p>\n<h2>Applications<\/h2>\n<p>Le v\u00e9rin \u00e0 bras trouve des applications dans diverses industries :<\/p>\n<ul>\n<li>G\u00e9nie civil : Dans les excavatrices et les grues, le v\u00e9rin du bras contr\u00f4le le mouvement des godets ou des fl\u00e8ches, facilitant les travaux de terrassement, la manutention des mat\u00e9riaux et l'installation de structures.<\/li>\n<li>Industrie manufacturi\u00e8re\u00a0: Dans les lignes de production automatis\u00e9es, le v\u00e9rin du bras permet le mouvement des bras robotis\u00e9s pour les processus d\u2019assemblage, de soudage et de manutention, am\u00e9liorant ainsi l\u2019efficacit\u00e9 et la pr\u00e9cision de la production.<\/li>\n<li>Machines agricoles\u00a0: Dans les \u00e9quipements agricoles tels que les moissonneuses-batteuses et les semoirs, le v\u00e9rin du bras contr\u00f4le le mouvement des bras de travail pour des t\u00e2ches comme le semis, la fertilisation et la r\u00e9colte.<\/li>\n<li>Exploitation mini\u00e8re : Dans les \u00e9quipements miniers, le v\u00e9rin du bras contr\u00f4le le mouvement du bras de la machine d'extraction, facilitant l'extraction et le transport du minerai.<\/li>\n<li>Logistique et transport : Dans les chariots \u00e9l\u00e9vateurs et les robots de manutention, le v\u00e9rin du bras contr\u00f4le le levage et le mouvement des fourches, permettant la manutention et l'empilage des mat\u00e9riaux.<\/li>\n<\/ul>\n<h2>Consid\u00e9rations de conception et crit\u00e8res de s\u00e9lection<\/h2>\n<p>Lorsqu'on envisage la conception et le choix des cylindres de bras, plusieurs facteurs cl\u00e9s entrent en jeu\u00a0:<\/p>\n<ul>\n<li>Capacit\u00e9 de charge : Le v\u00e9rin du bras doit pouvoir supporter les charges pr\u00e9vues.<\/li>\n<li>Capacit\u00e9s d'\u00e9tanch\u00e9it\u00e9\u00a0: Divers composants d'\u00e9tanch\u00e9it\u00e9, tels que les joints de piston et les joints de tige, fabriqu\u00e9s \u00e0 partir de mat\u00e9riaux r\u00e9sistants \u00e0 l'usure comme le polyur\u00e9thane et le caoutchouc nitrile, assurent une \u00e9tanch\u00e9it\u00e9 efficace.<\/li>\n<li>Durabilit\u00e9 : Le corps du cylindre et la surface d'extr\u00e9mit\u00e9 filet\u00e9e subissent un traitement m\u00e9ticuleux pour am\u00e9liorer la r\u00e9sistance \u00e0 l'usure.<\/li>\n<li>S\u00e9curit\u00e9 : Des dispositifs de s\u00e9curit\u00e9 tels que des soupapes de d\u00e9charge de pression et des fonctions d'arr\u00eat d'urgence doivent \u00eatre int\u00e9gr\u00e9s afin de pr\u00e9venir les accidents.<\/li>\n<li>Facilit\u00e9 d'entretien\u00a0: Il convient de pr\u00e9voir une lubrification r\u00e9guli\u00e8re avec une quantit\u00e9 appropri\u00e9e d'huile hydraulique et un acc\u00e8s facile pour les op\u00e9rations d'entretien.<\/li>\n<\/ul>\n<p><img decoding=\"async\" src=\"https:\/\/www.hydraulic-cylinders.net\/wp-content\/uploads\/2025\/01\/songte-cylinder-head-with-all-kinds-excavator-models.webp\" alt=\"Image du produit\"><\/p>\n<h2>\u00c9tanch\u00e9it\u00e9 et lubrification<\/h2>\n<p>Le v\u00e9rin de bras utilise diff\u00e9rents joints, tels que des joints de piston et des joints de tige, fabriqu\u00e9s en mat\u00e9riaux r\u00e9sistants \u00e0 l'usure comme le polyur\u00e9thane et le caoutchouc nitrile. Le corps du v\u00e9rin et la surface d'extr\u00e9mit\u00e9 filet\u00e9e sont trait\u00e9s avec pr\u00e9cision pour une meilleure r\u00e9sistance \u00e0 l'usure. Une lubrification r\u00e9guli\u00e8re avec une quantit\u00e9 appropri\u00e9e d'huile hydraulique est n\u00e9cessaire pour un fonctionnement optimal.<\/p>\n<h2>Inspection r\u00e9guli\u00e8re et maintenance pr\u00e9ventive<\/h2>\n<p>Pour maintenir des performances optimales, des inspections r\u00e9guli\u00e8res et des mesures de maintenance pr\u00e9ventive sont essentielles\u00a0:<\/p>\n<ul>\n<li>V\u00e9rifiez que les joints ne sont pas us\u00e9s ou endommag\u00e9s.<\/li>\n<li>V\u00e9rifiez l'absence de fuites dans le syst\u00e8me hydraulique.<\/li>\n<li>Surveiller les niveaux et la qualit\u00e9 de l'huile.<\/li>\n<li>Assurez-vous du bon alignement et de la fixation des composants.<\/li>\n<li>Effectuer un nettoyage et une lubrification p\u00e9riodiques.<\/li>\n<\/ul>\n<h2>Guide d'installation du produit<\/h2>\n<p>Une installation correcte du v\u00e9rin de bras est essentielle pour un fonctionnement optimal. Suivez ces \u00e9tapes\u00a0:<\/p>\n<ol>\n<li>Assurez-vous que l'\u00e9quipement est hors tension et en position s\u00fbre.<\/li>\n<li>Retirez l'ancien cylindre, le cas \u00e9ch\u00e9ant.<\/li>\n<li>Inspectez le nouveau cylindre du bras pour d\u00e9celer tout signe de dommage.<\/li>\n<li>Fixez solidement le cylindre aux points de fixation d\u00e9sign\u00e9s.<\/li>\n<li>Raccordez les conduites hydrauliques en veillant \u00e0 assurer une \u00e9tanch\u00e9it\u00e9 correcte.<\/li>\n<li>Effectuez une inspection approfondie de l'installation.<\/li>\n<li>Mettez l'\u00e9quipement sous tension et testez le fonctionnement du v\u00e9rin du bras.<\/li>\n<\/ol>\n<p><img decoding=\"async\" src=\"https:\/\/www.hydraulic-cylinders.net\/wp-content\/uploads\/2025\/01\/songte-bushings-with-all-kinds-of-excavator-models.webp\" alt=\"Image du produit\"><\/p>\n<h2>Consid\u00e9rations de s\u00e9curit\u00e9 et facteurs environnementaux<\/h2>\n<p>Lors de l'utilisation du v\u00e9rin \u00e0 bras, les pr\u00e9cautions de s\u00e9curit\u00e9 sont primordiales. Le respect des mesures de s\u00e9curit\u00e9 permet de pr\u00e9venir les accidents et de prot\u00e9ger le personnel et les machines.<\/p>\n<h2>D\u00e9pannage et probl\u00e8mes courants<\/h2>\n<p>Voici quelques probl\u00e8mes courants pouvant survenir avec les v\u00e9rins de bras\u00a0:<\/p>\n<ul>\n<li>Bruit excessif pendant le fonctionnement<\/li>\n<li>Vibrations anormales<\/li>\n<li>Mouvement lent ou saccad\u00e9<\/li>\n<li>Fuite de fluide hydraulique<\/li>\n<li>Force ou puissance insuffisante<\/li>\n<\/ul>\n<p>Si vous rencontrez des probl\u00e8mes avec le cylindre du bras, suivez ces conseils et solutions de d\u00e9pannage\u00a0:<\/p>\n<ul>\n<li>V\u00e9rifiez les connexions et resserrez-les si n\u00e9cessaire.<\/li>\n<li>V\u00e9rifiez l'\u00e9tat des joints et remplacez-les si n\u00e9cessaire.<\/li>\n<li>V\u00e9rifiez que le niveau d'huile hydraulique est suffisant et que sa qualit\u00e9 est appropri\u00e9e.<\/li>\n<li>Nettoyez et lubrifiez r\u00e9guli\u00e8rement les composants du cylindre.<\/li>\n<li>Si le probl\u00e8me persiste, consultez un technicien professionnel.<\/li>\n<\/ul>\n<p><img decoding=\"async\" src=\"https:\/\/www.hydraulic-cylinders.net\/wp-content\/uploads\/2025\/01\/songte-chushion-collar.webp\" alt=\"Image du produit\"><\/p>\n<p>N'oubliez pas d'organiser l'article de mani\u00e8re logique, d'utiliser des sous-titres pour faciliter la navigation, d'int\u00e9grer des images ou des graphiques pertinents pour am\u00e9liorer la compr\u00e9hension et de veiller \u00e0 ce que le contenu soit clair, concis et adapt\u00e9 aux lecteurs ayant diff\u00e9rents niveaux de connaissances techniques.<\/p>\n<p><em>Auteur : lyl<\/em><\/p>\n<h2>\u00c0 propos de notre entreprise<\/h2>\n<p>Nous sommes un fabricant professionnel de v\u00e9rins hydrauliques de remplacement, offrant une large gamme de produits. Nous figurons parmi les principaux fabricants et grossistes de v\u00e9rins hydrauliques sur les march\u00e9s nationaux et internationaux. Anim\u00e9s par une qu\u00eate d'excellence, nous am\u00e9liorons constamment notre expertise technologique et notre efficacit\u00e9 de production gr\u00e2ce \u00e0 des processus de fabrication optimis\u00e9s dans nos ateliers ultramodernes. L'introduction d'\u00e9quipements de fabrication num\u00e9rique de pointe et de syst\u00e8mes de test professionnels nous permet d'optimiser notre plateforme de production et de renforcer nos processus de contr\u00f4le qualit\u00e9, t\u00e9moignant ainsi de notre forte capacit\u00e9 d'innovation. Notre objectif est de r\u00e9pondre aux besoins vari\u00e9s de nos clients en nous appuyant sur les principes d'efficacit\u00e9, de pr\u00e9cision et de haute qualit\u00e9.<\/p>\n<p><img decoding=\"async\" src=\"https:\/\/www.hydraulic-cylinders.net\/wp-content\/uploads\/2025\/01\/songte-company-4.webp\" alt=\"Image de l&#039;entreprise\"><br \/>\n<img decoding=\"async\" src=\"https:\/\/www.hydraulic-cylinders.net\/wp-content\/uploads\/2025\/01\/songte-company-3.webp\" alt=\"Image de l&#039;entreprise\"><\/p>\n<p>De plus, nous sommes fiers de notre professionnalisme, de nos certifications internationales, de nos services personnalis\u00e9s, de nos \u00e9quipements de production et de notre service apr\u00e8s-vente.<\/p>","protected":false},"excerpt":{"rendered":"<p>Arm Cylinder For XCMG Wheel Excavator XE150W Introduction The arm cylinder is a specially designed hydraulic cylinder that provides linear motion and power to the arms of various machinery, such as excavators, cranes, and robotic arms. The arm cylinder plays a crucial role in hydraulic systems, enabling the effective movement and control of additional tools [&hellip;]<\/p>","protected":false},"featured_media":14779,"comment_status":"open","ping_status":"closed","template":"","meta":{"_et_pb_use_builder":"","_et_pb_old_content":"","_et_gb_content_width":""},"product_brand":[],"product_cat":[1497],"product_tag":[1498,1496],"class_list":{"0":"post-16417","1":"product","2":"type-product","3":"status-publish","4":"has-post-thumbnail","6":"product_cat-arm-cylinders","7":"product_tag-arm-cylinders","8":"product_tag-hydraulic-cylinders","10":"first","11":"instock","12":"shipping-taxable","13":"product-type-simple"},"amp_enabled":true,"_links":{"self":[{"href":"https:\/\/www.hydraulic-cylinders.net\/fr\/wp-json\/wp\/v2\/product\/16417","targetHints":{"allow":["GET"]}}],"collection":[{"href":"https:\/\/www.hydraulic-cylinders.net\/fr\/wp-json\/wp\/v2\/product"}],"about":[{"href":"https:\/\/www.hydraulic-cylinders.net\/fr\/wp-json\/wp\/v2\/types\/product"}],"replies":[{"embeddable":true,"href":"https:\/\/www.hydraulic-cylinders.net\/fr\/wp-json\/wp\/v2\/comments?post=16417"}],"wp:featuredmedia":[{"embeddable":true,"href":"https:\/\/www.hydraulic-cylinders.net\/fr\/wp-json\/wp\/v2\/media\/14779"}],"wp:attachment":[{"href":"https:\/\/www.hydraulic-cylinders.net\/fr\/wp-json\/wp\/v2\/media?parent=16417"}],"wp:term":[{"taxonomy":"product_brand","embeddable":true,"href":"https:\/\/www.hydraulic-cylinders.net\/fr\/wp-json\/wp\/v2\/product_brand?post=16417"},{"taxonomy":"product_cat","embeddable":true,"href":"https:\/\/www.hydraulic-cylinders.net\/fr\/wp-json\/wp\/v2\/product_cat?post=16417"},{"taxonomy":"product_tag","embeddable":true,"href":"https:\/\/www.hydraulic-cylinders.net\/fr\/wp-json\/wp\/v2\/product_tag?post=16417"}],"curies":[{"name":"wp","href":"https:\/\/api.w.org\/{rel}","templated":true}]}}