{"id":16439,"date":"2025-01-20T09:15:51","date_gmt":"2025-01-20T09:15:51","guid":{"rendered":"https:\/\/www.hydraulic-cylinders.net\/product\/arm-cylinderfor-zoomlion-large-excavator-ze1250e\/"},"modified":"2025-01-20T09:15:53","modified_gmt":"2025-01-20T09:15:53","slug":"arm-cylinderfor-zoomlion-large-excavator-ze1250e","status":"publish","type":"product","link":"https:\/\/www.hydraulic-cylinders.net\/fr\/produit\/arm-cylinderfor-zoomlion-large-excavator-ze1250e\/","title":{"rendered":"V\u00e9rin de bras pour pelle hydraulique Zoomlion ZE1250E"},"content":{"rendered":"<h1>V\u00e9rin de bras pour pelle hydraulique Zoomlion ZE1250E<\/h1>\n<h2>Introduction<\/h2>\n<p>Le v\u00e9rin de bras est un v\u00e9rin hydraulique sp\u00e9cialis\u00e9 con\u00e7u pour fournir un mouvement lin\u00e9aire et de la puissance aux bras de divers types d'engins, tels que les excavatrices, les grues et les manipulateurs. Il joue un r\u00f4le essentiel dans le syst\u00e8me hydraulique, permettant le d\u00e9placement et le contr\u00f4le efficace des accessoires. Ces v\u00e9rins assurent non seulement un mouvement fluide, mais supportent \u00e9galement des charges importantes, garantissant ainsi le fonctionnement efficace et la fiabilit\u00e9 de la machine dans diverses conditions d'utilisation.<\/p>\n<p><img decoding=\"async\" src=\"https:\/\/www.hydraulic-cylinders.net\/wp-content\/uploads\/2025\/01\/songte-company-2.webp\"\/><\/p>\n<h2>Caract\u00e9ristiques<\/h2>\n<ul>\n<li>Transmission \u00e0 haut rendement : Le v\u00e9rin du bras assure un mouvement lin\u00e9aire et une force puissants, garantissant une efficacit\u00e9 op\u00e9rationnelle \u00e9lev\u00e9e du manipulateur dans diverses op\u00e9rations.<\/li>\n<li>Contr\u00f4le de pr\u00e9cision\u00a0: gr\u00e2ce au syst\u00e8me hydraulique, le v\u00e9rin du bras permet un contr\u00f4le pr\u00e9cis du mouvement, rendant l\u2019utilisation des accessoires plus flexible et pr\u00e9cise.<\/li>\n<li>Grande durabilit\u00e9 : Le cylindre du bras est g\u00e9n\u00e9ralement fabriqu\u00e9 \u00e0 partir de mat\u00e9riaux \u00e0 haute r\u00e9sistance, offrant une bonne r\u00e9sistance \u00e0 l'usure et \u00e0 la corrosion, ce qui le rend adapt\u00e9 \u00e0 une utilisation \u00e0 long terme dans des environnements difficiles.<\/li>\n<li>Adaptabilit\u00e9 multifonctionnelle\u00a0: Ces v\u00e9rins peuvent \u00eatre largement utilis\u00e9s dans divers \u00e9quipements m\u00e9caniques, tels que les excavatrices, les grues et les manipulateurs, afin de r\u00e9pondre \u00e0 diff\u00e9rentes exigences de travail.<\/li>\n<li>Maintenance ais\u00e9e : La conception prend en compte la facilit\u00e9 d'entretien et de remplacement, ce qui rend les inspections et la maintenance r\u00e9guli\u00e8res plus pratiques et r\u00e9duit les temps d'arr\u00eat des \u00e9quipements.<\/li>\n<\/ul>\n<p>Nous pouvons produire ce produit, qui peut parfaitement remplacer ces v\u00e9rins hydrauliques.<\/p>\n<p><img decoding=\"async\" src=\"https:\/\/www.hydraulic-cylinders.net\/wp-content\/uploads\/2025\/01\/songte-oil-pipes-and-spare-parts.webp\"\/><\/p>\n<h2>Applications<\/h2>\n<ul>\n<li>G\u00e9nie civil : Dans les excavatrices et les grues, le v\u00e9rin du bras sert \u00e0 contr\u00f4ler le mouvement du godet ou de la fl\u00e8che pour les travaux de terrassement, la manutention de mat\u00e9riaux et l'installation de structures.<\/li>\n<li>Industrie manufacturi\u00e8re\u00a0: Dans les lignes de production automatis\u00e9es, le v\u00e9rin \u00e0 bras est utilis\u00e9 pour le mouvement des manipulateurs lors des op\u00e9rations d\u2019assemblage, de soudage et de manutention, am\u00e9liorant ainsi l\u2019efficacit\u00e9 et la pr\u00e9cision de la production.<\/li>\n<li>Machines agricoles\u00a0: Dans les machines agricoles telles que les moissonneuses-batteuses et les semoirs, le v\u00e9rin du bras contr\u00f4le le fonctionnement du bras pour des t\u00e2ches telles que le semis, la fertilisation et la r\u00e9colte.<\/li>\n<li>Exploitation mini\u00e8re : Dans les \u00e9quipements miniers, le v\u00e9rin du bras sert \u00e0 contr\u00f4ler le mouvement du bras de l'\u00e9quipement pour l'extraction et la manutention des minerais.<\/li>\n<li>Logistique et transport : Dans les chariots \u00e9l\u00e9vateurs et les robots de manutention, le v\u00e9rin du bras est utilis\u00e9 pour contr\u00f4ler le levage et le mouvement de la fourche, permettant ainsi la manutention et l'empilage des mat\u00e9riaux.<\/li>\n<\/ul>\n<h2>Consid\u00e9rations de conception et crit\u00e8res de s\u00e9lection<\/h2>\n<ul>\n<li>Capacit\u00e9 de charge : Le v\u00e9rin du bras doit \u00eatre con\u00e7u pour supporter la charge maximale de la machine dans laquelle il est utilis\u00e9.<\/li>\n<li>\u00c9tanch\u00e9it\u00e9 : Diff\u00e9rents composants d'\u00e9tanch\u00e9it\u00e9, tels que les joints de piston, les joints de tige, etc., doivent \u00eatre s\u00e9lectionn\u00e9s pour \u00e9viter les fuites d'huile hydraulique.<\/li>\n<li>Durabilit\u00e9 : Des mat\u00e9riaux \u00e0 haute r\u00e9sistance doivent \u00eatre utilis\u00e9s pour le v\u00e9rin du bras afin de garantir sa r\u00e9sistance \u00e0 l'usure et \u00e0 la corrosion et de prolonger sa dur\u00e9e de vie.<\/li>\n<li>S\u00e9curit\u00e9 : Le v\u00e9rin du bras doit \u00eatre con\u00e7u pour pr\u00e9venir les accidents et garantir la s\u00e9curit\u00e9 des op\u00e9rateurs et des \u00e9quipements.<\/li>\n<li>Maintenance : Le v\u00e9rin du bras doit \u00eatre con\u00e7u pour \u00eatre facile \u00e0 entretenir et \u00e0 r\u00e9parer, r\u00e9duisant ainsi les temps d'arr\u00eat de l'\u00e9quipement.<\/li>\n<\/ul>\n<p><img decoding=\"async\" src=\"https:\/\/www.hydraulic-cylinders.net\/wp-content\/uploads\/2025\/01\/songte-cylinder-head-with-all-kinds-excavator-models.webp\"\/><\/p>\n<h2>\u00c9tanch\u00e9it\u00e9 et lubrification<\/h2>\n<p>Le v\u00e9rin utilise divers joints d'\u00e9tanch\u00e9it\u00e9, tels que des joints de piston et de tige, fabriqu\u00e9s en mat\u00e9riaux r\u00e9sistants \u00e0 l'usure comme le polyur\u00e9thane et le caoutchouc nitrile, afin de pr\u00e9venir les fuites d'huile hydraulique. Le corps du v\u00e9rin et la surface filet\u00e9e sont usin\u00e9s avec pr\u00e9cision pour une meilleure r\u00e9sistance \u00e0 l'usure. Un remplissage r\u00e9gulier avec la quantit\u00e9 d'huile hydraulique appropri\u00e9e est n\u00e9cessaire pour la lubrification.<\/p>\n<h2>Mesures d'inspection r\u00e9guli\u00e8re et de maintenance pr\u00e9ventive<\/h2>\n<ul>\n<li>Contr\u00f4lez r\u00e9guli\u00e8rement les \u00e9l\u00e9ments d'\u00e9tanch\u00e9it\u00e9 et remplacez-les si n\u00e9cessaire.<\/li>\n<li>V\u00e9rifiez l'usure du corps et de la face d'extr\u00e9mit\u00e9 du cylindre et remplacez-les si n\u00e9cessaire.<\/li>\n<li>Remplacez r\u00e9guli\u00e8rement l'huile hydraulique et maintenez-la propre.<\/li>\n<li>Contr\u00f4lez r\u00e9guli\u00e8rement les dispositifs de s\u00e9curit\u00e9 et remplacez-les si n\u00e9cessaire.<\/li>\n<li>Entretenez et r\u00e9parez r\u00e9guli\u00e8rement le syst\u00e8me hydraulique afin de pr\u00e9venir d'\u00e9ventuels probl\u00e8mes.<\/li>\n<\/ul>\n<p><img decoding=\"async\" src=\"https:\/\/www.hydraulic-cylinders.net\/wp-content\/uploads\/2025\/01\/songte-chushion-collar.webp\"\/><\/p>\n<h2>Guide d'installation du produit<\/h2>\n<ol>\n<li>V\u00e9rifiez si le cylindre est compatible avec la machine et installez-le conform\u00e9ment aux instructions.<\/li>\n<li>Raccordez la conduite hydraulique au v\u00e9rin et nettoyez soigneusement ces pi\u00e8ces pour \u00e9viter toute contamination.<\/li>\n<li>Remplissez le cylindre d'huile hydraulique et v\u00e9rifiez l'absence de fuites.<\/li>\n<li>Testez le cylindre pour vous assurer de son bon fonctionnement.<\/li>\n<\/ol>\n<h2>Consid\u00e9rations de s\u00e9curit\u00e9 et facteurs environnementaux<\/h2>\n<p>Lors de l'utilisation du v\u00e9rin \u00e0 bras, il est imp\u00e9ratif de respecter les consignes de s\u00e9curit\u00e9 afin de pr\u00e9venir les accidents et de garantir la s\u00e9curit\u00e9 des op\u00e9rateurs et du mat\u00e9riel. Les facteurs environnementaux tels que la temp\u00e9rature, l'humidit\u00e9 et la poussi\u00e8re doivent \u00e9galement \u00eatre pris en compte pour assurer le bon fonctionnement du v\u00e9rin.<\/p>\n<h2>D\u00e9pannage et probl\u00e8mes courants<\/h2>\n<ul>\n<li>Probl\u00e8me : Le cylindre ne bouge pas ou bouge lentement.<\/li>\n<li>Solution : V\u00e9rifiez si le niveau d'huile hydraulique est suffisant et si la canalisation est obstru\u00e9e ou pr\u00e9sente une fuite.<\/li>\n<li>Probl\u00e8me : Il y a une fuite dans le cylindre.<\/li>\n<li>Solution : V\u00e9rifiez si les composants d'\u00e9tanch\u00e9it\u00e9 sont endommag\u00e9s ou si le corps du cylindre ou la surface d'extr\u00e9mit\u00e9 filet\u00e9e est us\u00e9e.<\/li>\n<li>Probl\u00e8me : Le cylindre \u00e9met des bruits anormaux pendant son fonctionnement.<\/li>\n<li>Solution : V\u00e9rifiez si le corps du cylindre est d\u00e9form\u00e9 ou si le piston ou la tige est endommag\u00e9.<\/li>\n<\/ul>\n<p>Les mesures pr\u00e9ventives comprennent des inspections et un entretien r\u00e9guliers afin de pr\u00e9venir les probl\u00e8mes potentiels, ainsi que le respect des consignes de s\u00e9curit\u00e9 pour \u00e9viter les accidents.<\/p>\n<p><img decoding=\"async\" src=\"https:\/\/www.hydraulic-cylinders.net\/wp-content\/uploads\/2025\/01\/songte-bushings-with-all-kinds-of-excavator-models.webp\"\/><\/p>\n<h2>\u00c0 propos de nous<\/h2>\n<p>We are a professional manufacturer of replacement hydraulic cylinders, with a wide range of products and have become one of the leading hydraulic cylinder manufacturers and wholesale distributors in the domestic and international markets. We adhere to the principle of excellent quality and rely on the industrialized production management strategy of precision manufacturing workshops to continuously improve our technical level and production efficiency. Through the introduction of high-end digital manufacturing equipment and professional testing systems, we continuously optimize the manufacturing platform, improve the product quality control process, and have strong innovation capabilities. Our goal is to satisfy customers&#8217; diversified needs with high efficiency, precision, and high quality.<\/p>\n<h3>Professionnalisme<\/h3>\n<p>Nous disposons d'une \u00e9quipe technique professionnelle forte d'une vaste exp\u00e9rience et d'une expertise reconnue dans la production et la maintenance de v\u00e9rins hydrauliques. Notre priorit\u00e9 est la satisfaction client, et nous nous engageons \u00e0 fournir des services professionnels et performants.<\/p>\n<h3>Certification internationale<\/h3>\n<p>Nous avons obtenu diverses certifications internationales, telles que ISO9001, CE et RoHS, qui t\u00e9moignent de nos normes de qualit\u00e9 \u00e9lev\u00e9es et de nos processus de production.<\/p>\n<h3>Services de personnalisation<\/h3>\n<p>We provide customized services and can produce hydraulic cylinders according to customers&#8217; specific requirements, providing customers with personalized solutions.<\/p>\n<h3>\u00c9quipement de production<\/h3>\n<p>Nous avons mis en place une s\u00e9rie d'\u00e9quipements de fabrication num\u00e9rique haut de gamme, tels que des machines-outils \u00e0 commande num\u00e9rique (CNC), afin de garantir la pr\u00e9cision et l'efficacit\u00e9 du processus de production.<\/p>\n<h3>Service apr\u00e8s-vente<\/h3>\n<p>Nous assurons un service apr\u00e8s-vente complet, comprenant des conseils d'installation, la maintenance et la r\u00e9paration, ainsi qu'une assistance technique, afin de garantir le fonctionnement efficace et stable du v\u00e9rin hydraulique.<\/p>\n<p><img decoding=\"async\" src=\"https:\/\/www.hydraulic-cylinders.net\/wp-content\/uploads\/2025\/01\/songte-company-4.webp\"\/><br \/>\n<img decoding=\"async\" src=\"https:\/\/www.hydraulic-cylinders.net\/wp-content\/uploads\/2025\/01\/songte-company-3.webp\"\/><\/p>\n<p>Auteur : lyl.<\/p>","protected":false},"excerpt":{"rendered":"<p>Arm Cylinder For Zoomlion Large Excavator ZE1250E Introduction The arm cylinder is a specialized hydraulic cylinder designed to provide linear motion and power to the arms of various types of machinery, such as excavators, cranes, and manipulators. It plays a critical role in the hydraulic system, allowing attachments or accessories to move and be controlled [&hellip;]<\/p>","protected":false},"featured_media":14774,"comment_status":"open","ping_status":"closed","template":"","meta":{"_et_pb_use_builder":"","_et_pb_old_content":"","_et_gb_content_width":""},"product_brand":[],"product_cat":[1497],"product_tag":[1498,1496],"class_list":{"0":"post-16439","1":"product","2":"type-product","3":"status-publish","4":"has-post-thumbnail","6":"product_cat-arm-cylinders","7":"product_tag-arm-cylinders","8":"product_tag-hydraulic-cylinders","10":"first","11":"instock","12":"shipping-taxable","13":"product-type-simple"},"amp_enabled":true,"_links":{"self":[{"href":"https:\/\/www.hydraulic-cylinders.net\/fr\/wp-json\/wp\/v2\/product\/16439","targetHints":{"allow":["GET"]}}],"collection":[{"href":"https:\/\/www.hydraulic-cylinders.net\/fr\/wp-json\/wp\/v2\/product"}],"about":[{"href":"https:\/\/www.hydraulic-cylinders.net\/fr\/wp-json\/wp\/v2\/types\/product"}],"replies":[{"embeddable":true,"href":"https:\/\/www.hydraulic-cylinders.net\/fr\/wp-json\/wp\/v2\/comments?post=16439"}],"wp:featuredmedia":[{"embeddable":true,"href":"https:\/\/www.hydraulic-cylinders.net\/fr\/wp-json\/wp\/v2\/media\/14774"}],"wp:attachment":[{"href":"https:\/\/www.hydraulic-cylinders.net\/fr\/wp-json\/wp\/v2\/media?parent=16439"}],"wp:term":[{"taxonomy":"product_brand","embeddable":true,"href":"https:\/\/www.hydraulic-cylinders.net\/fr\/wp-json\/wp\/v2\/product_brand?post=16439"},{"taxonomy":"product_cat","embeddable":true,"href":"https:\/\/www.hydraulic-cylinders.net\/fr\/wp-json\/wp\/v2\/product_cat?post=16439"},{"taxonomy":"product_tag","embeddable":true,"href":"https:\/\/www.hydraulic-cylinders.net\/fr\/wp-json\/wp\/v2\/product_tag?post=16439"}],"curies":[{"name":"wp","href":"https:\/\/api.w.org\/{rel}","templated":true}]}}