{"id":16441,"date":"2025-01-20T09:16:03","date_gmt":"2025-01-20T09:16:03","guid":{"rendered":"https:\/\/www.hydraulic-cylinders.net\/product\/arm-cylinderfor-sunward-small-excavator-swe70e\/"},"modified":"2025-01-20T09:16:04","modified_gmt":"2025-01-20T09:16:04","slug":"arm-cylinderfor-sunward-small-excavator-swe70e","status":"publish","type":"product","link":"https:\/\/www.hydraulic-cylinders.net\/fr\/produit\/arm-cylinderfor-sunward-small-excavator-swe70e\/","title":{"rendered":"V\u00e9rin de bras pour mini-pelle Sunward SWE70E"},"content":{"rendered":"<h2>V\u00e9rin de bras pour mini-pelle Sunward SWE70E<\/h2>\n<h3>Introduction<\/h3>\n<p>Le v\u00e9rin de bras est un v\u00e9rin hydraulique sp\u00e9cialis\u00e9 con\u00e7u pour fournir un mouvement lin\u00e9aire et de la puissance \u00e0 divers types de machines, telles que les excavatrices, les grues et les bras m\u00e9caniques. Il joue un r\u00f4le crucial dans les syst\u00e8mes hydrauliques, permettant le d\u00e9placement et le contr\u00f4le efficace des accessoires. Ces v\u00e9rins assurent non seulement un mouvement fluide, mais supportent \u00e9galement des charges importantes, garantissant ainsi le fonctionnement efficace et la fiabilit\u00e9 des machines dans diverses conditions d'utilisation.<\/p>\n<p><img decoding=\"async\" src=\"https:\/\/www.hydraulic-cylinders.net\/wp-content\/uploads\/2025\/01\/songte-company-2.webp\" alt=\"V\u00e9rin de bras\"\/><\/p>\n<h3>Caract\u00e9ristiques<\/h3>\n<ul>\n<li>Transmission de puissance efficace : Le v\u00e9rin du bras assure un mouvement lin\u00e9aire et une force puissants, garantissant ainsi une performance \u00e0 haut rendement du bras m\u00e9canique dans diverses op\u00e9rations.<\/li>\n<li>Contr\u00f4le pr\u00e9cis\u00a0: gr\u00e2ce au syst\u00e8me hydraulique, le v\u00e9rin du bras permet un contr\u00f4le pr\u00e9cis du mouvement, rendant l\u2019utilisation des accessoires plus flexible et pr\u00e9cise.<\/li>\n<li>Grande durabilit\u00e9 : Le cylindre du bras est g\u00e9n\u00e9ralement fabriqu\u00e9 \u00e0 partir de mat\u00e9riaux \u00e0 haute r\u00e9sistance, offrant une bonne r\u00e9sistance \u00e0 l'usure et \u00e0 la corrosion, ce qui le rend adapt\u00e9 \u00e0 une utilisation \u00e0 long terme dans des environnements difficiles.<\/li>\n<li>Adaptabilit\u00e9 multifonctionnelle\u00a0: Ces v\u00e9rins peuvent \u00eatre largement utilis\u00e9s dans divers \u00e9quipements m\u00e9caniques, tels que les excavatrices, les grues et les bras m\u00e9caniques, s\u2019adaptant ainsi \u00e0 diff\u00e9rents besoins de travail.<\/li>\n<li>Maintenance simplifi\u00e9e : Con\u00e7u pour faciliter la maintenance et le remplacement des \u00e9quipements, les inspections et la maintenance p\u00e9riodiques sont simplifi\u00e9es, r\u00e9duisant ainsi les temps d'arr\u00eat.<\/li>\n<\/ul>\n<p>Nous pouvons produire ce produit, qui peut parfaitement remplacer ces v\u00e9rins hydrauliques.<\/p>\n<p><img decoding=\"async\" src=\"https:\/\/www.hydraulic-cylinders.net\/wp-content\/uploads\/2025\/01\/songte-oil-pipes-and-spare-parts.webp\" alt=\"Pi\u00e8ces de rechange pour v\u00e9rins hydrauliques\"\/><\/p>\n<h3>Applications<\/h3>\n<p>Le v\u00e9rin \u00e0 bras est largement utilis\u00e9 dans diverses industries, notamment\u00a0:<\/p>\n<ul>\n<li>G\u00e9nie civil : Dans les excavatrices et les grues, le v\u00e9rin de bras est utilis\u00e9 pour contr\u00f4ler le mouvement des godets ou des fl\u00e8ches, effectuant des travaux de terrassement, de manutention de mat\u00e9riaux et d'installation de structures.<\/li>\n<li>Fabrication : Dans les lignes de production automatis\u00e9es, le v\u00e9rin de bras est utilis\u00e9 pour le mouvement des bras m\u00e9caniques, effectuant des op\u00e9rations d'assemblage, de soudage et de manutention, am\u00e9liorant ainsi l'efficacit\u00e9 et la pr\u00e9cision de la production.<\/li>\n<li>Machines agricoles : Dans les machines agricoles telles que les moissonneuses-batteuses et les semoirs, le v\u00e9rin de bras contr\u00f4le le mouvement du bras de travail, effectuant des t\u00e2ches telles que la plantation, la fertilisation et la r\u00e9colte.<\/li>\n<li>Exploitation mini\u00e8re\u00a0: Dans les \u00e9quipements miniers, le v\u00e9rin de bras sert \u00e0 contr\u00f4ler le mouvement du bras de l\u2019\u00e9quipement, permettant ainsi l\u2019extraction et la manutention des mat\u00e9riaux.<\/li>\n<li>Logistique et transport : Dans les chariots \u00e9l\u00e9vateurs et les robots de manutention, le v\u00e9rin de bras est utilis\u00e9 pour contr\u00f4ler le levage et le mouvement des fourches, permettant ainsi la manutention et l'empilage des mat\u00e9riaux.<\/li>\n<\/ul>\n<h3>Consid\u00e9rations de conception et crit\u00e8res de s\u00e9lection<\/h3>\n<p>D'apr\u00e8s les consid\u00e9rations de conception, le cylindre du bras doit pr\u00e9senter les caract\u00e9ristiques suivantes\u00a0:<\/p>\n<ul>\n<li>Capacit\u00e9 de charge : Le v\u00e9rin du bras doit avoir une capacit\u00e9 de charge suffisante pour r\u00e9pondre aux exigences des diff\u00e9rentes conditions de travail.<\/li>\n<li>Performance d'\u00e9tanch\u00e9it\u00e9\u00a0: Le v\u00e9rin du bras doit pr\u00e9senter une bonne \u00e9tanch\u00e9it\u00e9 afin d'\u00e9viter les fuites d'huile et d'assurer un fonctionnement stable.<\/li>\n<li>Durabilit\u00e9 : Le cylindre du bras doit \u00eatre durable et r\u00e9sistant \u00e0 l'usure et \u00e0 la corrosion afin de garantir une utilisation \u00e0 long terme dans des environnements difficiles.<\/li>\n<li>S\u00e9curit\u00e9 : Le v\u00e9rin du bras doit r\u00e9pondre aux exigences de s\u00e9curit\u00e9 afin d'\u00e9viter les accidents pendant son fonctionnement.<\/li>\n<li>Maintenance : Le v\u00e9rin du bras doit \u00eatre facile \u00e0 entretenir et \u00e0 r\u00e9parer afin de r\u00e9duire les temps d'arr\u00eat de l'\u00e9quipement.<\/li>\n<\/ul>\n<p><img decoding=\"async\" src=\"https:\/\/www.hydraulic-cylinders.net\/wp-content\/uploads\/2025\/01\/songte-cylinder-head-with-all-kinds-excavator-models.webp\" alt=\"Culasse\"\/><\/p>\n<h3>\u00c9tanch\u00e9it\u00e9 et lubrification<\/h3>\n<p>Le v\u00e9rin de bras utilise divers composants d'\u00e9tanch\u00e9it\u00e9, tels que des joints de piston et des joints de tige. Ces composants sont fabriqu\u00e9s dans des mat\u00e9riaux r\u00e9sistants \u00e0 l'usure, comme le polyur\u00e9thane et le caoutchouc nitrile. Le corps du v\u00e9rin et la surface d'extr\u00e9mit\u00e9 du filetage sont usin\u00e9s avec pr\u00e9cision pour une meilleure r\u00e9sistance \u00e0 l'usure. Un ajout r\u00e9gulier d'huile hydraulique adapt\u00e9e est n\u00e9cessaire pour assurer le bon fonctionnement du v\u00e9rin de bras.<\/p>\n<h3>Maintenance pr\u00e9ventive et d\u00e9pannage<\/h3>\n<p>Un contr\u00f4le r\u00e9gulier et une maintenance pr\u00e9ventive permettent de r\u00e9duire le risque de d\u00e9faillance du v\u00e9rin. En cas de probl\u00e8me, les \u00e9tapes de d\u00e9pannage suivantes peuvent \u00eatre appliqu\u00e9es\u00a0:<\/p>\n<ul>\n<li>V\u00e9rifiez l'absence de fuites dans le syst\u00e8me hydraulique et r\u00e9parez-les \u00e0 temps.<\/li>\n<li>V\u00e9rifiez l'usure du joint et remplacez-le \u00e0 temps.<\/li>\n<li>V\u00e9rifiez la propret\u00e9 de l'huile hydraulique et remplacez-la si n\u00e9cessaire.<\/li>\n<li>V\u00e9rifiez le serrage des \u00e9crous et des boulons et resserrez-les si n\u00e9cessaire.<\/li>\n<li>V\u00e9rifiez l'usure du corps du cylindre et r\u00e9parez-le ou remplacez-le si n\u00e9cessaire.<\/li>\n<\/ul>\n<p>Pour \u00e9viter les probl\u00e8mes, il est recommand\u00e9 de\u00a0:<\/p>\n<ul>\n<li>Nettoyer et entretenir r\u00e9guli\u00e8rement le syst\u00e8me hydraulique afin d'\u00e9viter toute contamination.<\/li>\n<li>V\u00e9rifiez r\u00e9guli\u00e8rement le cylindre du bras pour d\u00e9tecter tout signe d'usure et remplacez les pi\u00e8ces us\u00e9es \u00e0 temps.<\/li>\n<li>Utilisez le v\u00e9rin de bras dans les param\u00e8tres sp\u00e9cifi\u00e9s afin d'\u00e9viter toute surcharge.<\/li>\n<\/ul>\n<p><img decoding=\"async\" src=\"https:\/\/www.hydraulic-cylinders.net\/wp-content\/uploads\/2025\/01\/songte-chushion-collar.webp\" alt=\"Collier coussin\u00e9\"\/><\/p>\n<h3>Guide d'installation<\/h3>\n<p>Avant l'installation, v\u00e9rifiez que le v\u00e9rin de bras est compatible avec le mod\u00e8le de la pelle et que toutes les conduites hydrauliques sont exemptes de d\u00e9bris. Proc\u00e9dez comme suit pour l'installation\u00a0:<\/p>\n<ol>\n<li>Fixez le v\u00e9rin du bras \u00e0 la pelle m\u00e9canique \u00e0 l'aide de boulons et d'\u00e9crous.<\/li>\n<li>Raccordez les conduites hydrauliques au v\u00e9rin du bras conform\u00e9ment aux instructions du fabricant.<\/li>\n<li>V\u00e9rifiez l'absence de fuites et r\u00e9parez-les si n\u00e9cessaire.<\/li>\n<li>Testez le v\u00e9rin du bras pour vous assurer de son bon fonctionnement.<\/li>\n<\/ol>\n<h3>\u00c0 propos de nous<\/h3>\n<p>Nous sommes un fabricant professionnel de v\u00e9rins hydrauliques de remplacement, proposant une large gamme de produits. Figurant parmi les principaux fabricants et distributeurs de v\u00e9rins hydrauliques sur les march\u00e9s nationaux et internationaux, nous nous engageons \u00e0 fournir une qualit\u00e9 irr\u00e9prochable et \u00e0 am\u00e9liorer constamment nos technologies et notre efficacit\u00e9 de production gr\u00e2ce \u00e0 des strat\u00e9gies de gestion de production industrialis\u00e9e au sein d'ateliers de fabrication modernes. L'int\u00e9gration d'\u00e9quipements de fabrication num\u00e9rique de pointe et de syst\u00e8mes de test professionnels nous permet d'optimiser en permanence notre plateforme de production et d'am\u00e9liorer nos processus de contr\u00f4le qualit\u00e9, t\u00e9moignant ainsi de notre forte capacit\u00e9 d'innovation. Notre objectif est de r\u00e9pondre aux besoins vari\u00e9s de nos clients en leur offrant efficacit\u00e9, pr\u00e9cision et qualit\u00e9 optimale.<\/p>\n<p><img decoding=\"async\" src=\"https:\/\/www.hydraulic-cylinders.net\/wp-content\/uploads\/2025\/01\/songte-company-4.webp\" alt=\"Entreprise\"\/><\/p>\n<h3>Professionnalisme, certification internationale, services personnalis\u00e9s, \u00e9quipements de production et service apr\u00e8s-vente<\/h3>\n<ul>\n<li>Professionnalisme : Notre \u00e9quipe est compos\u00e9e d'ing\u00e9nieurs et de techniciens exp\u00e9riment\u00e9s capables de fournir des solutions professionnelles \u00e0 nos clients.<\/li>\n<li>Certification internationale\u00a0: Nos produits ont obtenu des certifications internationales telles que ISO9001, CE et UL.<\/li>\n<li>Services personnalis\u00e9s\u00a0: Nous pouvons fournir des v\u00e9rins hydrauliques personnalis\u00e9s selon les exigences des clients.<\/li>\n<li>\u00c9quipements de production : Nous utilisons des \u00e9quipements de fabrication num\u00e9rique de pointe pour garantir la qualit\u00e9 des produits et l'efficacit\u00e9 de la production.<\/li>\n<li>Service apr\u00e8s-vente : Nous proposons un service apr\u00e8s-vente complet afin de garantir la satisfaction de nos clients.<\/li>\n<\/ul>\n<p><img decoding=\"async\" src=\"https:\/\/www.hydraulic-cylinders.net\/wp-content\/uploads\/2025\/01\/songte-company-3.webp\" alt=\"Entreprise\"\/><\/p>\n<p>Auteur : lyl.<\/p>","protected":false},"excerpt":{"rendered":"<p>Arm Cylinder For Sunward Small Excavator SWE70E Introduction The Arm Cylinder is a specialized hydraulic cylinder designed to provide linear motion and power for various types of machinery, such as excavators, cranes, and mechanical arms. The Arm Cylinder plays a crucial role in hydraulic systems, allowing attachments or accessories to move and be controlled effectively. [&hellip;]<\/p>","protected":false},"featured_media":14770,"comment_status":"open","ping_status":"closed","template":"","meta":{"_et_pb_use_builder":"","_et_pb_old_content":"","_et_gb_content_width":""},"product_brand":[],"product_cat":[1497],"product_tag":[1498,1496],"class_list":{"0":"post-16441","1":"product","2":"type-product","3":"status-publish","4":"has-post-thumbnail","6":"product_cat-arm-cylinders","7":"product_tag-arm-cylinders","8":"product_tag-hydraulic-cylinders","10":"first","11":"instock","12":"shipping-taxable","13":"product-type-simple"},"amp_enabled":true,"_links":{"self":[{"href":"https:\/\/www.hydraulic-cylinders.net\/fr\/wp-json\/wp\/v2\/product\/16441","targetHints":{"allow":["GET"]}}],"collection":[{"href":"https:\/\/www.hydraulic-cylinders.net\/fr\/wp-json\/wp\/v2\/product"}],"about":[{"href":"https:\/\/www.hydraulic-cylinders.net\/fr\/wp-json\/wp\/v2\/types\/product"}],"replies":[{"embeddable":true,"href":"https:\/\/www.hydraulic-cylinders.net\/fr\/wp-json\/wp\/v2\/comments?post=16441"}],"wp:featuredmedia":[{"embeddable":true,"href":"https:\/\/www.hydraulic-cylinders.net\/fr\/wp-json\/wp\/v2\/media\/14770"}],"wp:attachment":[{"href":"https:\/\/www.hydraulic-cylinders.net\/fr\/wp-json\/wp\/v2\/media?parent=16441"}],"wp:term":[{"taxonomy":"product_brand","embeddable":true,"href":"https:\/\/www.hydraulic-cylinders.net\/fr\/wp-json\/wp\/v2\/product_brand?post=16441"},{"taxonomy":"product_cat","embeddable":true,"href":"https:\/\/www.hydraulic-cylinders.net\/fr\/wp-json\/wp\/v2\/product_cat?post=16441"},{"taxonomy":"product_tag","embeddable":true,"href":"https:\/\/www.hydraulic-cylinders.net\/fr\/wp-json\/wp\/v2\/product_tag?post=16441"}],"curies":[{"name":"wp","href":"https:\/\/api.w.org\/{rel}","templated":true}]}}