{"id":16458,"date":"2025-01-21T05:26:42","date_gmt":"2025-01-21T05:26:42","guid":{"rendered":"https:\/\/www.hydraulic-cylinders.net\/product\/arm-cylinder-for-sunward-large-excavator-swe365elr\/"},"modified":"2025-01-21T05:26:44","modified_gmt":"2025-01-21T05:26:44","slug":"arm-cylinder-for-sunward-large-excavator-swe365elr","status":"publish","type":"product","link":"https:\/\/www.hydraulic-cylinders.net\/fr\/produit\/arm-cylinder-for-sunward-large-excavator-swe365elr\/","title":{"rendered":"V\u00e9rin de bras pour pelle hydraulique Sunward SWE365ELR"},"content":{"rendered":"<h2>V\u00e9rin de bras pour pelle hydraulique Sunward SWE365ELR<\/h2>\n<h3>Introduction<\/h3>\n<p>Le v\u00e9rin de bras est un v\u00e9rin hydraulique sp\u00e9cialement con\u00e7u, principalement utilis\u00e9 pour assurer le mouvement lin\u00e9aire et la puissance de divers types de bras de machines, tels que les excavatrices, les grues et les bras robotis\u00e9s. Les v\u00e9rins de bras jouent un r\u00f4le essentiel dans les syst\u00e8mes hydrauliques, permettant le d\u00e9placement et le contr\u00f4le pr\u00e9cis des accessoires. Ces v\u00e9rins garantissent non seulement un mouvement fluide, mais supportent \u00e9galement des charges importantes, assurant ainsi le fonctionnement efficace et la fiabilit\u00e9 des machines dans diverses conditions de travail.<\/p>\n<p><img decoding=\"async\" src=\"https:\/\/www.hydraulic-cylinders.net\/wp-content\/uploads\/2025\/01\/songte-company-2.webp\" alt=\"Image du cylindre de bras\"><\/p>\n<h3>Caract\u00e9ristiques<\/h3>\n<ul>\n<li>Transmission de puissance efficace : Le v\u00e9rin du bras assure un mouvement lin\u00e9aire et une force puissants, garantissant des performances hautement efficaces lors de diverses op\u00e9rations.<\/li>\n<li>Contr\u00f4le pr\u00e9cis\u00a0: Le v\u00e9rin du bras permet un contr\u00f4le pr\u00e9cis du mouvement gr\u00e2ce \u00e0 des syst\u00e8mes hydrauliques, ce qui rend les op\u00e9rations d\u2019accessoires plus flexibles et pr\u00e9cises.<\/li>\n<li>Grande durabilit\u00e9 : les v\u00e9rins de bras sont g\u00e9n\u00e9ralement fabriqu\u00e9s \u00e0 partir de mat\u00e9riaux \u00e0 haute r\u00e9sistance, qui pr\u00e9sentent une bonne r\u00e9sistance \u00e0 l'usure et \u00e0 la corrosion, ce qui les rend adapt\u00e9s \u00e0 une utilisation \u00e0 long terme dans des environnements difficiles.<\/li>\n<li>Adaptabilit\u00e9 multifonctionnelle\u00a0: Ces v\u00e9rins peuvent \u00eatre largement utilis\u00e9s dans divers \u00e9quipements m\u00e9caniques, tels que les excavatrices, les grues et les bras robotis\u00e9s, afin de r\u00e9pondre \u00e0 diff\u00e9rentes exigences de travail.<\/li>\n<li>Maintenance ais\u00e9e : La conception prend en compte la facilit\u00e9 d'entretien et de remplacement, ce qui rend l'inspection et la maintenance r\u00e9guli\u00e8res plus pratiques et r\u00e9duit les temps d'arr\u00eat des \u00e9quipements.<\/li>\n<\/ul>\n<p>Nous pouvons produire ce produit, qui peut parfaitement remplacer ces v\u00e9rins hydrauliques.<\/p>\n<p><img decoding=\"async\" src=\"https:\/\/www.hydraulic-cylinders.net\/wp-content\/uploads\/2025\/01\/songte-oil-pipes-and-spare-parts.webp\" alt=\"Image de v\u00e9rin hydraulique\"><\/p>\n<h3>Applications<\/h3>\n<p>Le v\u00e9rin \u00e0 bras trouve de nombreuses applications dans divers domaines, tels que\u00a0:<\/p>\n<ul>\n<li>Projets de construction\u00a0: Dans les excavatrices et les grues, les v\u00e9rins de bras servent \u00e0 contr\u00f4ler le mouvement du godet ou de la fl\u00e8che pour les travaux de terrassement, la manutention de mat\u00e9riaux et l\u2019installation de structures.<\/li>\n<li>Industrie manufacturi\u00e8re\u00a0: Dans les lignes de production automatis\u00e9es, les v\u00e9rins de bras sont utilis\u00e9s pour contr\u00f4ler le mouvement des bras robotis\u00e9s lors des processus d\u2019assemblage, de soudage et de manutention afin d\u2019am\u00e9liorer l\u2019efficacit\u00e9 et la pr\u00e9cision de la production.<\/li>\n<li>Machines agricoles\u00a0: Dans les machines agricoles telles que les moissonneuses-batteuses et les semoirs, les v\u00e9rins de bras contr\u00f4lent le mouvement des bras moteurs pour effectuer des t\u00e2ches telles que le semis, la fertilisation et la r\u00e9colte.<\/li>\n<li>Exploitation mini\u00e8re\u00a0: Les v\u00e9rins de bras servent \u00e0 contr\u00f4ler le mouvement des bras des \u00e9quipements miniers et \u00e0 transporter le minerai lors des op\u00e9rations d\u2019extraction.<\/li>\n<li>Logistique et transport\u00a0: Les v\u00e9rins de bras servent \u00e0 contr\u00f4ler le levage et le d\u00e9placement des fourches des chariots \u00e9l\u00e9vateurs et des robots de manutention, permettant ainsi la manutention et l\u2019empilage des mat\u00e9riaux.<\/li>\n<\/ul>\n<h3>Consid\u00e9rations de conception et crit\u00e8res de s\u00e9lection<\/h3>\n<p>Les \u00e9l\u00e9ments \u00e0 prendre en compte lors de la conception des v\u00e9rins de bras comprennent\u00a0:<\/p>\n<ul>\n<li>Capacit\u00e9 de charge : Les v\u00e9rins des bras doivent pouvoir supporter la charge requise.<\/li>\n<li>Sealing: Various seals, such as piston seals and rod seals, should be used to ensure hydraulic fluid doesn&#8217;t leak.<\/li>\n<li>Durabilit\u00e9 : Les v\u00e9rins des bras doivent \u00eatre fabriqu\u00e9s \u00e0 partir de mat\u00e9riaux \u00e0 haute r\u00e9sistance et r\u00e9sistants \u00e0 l'usure pour supporter les environnements difficiles.<\/li>\n<li>S\u00e9curit\u00e9 : Les v\u00e9rins des bras doivent \u00eatre conformes aux normes de s\u00e9curit\u00e9 afin d'\u00e9viter les accidents ou les dysfonctionnements.<\/li>\n<li>Facilit\u00e9 d'entretien : Les v\u00e9rins de bras doivent \u00eatre con\u00e7us pour \u00eatre facilement entretenus et r\u00e9par\u00e9s.<\/li>\n<\/ul>\n<p><img decoding=\"async\" src=\"https:\/\/www.hydraulic-cylinders.net\/wp-content\/uploads\/2025\/01\/songte-cylinder-head-with-all-kinds-excavator-models.webp\" alt=\"Image de la culasse\"><\/p>\n<h3>\u00c9tanch\u00e9it\u00e9 et lubrification<\/h3>\n<p>Various seals, such as piston seals and rod seals, should be used to ensure hydraulic fluid doesn&#8217;t leak. The seals should be made of wear-resistant materials such as polyurethane and nitrile rubber. The cylinder body and thread end surface should be finely processed to improve wear resistance. The arm cylinder requires regular addition of appropriate hydraulic oil for lubrication.<\/p>\n<h3>Maintenance et mesures de pr\u00e9caution<\/h3>\n<p>Une inspection r\u00e9guli\u00e8re et un entretien pr\u00e9ventif sont n\u00e9cessaires pour garantir le bon fonctionnement du v\u00e9rin et prolonger sa dur\u00e9e de vie. Ces mesures comprennent\u00a0:<\/p>\n<ul>\n<li>Inspecter r\u00e9guli\u00e8rement le cylindre du bras pour d\u00e9tecter tout dommage ou usure.<\/li>\n<li>Nettoyage du cylindre et remplacement des joints ou pi\u00e8ces endommag\u00e9s.<\/li>\n<li>Resserrer les boulons et \u00e9crous desserr\u00e9s.<\/li>\n<li>Remplacer r\u00e9guli\u00e8rement l'huile hydraulique.<\/li>\n<\/ul>\n<p><img decoding=\"async\" src=\"https:\/\/www.hydraulic-cylinders.net\/wp-content\/uploads\/2025\/01\/songte-chushion-collar.webp\" alt=\"Image du collier coussin\u00e9\"><\/p>\n<h3>Guide d'installation<\/h3>\n<p>Le v\u00e9rin du bras doit \u00eatre install\u00e9 correctement pour garantir son fonctionnement s\u00fbr et fiable. Les \u00e9tapes comprennent\u00a0:<\/p>\n<ul>\n<li>Pr\u00e9parez les outils et l'\u00e9quipement n\u00e9cessaires.<\/li>\n<li>Positionnez le v\u00e9rin et raccordez-le au syst\u00e8me hydraulique.<\/li>\n<li>V\u00e9rifiez l'\u00e9tanch\u00e9it\u00e9 du cylindre et testez son fonctionnement.<\/li>\n<li>Fixez solidement le cylindre \u00e0 l'aide de boulons ou de goupilles.<\/li>\n<\/ul>\n<p><img decoding=\"async\" src=\"https:\/\/www.hydraulic-cylinders.net\/wp-content\/uploads\/2025\/01\/songte-bushings-with-all-kinds-of-excavator-models.webp\" alt=\"Image des bagues\"><\/p>\n<h3>Consid\u00e9rations de s\u00e9curit\u00e9 et facteurs environnementaux<\/h3>\n<p>Le respect des consignes de s\u00e9curit\u00e9 est primordial lors de l'utilisation de v\u00e9rins \u00e0 bras. La manipulation et l'utilisation de ces appareils doivent \u00eatre effectu\u00e9es par du personnel qualifi\u00e9, et les \u00e9quipements de protection individuelle doivent \u00eatre utilis\u00e9s. Les facteurs environnementaux, tels que la temp\u00e9rature et l'humidit\u00e9, doivent \u00e9galement \u00eatre pris en compte. <\/p>\n<h3>D\u00e9pannage et probl\u00e8mes courants<\/h3>\n<p>Les probl\u00e8mes courants li\u00e9s aux v\u00e9rins de bras incluent les fuites, les dommages et les dysfonctionnements. Voici quelques conseils de d\u00e9pannage\u00a0:<\/p>\n<ul>\n<li>V\u00e9rifier l'absence de dommages ou d'usure sur le cylindre.<\/li>\n<li>V\u00e9rification des fuites dans le syst\u00e8me hydraulique.<\/li>\n<li>Test de fonctionnement du cylindre.<\/li>\n<\/ul>\n<p>Pour \u00e9viter d'\u00e9ventuels probl\u00e8mes, un entretien et une inspection r\u00e9guliers doivent \u00eatre effectu\u00e9s.<\/p>\n<p><img decoding=\"async\" src=\"https:\/\/www.hydraulic-cylinders.net\/wp-content\/uploads\/2025\/01\/songte-company-4.webp\" alt=\"Image de l&#039;entreprise\"><br \/>\n<img decoding=\"async\" src=\"https:\/\/www.hydraulic-cylinders.net\/wp-content\/uploads\/2025\/01\/songte-company-3.webp\" alt=\"Image de l&#039;entreprise\"><\/p>\n<h3>\u00c0 propos de nous<\/h3>\n<p>Nous sommes un fabricant professionnel de v\u00e9rins hydrauliques de remplacement offrant une large gamme de produits. Nous figurons parmi les principaux fabricants et distributeurs de v\u00e9rins hydrauliques sur les march\u00e9s nationaux et internationaux. Attach\u00e9s \u00e0 l'excellence, nous nous appuyons sur une strat\u00e9gie de gestion de la production industrialis\u00e9e et des ateliers de fabrication performants pour am\u00e9liorer constamment notre niveau technologique et notre productivit\u00e9. Gr\u00e2ce \u00e0 l'int\u00e9gration d'\u00e9quipements de fabrication num\u00e9rique de pointe et de syst\u00e8mes de test professionnels, nous optimisons en permanence notre plateforme de production, am\u00e9liorons nos processus de contr\u00f4le qualit\u00e9 et d\u00e9veloppons une forte capacit\u00e9 d'innovation. Notre objectif est de r\u00e9pondre aux besoins vari\u00e9s de nos clients avec efficacit\u00e9, pr\u00e9cision et exigence de qualit\u00e9.<\/p>\n<p>Nos points forts sont les suivants\u00a0:<\/p>\n<ul>\n<li>Professionnalisme : Nous disposons d'une \u00e9quipe de professionnels exp\u00e9riment\u00e9s qui fournissent des services et des produits de haute qualit\u00e9.<\/li>\n<li>Certification internationale\u00a0: Nous avons obtenu diverses certifications internationales, garantissant que nos produits r\u00e9pondent aux normes mondiales.<\/li>\n<li>Services de personnalisation\u00a0: Nous proposons des services personnalis\u00e9s pour r\u00e9pondre \u00e0 des besoins sp\u00e9cifiques.<\/li>\n<li>\u00c9quipements de production : Nous utilisons des \u00e9quipements de fabrication num\u00e9rique de pointe pour produire des produits de haute qualit\u00e9.<\/li>\n<li>Service apr\u00e8s-vente : Nous offrons un excellent service apr\u00e8s-vente afin de garantir la satisfaction de nos clients.<\/li>\n<\/ul>\n<p>Auteur : lyl<\/p>","protected":false},"excerpt":{"rendered":"<p>Arm Cylinder For Sunward Large Excavator SWE365ELR Introduction The arm cylinder is a specially designed hydraulic cylinder, mainly used to provide linear motion and power for various types of machine arms such as excavators, cranes, and robotic arms. Arm cylinders play a critical role in hydraulic systems, enabling attachments or accessories to move and be [&hellip;]<\/p>","protected":false},"featured_media":14779,"comment_status":"open","ping_status":"closed","template":"","meta":{"_et_pb_use_builder":"","_et_pb_old_content":"","_et_gb_content_width":""},"product_brand":[],"product_cat":[1497],"product_tag":[1498,1496],"class_list":{"0":"post-16458","1":"product","2":"type-product","3":"status-publish","4":"has-post-thumbnail","6":"product_cat-arm-cylinders","7":"product_tag-arm-cylinders","8":"product_tag-hydraulic-cylinders","10":"first","11":"instock","12":"shipping-taxable","13":"product-type-simple"},"amp_enabled":true,"_links":{"self":[{"href":"https:\/\/www.hydraulic-cylinders.net\/fr\/wp-json\/wp\/v2\/product\/16458","targetHints":{"allow":["GET"]}}],"collection":[{"href":"https:\/\/www.hydraulic-cylinders.net\/fr\/wp-json\/wp\/v2\/product"}],"about":[{"href":"https:\/\/www.hydraulic-cylinders.net\/fr\/wp-json\/wp\/v2\/types\/product"}],"replies":[{"embeddable":true,"href":"https:\/\/www.hydraulic-cylinders.net\/fr\/wp-json\/wp\/v2\/comments?post=16458"}],"wp:featuredmedia":[{"embeddable":true,"href":"https:\/\/www.hydraulic-cylinders.net\/fr\/wp-json\/wp\/v2\/media\/14779"}],"wp:attachment":[{"href":"https:\/\/www.hydraulic-cylinders.net\/fr\/wp-json\/wp\/v2\/media?parent=16458"}],"wp:term":[{"taxonomy":"product_brand","embeddable":true,"href":"https:\/\/www.hydraulic-cylinders.net\/fr\/wp-json\/wp\/v2\/product_brand?post=16458"},{"taxonomy":"product_cat","embeddable":true,"href":"https:\/\/www.hydraulic-cylinders.net\/fr\/wp-json\/wp\/v2\/product_cat?post=16458"},{"taxonomy":"product_tag","embeddable":true,"href":"https:\/\/www.hydraulic-cylinders.net\/fr\/wp-json\/wp\/v2\/product_tag?post=16458"}],"curies":[{"name":"wp","href":"https:\/\/api.w.org\/{rel}","templated":true}]}}