{"id":16478,"date":"2025-01-21T05:28:09","date_gmt":"2025-01-21T05:28:09","guid":{"rendered":"https:\/\/www.hydraulic-cylinders.net\/product\/arm-cylinder-for-lishide-large-excavator-sc400-8\/"},"modified":"2025-01-21T05:28:11","modified_gmt":"2025-01-21T05:28:11","slug":"arm-cylinder-for-lishide-large-excavator-sc400-8","status":"publish","type":"product","link":"https:\/\/www.hydraulic-cylinders.net\/fr\/produit\/arm-cylinder-for-lishide-large-excavator-sc400-8\/","title":{"rendered":"V\u00e9rin de bras pour pelle hydraulique Lishide SC400.8"},"content":{"rendered":"<h2>V\u00e9rin de bras pour pelle hydraulique Lishide SC400.8<\/h2>\n<h3>Introduction<\/h3>\n<p>Le v\u00e9rin de bras est un v\u00e9rin hydraulique sp\u00e9cialement con\u00e7u pour fournir un mouvement lin\u00e9aire et de la puissance aux bras de divers types d'engins, tels que les excavatrices, les grues et les bras robotis\u00e9s. Il joue un r\u00f4le essentiel dans le syst\u00e8me hydraulique, permettant un mouvement et un contr\u00f4le efficaces des outils ou accessoires qui y sont fix\u00e9s. Ces v\u00e9rins assurent non seulement un mouvement fluide, mais supportent \u00e9galement des charges importantes, garantissant ainsi un fonctionnement efficace et une grande fiabilit\u00e9 des machines dans diverses conditions d'utilisation.<\/p>\n<p><img decoding=\"async\" src=\"https:\/\/www.hydraulic-cylinders.net\/wp-content\/uploads\/2025\/01\/songte-company-2.webp\"><\/p>\n<h3>Caract\u00e9ristiques<\/h3>\n<ul>\n<li>Transmission de puissance efficace : Le v\u00e9rin du bras peut fournir un mouvement lin\u00e9aire et une force puissants, assurant une grande efficacit\u00e9 du bras m\u00e9canique dans diverses op\u00e9rations.<\/li>\n<li>Contr\u00f4le pr\u00e9cis\u00a0: gr\u00e2ce au syst\u00e8me hydraulique, le v\u00e9rin du bras permet un contr\u00f4le pr\u00e9cis des mouvements, rendant l\u2019utilisation des outils fix\u00e9s plus flexible et pr\u00e9cise.<\/li>\n<li>Grande durabilit\u00e9 : les v\u00e9rins de bras sont g\u00e9n\u00e9ralement fabriqu\u00e9s \u00e0 partir de mat\u00e9riaux \u00e0 haute r\u00e9sistance offrant une bonne r\u00e9sistance \u00e0 l'usure et \u00e0 la corrosion, adapt\u00e9s \u00e0 une utilisation \u00e0 long terme dans des environnements difficiles.<\/li>\n<li>Adaptabilit\u00e9 multifonctionnelle\u00a0: Ces v\u00e9rins peuvent \u00eatre largement utilis\u00e9s dans diff\u00e9rents types de machines, telles que les excavatrices, les grues et les bras robotis\u00e9s, afin de r\u00e9pondre \u00e0 diff\u00e9rentes exigences de travail.<\/li>\n<li>Maintenance ais\u00e9e : La conception prend en compte la facilit\u00e9 d'entretien et de remplacement, ce qui rend l'inspection et la maintenance r\u00e9guli\u00e8res plus pratiques et r\u00e9duit les temps d'arr\u00eat des \u00e9quipements.<\/li>\n<\/ul>\n<p>Nous pouvons produire ce produit, qui peut parfaitement remplacer ces v\u00e9rins hydrauliques.<\/p>\n<p><img decoding=\"async\" src=\"https:\/\/www.hydraulic-cylinders.net\/wp-content\/uploads\/2025\/01\/songte-oil-pipes-and-spare-parts.webp\"><\/p>\n<h3>Applications<\/h3>\n<p>Les v\u00e9rins \u00e0 bras ont de nombreuses applications dans divers secteurs industriels\u00a0:<\/p>\n<ul>\n<li>Construction : Les v\u00e9rins de bras servent \u00e0 contr\u00f4ler le mouvement des godets ou des fl\u00e8ches des excavatrices et des grues pour les travaux de terrassement, la manutention de mat\u00e9riaux et l'installation de structures.<\/li>\n<li>Fabrication : Les v\u00e9rins de bras sont utilis\u00e9s pour le mouvement des bras robotis\u00e9s dans les lignes de production automatis\u00e9es pour les processus d'assemblage, de soudage et de manutention, am\u00e9liorant ainsi l'efficacit\u00e9 et la pr\u00e9cision de la production.<\/li>\n<li>Machines agricoles\u00a0: Les v\u00e9rins de bras contr\u00f4lent le mouvement des bras de travail des machines agricoles telles que les moissonneuses-batteuses et les semoirs, effectuant des t\u00e2ches comme la plantation, la fertilisation et la r\u00e9colte.<\/li>\n<li>Exploitation mini\u00e8re : Les v\u00e9rins de bras servent \u00e0 contr\u00f4ler le mouvement des bras des \u00e9quipements miniers pour l'extraction et le transport des minerais.<\/li>\n<li>Logistique et transport : Les v\u00e9rins de bras sont utilis\u00e9s pour contr\u00f4ler le levage et le d\u00e9placement des fourches des chariots \u00e9l\u00e9vateurs et des robots de manutention, permettant ainsi la manutention et l'empilage des mat\u00e9riaux.<\/li>\n<\/ul>\n<h3>Consid\u00e9rations de conception et normes de s\u00e9lection<\/h3>\n<p>Du point de vue de la conception, les v\u00e9rins de bras doivent prendre en compte les aspects suivants\u00a0:<\/p>\n<ul>\n<li>Capacit\u00e9 de charge : Les v\u00e9rins des bras doivent pouvoir supporter la charge et la force des machines et des accessoires.<\/li>\n<li>\u00c9tanch\u00e9it\u00e9 : Diff\u00e9rents composants d'\u00e9tanch\u00e9it\u00e9, tels que les joints de piston et les joints de tige, doivent \u00eatre utilis\u00e9s pour emp\u00eacher les fuites d'huile hydraulique et assurer le fonctionnement normal du v\u00e9rin.<\/li>\n<li>Durabilit\u00e9 : Le cylindre du bras doit \u00eatre fabriqu\u00e9 \u00e0 partir de mat\u00e9riaux \u00e0 haute r\u00e9sistance, offrant une bonne r\u00e9sistance \u00e0 l'usure et \u00e0 la corrosion, afin de r\u00e9sister aux environnements difficiles.<\/li>\n<li>S\u00e9curit\u00e9 : Des mesures de s\u00e9curit\u00e9, telles que la protection contre les surcharges et l'arr\u00eat d'urgence, doivent \u00eatre envisag\u00e9es pour \u00e9viter les accidents.<\/li>\n<li>Maintenabilit\u00e9 : La conception doit prendre en compte la facilit\u00e9 d'entretien et de remplacement des pi\u00e8ces afin de r\u00e9duire les temps d'arr\u00eat de l'\u00e9quipement.<\/li>\n<\/ul>\n<p><img decoding=\"async\" src=\"https:\/\/www.hydraulic-cylinders.net\/wp-content\/uploads\/2025\/01\/songte-cylinder-head-with-all-kinds-excavator-models.webp\"><\/p>\n<h3>\u00c9tanch\u00e9it\u00e9 et lubrification<\/h3>\n<p>Les v\u00e9rins de bras doivent utiliser divers composants d'\u00e9tanch\u00e9it\u00e9, tels que des joints de piston et des joints de tige, fabriqu\u00e9s dans des mat\u00e9riaux r\u00e9sistants \u00e0 l'usure comme le polyur\u00e9thane ou le caoutchouc nitrile. Le corps du v\u00e9rin et les surfaces d'extr\u00e9mit\u00e9 du filetage doivent \u00eatre usin\u00e9s avec pr\u00e9cision pour am\u00e9liorer la r\u00e9sistance \u00e0 l'usure. Les v\u00e9rins de bras doivent \u00eatre lubrifi\u00e9s r\u00e9guli\u00e8rement \u00e0 l'huile hydraulique pour garantir un fonctionnement optimal.<\/p>\n<h3>Maintenance et mesures pr\u00e9ventives<\/h3>\n<p>L'inspection r\u00e9guli\u00e8re et la maintenance pr\u00e9ventive des v\u00e9rins de bras permettent d'allonger leur dur\u00e9e de vie. Les mesures suivantes doivent \u00eatre prises\u00a0:<\/p>\n<ul>\n<li>V\u00e9rifiez l'usure des composants d'\u00e9tanch\u00e9it\u00e9 et remplacez-les \u00e0 temps.<\/li>\n<li>V\u00e9rifiez l'absence de fuites et de fissures dans le corps du cylindre et r\u00e9parez ou remplacez-les si n\u00e9cessaire.<\/li>\n<li>V\u00e9rifiez le serrage des boulons et \u00e9crous de fixation et resserrez-les si n\u00e9cessaire.<\/li>\n<li>Contr\u00f4lez r\u00e9guli\u00e8rement le niveau et la qualit\u00e9 de l'huile hydraulique et remplacez-la si n\u00e9cessaire.<\/li>\n<li>Rangez le cylindre correctement et prot\u00e9gez-le de la poussi\u00e8re et de l'humidit\u00e9.<\/li>\n<\/ul>\n<p><img decoding=\"async\" src=\"https:\/\/www.hydraulic-cylinders.net\/wp-content\/uploads\/2025\/01\/songte-chushion-collar.webp\"><\/p>\n<h3>Guide d'installation<\/h3>\n<p>Les \u00e9tapes suivantes doivent \u00eatre suivies pour l'installation du cylindre de bras\u00a0:<\/p>\n<ol>\n<li>Nettoyez la surface de montage du cylindre et de la fixation.<\/li>\n<li>Installez le cylindre conform\u00e9ment aux instructions, en faisant attention au sens de montage et au couple de serrage des boulons.<\/li>\n<li>Raccordez les flexibles hydrauliques au v\u00e9rin et v\u00e9rifiez l'absence de fuites.<\/li>\n<li>Effectuez un essai pour v\u00e9rifier le fonctionnement du cylindre et des outils fix\u00e9s.<\/li>\n<\/ol>\n<h3>Consid\u00e9rations relatives \u00e0 la s\u00e9curit\u00e9 et \u00e0 l'environnement<\/h3>\n<p>Il est important de respecter les consignes de s\u00e9curit\u00e9 lors de l'utilisation de v\u00e9rins \u00e0 bras afin d'\u00e9viter les accidents. Les facteurs environnementaux doivent \u00e9galement \u00eatre pris en compte lors du choix et de l'utilisation de ces v\u00e9rins afin de minimiser leur impact sur l'environnement.<\/p>\n<h3>D\u00e9pannage et probl\u00e8mes courants<\/h3>\n<p>Les probl\u00e8mes courants rencontr\u00e9s avec les v\u00e9rins de bras incluent les fuites, les bruits anormaux et une force insuffisante. Si l'un de ces probl\u00e8mes survient, veuillez suivre les \u00e9tapes suivantes\u00a0:<\/p>\n<ul>\n<li>V\u00e9rifiez les \u00e9l\u00e9ments d'\u00e9tanch\u00e9it\u00e9 et remplacez-les si n\u00e9cessaire.<\/li>\n<li>V\u00e9rifiez le niveau et la qualit\u00e9 de l'huile hydraulique et remplacez-la si n\u00e9cessaire.<\/li>\n<li>V\u00e9rifiez le serrage des boulons et \u00e9crous de fixation et resserrez-les si n\u00e9cessaire.<\/li>\n<li>V\u00e9rifiez si le corps du cylindre pr\u00e9sente des fissures ou des dommages et r\u00e9parez-le ou remplacez-le si n\u00e9cessaire.<\/li>\n<\/ul>\n<p>Pour pr\u00e9venir d'\u00e9ventuels probl\u00e8mes, une inspection et un entretien r\u00e9guliers sont recommand\u00e9s.<\/p>\n<p><img decoding=\"async\" src=\"https:\/\/www.hydraulic-cylinders.net\/wp-content\/uploads\/2025\/01\/songte-bushings-with-all-kinds-of-excavator-models.webp\"><\/p>\n<h3>\u00c0 propos de nous<\/h3>\n<p>Nous sommes un fabricant professionnel de v\u00e9rins hydrauliques de remplacement, offrant une large gamme de produits et figurant parmi les principaux fabricants et grossistes de v\u00e9rins hydrauliques sur les march\u00e9s nationaux et internationaux. Attach\u00e9s \u00e0 l'excellence, nous nous appuyons sur des strat\u00e9gies de gestion de production industrialis\u00e9e au sein d'ateliers de fabrication de pointe, am\u00e9liorant constamment notre niveau technique et notre productivit\u00e9. Gr\u00e2ce \u00e0 l'int\u00e9gration d'\u00e9quipements de fabrication num\u00e9rique avanc\u00e9s et de syst\u00e8mes de test professionnels, nous optimisons en permanence notre plateforme de production, am\u00e9liorons le contr\u00f4le qualit\u00e9 de nos produits et cultivons une forte capacit\u00e9 d'innovation. Notre objectif est de r\u00e9pondre aux besoins vari\u00e9s de nos clients avec efficacit\u00e9, pr\u00e9cision et haute qualit\u00e9.<\/p>\n<p><img decoding=\"async\" src=\"https:\/\/www.hydraulic-cylinders.net\/wp-content\/uploads\/2025\/01\/songte-company-4.webp\"><\/p>\n<h3>Nos services<\/h3>\n<ul>\n<li>Professionnalisme : Nous disposons d'une \u00e9quipe d'ing\u00e9nieurs et de techniciens exp\u00e9riment\u00e9s pour fournir des services professionnels \u00e0 nos clients.<\/li>\n<li>Certification internationale\u00a0: Nos produits ont obtenu la certification du syst\u00e8me de gestion de la qualit\u00e9 ISO9001 ainsi que d\u2019autres certifications internationales.<\/li>\n<li>Services de personnalisation\u00a0: Nous pouvons fournir des services personnalis\u00e9s en fonction des besoins du client.<\/li>\n<li>\u00c9quipements de production : Notre entreprise dispose d'\u00e9quipements de fabrication num\u00e9rique de pointe et de syst\u00e8mes de test professionnels.<\/li>\n<li>Service apr\u00e8s-vente : Nous assurons un service apr\u00e8s-vente rapide et attentif afin de garantir la satisfaction de nos clients.<\/li>\n<\/ul>\n<p><img decoding=\"async\" src=\"https:\/\/www.hydraulic-cylinders.net\/wp-content\/uploads\/2025\/01\/songte-company-3.webp\"><\/p>\n<p>Auteur : lyl.<\/p>","protected":false},"excerpt":{"rendered":"<p>Arm Cylinder For Lishide Large Excavator SC400.8 Introduction Arm cylinder is a specially designed hydraulic cylinder that is mainly used to provide linear motion and power to the arms of various types of machinery, such as excavators, cranes, and robotic arms. The arm cylinder plays a critical role in the hydraulic system, allowing for effective [&hellip;]<\/p>","protected":false},"featured_media":14779,"comment_status":"open","ping_status":"closed","template":"","meta":{"_et_pb_use_builder":"","_et_pb_old_content":"","_et_gb_content_width":""},"product_brand":[],"product_cat":[1497],"product_tag":[1498,1496],"class_list":{"0":"post-16478","1":"product","2":"type-product","3":"status-publish","4":"has-post-thumbnail","6":"product_cat-arm-cylinders","7":"product_tag-arm-cylinders","8":"product_tag-hydraulic-cylinders","10":"first","11":"instock","12":"shipping-taxable","13":"product-type-simple"},"amp_enabled":true,"_links":{"self":[{"href":"https:\/\/www.hydraulic-cylinders.net\/fr\/wp-json\/wp\/v2\/product\/16478","targetHints":{"allow":["GET"]}}],"collection":[{"href":"https:\/\/www.hydraulic-cylinders.net\/fr\/wp-json\/wp\/v2\/product"}],"about":[{"href":"https:\/\/www.hydraulic-cylinders.net\/fr\/wp-json\/wp\/v2\/types\/product"}],"replies":[{"embeddable":true,"href":"https:\/\/www.hydraulic-cylinders.net\/fr\/wp-json\/wp\/v2\/comments?post=16478"}],"wp:featuredmedia":[{"embeddable":true,"href":"https:\/\/www.hydraulic-cylinders.net\/fr\/wp-json\/wp\/v2\/media\/14779"}],"wp:attachment":[{"href":"https:\/\/www.hydraulic-cylinders.net\/fr\/wp-json\/wp\/v2\/media?parent=16478"}],"wp:term":[{"taxonomy":"product_brand","embeddable":true,"href":"https:\/\/www.hydraulic-cylinders.net\/fr\/wp-json\/wp\/v2\/product_brand?post=16478"},{"taxonomy":"product_cat","embeddable":true,"href":"https:\/\/www.hydraulic-cylinders.net\/fr\/wp-json\/wp\/v2\/product_cat?post=16478"},{"taxonomy":"product_tag","embeddable":true,"href":"https:\/\/www.hydraulic-cylinders.net\/fr\/wp-json\/wp\/v2\/product_tag?post=16478"}],"curies":[{"name":"wp","href":"https:\/\/api.w.org\/{rel}","templated":true}]}}