{"id":16528,"date":"2025-01-21T05:31:45","date_gmt":"2025-01-21T05:31:45","guid":{"rendered":"https:\/\/www.hydraulic-cylinders.net\/product\/arm-cylinder-for-xgma-middle-excavator-xg825el\/"},"modified":"2025-01-21T05:31:47","modified_gmt":"2025-01-21T05:31:47","slug":"arm-cylinder-for-xgma-middle-excavator-xg825el","status":"publish","type":"product","link":"https:\/\/www.hydraulic-cylinders.net\/fr\/produit\/arm-cylinder-for-xgma-middle-excavator-xg825el\/","title":{"rendered":"V\u00e9rin de bras pour pelle centrale XGMA XG825EL"},"content":{"rendered":"<h2>V\u00e9rin de bras pour pelle centrale XGMA XG825EL<\/h2>\n<h3>Introduction<\/h3>\n<p>Un v\u00e9rin de bras est un v\u00e9rin hydraulique sp\u00e9cialement con\u00e7u pour fournir mouvement lin\u00e9aire et puissance aux bras de divers types d'engins, tels que les excavatrices, les grues et les bras robotis\u00e9s. Ce v\u00e9rin joue un r\u00f4le essentiel dans le syst\u00e8me hydraulique, permettant le d\u00e9placement et le contr\u00f4le pr\u00e9cis des outils ou accessoires qui y sont fix\u00e9s. Ces v\u00e9rins assurent non seulement des mouvements fluides, mais supportent \u00e9galement des charges importantes, garantissant ainsi le fonctionnement efficace et la fiabilit\u00e9 des machines dans diverses conditions de travail.<\/p>\n<div>\n  <img decoding=\"async\" src=\"https:\/\/www.hydraulic-cylinders.net\/wp-content\/uploads\/2025\/01\/songte-company-2.webp\" alt=\"V\u00e9rin de bras pour pelle centrale XGMA XG825EL\" width=\"500\">\n<\/div>\n<h3>Caract\u00e9ristiques<\/h3>\n<ul>\n<li><strong>Transmission d'\u00e9nergie efficace :<\/strong> Les v\u00e9rins de bras peuvent fournir un mouvement lin\u00e9aire et une force puissants, garantissant une efficacit\u00e9 de haute performance lors des diff\u00e9rentes op\u00e9rations du bras m\u00e9canique.<\/li>\n<li><strong>Contr\u00f4le pr\u00e9cis :<\/strong> Gr\u00e2ce au syst\u00e8me hydraulique, les v\u00e9rins du bras permettent un contr\u00f4le pr\u00e9cis du mouvement, rendant le fonctionnement des outils fix\u00e9s plus flexible et pr\u00e9cis.<\/li>\n<li><strong>Durable:<\/strong> Les v\u00e9rins de bras sont g\u00e9n\u00e9ralement fabriqu\u00e9s \u00e0 partir de mat\u00e9riaux \u00e0 haute r\u00e9sistance, offrant une bonne r\u00e9sistance \u00e0 l'usure et \u00e0 la corrosion, et adapt\u00e9s \u00e0 une utilisation \u00e0 long terme dans des environnements difficiles.<\/li>\n<li><strong>Adaptabilit\u00e9 multifonctionnelle :<\/strong> Ces cylindres peuvent \u00eatre largement utilis\u00e9s dans diff\u00e9rents types de machines, telles que les excavatrices, les grues et les bras robotis\u00e9s, pour r\u00e9pondre \u00e0 diff\u00e9rentes exigences de travail.<\/li>\n<li><strong>Entretien facile\u00a0:<\/strong> Sa conception facilite la maintenance et le remplacement des pi\u00e8ces, ce qui simplifie les inspections et la maintenance r\u00e9guli\u00e8res et r\u00e9duit les temps d'arr\u00eat des \u00e9quipements.<\/li>\n<\/ul>\n<div>\n  <img decoding=\"async\" src=\"https:\/\/www.hydraulic-cylinders.net\/wp-content\/uploads\/2025\/01\/songte-oil-pipes-and-spare-parts.webp\" alt=\"V\u00e9rin de bras pour pelle centrale XGMA XG825EL\" width=\"500\">\n<\/div>\n<h3>Applications<\/h3>\n<p>Les v\u00e9rins \u00e0 bras sont largement utilis\u00e9s dans diverses industries, notamment\u00a0:<\/p>\n<ul>\n<li><strong>G\u00e9nie civil :<\/strong> Utilis\u00e9s dans les excavatrices et les grues pour contr\u00f4ler le mouvement des godets ou des fl\u00e8ches lors des travaux de terrassement, de la manutention de mat\u00e9riaux et de l'installation de structures.<\/li>\n<li><strong>Fabrication:<\/strong> Utilis\u00e9s dans les lignes de production automatis\u00e9es, les v\u00e9rins de bras contr\u00f4lent le mouvement des bras robotis\u00e9s pour l'assemblage, le soudage et la manutention des mat\u00e9riaux, am\u00e9liorant ainsi l'efficacit\u00e9 et la pr\u00e9cision de la production.<\/li>\n<li><strong>Machines agricoles :<\/strong> Dans les machines agricoles telles que les moissonneuses-batteuses et les semoirs, les v\u00e9rins de bras contr\u00f4lent le mouvement des bras de travail pour les t\u00e2ches de semis, de fertilisation et de r\u00e9colte.<\/li>\n<li><strong>Exploitation mini\u00e8re:<\/strong> Utilis\u00e9s dans les \u00e9quipements miniers, les v\u00e9rins de bras contr\u00f4lent le mouvement des bras de ces \u00e9quipements pour l'extraction et le transport du minerai.<\/li>\n<li><strong>Logistique et transport :<\/strong> Utilis\u00e9s dans les chariots \u00e9l\u00e9vateurs et les robots de manutention, les v\u00e9rins de bras contr\u00f4lent le levage et le d\u00e9placement des marchandises, assurant ainsi la manutention et l'empilage des mat\u00e9riaux.<\/li>\n<\/ul>\n<h3>Consid\u00e9rations de conception et crit\u00e8res de s\u00e9lection<\/h3>\n<p>Lors de la conception et de la s\u00e9lection d'un cylindre de bras, plusieurs facteurs doivent \u00eatre pris en consid\u00e9ration\u00a0:<\/p>\n<ol>\n<li><strong>Capacit\u00e9 portante :<\/strong> Le cylindre doit avoir une capacit\u00e9 de charge suffisante pour supporter la charge requise par la machine.<\/li>\n<li><strong>Scellage:<\/strong> Divers joints, tels que les joints de piston et les joints de tige, sont n\u00e9cessaires pour assurer le bon fonctionnement du cylindre et pr\u00e9venir les fuites. Ces joints doivent \u00eatre fabriqu\u00e9s dans des mat\u00e9riaux r\u00e9sistants \u00e0 l'usure, comme le polyur\u00e9thane et le caoutchouc nitrile.<\/li>\n<li><strong>Durabilit\u00e9:<\/strong> Le corps du cylindre et la surface d'extr\u00e9mit\u00e9 filet\u00e9e doivent \u00eatre finement usin\u00e9s afin d'accro\u00eetre la r\u00e9sistance \u00e0 l'usure et \u00e0 la corrosion.<\/li>\n<li><strong>S\u00e9curit\u00e9:<\/strong> Des mesures de s\u00e9curit\u00e9 doivent \u00eatre prises en compte, telles que des soupapes de surpression et des disques de rupture, afin de pr\u00e9venir les accidents dus \u00e0 une pression excessive.<\/li>\n<li><strong>Entretien:<\/strong> La conception doit permettre une maintenance et un remplacement faciles afin de r\u00e9duire les temps d'arr\u00eat des \u00e9quipements.<\/li>\n<\/ol>\n<div>\n  <img decoding=\"async\" src=\"https:\/\/www.hydraulic-cylinders.net\/wp-content\/uploads\/2025\/01\/songte-cylinder-head-with-all-kinds-excavator-models.webp\" alt=\"V\u00e9rin de bras pour pelle centrale XGMA XG825EL\" width=\"500\">\n<\/div>\n<h3>\u00c9tanch\u00e9it\u00e9 et lubrification<\/h3>\n<p>Diff\u00e9rents types de joints, tels que les joints de piston et les joints de tige, sont utilis\u00e9s dans les v\u00e9rins de bras pour garantir leur bon fonctionnement et pr\u00e9venir les fuites. Ces joints sont fabriqu\u00e9s \u00e0 partir de mat\u00e9riaux r\u00e9sistants \u00e0 l'usure, comme le polyur\u00e9thane et le caoutchouc nitrile. Le corps du v\u00e9rin et la surface d'extr\u00e9mit\u00e9 filet\u00e9e sont usin\u00e9s avec pr\u00e9cision afin d'accro\u00eetre leur r\u00e9sistance \u00e0 l'usure et \u00e0 la corrosion. Le v\u00e9rin n\u00e9cessite une lubrification r\u00e9guli\u00e8re\u00a0; il convient d'ajouter p\u00e9riodiquement de l'huile hydraulique appropri\u00e9e pour assurer son bon fonctionnement.<\/p>\n<div>\n  <img decoding=\"async\" src=\"https:\/\/www.hydraulic-cylinders.net\/wp-content\/uploads\/2025\/01\/songte-chushion-collar.webp\" alt=\"V\u00e9rin de bras pour pelle centrale XGMA XG825EL\" width=\"500\">\n<\/div>\n<h3>Maintenance et d\u00e9pannage<\/h3>\n<p>Une inspection r\u00e9guli\u00e8re et une maintenance pr\u00e9ventive sont essentielles pour garantir le bon fonctionnement du v\u00e9rin du bras. En cas de panne, les \u00e9tapes de d\u00e9pannage suivantes peuvent \u00eatre appliqu\u00e9es\u00a0:<\/p>\n<ul>\n<li><strong>Fuite:<\/strong> V\u00e9rifiez l'\u00e9tanch\u00e9it\u00e9 des joints et resserrez les boulons de fixation.<\/li>\n<li><strong>Transmission de puissance insuffisante :<\/strong> V\u00e9rifiez l'absence d'obstructions dans la canalisation hydraulique et nettoyez le filtre.<\/li>\n<li><strong>Bruit pendant le fonctionnement\u00a0:<\/strong> V\u00e9rifiez que les pi\u00e8ces ne sont pas desserr\u00e9es et resserrez-les si n\u00e9cessaire.<\/li>\n<li><strong>Mouvement lent :<\/strong> V\u00e9rifiez le niveau d'huile hydraulique et faites l'appoint si n\u00e9cessaire.<\/li>\n<\/ul>\n<p>Des mesures pr\u00e9ventives telles que des inspections et un entretien r\u00e9guliers peuvent contribuer \u00e0 r\u00e9duire les probl\u00e8mes potentiels et \u00e0 am\u00e9liorer la dur\u00e9e de vie du cylindre du bras.<\/p>\n<h3>Guide d'installation<\/h3>\n<p>L'installation du cylindre de bras doit \u00eatre effectu\u00e9e par un technicien qualifi\u00e9. Les \u00e9tapes suivantes sont recommand\u00e9es\u00a0:<\/p>\n<ol>\n<li>Fixez le cylindre au support de montage.<\/li>\n<li>Raccordez la conduite hydraulique aux orifices d'entr\u00e9e et de sortie du v\u00e9rin.<\/li>\n<li>Ajouter de l'huile hydraulique au syst\u00e8me.<\/li>\n<li>V\u00e9rifiez le fonctionnement du cylindre et effectuez les r\u00e9glages n\u00e9cessaires.<\/li>\n<\/ol>\n<div>\n  <img decoding=\"async\" src=\"https:\/\/www.hydraulic-cylinders.net\/wp-content\/uploads\/2025\/01\/songte-bushings-with-all-kinds-of-excavator-models.webp\" alt=\"V\u00e9rin de bras pour pelle centrale XGMA XG825EL\" width=\"500\">\n<\/div>\n<h3>Consid\u00e9rations de s\u00e9curit\u00e9 et facteurs environnementaux<\/h3>\n<p>Lors de l'utilisation de la machine \u00e9quip\u00e9e du v\u00e9rin \u00e0 bras, des mesures de s\u00e9curit\u00e9 strictes doivent \u00eatre respect\u00e9es. Des soupapes de d\u00e9charge et des disques de rupture doivent \u00eatre install\u00e9s afin de pr\u00e9venir les accidents dus \u00e0 une pression excessive. L'huile hydraulique utilis\u00e9e dans le v\u00e9rin doit \u00eatre \u00e9limin\u00e9e conform\u00e9ment \u00e0 la r\u00e9glementation en vigueur afin de pr\u00e9venir toute pollution de l'environnement.<\/p>\n<h3>\u00c0 propos de nous<\/h3>\n<p>Nous sommes un fabricant professionnel de v\u00e9rins hydrauliques de remplacement, offrant une large gamme de produits. Nous figurons parmi les principaux fabricants et distributeurs de v\u00e9rins hydrauliques sur les march\u00e9s nationaux et internationaux. Attach\u00e9s \u00e0 l'excellence, nous nous appuyons sur une strat\u00e9gie de gestion de production industrialis\u00e9e au sein d'un atelier de fabrication de pointe, am\u00e9liorant constamment notre niveau technique et notre productivit\u00e9. Gr\u00e2ce \u00e0 l'int\u00e9gration d'\u00e9quipements de fabrication num\u00e9rique haut de gamme et de syst\u00e8mes de test professionnels, nous optimisons notre plateforme de production, am\u00e9liorons le contr\u00f4le qualit\u00e9 de nos produits et d\u00e9veloppons une forte capacit\u00e9 d'innovation. Notre objectif est de r\u00e9pondre aux besoins vari\u00e9s de nos clients avec efficacit\u00e9, pr\u00e9cision et exigence de qualit\u00e9.<\/p>\n<p>Nous proposons des services professionnels, une certification internationale, des services personnalis\u00e9s, des \u00e9quipements de production et un service apr\u00e8s-vente. Nos produits sont certifi\u00e9s internationalement et ont subi des contr\u00f4les qualit\u00e9 rigoureux afin de garantir leur performance et leur fiabilit\u00e9 optimales. Nous nous engageons \u00e0 fournir \u00e0 nos clients des produits et services de qualit\u00e9 et sommes toujours pr\u00eats \u00e0 les accompagner dans la r\u00e9alisation de leurs besoins sp\u00e9cifiques.<\/p>\n<div>\n  <img decoding=\"async\" src=\"https:\/\/www.hydraulic-cylinders.net\/wp-content\/uploads\/2025\/01\/songte-company-4.webp\" alt=\"V\u00e9rin de bras pour pelle centrale XGMA XG825EL\" width=\"500\">\n<\/div>\n<div>\n  <img decoding=\"async\" src=\"https:\/\/www.hydraulic-cylinders.net\/wp-content\/uploads\/2025\/01\/songte-company-3.webp\" alt=\"V\u00e9rin de bras pour pelle centrale XGMA XG825EL\" width=\"500\">\n<\/div>\n<p><em>Auteur : lyl<\/em><\/p>","protected":false},"excerpt":{"rendered":"<p>Arm Cylinder For XGMA Middle Excavator XG825EL Introduction An arm cylinder is a specially designed hydraulic cylinder that is primarily used to provide linear motion and power to the arms of various types of machinery, such as excavators, cranes, and robotic arms. The arm cylinder plays a critical role in the hydraulic system, allowing attached [&hellip;]<\/p>","protected":false},"featured_media":14779,"comment_status":"open","ping_status":"closed","template":"","meta":{"_et_pb_use_builder":"","_et_pb_old_content":"","_et_gb_content_width":""},"product_brand":[],"product_cat":[1497],"product_tag":[1498,1496],"class_list":{"0":"post-16528","1":"product","2":"type-product","3":"status-publish","4":"has-post-thumbnail","6":"product_cat-arm-cylinders","7":"product_tag-arm-cylinders","8":"product_tag-hydraulic-cylinders","10":"first","11":"instock","12":"shipping-taxable","13":"product-type-simple"},"amp_enabled":true,"_links":{"self":[{"href":"https:\/\/www.hydraulic-cylinders.net\/fr\/wp-json\/wp\/v2\/product\/16528","targetHints":{"allow":["GET"]}}],"collection":[{"href":"https:\/\/www.hydraulic-cylinders.net\/fr\/wp-json\/wp\/v2\/product"}],"about":[{"href":"https:\/\/www.hydraulic-cylinders.net\/fr\/wp-json\/wp\/v2\/types\/product"}],"replies":[{"embeddable":true,"href":"https:\/\/www.hydraulic-cylinders.net\/fr\/wp-json\/wp\/v2\/comments?post=16528"}],"wp:featuredmedia":[{"embeddable":true,"href":"https:\/\/www.hydraulic-cylinders.net\/fr\/wp-json\/wp\/v2\/media\/14779"}],"wp:attachment":[{"href":"https:\/\/www.hydraulic-cylinders.net\/fr\/wp-json\/wp\/v2\/media?parent=16528"}],"wp:term":[{"taxonomy":"product_brand","embeddable":true,"href":"https:\/\/www.hydraulic-cylinders.net\/fr\/wp-json\/wp\/v2\/product_brand?post=16528"},{"taxonomy":"product_cat","embeddable":true,"href":"https:\/\/www.hydraulic-cylinders.net\/fr\/wp-json\/wp\/v2\/product_cat?post=16528"},{"taxonomy":"product_tag","embeddable":true,"href":"https:\/\/www.hydraulic-cylinders.net\/fr\/wp-json\/wp\/v2\/product_tag?post=16528"}],"curies":[{"name":"wp","href":"https:\/\/api.w.org\/{rel}","templated":true}]}}