{"id":16550,"date":"2025-01-21T05:33:18","date_gmt":"2025-01-21T05:33:18","guid":{"rendered":"https:\/\/www.hydraulic-cylinders.net\/product\/arm-cylinder-for-jcm-small-excavator-jcm808\/"},"modified":"2025-01-21T05:33:20","modified_gmt":"2025-01-21T05:33:20","slug":"arm-cylinder-for-jcm-small-excavator-jcm808","status":"publish","type":"product","link":"https:\/\/www.hydraulic-cylinders.net\/fr\/produit\/arm-cylinder-for-jcm-small-excavator-jcm808\/","title":{"rendered":"V\u00e9rin de bras pour mini-pelle JCM JCM808"},"content":{"rendered":"<h2>V\u00e9rin de bras pour mini-pelle JCM JCM808<\/h2>\n<p>Le v\u00e9rin de bras est un v\u00e9rin hydraulique sp\u00e9cialement con\u00e7u pour fournir un mouvement lin\u00e9aire et de la puissance au bras de diverses machines, telles que les excavatrices, les grues et les bras robotis\u00e9s. Il joue un r\u00f4le crucial dans les syst\u00e8mes hydrauliques, permettant le mouvement et le contr\u00f4le efficaces d'outils ou d'accessoires suppl\u00e9mentaires. Ces v\u00e9rins garantissent non seulement un mouvement fluide, mais aussi une r\u00e9sistance aux charges importantes, assurant ainsi un fonctionnement efficace et une grande fiabilit\u00e9 des machines dans diverses conditions de travail.<\/p>\n<p><img decoding=\"async\" src=\"https:\/\/www.hydraulic-cylinders.net\/wp-content\/uploads\/2025\/01\/songte-company-2.webp\"><\/p>\n<h2>Caract\u00e9ristiques<\/h2>\n<ul>\n<li>Transmission \u00e0 haut rendement : Le v\u00e9rin du bras assure un mouvement lin\u00e9aire et une force puissants, garantissant des performances \u00e9lev\u00e9es du bras de la machine dans diverses op\u00e9rations.<\/li>\n<li>Contr\u00f4le pr\u00e9cis\u00a0: gr\u00e2ce au syst\u00e8me hydraulique, le v\u00e9rin du bras permet un contr\u00f4le pr\u00e9cis du mouvement, rendant le fonctionnement des accessoires plus flexible et pr\u00e9cis.<\/li>\n<li>Grande durabilit\u00e9 : les v\u00e9rins de bras sont g\u00e9n\u00e9ralement fabriqu\u00e9s \u00e0 partir de mat\u00e9riaux \u00e0 haute r\u00e9sistance, offrant une excellente r\u00e9sistance \u00e0 l'usure et \u00e0 la corrosion, adapt\u00e9e \u00e0 une utilisation \u00e0 long terme dans des environnements difficiles.<\/li>\n<li>Adaptabilit\u00e9 multifonctionnelle\u00a0: Ces v\u00e9rins peuvent \u00eatre largement utilis\u00e9s dans divers \u00e9quipements de machines, tels que les excavatrices, les grues et les bras robotis\u00e9s, s\u2019adaptant ainsi aux diff\u00e9rentes exigences de travail.<\/li>\n<li>Maintenance facile : Con\u00e7us pour faciliter la maintenance et le remplacement, les v\u00e9rins de bras permettent des inspections et un entretien r\u00e9guliers et pratiques, r\u00e9duisant ainsi les temps d'arr\u00eat des \u00e9quipements.<\/li>\n<\/ul>\n<p><img decoding=\"async\" src=\"https:\/\/www.hydraulic-cylinders.net\/wp-content\/uploads\/2025\/01\/songte-oil-pipes-and-spare-parts.webp\"><\/p>\n<h2>Applications<\/h2>\n<p>Les v\u00e9rins \u00e0 bras sont utilis\u00e9s dans diverses industries et applications, notamment :<\/p>\n<ul>\n<li>G\u00e9nie civil : Dans les excavatrices et les grues, les v\u00e9rins de bras contr\u00f4lent le mouvement des godets ou des fl\u00e8ches pour le terrassement, la manutention des mat\u00e9riaux et l'installation de structures.<\/li>\n<li>Industrie manufacturi\u00e8re\u00a0: Dans les lignes de production automatis\u00e9es, les v\u00e9rins de bras facilitent le mouvement des bras robotis\u00e9s pour les processus d\u2019assemblage, de soudage et de manutention, augmentant ainsi l\u2019efficacit\u00e9 et la pr\u00e9cision de la production.<\/li>\n<li>Machines agricoles\u00a0: Dans les machines agricoles telles que les moissonneuses-batteuses et les semoirs, les v\u00e9rins de bras contr\u00f4lent le mouvement des bras de travail pour des t\u00e2ches comme le semis, la fertilisation et la r\u00e9colte.<\/li>\n<li>Exploitation mini\u00e8re : Dans les \u00e9quipements miniers, les v\u00e9rins de bras contr\u00f4lent le mouvement des bras des machines d'extraction et de transport du minerai.<\/li>\n<li>Logistique et transport : Dans les chariots \u00e9l\u00e9vateurs et les robots de manutention, les v\u00e9rins de bras contr\u00f4lent le levage et le mouvement des fourches, permettant la manutention et l'empilage des mat\u00e9riaux.<\/li>\n<\/ul>\n<h2>Consid\u00e9rations de conception et crit\u00e8res de s\u00e9lection<\/h2>\n<ul>\n<li>Capacit\u00e9 de charge : Les v\u00e9rins de bras sont con\u00e7us pour supporter les charges sp\u00e9cifiques rencontr\u00e9es dans leurs applications pr\u00e9vues.<\/li>\n<li>Capacit\u00e9 d'\u00e9tanch\u00e9it\u00e9\u00a0: Diff\u00e9rents composants d'\u00e9tanch\u00e9it\u00e9, tels que les joints de piston et les joints de tige, sont utilis\u00e9s pour assurer une \u00e9tanch\u00e9it\u00e9 efficace. Ces joints sont g\u00e9n\u00e9ralement fabriqu\u00e9s \u00e0 partir de mat\u00e9riaux r\u00e9sistants \u00e0 l'usure comme le polyur\u00e9thane et le caoutchouc nitrile.<\/li>\n<li>Durabilit\u00e9 : Le corps du cylindre et les surfaces d'extr\u00e9mit\u00e9 filet\u00e9es sont finement usin\u00e9s pour am\u00e9liorer la r\u00e9sistance \u00e0 l'usure.<\/li>\n<li>S\u00e9curit\u00e9 : Des dispositifs de s\u00e9curit\u00e9 tels que des soupapes de d\u00e9charge de pression et des syst\u00e8mes de protection contre les surcharges sont int\u00e9gr\u00e9s pour garantir un fonctionnement s\u00fbr.<\/li>\n<li>Maintenance : Une lubrification r\u00e9guli\u00e8re avec une huile hydraulique appropri\u00e9e et des inspections p\u00e9riodiques sont n\u00e9cessaires pour maintenir des performances optimales et prolonger la dur\u00e9e de vie du v\u00e9rin du bras.<\/li>\n<\/ul>\n<p><img decoding=\"async\" src=\"https:\/\/www.hydraulic-cylinders.net\/wp-content\/uploads\/2025\/01\/songte-cylinder-head-with-all-kinds-excavator-models.webp\"><\/p>\n<h2>\u00c9tanch\u00e9it\u00e9 et lubrification<\/h2>\n<p>Le v\u00e9rin de bras utilise divers joints d'\u00e9tanch\u00e9it\u00e9, tels que des joints de piston et de tige, fabriqu\u00e9s en mat\u00e9riaux r\u00e9sistants \u00e0 l'usure comme le polyur\u00e9thane et le caoutchouc nitrile. Le corps du v\u00e9rin et les surfaces d'extr\u00e9mit\u00e9 filet\u00e9es sont usin\u00e9s avec pr\u00e9cision pour une meilleure r\u00e9sistance \u00e0 l'usure. Une lubrification r\u00e9guli\u00e8re avec une huile hydraulique adapt\u00e9e est n\u00e9cessaire pour garantir un fonctionnement fluide et r\u00e9duire les frottements.<\/p>\n<h2>Inspection r\u00e9guli\u00e8re et maintenance pr\u00e9ventive<\/h2>\n<ul>\n<li>Inspectez r\u00e9guli\u00e8rement le cylindre du bras pour d\u00e9tecter tout signe de fuite, de dommage ou d'usure anormale.<\/li>\n<li>V\u00e9rifiez le niveau et la qualit\u00e9 de l'huile hydraulique pour assurer une lubrification correcte.<\/li>\n<li>V\u00e9rifiez l'\u00e9tat des joints et remplacez-les si n\u00e9cessaire.<\/li>\n<li>V\u00e9rifiez et resserrez les connexions desserr\u00e9es.<\/li>\n<li>Respectez les consignes du fabricant concernant les intervalles et les proc\u00e9dures d'entretien.<\/li>\n<\/ul>\n<h2>Guide d'installation<\/h2>\n<p>Une installation correcte du v\u00e9rin est essentielle \u00e0 son fonctionnement efficace et s\u00fbr. Proc\u00e9dez comme suit\u00a0:<\/p>\n<ol>\n<li>Assurez-vous que la machine est hors tension et que le syst\u00e8me hydraulique est d\u00e9pressuris\u00e9.<\/li>\n<li>Positionnez le v\u00e9rin du bras \u00e0 l'endroit pr\u00e9vu, en alignant les trous de fixation.<\/li>\n<li>Fixez solidement le cylindre \u00e0 la machine \u00e0 l'aide des boulons et de la quincaillerie appropri\u00e9s.<\/li>\n<li>Assurez-vous que toutes les connexions sont correctement serr\u00e9es.<\/li>\n<li>V\u00e9rifiez l'alignement correct et la libert\u00e9 de mouvement.<\/li>\n<li>R\u00e9tablir la pression hydraulique et tester le fonctionnement du v\u00e9rin du bras.<\/li>\n<\/ol>\n<p><img decoding=\"async\" src=\"https:\/\/www.hydraulic-cylinders.net\/wp-content\/uploads\/2025\/01\/songte-bushings-with-all-kinds-of-excavator-models.webp\"><\/p>\n<h2>Consid\u00e9rations de s\u00e9curit\u00e9 et facteurs environnementaux<\/h2>\n<p>Lors de l'utilisation de v\u00e9rins de bras, il est essentiel de privil\u00e9gier les mesures de s\u00e9curit\u00e9 afin de pr\u00e9venir les accidents et de garantir le bien-\u00eatre de l'op\u00e9rateur. Les pr\u00e9cautions de s\u00e9curit\u00e9 comprennent une formation ad\u00e9quate, le respect des manuels d'utilisation et le port d'\u00e9quipements de protection individuelle. Les facteurs environnementaux, tels que la temp\u00e9rature et l'humidit\u00e9, doivent \u00e9galement \u00eatre pris en compte pour assurer des performances optimales et une longue dur\u00e9e de vie au v\u00e9rin.<\/p>\n<h2>D\u00e9pannage et probl\u00e8mes courants<\/h2>\n<p>Parmi les probl\u00e8mes courants pouvant affecter les v\u00e9rins de bras, on peut citer les fuites, la baisse de performance et les bruits anormaux. Pour r\u00e9soudre ces probl\u00e8mes, suivez les conseils et solutions suivants\u00a0:<\/p>\n<ul>\n<li>Inspectez et remplacez les joints ou les joints toriques endommag\u00e9s.<\/li>\n<li>V\u00e9rifiez l'absence de blocages dans le syst\u00e8me hydraulique ou de niveaux de fluide insuffisants.<\/li>\n<li>Inspectez la tige de piston pour d\u00e9tecter tout dommage ou usure et remplacez-la si n\u00e9cessaire.<\/li>\n<li>Assurez-vous que toutes les connexions sont correctement serr\u00e9es.<\/li>\n<li>En cas de bruit, v\u00e9rifiez si des composants sont desserr\u00e9s ou s'il y a un d\u00e9faut d'alignement.<\/li>\n<\/ul>\n<p><img decoding=\"async\" src=\"https:\/\/www.hydraulic-cylinders.net\/wp-content\/uploads\/2025\/01\/songte-chushion-collar.webp\"><\/p>\n<p>Il est important d'inspecter r\u00e9guli\u00e8rement le cylindre du bras et d'effectuer la maintenance pr\u00e9ventive afin de minimiser l'apparition de probl\u00e8mes potentiels.<\/p>\n<h2>\u00c0 propos de nous<\/h2>\n<p>Nous sommes un fabricant professionnel de v\u00e9rins hydrauliques de remplacement, offrant une vaste gamme de produits. Nous figurons parmi les principaux fabricants et grossistes de v\u00e9rins hydrauliques sur les march\u00e9s nationaux et internationaux. Anim\u00e9s par une qu\u00eate d'excellence, nous am\u00e9liorons constamment nos capacit\u00e9s technologiques et notre productivit\u00e9 gr\u00e2ce \u00e0 la mise en \u0153uvre de processus de fabrication rigoureux et \u00e0 l'utilisation d'\u00e9quipements num\u00e9riques de pointe et de syst\u00e8mes de test professionnels. Notre objectif est de r\u00e9pondre aux besoins vari\u00e9s de nos clients en nous appuyant sur les principes d'efficacit\u00e9, de pr\u00e9cision et de haute qualit\u00e9.<\/p>\n<p><img decoding=\"async\" src=\"https:\/\/www.hydraulic-cylinders.net\/wp-content\/uploads\/2025\/01\/songte-company-4.webp\"><br \/>\n<img decoding=\"async\" src=\"https:\/\/www.hydraulic-cylinders.net\/wp-content\/uploads\/2025\/01\/songte-company-3.webp\"><\/p>\n<p>Notre entreprise met l'accent sur son professionnalisme, ses certifications internationales, ses services personnalis\u00e9s, ses \u00e9quipements de production de pointe et son service apr\u00e8s-vente complet. Nous nous effor\u00e7ons de fournir \u00e0 nos clients des produits et des solutions exceptionnels.<\/p>\n<p>Auteur : lyl<\/p>","protected":false},"excerpt":{"rendered":"<p>Arm Cylinder For JCM Small Excavator JCM808 Arm Cylinder is a specially designed hydraulic cylinder that provides linear motion and power to the arm of various machinery, such as excavators, cranes, and robotic arms. The arm cylinder plays a crucial role in hydraulic systems, enabling effective movement and control of additional tools or attachments. These [&hellip;]<\/p>","protected":false},"featured_media":14774,"comment_status":"open","ping_status":"closed","template":"","meta":{"_et_pb_use_builder":"","_et_pb_old_content":"","_et_gb_content_width":""},"product_brand":[],"product_cat":[1497],"product_tag":[1498,1496],"class_list":{"0":"post-16550","1":"product","2":"type-product","3":"status-publish","4":"has-post-thumbnail","6":"product_cat-arm-cylinders","7":"product_tag-arm-cylinders","8":"product_tag-hydraulic-cylinders","10":"first","11":"instock","12":"shipping-taxable","13":"product-type-simple"},"amp_enabled":true,"_links":{"self":[{"href":"https:\/\/www.hydraulic-cylinders.net\/fr\/wp-json\/wp\/v2\/product\/16550","targetHints":{"allow":["GET"]}}],"collection":[{"href":"https:\/\/www.hydraulic-cylinders.net\/fr\/wp-json\/wp\/v2\/product"}],"about":[{"href":"https:\/\/www.hydraulic-cylinders.net\/fr\/wp-json\/wp\/v2\/types\/product"}],"replies":[{"embeddable":true,"href":"https:\/\/www.hydraulic-cylinders.net\/fr\/wp-json\/wp\/v2\/comments?post=16550"}],"wp:featuredmedia":[{"embeddable":true,"href":"https:\/\/www.hydraulic-cylinders.net\/fr\/wp-json\/wp\/v2\/media\/14774"}],"wp:attachment":[{"href":"https:\/\/www.hydraulic-cylinders.net\/fr\/wp-json\/wp\/v2\/media?parent=16550"}],"wp:term":[{"taxonomy":"product_brand","embeddable":true,"href":"https:\/\/www.hydraulic-cylinders.net\/fr\/wp-json\/wp\/v2\/product_brand?post=16550"},{"taxonomy":"product_cat","embeddable":true,"href":"https:\/\/www.hydraulic-cylinders.net\/fr\/wp-json\/wp\/v2\/product_cat?post=16550"},{"taxonomy":"product_tag","embeddable":true,"href":"https:\/\/www.hydraulic-cylinders.net\/fr\/wp-json\/wp\/v2\/product_tag?post=16550"}],"curies":[{"name":"wp","href":"https:\/\/api.w.org\/{rel}","templated":true}]}}