{"id":16569,"date":"2025-01-21T05:34:36","date_gmt":"2025-01-21T05:34:36","guid":{"rendered":"https:\/\/www.hydraulic-cylinders.net\/product\/arm-cylinder-for-liebherr-large-excavator-r954c\/"},"modified":"2025-01-21T05:34:38","modified_gmt":"2025-01-21T05:34:38","slug":"arm-cylinder-for-liebherr-large-excavator-r954c","status":"publish","type":"product","link":"https:\/\/www.hydraulic-cylinders.net\/fr\/produit\/arm-cylinder-for-liebherr-large-excavator-r954c\/","title":{"rendered":"V\u00e9rin de bras pour pelle Liebherr R954C"},"content":{"rendered":"<h1>V\u00e9rin de bras pour pelle Liebherr R954C<\/h1>\n<h2>Introduction<\/h2>\n<p>Un v\u00e9rin de bras est un v\u00e9rin hydraulique sp\u00e9cialement con\u00e7u pour fournir un mouvement lin\u00e9aire et de la puissance aux bras de divers types d'engins, tels que les excavatrices, les grues et les bras robotis\u00e9s. Ce v\u00e9rin joue un r\u00f4le essentiel dans les syst\u00e8mes hydrauliques, permettant un mouvement et un contr\u00f4le efficaces des accessoires ou des outils. Ces v\u00e9rins assurent non seulement un mouvement fluide, mais supportent \u00e9galement des charges importantes, garantissant ainsi un fonctionnement efficace et une grande fiabilit\u00e9 des machines dans diverses conditions de travail.<\/p>\n<p><img decoding=\"async\" src=\"https:\/\/www.hydraulic-cylinders.net\/wp-content\/uploads\/2025\/01\/songte-company-2.webp\"><\/p>\n<h2>Caract\u00e9ristiques<\/h2>\n<ul>\n<li>Transmission de puissance efficace : les v\u00e9rins des bras assurent un mouvement lin\u00e9aire et une force puissants, garantissant des performances \u00e9lev\u00e9es des bras de machines dans diverses op\u00e9rations.<\/li>\n<li>Contr\u00f4le pr\u00e9cis\u00a0: gr\u00e2ce aux syst\u00e8mes hydrauliques, les v\u00e9rins des bras permettent un contr\u00f4le pr\u00e9cis des mouvements, rendant les op\u00e9rations d\u2019outillage plus flexibles et plus pr\u00e9cises.<\/li>\n<li>Grande durabilit\u00e9 : les v\u00e9rins de bras sont g\u00e9n\u00e9ralement fabriqu\u00e9s \u00e0 partir de mat\u00e9riaux \u00e0 haute r\u00e9sistance, offrant une bonne r\u00e9sistance \u00e0 l'usure et \u00e0 la corrosion, et adapt\u00e9s \u00e0 une utilisation \u00e0 long terme dans des environnements difficiles.<\/li>\n<li>Adaptabilit\u00e9 multifonctionnelle\u00a0: Ces v\u00e9rins peuvent \u00eatre largement utilis\u00e9s dans diff\u00e9rents types de machines, telles que les excavatrices, les grues et les bras robotis\u00e9s, pour s\u2019adapter \u00e0 diff\u00e9rentes exigences de travail.<\/li>\n<li>Maintenance simplifi\u00e9e : Con\u00e7us pour faciliter la maintenance et le remplacement, les inspections et la maintenance r\u00e9guli\u00e8res sont simplifi\u00e9es, r\u00e9duisant ainsi les temps d'arr\u00eat des \u00e9quipements.<\/li>\n<\/ul>\n<p>Nos produits peuvent parfaitement remplacer ces v\u00e9rins hydrauliques.<\/p>\n<p><img decoding=\"async\" src=\"https:\/\/www.hydraulic-cylinders.net\/wp-content\/uploads\/2025\/01\/songte-oil-pipes-and-spare-parts.webp\"><\/p>\n<h2>Applications<\/h2>\n<p>Les v\u00e9rins \u00e0 bras sont utilis\u00e9s dans un large \u00e9ventail d'industries et d'applications, notamment\u00a0:<\/p>\n<ul>\n<li>Construction : Dans les excavatrices et les grues, les v\u00e9rins de bras servent \u00e0 contr\u00f4ler le mouvement des godets ou des fl\u00e8ches pour les travaux de terrassement, la manutention de mat\u00e9riaux et l'installation de structures.<\/li>\n<li>Production : Dans les lignes de production automatis\u00e9es, les v\u00e9rins de bras sont utilis\u00e9s pour le mouvement des bras robotis\u00e9s dans des processus tels que l'assemblage, le soudage et la manutention des mat\u00e9riaux, am\u00e9liorant ainsi l'efficacit\u00e9 et la pr\u00e9cision de la production.<\/li>\n<li>Machines agricoles\u00a0: Dans les machines agricoles telles que les moissonneuses-batteuses et les semoirs, les v\u00e9rins de bras contr\u00f4lent le mouvement des bras de travail, effectuant des t\u00e2ches telles que la plantation, la fertilisation et la r\u00e9colte.<\/li>\n<li>Exploitation mini\u00e8re : Dans les \u00e9quipements miniers, les v\u00e9rins de bras servent \u00e0 contr\u00f4ler le mouvement des bras des engins d'extraction et de transport du minerai.<\/li>\n<li>Logistique et transport : Dans les chariots \u00e9l\u00e9vateurs et les robots de manutention, les v\u00e9rins des bras contr\u00f4lent le levage et le d\u00e9placement des fourches, assurant ainsi la manutention et l'empilage des mat\u00e9riaux.<\/li>\n<\/ul>\n<h2>Consid\u00e9rations de conception et crit\u00e8res de s\u00e9lection<\/h2>\n<p>Lors du choix des v\u00e9rins de bras pour les machines, plusieurs consid\u00e9rations de conception et crit\u00e8res de s\u00e9lection doivent \u00eatre pris en compte, notamment\u00a0:<\/p>\n<h3>Capacit\u00e9 de charge<\/h3>\n<p>Le cylindre doit pouvoir supporter la charge maximale qu'il peut subir en fonctionnement normal, garantissant ainsi un fonctionnement s\u00fbr et stable de la machine.<\/p>\n<h3>Scellage<\/h3>\n<p>Le v\u00e9rin du bras doit \u00eatre parfaitement \u00e9tanche afin d'\u00e9viter les fuites d'huile hydraulique, susceptibles d'endommager la machine et de nuire \u00e0 l'environnement. Diff\u00e9rents composants d'\u00e9tanch\u00e9it\u00e9, tels que les joints de piston et les joints de tige, fabriqu\u00e9s \u00e0 partir de mat\u00e9riaux r\u00e9sistants \u00e0 l'usure comme le polyur\u00e9thane et le caoutchouc nitrile, garantissent l'\u00e9tanch\u00e9it\u00e9 du v\u00e9rin.<\/p>\n<h3>Durabilit\u00e9<\/h3>\n<p>Le v\u00e9rin du bras doit \u00eatre fabriqu\u00e9 \u00e0 partir de mat\u00e9riaux \u00e0 haute r\u00e9sistance, offrant une excellente r\u00e9sistance \u00e0 l'usure, \u00e0 la corrosion et une grande durabilit\u00e9, ce qui le rend adapt\u00e9 \u00e0 une utilisation \u00e0 long terme dans des environnements difficiles.<\/p>\n<h3>S\u00e9curit\u00e9<\/h3>\n<p>Le cylindre doit \u00eatre dot\u00e9 d'un m\u00e9canisme de s\u00e9curit\u00e9 emp\u00eachant toute surcharge ou tout dommage d\u00fb \u00e0 des conditions anormales, r\u00e9duisant ainsi le risque de blessure pour les op\u00e9rateurs et de dommages aux machines.<\/p>\n<h3>Entretien<\/h3>\n<p>Le v\u00e9rin doit \u00eatre con\u00e7u pour faciliter l'entretien et le remplacement des composants, r\u00e9duisant ainsi les temps d'arr\u00eat et les co\u00fbts de maintenance.<\/p>\n<p><img decoding=\"async\" src=\"https:\/\/www.hydraulic-cylinders.net\/wp-content\/uploads\/2025\/01\/songte-cylinder-head-with-all-kinds-excavator-models.webp\"><\/p>\n<h2>\u00c9tanch\u00e9it\u00e9 et lubrification<\/h2>\n<p>Afin de garantir l'\u00e9tanch\u00e9it\u00e9 des v\u00e9rins de bras, divers composants d'\u00e9tanch\u00e9it\u00e9, tels que des joints de piston et des joints de tige, sont utilis\u00e9s. Ces composants sont fabriqu\u00e9s \u00e0 partir de mat\u00e9riaux r\u00e9sistants \u00e0 l'usure, comme le polyur\u00e9thane et le caoutchouc nitrile. Le corps du v\u00e9rin et la surface d'extr\u00e9mit\u00e9 du filetage sont usin\u00e9s avec pr\u00e9cision pour am\u00e9liorer la r\u00e9sistance \u00e0 l'usure. L'injection r\u00e9guli\u00e8re d'une quantit\u00e9 appropri\u00e9e d'huile hydraulique assure la lubrification et le refroidissement du v\u00e9rin.<\/p>\n<h2>Inspection et maintenance pr\u00e9ventive<\/h2>\n<p>L'inspection r\u00e9guli\u00e8re et la maintenance pr\u00e9ventive sont importantes pour garantir le bon fonctionnement et la s\u00e9curit\u00e9 des v\u00e9rins. Les mesures suivantes doivent \u00eatre prises\u00a0:<\/p>\n<ul>\n<li>Contr\u00f4lez r\u00e9guli\u00e8rement l'\u00e9tanch\u00e9it\u00e9 du cylindre et remplacez les joints us\u00e9s \u00e0 temps.<\/li>\n<li>Nettoyez la surface du cylindre et retirez les d\u00e9bris afin d'\u00e9viter tout dommage.<\/li>\n<li>V\u00e9rifiez la capacit\u00e9 de charge du cylindre et remplacez-le \u00e0 temps en cas de risque de surcharge.<\/li>\n<li>V\u00e9rifiez le m\u00e9canisme de s\u00e9curit\u00e9 du cylindre et remplacez-le s'il est endommag\u00e9 ou d\u00e9fectueux.<\/li>\n<\/ul>\n<p><img decoding=\"async\" src=\"https:\/\/www.hydraulic-cylinders.net\/wp-content\/uploads\/2025\/01\/songte-chushion-collar.webp\"><\/p>\n<h2>Guide d'installation<\/h2>\n<p>Pour une installation correcte des v\u00e9rins de bras, les \u00e9tapes suivantes doivent \u00eatre respect\u00e9es\u00a0:<\/p>\n<ol>\n<li>Veillez \u00e0 ce que la surface d'installation soit propre et exempte de d\u00e9bris.<\/li>\n<li>Alignez le cylindre et la surface de montage, puis serrez les boulons de fixation au couple sp\u00e9cifi\u00e9.<\/li>\n<li>Raccordez les flexibles et les raccords hydrauliques au v\u00e9rin.<\/li>\n<li>Remplissez le syst\u00e8me hydraulique avec la quantit\u00e9 appropri\u00e9e d'huile hydraulique et v\u00e9rifiez l'absence de fuites.<\/li>\n<li>V\u00e9rifiez le fonctionnement du cylindre et ajustez-le si n\u00e9cessaire.<\/li>\n<\/ol>\n<p><img decoding=\"async\" src=\"https:\/\/www.hydraulic-cylinders.net\/wp-content\/uploads\/2025\/01\/songte-bushings-with-all-kinds-of-excavator-models.webp\"><\/p>\n<h2>Facteurs de s\u00e9curit\u00e9 et environnementaux<\/h2>\n<p>Lors de l'utilisation de v\u00e9rins \u00e0 bras, des mesures de s\u00e9curit\u00e9 doivent \u00eatre prises afin de pr\u00e9venir les accidents ou les blessures des op\u00e9rateurs. Ces mesures de s\u00e9curit\u00e9 comprennent\u00a0:<\/p>\n<ul>\n<li>Porter des v\u00eatements et des \u00e9quipements de protection lors de l'utilisation de machines.<\/li>\n<li>Utiliser les machines conform\u00e9ment aux instructions du fabricant et aux consignes de s\u00e9curit\u00e9.<\/li>\n<li>Assurer le bon \u00e9tat des machines et des v\u00e9rins de bras.<\/li>\n<li>Effectuer des inspections r\u00e9guli\u00e8res et la maintenance pr\u00e9ventive.<\/li>\n<\/ul>\n<p>Il convient \u00e9galement de tenir compte des facteurs environnementaux et de proc\u00e9der \u00e0 l'\u00e9limination appropri\u00e9e de l'huile hydraulique et des composants des v\u00e9rins afin d'\u00e9viter toute pollution de l'environnement.<\/p>\n<h2>Probl\u00e8mes courants et d\u00e9pannage<\/h2>\n<p>Les probl\u00e8mes courants pouvant survenir avec les cylindres de bras comprennent\u00a0:<\/p>\n<ul>\n<li>Fuite d'huile hydraulique due \u00e0 des joints us\u00e9s ou endommag\u00e9s.<\/li>\n<li>Capacit\u00e9 de charge r\u00e9duite en raison de l'usure ou des dommages.<\/li>\n<li>Bruit anormal d\u00fb \u00e0 des composants desserr\u00e9s ou endommag\u00e9s.<\/li>\n<li>Dysfonctionnement d\u00fb \u00e0 une d\u00e9faillance du m\u00e9canisme de s\u00e9curit\u00e9.<\/li>\n<\/ul>\n<p>Pour r\u00e9soudre ces probl\u00e8mes, veuillez utiliser les conseils et solutions suivants\u00a0:<\/p>\n<ul>\n<li>Remplacez les joints us\u00e9s ou endommag\u00e9s pour \u00e9viter les fuites d'huile hydraulique.<\/li>\n<li>Remplacez les roulements us\u00e9s ou endommag\u00e9s pour r\u00e9tablir la capacit\u00e9 de roulement du cylindre.<\/li>\n<li>Resserrer ou remplacer les composants desserr\u00e9s ou endommag\u00e9s pour \u00e9liminer les bruits anormaux.<\/li>\n<li>Remplacez le m\u00e9canisme de s\u00e9curit\u00e9 d\u00e9fectueux afin de garantir un fonctionnement s\u00fbr et fiable.<\/li>\n<\/ul>\n<p>Des mesures pr\u00e9ventives doivent \u00e9galement \u00eatre prises, telles que des inspections et un entretien r\u00e9guliers, afin de minimiser les probl\u00e8mes potentiels.<\/p>\n<p><img decoding=\"async\" src=\"https:\/\/www.hydraulic-cylinders.net\/wp-content\/uploads\/2025\/01\/songte-company-4.webp\"><br \/>\n<img decoding=\"async\" src=\"https:\/\/www.hydraulic-cylinders.net\/wp-content\/uploads\/2025\/01\/songte-company-3.webp\"><\/p>\n<h2>\u00c0 propos de nous<\/h2>\n<p>Nous sommes un fabricant professionnel de v\u00e9rins hydrauliques de remplacement, offrant une large gamme de produits et figurant parmi les principaux fabricants et distributeurs de v\u00e9rins hydrauliques sur les march\u00e9s nationaux et internationaux. Nous privil\u00e9gions l'excellence et nous appuyons sur une strat\u00e9gie de gestion de production industrialis\u00e9e, au sein d'ateliers de fabrication de pointe, pour am\u00e9liorer constamment nos technologies et notre productivit\u00e9. Gr\u00e2ce \u00e0 l'int\u00e9gration d'\u00e9quipements de fabrication num\u00e9rique haut de gamme et de syst\u00e8mes de test professionnels, nous optimisons en permanence notre plateforme de production, am\u00e9liorons nos processus de contr\u00f4le qualit\u00e9 et d\u00e9veloppons une forte capacit\u00e9 d'innovation. Notre objectif est de r\u00e9pondre aux besoins vari\u00e9s de nos clients avec efficacit\u00e9, pr\u00e9cision et qualit\u00e9.<\/p>\n<h3>Professionnalisme<\/h3>\n<p>Nous disposons d'une \u00e9quipe professionnelle poss\u00e9dant une vaste exp\u00e9rience dans la conception, la production et le contr\u00f4le qualit\u00e9 des v\u00e9rins hydrauliques, garantissant ainsi que nos produits r\u00e9pondent aux normes internationales et aux exigences de nos clients.<\/p>\n<h3>Certification internationale<\/h3>\n<p>Nos v\u00e9rins hydrauliques ont obtenu des certifications internationales telles que ISO9001, CE et SGS, garantissant la qualit\u00e9 et la s\u00e9curit\u00e9 de nos produits.<\/p>\n<h3>Services de personnalisation<\/h3>\n<p>Nous proposons des services de personnalisation pour les v\u00e9rins hydrauliques, en fonction des exigences du client et des applications sp\u00e9cifiques, afin de garantir les meilleures performances et la rentabilit\u00e9 de nos produits.<\/p>\n<h3>\u00c9quipement de production<\/h3>\n<p>Nos \u00e9quipements de fabrication sophistiqu\u00e9s, tels que les machines CNC et les syst\u00e8mes de test, nous permettent de produire des v\u00e9rins hydrauliques de haute qualit\u00e9 avec pr\u00e9cision et efficacit\u00e9.<\/p>\n<h3>Service apr\u00e8s-vente<\/h3>\n<p>Nous assurons un service apr\u00e8s-vente complet et un support technique afin que nos clients puissent utiliser nos produits en toute confiance et r\u00e9soudre tout probl\u00e8me rencontr\u00e9 lors de leur utilisation.<\/p>\n<p><em>Auteur : lyl<\/em><\/p>","protected":false},"excerpt":{"rendered":"<p>Arm Cylinder For Liebherr Large Excavator R954C Introduction An arm cylinder is a specially designed hydraulic cylinder that is primarily used to provide linear motion and power to the arms of various types of machinery, such as excavators, cranes, and robotic arms. The arm cylinder plays a key role in hydraulic systems, allowing for effective [&hellip;]<\/p>","protected":false},"featured_media":14777,"comment_status":"open","ping_status":"closed","template":"","meta":{"_et_pb_use_builder":"","_et_pb_old_content":"","_et_gb_content_width":""},"product_brand":[],"product_cat":[1497],"product_tag":[1498,1496],"class_list":{"0":"post-16569","1":"product","2":"type-product","3":"status-publish","4":"has-post-thumbnail","6":"product_cat-arm-cylinders","7":"product_tag-arm-cylinders","8":"product_tag-hydraulic-cylinders","10":"first","11":"instock","12":"shipping-taxable","13":"product-type-simple"},"amp_enabled":true,"_links":{"self":[{"href":"https:\/\/www.hydraulic-cylinders.net\/fr\/wp-json\/wp\/v2\/product\/16569","targetHints":{"allow":["GET"]}}],"collection":[{"href":"https:\/\/www.hydraulic-cylinders.net\/fr\/wp-json\/wp\/v2\/product"}],"about":[{"href":"https:\/\/www.hydraulic-cylinders.net\/fr\/wp-json\/wp\/v2\/types\/product"}],"replies":[{"embeddable":true,"href":"https:\/\/www.hydraulic-cylinders.net\/fr\/wp-json\/wp\/v2\/comments?post=16569"}],"wp:featuredmedia":[{"embeddable":true,"href":"https:\/\/www.hydraulic-cylinders.net\/fr\/wp-json\/wp\/v2\/media\/14777"}],"wp:attachment":[{"href":"https:\/\/www.hydraulic-cylinders.net\/fr\/wp-json\/wp\/v2\/media?parent=16569"}],"wp:term":[{"taxonomy":"product_brand","embeddable":true,"href":"https:\/\/www.hydraulic-cylinders.net\/fr\/wp-json\/wp\/v2\/product_brand?post=16569"},{"taxonomy":"product_cat","embeddable":true,"href":"https:\/\/www.hydraulic-cylinders.net\/fr\/wp-json\/wp\/v2\/product_cat?post=16569"},{"taxonomy":"product_tag","embeddable":true,"href":"https:\/\/www.hydraulic-cylinders.net\/fr\/wp-json\/wp\/v2\/product_tag?post=16569"}],"curies":[{"name":"wp","href":"https:\/\/api.w.org\/{rel}","templated":true}]}}