{"id":16608,"date":"2025-01-21T05:37:35","date_gmt":"2025-01-21T05:37:35","guid":{"rendered":"https:\/\/www.hydraulic-cylinders.net\/product\/arm-cylinder-for-ihi-small-excavator-ihi18v\/"},"modified":"2025-01-21T05:37:37","modified_gmt":"2025-01-21T05:37:37","slug":"arm-cylinder-for-ihi-small-excavator-ihi18v","status":"publish","type":"product","link":"https:\/\/www.hydraulic-cylinders.net\/fr\/produit\/arm-cylinder-for-ihi-small-excavator-ihi18v\/","title":{"rendered":"V\u00e9rin de bras pour mini-pelle IHI IHI18V"},"content":{"rendered":"<h1>V\u00e9rin de bras pour mini-pelle IHI IHI18V<\/h1>\n<h2>Introduction<\/h2>\n<p>Le v\u00e9rin de bras est un v\u00e9rin hydraulique sp\u00e9cialement con\u00e7u pour assurer le mouvement lin\u00e9aire et la puissance du bras de divers types d'engins, tels que les excavatrices, les grues et les bras robotis\u00e9s. Il joue un r\u00f4le essentiel dans les syst\u00e8mes hydrauliques, permettant le mouvement et le contr\u00f4le efficaces des accessoires. Ces v\u00e9rins garantissent non seulement un mouvement fluide, mais aussi une r\u00e9sistance aux charges importantes, assurant ainsi un fonctionnement efficace et une grande fiabilit\u00e9 des machines dans diverses conditions de travail.<\/p>\n<p><img decoding=\"async\" src=\"https:\/\/www.hydraulic-cylinders.net\/wp-content\/uploads\/2025\/01\/songte-company-2.webp\"><\/p>\n<h2>Caract\u00e9ristiques<\/h2>\n<ul>\n<li>Transmission \u00e0 haut rendement : Le v\u00e9rin du bras assure un mouvement lin\u00e9aire et une force puissants, garantissant un fonctionnement performant du bras robotis\u00e9 dans diverses t\u00e2ches.<\/li>\n<li>Contr\u00f4le pr\u00e9cis\u00a0: gr\u00e2ce au syst\u00e8me hydraulique, le v\u00e9rin du bras permet un contr\u00f4le pr\u00e9cis du mouvement, rendant le fonctionnement des accessoires plus flexible et pr\u00e9cis.<\/li>\n<li>Grande durabilit\u00e9 : les v\u00e9rins de bras sont g\u00e9n\u00e9ralement fabriqu\u00e9s \u00e0 partir de mat\u00e9riaux \u00e0 haute r\u00e9sistance, offrant une excellente r\u00e9sistance \u00e0 l'usure et \u00e0 la corrosion, adapt\u00e9s \u00e0 une utilisation \u00e0 long terme dans des environnements difficiles.<\/li>\n<li>Adaptabilit\u00e9 multifonctionnelle\u00a0: Ces v\u00e9rins peuvent \u00eatre largement utilis\u00e9s dans diverses machines, telles que les excavatrices, les grues et les bras robotis\u00e9s, s\u2019adaptant ainsi \u00e0 diff\u00e9rentes exigences de travail.<\/li>\n<li>Maintenance ais\u00e9e : La conception prend en compte la facilit\u00e9 d'entretien et de remplacement, ce qui rend les inspections et la maintenance r\u00e9guli\u00e8res plus pratiques et r\u00e9duit les temps d'arr\u00eat des \u00e9quipements.<\/li>\n<\/ul>\n<p><img decoding=\"async\" src=\"https:\/\/www.hydraulic-cylinders.net\/wp-content\/uploads\/2025\/01\/songte-oil-pipes-and-spare-parts.webp\"><\/p>\n<h2>Applications<\/h2>\n<ul>\n<li>G\u00e9nie civil : Dans les excavatrices et les grues, les v\u00e9rins de bras contr\u00f4lent le mouvement des godets ou des bras de fl\u00e8che, facilitant les travaux de terrassement, la manutention des mat\u00e9riaux et l'installation de structures.<\/li>\n<li>Industrie manufacturi\u00e8re\u00a0: Dans les lignes de production automatis\u00e9es, les v\u00e9rins de bras sont utilis\u00e9s pour le mouvement des bras robotis\u00e9s, permettant les processus d\u2019assemblage, de soudage et de manutention des mat\u00e9riaux, am\u00e9liorant ainsi l\u2019efficacit\u00e9 et la pr\u00e9cision de la production.<\/li>\n<li>Machines agricoles\u00a0: Dans les \u00e9quipements agricoles tels que les moissonneuses-batteuses et les semoirs, les v\u00e9rins de bras contr\u00f4lent le mouvement des bras de travail, effectuant des t\u00e2ches comme le semis, la fertilisation et la r\u00e9colte.<\/li>\n<li>Exploitation mini\u00e8re : Dans les \u00e9quipements miniers, les v\u00e9rins de bras contr\u00f4lent le mouvement des bras des machines mini\u00e8res, facilitant ainsi l'extraction et le transport du minerai.<\/li>\n<li>Logistique et transport : Dans les chariots \u00e9l\u00e9vateurs et les robots de manutention, les v\u00e9rins des bras contr\u00f4lent le levage et le d\u00e9placement des fourches, r\u00e9alisant ainsi les op\u00e9rations de manutention et d'empilage des mat\u00e9riaux.<\/li>\n<\/ul>\n<h2>Consid\u00e9rations de conception et crit\u00e8res de s\u00e9lection<\/h2>\n<ul>\n<li>Capacit\u00e9 de charge : Le v\u00e9rin du bras doit \u00eatre con\u00e7u pour supporter la charge pr\u00e9vue afin de garantir un fonctionnement s\u00fbr et fiable.<\/li>\n<li>\u00c9tanch\u00e9it\u00e9\u00a0: Diff\u00e9rents composants d\u2019\u00e9tanch\u00e9it\u00e9, tels que les joints de piston et les joints de tige, sont utilis\u00e9s pour assurer une \u00e9tanch\u00e9it\u00e9 efficace. Ces joints sont fabriqu\u00e9s \u00e0 partir de mat\u00e9riaux r\u00e9sistants \u00e0 l\u2019usure comme le polyur\u00e9thane et le caoutchouc nitrile.<\/li>\n<li>Durabilit\u00e9 : Le corps du cylindre et la surface d'extr\u00e9mit\u00e9 filet\u00e9e subissent un traitement soign\u00e9 pour am\u00e9liorer la r\u00e9sistance \u00e0 l'usure.<\/li>\n<li>S\u00e9curit\u00e9 : Des dispositifs de s\u00e9curit\u00e9 doivent \u00eatre int\u00e9gr\u00e9s \u00e0 la conception afin de pr\u00e9venir les accidents et d'assurer la protection de l'op\u00e9rateur.<\/li>\n<li>Facilit\u00e9 d'entretien : une lubrification r\u00e9guli\u00e8re avec une huile hydraulique appropri\u00e9e et une accessibilit\u00e9 ais\u00e9e pour l'entretien et les r\u00e9parations sont des consid\u00e9rations essentielles lors de la conception.<\/li>\n<\/ul>\n<p><img decoding=\"async\" src=\"https:\/\/www.hydraulic-cylinders.net\/wp-content\/uploads\/2025\/01\/songte-cylinder-head-with-all-kinds-excavator-models.webp\"><\/p>\n<h2>\u00c9tanch\u00e9it\u00e9 et lubrification<\/h2>\n<p>Le v\u00e9rin de bras utilise divers joints d'\u00e9tanch\u00e9it\u00e9, tels que des joints de piston et de tige, fabriqu\u00e9s en mat\u00e9riaux r\u00e9sistants \u00e0 l'usure comme le polyur\u00e9thane et le caoutchouc nitrile. Le corps du v\u00e9rin et la surface d'extr\u00e9mit\u00e9 filet\u00e9e b\u00e9n\u00e9ficient d'un traitement de surface optimis\u00e9 pour une meilleure r\u00e9sistance \u00e0 l'usure. Une lubrification r\u00e9guli\u00e8re avec une quantit\u00e9 appropri\u00e9e d'huile hydraulique est indispensable pour garantir un fonctionnement fluide et prolonger la dur\u00e9e de vie du v\u00e9rin.<\/p>\n<h2>Inspection r\u00e9guli\u00e8re et maintenance pr\u00e9ventive<\/h2>\n<ul>\n<li>Inspectez r\u00e9guli\u00e8rement le cylindre afin de d\u00e9celer tout signe d'usure, de fuite ou de dommage.<\/li>\n<li>V\u00e9rifiez le niveau et la qualit\u00e9 de l'huile hydraulique pour assurer une lubrification correcte.<\/li>\n<li>Resserrer les raccords et les connexions desserr\u00e9s.<\/li>\n<li>Remplacez rapidement les joints et les composants us\u00e9s.<\/li>\n<li>Respectez le programme d'entretien recommand\u00e9 par le fabricant.<\/li>\n<\/ul>\n<h2>Guide d'installation du produit<\/h2>\n<p>1. Assurez-vous que l'\u00e9quipement est hors tension et isol\u00e9 du syst\u00e8me hydraulique.<\/p>\n<p>2. Positionnez le v\u00e9rin du bras \u00e0 l'emplacement de montage d\u00e9sign\u00e9.<\/p>\n<p>3. Alignez les raccords hydrauliques et fixez-les \u00e0 l'aide de raccords appropri\u00e9s.<\/p>\n<p>4. V\u00e9rifiez une derni\u00e8re fois que toutes les connexions sont bien serr\u00e9es et correctement align\u00e9es.<\/p>\n<p>5. Raccordez les flexibles hydrauliques au v\u00e9rin, en veillant \u00e0 ce qu'ils soient correctement achemin\u00e9s et exempts de coudes ou d'obstacles.<\/p>\n<p>6. Check the cylinder&#8217;s range of motion to ensure it operates smoothly and without interference.<\/p>\n<p>7. Purgez l'air du syst\u00e8me hydraulique.<\/p>\n<p><img decoding=\"async\" src=\"https:\/\/www.hydraulic-cylinders.net\/wp-content\/uploads\/2025\/01\/songte-bushings-with-all-kinds-of-excavator-models.webp\"><\/p>\n<h2>Consid\u00e9rations de s\u00e9curit\u00e9 et facteurs environnementaux<\/h2>\n<p>Lors de l'utilisation de v\u00e9rins \u00e0 bras, il est essentiel de respecter scrupuleusement les consignes de s\u00e9curit\u00e9 afin de pr\u00e9venir les accidents et de garantir la s\u00e9curit\u00e9 des op\u00e9rateurs. Ces consignes comprennent la formation, les inspections r\u00e9guli\u00e8res et le respect des consignes de s\u00e9curit\u00e9. Les facteurs environnementaux tels que la temp\u00e9rature, l'humidit\u00e9 et la poussi\u00e8re doivent \u00e9galement \u00eatre pris en compte pour assurer des performances optimales et une longue dur\u00e9e de vie aux v\u00e9rins.<\/p>\n<h2>D\u00e9pannage et probl\u00e8mes courants<\/h2>\n<p>1. Probl\u00e8me : Fuite autour des joints du cylindre.<\/p>\n<p>Solution\u00a0: V\u00e9rifier et remplacer les joints us\u00e9s. S\u2019assurer d\u2019une installation et d\u2019une lubrification correctes.<\/p>\n<p>2. Probl\u00e8me : Force insuffisante ou mouvement lent du bras.<\/p>\n<p>Solution\u00a0: Inspectez le syst\u00e8me hydraulique afin de d\u00e9tecter d\u2019\u00e9ventuelles fuites ou un niveau de fluide insuffisant. V\u00e9rifiez le bon fonctionnement de la pompe et des vannes.<\/p>\n<p>3. Probl\u00e8me : Bruit excessif pendant le fonctionnement.<\/p>\n<p>Solution\u00a0: V\u00e9rifiez le serrage des fixations et des composants. Lubrifiez les pi\u00e8ces mobiles si n\u00e9cessaire.<\/p>\n<p><img decoding=\"async\" src=\"https:\/\/www.hydraulic-cylinders.net\/wp-content\/uploads\/2025\/01\/songte-chushion-collar.webp\"><\/p>\n<h2>Conclusion<\/h2>\n<p>En conclusion, nous sommes un fabricant professionnel de v\u00e9rins hydrauliques de remplacement, offrant une vaste gamme de produits. Nous figurons parmi les principaux fabricants et grossistes de v\u00e9rins hydrauliques sur les march\u00e9s nationaux et internationaux. Ax\u00e9s sur l'excellence et dot\u00e9s d'installations de production de pointe, nous nous effor\u00e7ons de fournir des produits de haute qualit\u00e9 et de r\u00e9pondre aux divers besoins de nos clients. Notre entreprise est fi\u00e8re de son professionnalisme, de ses certifications internationales, de ses services personnalis\u00e9s, de ses \u00e9quipements de production ultramodernes et de son service apr\u00e8s-vente complet.<\/p>\n<p><img decoding=\"async\" src=\"https:\/\/www.hydraulic-cylinders.net\/wp-content\/uploads\/2025\/01\/songte-company-4.webp\"><\/p>\n<p><img decoding=\"async\" src=\"https:\/\/www.hydraulic-cylinders.net\/wp-content\/uploads\/2025\/01\/songte-company-3.webp\"><\/p>\n<p>Auteur : lyl.<\/p>","protected":false},"excerpt":{"rendered":"<p>Arm Cylinder For IHI Small Excavator IHI18V Introduction The arm cylinder is a specially designed hydraulic cylinder that provides linear motion and power to the arm of various types of machinery, such as excavators, cranes, and robotic arms. It plays a key role in hydraulic systems, allowing for the efficient movement and control of attachments [&hellip;]<\/p>","protected":false},"featured_media":14779,"comment_status":"open","ping_status":"closed","template":"","meta":{"_et_pb_use_builder":"","_et_pb_old_content":"","_et_gb_content_width":""},"product_brand":[],"product_cat":[1497],"product_tag":[1498,1496],"class_list":{"0":"post-16608","1":"product","2":"type-product","3":"status-publish","4":"has-post-thumbnail","6":"product_cat-arm-cylinders","7":"product_tag-arm-cylinders","8":"product_tag-hydraulic-cylinders","10":"first","11":"instock","12":"shipping-taxable","13":"product-type-simple"},"amp_enabled":true,"_links":{"self":[{"href":"https:\/\/www.hydraulic-cylinders.net\/fr\/wp-json\/wp\/v2\/product\/16608","targetHints":{"allow":["GET"]}}],"collection":[{"href":"https:\/\/www.hydraulic-cylinders.net\/fr\/wp-json\/wp\/v2\/product"}],"about":[{"href":"https:\/\/www.hydraulic-cylinders.net\/fr\/wp-json\/wp\/v2\/types\/product"}],"replies":[{"embeddable":true,"href":"https:\/\/www.hydraulic-cylinders.net\/fr\/wp-json\/wp\/v2\/comments?post=16608"}],"wp:featuredmedia":[{"embeddable":true,"href":"https:\/\/www.hydraulic-cylinders.net\/fr\/wp-json\/wp\/v2\/media\/14779"}],"wp:attachment":[{"href":"https:\/\/www.hydraulic-cylinders.net\/fr\/wp-json\/wp\/v2\/media?parent=16608"}],"wp:term":[{"taxonomy":"product_brand","embeddable":true,"href":"https:\/\/www.hydraulic-cylinders.net\/fr\/wp-json\/wp\/v2\/product_brand?post=16608"},{"taxonomy":"product_cat","embeddable":true,"href":"https:\/\/www.hydraulic-cylinders.net\/fr\/wp-json\/wp\/v2\/product_cat?post=16608"},{"taxonomy":"product_tag","embeddable":true,"href":"https:\/\/www.hydraulic-cylinders.net\/fr\/wp-json\/wp\/v2\/product_tag?post=16608"}],"curies":[{"name":"wp","href":"https:\/\/api.w.org\/{rel}","templated":true}]}}