{"id":16649,"date":"2025-01-21T05:44:10","date_gmt":"2025-01-21T05:44:10","guid":{"rendered":"https:\/\/www.hydraulic-cylinders.net\/product\/arm-cylinder-for-case-small-excavator-cx75\/"},"modified":"2025-01-21T05:44:12","modified_gmt":"2025-01-21T05:44:12","slug":"arm-cylinder-for-case-small-excavator-cx75","status":"publish","type":"product","link":"https:\/\/www.hydraulic-cylinders.net\/fr\/produit\/arm-cylinder-for-case-small-excavator-cx75\/","title":{"rendered":"V\u00e9rin de bras pour mini-pelle Case CX75"},"content":{"rendered":"<h1>V\u00e9rin de bras pour mini-pelle Case CX75<\/h1>\n<h2>Introduction<\/h2>\n<p>Le v\u00e9rin de bras pour mini-pelle Case CX75 est un v\u00e9rin hydraulique sp\u00e9cialement con\u00e7u pour fournir un mouvement lin\u00e9aire et de la puissance aux bras de divers types d'engins, tels que les pelles, les grues et les bras m\u00e9caniques. Ce v\u00e9rin joue un r\u00f4le essentiel dans les syst\u00e8mes hydrauliques, permettant le mouvement et le contr\u00f4le efficaces des outils ou accessoires. Ces v\u00e9rins assurent non seulement un mouvement fluide, mais supportent \u00e9galement des charges importantes, garantissant ainsi un fonctionnement efficace et une grande fiabilit\u00e9 de la machine dans diverses conditions d'utilisation.<\/p>\n<p><img decoding=\"async\" src=\"https:\/\/www.hydraulic-cylinders.net\/wp-content\/uploads\/2025\/01\/songte-company-2.webp\"><\/p>\n<h2>Caract\u00e9ristiques<\/h2>\n<ul>\n<li>Transmission \u00e0 haut rendement : Le v\u00e9rin du bras assure un mouvement lin\u00e9aire et une force puissants, garantissant des performances \u00e0 haut rendement dans diverses op\u00e9rations.<\/li>\n<li>Contr\u00f4le pr\u00e9cis\u00a0: gr\u00e2ce au syst\u00e8me hydraulique, le v\u00e9rin du bras permet un contr\u00f4le pr\u00e9cis des mouvements, rendant l\u2019utilisation des outils suppl\u00e9mentaires plus flexible et pr\u00e9cise.<\/li>\n<li>Grande durabilit\u00e9 : les v\u00e9rins de bras sont g\u00e9n\u00e9ralement fabriqu\u00e9s \u00e0 partir de mat\u00e9riaux \u00e0 haute r\u00e9sistance, offrant une bonne r\u00e9sistance \u00e0 l'usure et \u00e0 la corrosion, et adapt\u00e9s \u00e0 une utilisation \u00e0 long terme dans des environnements difficiles.<\/li>\n<li>Adaptabilit\u00e9 multifonctionnelle : Ces v\u00e9rins peuvent \u00eatre largement utilis\u00e9s dans divers \u00e9quipements m\u00e9caniques, tels que les excavatrices, les grues et les bras m\u00e9caniques, afin de r\u00e9pondre \u00e0 diff\u00e9rentes exigences de travail.<\/li>\n<li>Maintenance ais\u00e9e : La conception prend en compte la facilit\u00e9 d'entretien et de remplacement, ce qui rend l'inspection et la maintenance r\u00e9guli\u00e8res plus pratiques et r\u00e9duit les temps d'arr\u00eat des \u00e9quipements.<\/li>\n<\/ul>\n<p>Nous pouvons fabriquer ce produit, et notre produit peut parfaitement remplacer ces v\u00e9rins hydrauliques.<\/p>\n<p><img decoding=\"async\" src=\"https:\/\/www.hydraulic-cylinders.net\/wp-content\/uploads\/2025\/01\/songte-oil-pipes-and-spare-parts.webp\"><\/p>\n<h2>Applications<\/h2>\n<ul>\n<li>G\u00e9nie civil : Dans les excavatrices et les grues, le v\u00e9rin de bras sert \u00e0 contr\u00f4ler le mouvement du godet ou de la fl\u00e8che, pour les travaux de terrassement, la manutention de mat\u00e9riaux et l'installation de structures.<\/li>\n<li>Industrie manufacturi\u00e8re\u00a0: Dans les lignes de production automatis\u00e9es, le v\u00e9rin \u00e0 bras est utilis\u00e9 pour le mouvement des bras m\u00e9caniques, pour l\u2019assemblage, le soudage et la manutention des mat\u00e9riaux, afin d\u2019am\u00e9liorer l\u2019efficacit\u00e9 et la pr\u00e9cision de la production.<\/li>\n<li>Machines agricoles\u00a0: Dans les machines agricoles telles que les moissonneuses-batteuses et les semoirs, le v\u00e9rin du bras contr\u00f4le le mouvement des bras de travail, effectuant des t\u00e2ches telles que la plantation, la fertilisation et la r\u00e9colte.<\/li>\n<li>Exploitation mini\u00e8re : Dans les \u00e9quipements miniers, le v\u00e9rin de bras sert \u00e0 contr\u00f4ler le mouvement du bras de l'\u00e9quipement, pour l'extraction et la manutention des mat\u00e9riaux.<\/li>\n<li>Logistique et transport : Dans les chariots \u00e9l\u00e9vateurs et les robots de manutention, le v\u00e9rin du bras est utilis\u00e9 pour contr\u00f4ler le levage et le mouvement de la fourche, afin de r\u00e9aliser la manutention et l'empilage des mat\u00e9riaux.<\/li>\n<\/ul>\n<h2>Consid\u00e9rations de conception et crit\u00e8res de s\u00e9lection<\/h2>\n<ul>\n<li>Capacit\u00e9 de charge : Le v\u00e9rin du bras doit \u00eatre con\u00e7u pour supporter la charge de la machine et des outils ou accessoires suppl\u00e9mentaires.<\/li>\n<li>\u00c9tanch\u00e9it\u00e9 : Le v\u00e9rin du bras doit \u00eatre parfaitement \u00e9tanche afin d'\u00e9viter les fuites de fluide hydraulique et d'assurer le bon fonctionnement du syst\u00e8me hydraulique.<\/li>\n<li>Durabilit\u00e9 : Le cylindre du bras doit \u00eatre fabriqu\u00e9 \u00e0 partir de mat\u00e9riaux \u00e0 haute r\u00e9sistance pour r\u00e9sister \u00e0 l'usure et \u00e0 la corrosion, et convient \u00e0 une utilisation \u00e0 long terme dans des environnements difficiles.<\/li>\n<li>S\u00e9curit\u00e9 : Le v\u00e9rin du bras doit \u00eatre con\u00e7u avec des dispositifs de s\u00e9curit\u00e9 afin de pr\u00e9venir les accidents et d'assurer la s\u00e9curit\u00e9 du personnel et du mat\u00e9riel.<\/li>\n<li>Maintenance : Le v\u00e9rin du bras doit \u00eatre con\u00e7u pour faciliter la maintenance et la r\u00e9paration, afin de r\u00e9duire les temps d'arr\u00eat et d'assurer la fiabilit\u00e9 de l'\u00e9quipement.<\/li>\n<\/ul>\n<p><img decoding=\"async\" src=\"https:\/\/www.hydraulic-cylinders.net\/wp-content\/uploads\/2025\/01\/songte-cylinder-head-with-all-kinds-excavator-models.webp\"><\/p>\n<h2>\u00c9tanch\u00e9it\u00e9 et lubrification<\/h2>\n<p>Le v\u00e9rin de bras utilise divers composants d'\u00e9tanch\u00e9it\u00e9, tels que des joints de piston et des joints de tige, en polyur\u00e9thane et en caoutchouc nitrile, pour garantir sa durabilit\u00e9 et sa r\u00e9sistance \u00e0 l'usure. Le corps du v\u00e9rin et les surfaces d'extr\u00e9mit\u00e9 filet\u00e9es sont usin\u00e9s avec pr\u00e9cision pour une meilleure r\u00e9sistance \u00e0 l'usure. L'entretien r\u00e9gulier consiste \u00e0 ajouter la quantit\u00e9 appropri\u00e9e d'huile hydraulique pour lubrifier le v\u00e9rin.<\/p>\n<p><img decoding=\"async\" src=\"https:\/\/www.hydraulic-cylinders.net\/wp-content\/uploads\/2025\/01\/songte-chushion-collar.webp\"><\/p>\n<h2>Maintenance et d\u00e9pannage<\/h2>\n<p>Une inspection r\u00e9guli\u00e8re et un entretien pr\u00e9ventif sont essentiels au bon fonctionnement et \u00e0 la long\u00e9vit\u00e9 du v\u00e9rin. Voici quelques probl\u00e8mes courants et conseils de d\u00e9pannage\u00a0:<\/p>\n<ul>\n<li>Fuite de fluide hydraulique\u00a0: v\u00e9rifiez l\u2019\u00e9tat du corps du v\u00e9rin et des joints d\u2019\u00e9tanch\u00e9it\u00e9 et remplacez-les sans tarder.<\/li>\n<li>Bruit anormal pendant le fonctionnement\u00a0: v\u00e9rifiez que le cylindre n\u2019est pas endommag\u00e9 ou encrass\u00e9, et nettoyez-le ou r\u00e9parez-le si n\u00e9cessaire.<\/li>\n<li>Performances m\u00e9diocres ou panne : v\u00e9rifiez le syst\u00e8me hydraulique et le v\u00e9rin pour d\u00e9tecter tout dommage ou blocage, et r\u00e9parez ou remplacez-les si n\u00e9cessaire.<\/li>\n<\/ul>\n<p>Les mesures pr\u00e9ventives comprennent l'inspection et l'entretien r\u00e9guliers, le nettoyage et la lubrification du cylindre, ainsi que l'utilisation et la manipulation correctes de l'\u00e9quipement afin d'\u00e9viter les dommages ou les accidents.<\/p>\n<h2>Guide d'installation<\/h2>\n<p>Une installation correcte du v\u00e9rin est essentielle \u00e0 son bon fonctionnement et \u00e0 la s\u00e9curit\u00e9. Voici quelques instructions g\u00e9n\u00e9rales d'installation\u00a0:<\/p>\n<ol>\n<li>Pr\u00e9parez la surface de montage et assurez-vous qu'elle soit plane et propre.<\/li>\n<li>Fixez le cylindre \u00e0 la surface de montage \u00e0 l'aide de boulons ou de supports appropri\u00e9s, en veillant \u00e0 un ajustement serr\u00e9 et s\u00e9curis\u00e9.<\/li>\n<li>Raccordez les flexibles et les raccords hydrauliques au v\u00e9rin, en veillant \u00e0 un alignement et un serrage corrects.<\/li>\n<li>V\u00e9rifiez le bon fonctionnement du cylindre et recherchez toute fuite ou anomalie.<\/li>\n<\/ol>\n<p><img decoding=\"async\" src=\"https:\/\/www.hydraulic-cylinders.net\/wp-content\/uploads\/2025\/01\/songte-bushings-with-all-kinds-of-excavator-models.webp\"><\/p>\n<h2>Consid\u00e9rations relatives \u00e0 la s\u00e9curit\u00e9 et \u00e0 l'environnement<\/h2>\n<p>Le v\u00e9rin du bras doit \u00eatre manipul\u00e9 et utilis\u00e9 en respectant les consignes de s\u00e9curit\u00e9 afin de pr\u00e9venir tout accident ou blessure. L'huile hydraulique utilis\u00e9e dans le v\u00e9rin doit \u00eatre \u00e9limin\u00e9e conform\u00e9ment \u00e0 la r\u00e9glementation en vigueur afin d'\u00e9viter toute contamination de l'environnement.<\/p>\n<h2>\u00c0 propos de nous<\/h2>\n<p>Nous sommes un fabricant professionnel de v\u00e9rins hydrauliques de remplacement, proposant une large gamme de produits et figurant parmi les principaux fabricants et distributeurs de v\u00e9rins hydrauliques sur les march\u00e9s nationaux et internationaux. Nous privil\u00e9gions l'excellence, nous appuyons sur des strat\u00e9gies de gestion de production industrialis\u00e9e au sein d'ateliers de fabrication de pointe, nous am\u00e9liorons constamment notre niveau technique et notre productivit\u00e9, et nous poss\u00e9dons une forte capacit\u00e9 d'innovation. Notre objectif est de r\u00e9pondre aux besoins vari\u00e9s de nos clients avec efficacit\u00e9, pr\u00e9cision et un souci constant de la qualit\u00e9.<\/p>\n<p>Nous proposons des services professionnels et personnalis\u00e9s, b\u00e9n\u00e9ficiant de certifications internationales et d'\u00e9quipements de production de pointe, ainsi que d'un service apr\u00e8s-vente complet. Nous nous engageons \u00e0 fournir \u00e0 nos clients des produits et services de haute qualit\u00e9.<\/p>\n<p><img decoding=\"async\" src=\"https:\/\/www.hydraulic-cylinders.net\/wp-content\/uploads\/2025\/01\/songte-company-4.webp\"><br \/>\n<img decoding=\"async\" src=\"https:\/\/www.hydraulic-cylinders.net\/wp-content\/uploads\/2025\/01\/songte-company-3.webp\"><\/p>\n<p>Auteur : lyl.<\/p>","protected":false},"excerpt":{"rendered":"<p>Arm Cylinder For Case Small Excavator CX75 Introduction The Arm Cylinder for Case Small Excavator CX75 is a specially designed hydraulic cylinder that is primarily used to provide linear motion and power to the arms of various types of machinery, such as excavators, cranes, and mechanical arms. The arm cylinder plays a critical role in [&hellip;]<\/p>","protected":false},"featured_media":14779,"comment_status":"open","ping_status":"closed","template":"","meta":{"_et_pb_use_builder":"","_et_pb_old_content":"","_et_gb_content_width":""},"product_brand":[],"product_cat":[1497],"product_tag":[1498,1496],"class_list":{"0":"post-16649","1":"product","2":"type-product","3":"status-publish","4":"has-post-thumbnail","6":"product_cat-arm-cylinders","7":"product_tag-arm-cylinders","8":"product_tag-hydraulic-cylinders","10":"first","11":"instock","12":"shipping-taxable","13":"product-type-simple"},"amp_enabled":true,"_links":{"self":[{"href":"https:\/\/www.hydraulic-cylinders.net\/fr\/wp-json\/wp\/v2\/product\/16649","targetHints":{"allow":["GET"]}}],"collection":[{"href":"https:\/\/www.hydraulic-cylinders.net\/fr\/wp-json\/wp\/v2\/product"}],"about":[{"href":"https:\/\/www.hydraulic-cylinders.net\/fr\/wp-json\/wp\/v2\/types\/product"}],"replies":[{"embeddable":true,"href":"https:\/\/www.hydraulic-cylinders.net\/fr\/wp-json\/wp\/v2\/comments?post=16649"}],"wp:featuredmedia":[{"embeddable":true,"href":"https:\/\/www.hydraulic-cylinders.net\/fr\/wp-json\/wp\/v2\/media\/14779"}],"wp:attachment":[{"href":"https:\/\/www.hydraulic-cylinders.net\/fr\/wp-json\/wp\/v2\/media?parent=16649"}],"wp:term":[{"taxonomy":"product_brand","embeddable":true,"href":"https:\/\/www.hydraulic-cylinders.net\/fr\/wp-json\/wp\/v2\/product_brand?post=16649"},{"taxonomy":"product_cat","embeddable":true,"href":"https:\/\/www.hydraulic-cylinders.net\/fr\/wp-json\/wp\/v2\/product_cat?post=16649"},{"taxonomy":"product_tag","embeddable":true,"href":"https:\/\/www.hydraulic-cylinders.net\/fr\/wp-json\/wp\/v2\/product_tag?post=16649"}],"curies":[{"name":"wp","href":"https:\/\/api.w.org\/{rel}","templated":true}]}}