{"id":16678,"date":"2025-01-21T05:46:22","date_gmt":"2025-01-21T05:46:22","guid":{"rendered":"https:\/\/www.hydraulic-cylinders.net\/product\/arm-cylinder-for-world-large-excavator-w2330lc-8\/"},"modified":"2025-01-21T05:46:24","modified_gmt":"2025-01-21T05:46:24","slug":"arm-cylinder-for-world-large-excavator-w2330lc-8","status":"publish","type":"product","link":"https:\/\/www.hydraulic-cylinders.net\/fr\/produit\/arm-cylinder-for-world-large-excavator-w2330lc-8\/","title":{"rendered":"V\u00e9rin de bras pour pelle hydraulique de grande taille W2330LC-8"},"content":{"rendered":"<p><!DOCTYPE html><br \/>\n<html><br \/>\n<head><br \/>\n<title>V\u00e9rin de bras pour pelle hydraulique de grande taille W2330LC-8<\/title><br \/>\n<\/head><br \/>\n<body><\/p>\n<h1>V\u00e9rin de bras pour pelle hydraulique de grande taille W2330LC-8<\/h1>\n<h2>Introduction<\/h2>\n<p>Le v\u00e9rin de bras est un v\u00e9rin hydraulique sp\u00e9cialement con\u00e7u pour assurer le mouvement lin\u00e9aire et la puissance du bras de diverses machines, telles que les excavatrices, les grues et les bras m\u00e9caniques. Il joue un r\u00f4le crucial dans les syst\u00e8mes hydrauliques, permettant le d\u00e9placement et le contr\u00f4le efficaces des outils ou accessoires. Ces v\u00e9rins garantissent non seulement un mouvement fluide, mais aussi une r\u00e9sistance aux charges importantes, assurant ainsi une efficacit\u00e9 et une fiabilit\u00e9 \u00e9lev\u00e9es de la machine dans diverses conditions d'utilisation.<\/p>\n<p><img decoding=\"async\" src=\"https:\/\/www.hydraulic-cylinders.net\/wp-content\/uploads\/2025\/01\/songte-company-2.webp\" alt=\"Image du cylindre de bras\"><\/p>\n<h2>Caract\u00e9ristiques<\/h2>\n<ul>\n<li><strong>Transmission \u00e0 haut rendement :<\/strong> Le v\u00e9rin du bras assure un mouvement lin\u00e9aire et une force puissants, garantissant ainsi des performances \u00e9lev\u00e9es du bras m\u00e9canique dans diverses op\u00e9rations.<\/li>\n<li><strong>Contr\u00f4le pr\u00e9cis :<\/strong> Gr\u00e2ce au syst\u00e8me hydraulique, le v\u00e9rin du bras permet un contr\u00f4le pr\u00e9cis du mouvement, rendant le fonctionnement des outils fix\u00e9s plus flexible et pr\u00e9cis.<\/li>\n<li><strong>Durabilit\u00e9:<\/strong> Les v\u00e9rins de bras sont g\u00e9n\u00e9ralement fabriqu\u00e9s \u00e0 partir de mat\u00e9riaux \u00e0 haute r\u00e9sistance, offrant une excellente r\u00e9sistance \u00e0 l'usure et \u00e0 la corrosion, ce qui les rend adapt\u00e9s \u00e0 une utilisation \u00e0 long terme dans des environnements difficiles.<\/li>\n<li><strong>Adaptabilit\u00e9 multifonctionnelle\u00a0:<\/strong> Ces v\u00e9rins peuvent \u00eatre largement utilis\u00e9s dans divers \u00e9quipements de machines, tels que les excavatrices, les grues et les bras m\u00e9caniques, s'adaptant ainsi \u00e0 diff\u00e9rentes exigences de travail.<\/li>\n<li><strong>Entretien facile\u00a0:<\/strong> La conception prend en compte la facilit\u00e9 d'entretien et de remplacement, ce qui rend les inspections et la maintenance r\u00e9guli\u00e8res plus pratiques et r\u00e9duit les temps d'arr\u00eat des \u00e9quipements.<\/li>\n<\/ul>\n<p><img decoding=\"async\" src=\"https:\/\/www.hydraulic-cylinders.net\/wp-content\/uploads\/2025\/01\/songte-oil-pipes-and-spare-parts.webp\" alt=\"Pi\u00e8ces de rechange pour cylindre de bras\"><\/p>\n<h2>Applications<\/h2>\n<p>Le v\u00e9rin \u00e0 bras trouve des applications dans diverses industries\u00a0:<\/p>\n<ul>\n<li><strong>G\u00e9nie civil :<\/strong> Dans les excavatrices et les grues, le v\u00e9rin du bras contr\u00f4le le mouvement du godet ou de la fl\u00e8che pour les travaux de terrassement, la manutention de mat\u00e9riaux et l'installation de structures.<\/li>\n<li><strong>Fabrication:<\/strong> Dans les lignes de production automatis\u00e9es, le v\u00e9rin de bras facilite le mouvement des bras m\u00e9caniques pour les processus d'assemblage, de soudage et de manutention, am\u00e9liorant ainsi l'efficacit\u00e9 et la pr\u00e9cision de la production.<\/li>\n<li><strong>Machines agricoles :<\/strong> Dans les \u00e9quipements agricoles tels que les moissonneuses-batteuses et les semoirs, le v\u00e9rin du bras contr\u00f4le le mouvement du bras op\u00e9rateur, effectuant des t\u00e2ches comme le semis, la fertilisation et la r\u00e9colte.<\/li>\n<li><strong>Exploitation mini\u00e8re:<\/strong> Dans les \u00e9quipements miniers, le v\u00e9rin du bras contr\u00f4le le mouvement de ce dernier pour l'extraction et le transport des minerais.<\/li>\n<li><strong>Logistique et transport :<\/strong> Dans les chariots \u00e9l\u00e9vateurs et les robots de manutention, le v\u00e9rin du bras contr\u00f4le le levage et le mouvement des fourches, permettant la manutention et l'empilage des mat\u00e9riaux.<\/li>\n<\/ul>\n<h2>Consid\u00e9rations de conception et crit\u00e8res de s\u00e9lection<\/h2>\n<p>En ce qui concerne la conception et le choix des v\u00e9rins de bras, divers facteurs doivent \u00eatre pris en compte\u00a0:<\/p>\n<ul>\n<li><strong>Capacit\u00e9 de charge :<\/strong> Le v\u00e9rin du bras doit pouvoir supporter les charges requises sans compromettre ses performances.<\/li>\n<li><strong>Scellage:<\/strong> Divers composants d'\u00e9tanch\u00e9it\u00e9, tels que les joints de piston et les joints de tige, fabriqu\u00e9s \u00e0 partir de mat\u00e9riaux r\u00e9sistants \u00e0 l'usure comme le polyur\u00e9thane et le caoutchouc nitrile, assurent une \u00e9tanch\u00e9it\u00e9 efficace.<\/li>\n<li><strong>Durabilit\u00e9:<\/strong> Le corps du cylindre et les extr\u00e9mit\u00e9s filet\u00e9es subissent un traitement de pr\u00e9cision pour am\u00e9liorer la r\u00e9sistance \u00e0 l'usure.<\/li>\n<li><strong>S\u00e9curit\u00e9:<\/strong> Les v\u00e9rins \u00e0 bras doivent r\u00e9pondre aux normes de s\u00e9curit\u00e9 et \u00eatre dot\u00e9s de m\u00e9canismes de verrouillage fiables afin de pr\u00e9venir les accidents.<\/li>\n<li><strong>Maintenabilit\u00e9 :<\/strong> Une lubrification r\u00e9guli\u00e8re avec une huile hydraulique appropri\u00e9e et un acc\u00e8s facile pour l'entretien et la r\u00e9paration sont des consid\u00e9rations essentielles.<\/li>\n<\/ul>\n<p><img decoding=\"async\" src=\"https:\/\/www.hydraulic-cylinders.net\/wp-content\/uploads\/2025\/01\/songte-cylinder-head-with-all-kinds-excavator-models.webp\" alt=\"Image de la culasse\"><\/p>\n<h2>\u00c9tanch\u00e9it\u00e9 et lubrification<\/h2>\n<p>Les v\u00e9rins de bras utilisent divers composants d'\u00e9tanch\u00e9it\u00e9 pour garantir leur bon fonctionnement. Des \u00e9l\u00e9ments tels que les joints de piston et les joints de tige, fabriqu\u00e9s en mat\u00e9riaux r\u00e9sistants \u00e0 l'usure comme le polyur\u00e9thane et le caoutchouc nitrile, assurent une \u00e9tanch\u00e9it\u00e9 efficace. Le corps du v\u00e9rin et ses extr\u00e9mit\u00e9s filet\u00e9es font l'objet d'un traitement de pr\u00e9cision afin d'accro\u00eetre leur r\u00e9sistance \u00e0 l'usure. Une lubrification r\u00e9guli\u00e8re avec l'huile hydraulique appropri\u00e9e est indispensable pour un fonctionnement optimal.<\/p>\n<h2>Inspection r\u00e9guli\u00e8re et maintenance pr\u00e9ventive<\/h2>\n<p>Pour garantir des performances optimales et pr\u00e9venir les probl\u00e8mes potentiels, une inspection r\u00e9guli\u00e8re et une maintenance pr\u00e9ventive sont essentielles. Les principales mesures comprennent\u00a0:<\/p>\n<ul>\n<li>Inspection des joints et remplacement des composants us\u00e9s.<\/li>\n<li>V\u00e9rifier l'absence de fuites et les r\u00e9parer rapidement.<\/li>\n<li>Surveillance et maintien des niveaux de lubrification appropri\u00e9s.<\/li>\n<li>Resserrer les raccords et les connexions desserr\u00e9s.<\/li>\n<li>S'assurer du bon fonctionnement des dispositifs de s\u00e9curit\u00e9.<\/li>\n<\/ul>\n<h2>Guide d'installation<\/h2>\n<p>Une installation correcte est essentielle pour garantir des performances optimales et une longue dur\u00e9e de vie au v\u00e9rin. Suivez ces instructions\u00a0:<\/p>\n<ul>\n<li>Veillez \u00e0 ce que l'\u00e9quipement soit correctement fix\u00e9 et stable pendant l'installation.<\/li>\n<li>Alignez le v\u00e9rin du bras avec les points de fixation et fixez-le \u00e0 l'aide des fixations appropri\u00e9es.<\/li>\n<li>Consultez les instructions du fabricant pour conna\u00eetre les sp\u00e9cifications de couple.<\/li>\n<li>Raccordez les flexibles ou les conduites hydrauliques en veillant \u00e0 un acheminement correct et \u00e0 des connexions s\u00e9curis\u00e9es.<\/li>\n<li>Apr\u00e8s l'installation, effectuez une inspection approfondie afin de confirmer le bon fonctionnement.<\/li>\n<\/ul>\n<p><img decoding=\"async\" src=\"https:\/\/www.hydraulic-cylinders.net\/wp-content\/uploads\/2025\/01\/songte-bushings-with-all-kinds-of-excavator-models.webp\" alt=\"Douilles de cylindre de bras\"><\/p>\n<h2>Consid\u00e9rations de s\u00e9curit\u00e9 et facteurs environnementaux<\/h2>\n<p>Lors de l'utilisation de v\u00e9rins \u00e0 bras, les mesures de s\u00e9curit\u00e9 sont primordiales. Le respect des protocoles et consignes de s\u00e9curit\u00e9 pr\u00e9vient les accidents et garantit la s\u00e9curit\u00e9 des op\u00e9rateurs et du mat\u00e9riel. Les facteurs environnementaux, tels que la temp\u00e9rature et l'exposition \u00e0 des substances corrosives, doivent \u00e9galement \u00eatre pris en compte pour assurer des performances optimales et une longue dur\u00e9e de vie.<\/p>\n<h2>D\u00e9pannage et probl\u00e8mes courants<\/h2>\n<p>Les v\u00e9rins peuvent pr\u00e9senter des dysfonctionnements occasionnels. Voici quelques \u00e9tapes et solutions de d\u00e9pannage courantes\u00a0:<\/p>\n<ul>\n<li>Si le v\u00e9rin du bras ne bouge pas, v\u00e9rifiez s'il y a des blocages ou des dysfonctionnements du syst\u00e8me hydraulique.<\/li>\n<li>Une fuite excessive peut indiquer des joints us\u00e9s, qui doivent \u00eatre remplac\u00e9s rapidement.<\/li>\n<li>Des bruits inhabituels pendant le fonctionnement peuvent indiquer un mauvais alignement ou des composants endommag\u00e9s.<\/li>\n<li>Une perte de puissance ou un mauvais fonctionnement peuvent \u00eatre caus\u00e9s par une pression hydraulique insuffisante ou une lubrification inad\u00e9quate.<\/li>\n<\/ul>\n<p><img decoding=\"async\" src=\"https:\/\/www.hydraulic-cylinders.net\/wp-content\/uploads\/2025\/01\/songte-chushion-collar.webp\" alt=\"Composants du cylindre de bras\"><\/p>\n<p>En suivant ces \u00e9tapes de d\u00e9pannage et en mettant en \u0153uvre des mesures pr\u00e9ventives, les lecteurs peuvent diagnostiquer et r\u00e9soudre efficacement les probl\u00e8mes, minimisant ainsi les risques de dysfonctionnements.<\/p>\n<h2>\u00c0 propos de notre entreprise<\/h2>\n<p>Nous sommes un fabricant professionnel de v\u00e9rins hydrauliques de remplacement offrant une large gamme de produits. Nous figurons parmi les principaux fabricants et grossistes de v\u00e9rins hydrauliques sur les march\u00e9s nationaux et internationaux. Anim\u00e9s par une volont\u00e9 d'excellence, nous am\u00e9liorons constamment notre expertise technique et notre efficacit\u00e9 de production gr\u00e2ce \u00e0 des processus de fabrication optimis\u00e9s. L'introduction d'\u00e9quipements de fabrication num\u00e9rique de pointe et de syst\u00e8mes de test professionnels nous permet d'optimiser notre plateforme de production et de renforcer nos processus de contr\u00f4le qualit\u00e9, garantissant ainsi notre forte capacit\u00e9 d'innovation. Notre objectif est de r\u00e9pondre aux besoins vari\u00e9s de nos clients en nous appuyant sur les principes d'efficacit\u00e9, de pr\u00e9cision et de haute qualit\u00e9.<\/p>\n<p><img decoding=\"async\" src=\"https:\/\/www.hydraulic-cylinders.net\/wp-content\/uploads\/2025\/01\/songte-company-4.webp\" alt=\"Image de l&#039;entreprise\"><br \/>\n<img decoding=\"async\" src=\"https:\/\/www.hydraulic-cylinders.net\/wp-content\/uploads\/2025\/01\/songte-company-3.webp\" alt=\"Image de l&#039;entreprise\"><\/p>\n<p>Nous sommes fiers de notre professionnalisme, de nos certifications internationales, de nos services personnalis\u00e9s, de nos \u00e9quipements de production et de notre service apr\u00e8s-vente. Nous mettons tout en \u0153uvre pour offrir \u00e0 nos clients les meilleures solutions et les meilleurs services.<\/p>\n<p>Auteur : lyl<\/p>\n<p><\/body><br \/>\n<\/html><\/p>","protected":false},"excerpt":{"rendered":"<p>Arm Cylinder For World Large Excavator W2330LC-8 Arm Cylinder For World Large Excavator W2330LC-8 Introduction The arm cylinder is a specially designed hydraulic cylinder that provides linear motion and power to the arm of various machinery, such as excavators, cranes, and mechanical arms. It plays a crucial role in hydraulic systems, enabling the efficient movement [&hellip;]<\/p>","protected":false},"featured_media":14783,"comment_status":"open","ping_status":"closed","template":"","meta":{"_et_pb_use_builder":"","_et_pb_old_content":"","_et_gb_content_width":""},"product_brand":[],"product_cat":[1497],"product_tag":[1498,1496],"class_list":{"0":"post-16678","1":"product","2":"type-product","3":"status-publish","4":"has-post-thumbnail","6":"product_cat-arm-cylinders","7":"product_tag-arm-cylinders","8":"product_tag-hydraulic-cylinders","10":"first","11":"instock","12":"shipping-taxable","13":"product-type-simple"},"amp_enabled":true,"_links":{"self":[{"href":"https:\/\/www.hydraulic-cylinders.net\/fr\/wp-json\/wp\/v2\/product\/16678","targetHints":{"allow":["GET"]}}],"collection":[{"href":"https:\/\/www.hydraulic-cylinders.net\/fr\/wp-json\/wp\/v2\/product"}],"about":[{"href":"https:\/\/www.hydraulic-cylinders.net\/fr\/wp-json\/wp\/v2\/types\/product"}],"replies":[{"embeddable":true,"href":"https:\/\/www.hydraulic-cylinders.net\/fr\/wp-json\/wp\/v2\/comments?post=16678"}],"wp:featuredmedia":[{"embeddable":true,"href":"https:\/\/www.hydraulic-cylinders.net\/fr\/wp-json\/wp\/v2\/media\/14783"}],"wp:attachment":[{"href":"https:\/\/www.hydraulic-cylinders.net\/fr\/wp-json\/wp\/v2\/media?parent=16678"}],"wp:term":[{"taxonomy":"product_brand","embeddable":true,"href":"https:\/\/www.hydraulic-cylinders.net\/fr\/wp-json\/wp\/v2\/product_brand?post=16678"},{"taxonomy":"product_cat","embeddable":true,"href":"https:\/\/www.hydraulic-cylinders.net\/fr\/wp-json\/wp\/v2\/product_cat?post=16678"},{"taxonomy":"product_tag","embeddable":true,"href":"https:\/\/www.hydraulic-cylinders.net\/fr\/wp-json\/wp\/v2\/product_tag?post=16678"}],"curies":[{"name":"wp","href":"https:\/\/api.w.org\/{rel}","templated":true}]}}