{"id":16688,"date":"2025-01-21T05:47:02","date_gmt":"2025-01-21T05:47:02","guid":{"rendered":"https:\/\/www.hydraulic-cylinders.net\/product\/arm-cylinder-for-jingong-wheel-type-jcm909l\/"},"modified":"2025-01-21T05:47:08","modified_gmt":"2025-01-21T05:47:08","slug":"arm-cylinder-for-jingong-wheel-type-jcm909l","status":"publish","type":"product","link":"https:\/\/www.hydraulic-cylinders.net\/fr\/produit\/arm-cylinder-for-jingong-wheel-type-jcm909l\/","title":{"rendered":"V\u00e9rin de bras pour roue Jingong type JCM909L"},"content":{"rendered":"<h1>V\u00e9rin de bras pour roue Jingong type JCM909L<\/h1>\n<h2>Introduction<\/h2>\n<p>Un v\u00e9rin de bras est un v\u00e9rin hydraulique sp\u00e9cialement con\u00e7u pour fournir un mouvement lin\u00e9aire et de la puissance aux bras de divers types d'engins, tels que les excavatrices, les grues et les bras m\u00e9caniques. Les v\u00e9rins de bras jouent un r\u00f4le essentiel dans les syst\u00e8mes hydrauliques, permettant le d\u00e9placement et le contr\u00f4le pr\u00e9cis des accessoires. Ces v\u00e9rins assurent non seulement un mouvement fluide, mais supportent \u00e9galement des charges importantes, garantissant ainsi le fonctionnement efficace et la fiabilit\u00e9 des machines dans diverses conditions de travail.<\/p>\n<p><img decoding=\"async\" src=\"https:\/\/www.hydraulic-cylinders.net\/wp-content\/uploads\/2025\/01\/songte-company-2.webp\"><\/p>\n<h2>Caract\u00e9ristiques<\/h2>\n<ul>\n<li>\n<h3>Transmission \u00e0 haut rendement<\/h3>\n<p>Un v\u00e9rin de bras peut fournir un mouvement lin\u00e9aire et une force puissants, garantissant ainsi une performance \u00e0 haut rendement du bras m\u00e9canique dans diverses op\u00e9rations.<\/p>\n<\/li>\n<li>\n<h3>Contr\u00f4le pr\u00e9cis<\/h3>\n<p>Gr\u00e2ce au syst\u00e8me hydraulique, le v\u00e9rin du bras permet un contr\u00f4le pr\u00e9cis du mouvement, rendant le fonctionnement des accessoires plus flexible et pr\u00e9cis.<\/p>\n<\/li>\n<li>\n<h3>Grande durabilit\u00e9<\/h3>\n<p>Les v\u00e9rins de bras sont g\u00e9n\u00e9ralement fabriqu\u00e9s \u00e0 partir de mat\u00e9riaux \u00e0 haute r\u00e9sistance, qui pr\u00e9sentent une bonne r\u00e9sistance \u00e0 l'usure et \u00e0 la corrosion, et sont adapt\u00e9s \u00e0 une utilisation \u00e0 long terme dans des environnements difficiles.<\/p>\n<\/li>\n<li>\n<h3>Adaptabilit\u00e9 multifonctionnelle<\/h3>\n<p>Ces v\u00e9rins peuvent \u00eatre largement utilis\u00e9s dans divers \u00e9quipements m\u00e9caniques, tels que les excavatrices, les grues et les bras m\u00e9caniques, s'adaptant ainsi \u00e0 diff\u00e9rentes exigences de travail.<\/p>\n<\/li>\n<li>\n<h3>Entretien facile<\/h3>\n<p>Con\u00e7us pour faciliter l'entretien et le remplacement, les contr\u00f4les et la maintenance r\u00e9guliers sont simplifi\u00e9s, r\u00e9duisant ainsi les temps d'arr\u00eat des \u00e9quipements.<\/p>\n<\/li>\n<\/ul>\n<p>Nous pouvons fabriquer ce produit comme un remplacement parfait pour ces v\u00e9rins hydrauliques.<\/p>\n<p><img decoding=\"async\" src=\"https:\/\/www.hydraulic-cylinders.net\/wp-content\/uploads\/2025\/01\/songte-oil-pipes-and-spare-parts.webp\"><\/p>\n<h2>Applications<\/h2>\n<p>Les v\u00e9rins \u00e0 bras sont utilis\u00e9s dans diverses industries, notamment\u00a0:<\/p>\n<ul>\n<li>\n<h3>Ing\u00e9nierie de la construction<\/h3>\n<p>Dans les excavatrices et les grues, les v\u00e9rins de bras servent \u00e0 contr\u00f4ler le mouvement des godets ou des fl\u00e8ches pour les travaux de terrassement, la manutention de mat\u00e9riaux et l'installation de structures.<\/p>\n<\/li>\n<li>\n<h3>Industrie manufacturi\u00e8re<\/h3>\n<p>Dans les lignes de production automatis\u00e9es, les v\u00e9rins de bras sont utilis\u00e9s pour le mouvement des bras m\u00e9caniques afin d'effectuer des op\u00e9rations d'assemblage, de soudage et de manutention, am\u00e9liorant ainsi l'efficacit\u00e9 et la pr\u00e9cision de la production.<\/p>\n<\/li>\n<li>\n<h3>machines agricoles<\/h3>\n<p>Dans les machines agricoles telles que les moissonneuses-batteuses et les semoirs, les v\u00e9rins de bras contr\u00f4lent le mouvement du bras op\u00e9rateur, effectuant des t\u00e2ches telles que la plantation, la fertilisation et la r\u00e9colte.<\/p>\n<\/li>\n<li>\n<h3>Exploitation mini\u00e8re<\/h3>\n<p>Dans les \u00e9quipements miniers, les v\u00e9rins de bras servent \u00e0 contr\u00f4ler le mouvement des bras des engins d'extraction et de transport du minerai.<\/p>\n<\/li>\n<li>\n<h3>Logistique et transport<\/h3>\n<p>Dans les chariots \u00e9l\u00e9vateurs et les robots de manutention, les v\u00e9rins de bras servent \u00e0 contr\u00f4ler le levage et le mouvement de la fourche, permettant ainsi la manutention et l'empilage des mat\u00e9riaux.<\/p>\n<\/li>\n<\/ul>\n<h2>Consid\u00e9rations de conception et crit\u00e8res de s\u00e9lection<\/h2>\n<ul>\n<li>\n<h3>Capacit\u00e9 de charge<\/h3>\n<p>Les v\u00e9rins de bras doivent \u00eatre con\u00e7us pour r\u00e9sister aux charges pr\u00e9vues pendant leur fonctionnement afin de garantir une utilisation s\u00fbre et fiable.<\/p>\n<\/li>\n<li>\n<h3>Performances d'\u00e9tanch\u00e9it\u00e9<\/h3>\n<p>Diff\u00e9rents types de joints, tels que les joints de piston et les joints de tige, doivent \u00eatre utilis\u00e9s pour pr\u00e9venir les fuites de fluide et maintenir les performances du cylindre.<\/p>\n<\/li>\n<li>\n<h3>Durabilit\u00e9<\/h3>\n<p>Les v\u00e9rins de bras doivent \u00eatre fabriqu\u00e9s \u00e0 partir de mat\u00e9riaux \u00e0 haute r\u00e9sistance et subir un traitement de surface fin afin d'am\u00e9liorer leur r\u00e9sistance \u00e0 l'usure et \u00e0 la corrosion.<\/p>\n<\/li>\n<li>\n<h3>S\u00e9curit\u00e9<\/h3>\n<p>Les v\u00e9rins \u00e0 bras doivent \u00eatre con\u00e7us en tenant compte de la s\u00e9curit\u00e9, avec des mesures visant \u00e0 pr\u00e9venir les accidents lors de leur fonctionnement.<\/p>\n<\/li>\n<li>\n<h3>Entretien<\/h3>\n<p>Les v\u00e9rins de bras doivent \u00eatre con\u00e7us pour faciliter la maintenance et la r\u00e9paration afin de r\u00e9duire les temps d'arr\u00eat et les co\u00fbts des \u00e9quipements.<\/p>\n<\/li>\n<\/ul>\n<p><img decoding=\"async\" src=\"https:\/\/www.hydraulic-cylinders.net\/wp-content\/uploads\/2025\/01\/songte-cylinder-head-with-all-kinds-excavator-models.webp\"><\/p>\n<h2>\u00c9tanch\u00e9it\u00e9 et lubrification<\/h2>\n<p>Divers joints, tels que les joints de piston et les joints de tige, doivent \u00eatre utilis\u00e9s dans les v\u00e9rins de bras pour pr\u00e9venir les fuites de fluide et garantir le bon fonctionnement du v\u00e9rin. Ces joints doivent \u00eatre fabriqu\u00e9s dans des mat\u00e9riaux r\u00e9sistants \u00e0 l'usure, comme le polyur\u00e9thane et le caoutchouc nitrile. De plus, le corps du v\u00e9rin et la surface filet\u00e9e doivent \u00eatre usin\u00e9s avec pr\u00e9cision afin d'am\u00e9liorer leur r\u00e9sistance \u00e0 l'usure. Une lubrification r\u00e9guli\u00e8re avec une huile hydraulique appropri\u00e9e est \u00e9galement n\u00e9cessaire pour assurer un fonctionnement fluide et efficace du v\u00e9rin.<\/p>\n<h2>Maintenance pr\u00e9ventive et d\u00e9pannage<\/h2>\n<p>Des inspections et un entretien r\u00e9guliers doivent \u00eatre effectu\u00e9s afin de pr\u00e9venir les probl\u00e8mes potentiels et de garantir la fiabilit\u00e9 et les performances des v\u00e9rins. Le d\u00e9pannage peut comprendre\u00a0:<\/p>\n<ul>\n<li>\n<h3>Fuite<\/h3>\n<p>V\u00e9rifiez si les joints sont endommag\u00e9s ou us\u00e9s et remplacez-les si n\u00e9cessaire.<\/p>\n<\/li>\n<li>\n<h3>Faible efficacit\u00e9<\/h3>\n<p>V\u00e9rifiez le bon fonctionnement du v\u00e9rin et contr\u00f4lez le syst\u00e8me hydraulique afin de d\u00e9tecter tout dysfonctionnement susceptible d'affecter son efficacit\u00e9.<\/p>\n<\/li>\n<li>\n<h3>Bruit<\/h3>\n<p>V\u00e9rifiez si le cylindre est correctement lubrifi\u00e9 et s'il y a des obstructions ou des dommages au niveau du piston ou de la tige.<\/p>\n<\/li>\n<\/ul>\n<p>Les mesures pr\u00e9ventives peuvent inclure\u00a0:<\/p>\n<ul>\n<li>\n<h3>Inspections r\u00e9guli\u00e8res<\/h3>\n<p>Inspectez r\u00e9guli\u00e8rement le cylindre pour d\u00e9tecter tout signe d'usure ou de dommage et remplacez les composants si n\u00e9cessaire.<\/p>\n<\/li>\n<li>\n<h3>Lubrification ad\u00e9quate<\/h3>\n<p>Assurez-vous que le cylindre est correctement lubrifi\u00e9 avec une huile hydraulique appropri\u00e9e.<\/p>\n<\/li>\n<li>\n<h3>Mesures de s\u00e9curit\u00e9<\/h3>\n<p>Veillez \u00e0 ce que le cylindre soit correctement install\u00e9 et utilis\u00e9 conform\u00e9ment aux consignes de s\u00e9curit\u00e9 afin de pr\u00e9venir les accidents.<\/p>\n<\/li>\n<\/ul>\n<p><img decoding=\"async\" src=\"https:\/\/www.hydraulic-cylinders.net\/wp-content\/uploads\/2025\/01\/songte-chushion-collar.webp\"><\/p>\n<h2>Guide d'installation<\/h2>\n<p>Lors de l'installation d'un cylindre de bras, suivez ces \u00e9tapes\u00a0:<\/p>\n<ol>\n<li>Veillez \u00e0 ce que l'\u00e9quipement soit correctement soutenu et fix\u00e9 afin d'\u00e9viter les accidents.<\/li>\n<li>Retirez tous les composants anciens ou endommag\u00e9s du cylindre et pr\u00e9parez le nouveau cylindre pour son installation.<\/li>\n<li>Ins\u00e9rez la tige de piston dans le cylindre et fixez-la avec le contre-\u00e9crou.<\/li>\n<li>Installez le cylindre sur l'\u00e9quipement et fixez-le en place \u00e0 l'aide de boulons ou de goupilles.<\/li>\n<li>Raccordez les conduites hydrauliques au v\u00e9rin et remplissez-le d'huile hydraulique appropri\u00e9e.<\/li>\n<li>V\u00e9rifiez le bon fonctionnement du cylindre et recherchez tout signe de fuite ou de dommage.<\/li>\n<\/ol>\n<p><img decoding=\"async\" src=\"https:\/\/www.hydraulic-cylinders.net\/wp-content\/uploads\/2025\/01\/songte-bushings-with-all-kinds-of-excavator-models.webp\"><\/p>\n<h2>Consid\u00e9rations relatives \u00e0 la s\u00e9curit\u00e9 et \u00e0 l'environnement<\/h2>\n<p>La s\u00e9curit\u00e9 est primordiale lors de la manipulation d'\u00e9quipements hydrauliques. Veillez \u00e0 respecter scrupuleusement toutes les consignes de s\u00e9curit\u00e9 lors de l'installation, de l'utilisation et de la maintenance afin de pr\u00e9venir les accidents et les blessures. De plus, les v\u00e9rins de bras doivent \u00eatre mis au rebut conform\u00e9ment \u00e0 la r\u00e9glementation en vigueur afin de pr\u00e9venir toute pollution environnementale.<\/p>\n<h2>Pr\u00e9sentation de l'entreprise<\/h2>\n<p>Nous sommes un fabricant professionnel de v\u00e9rins hydrauliques de remplacement, proposant une large gamme de produits. Figurant parmi les principaux fabricants et distributeurs de v\u00e9rins hydrauliques sur les march\u00e9s nationaux et internationaux, nous nous engageons \u00e0 fournir une qualit\u00e9 irr\u00e9prochable. Notre strat\u00e9gie de gestion de la production, int\u00e9gr\u00e9e \u00e0 un atelier de fabrication performant, nous permet d'am\u00e9liorer constamment nos technologies et notre productivit\u00e9. Gr\u00e2ce \u00e0 l'adoption d'\u00e9quipements de fabrication num\u00e9rique de pointe et de syst\u00e8mes de test professionnels, nous optimisons en permanence notre plateforme de production et am\u00e9liorons notre processus de contr\u00f4le qualit\u00e9, t\u00e9moignant ainsi de notre forte capacit\u00e9 d'innovation. Notre objectif est de r\u00e9pondre aux besoins vari\u00e9s de nos clients avec efficacit\u00e9, pr\u00e9cision et exigence de qualit\u00e9.<\/p>\n<p>Notre entreprise propose des services professionnels, des certifications internationales, des services personnalis\u00e9s, des \u00e9quipements de production et un service apr\u00e8s-vente afin de r\u00e9pondre aux besoins de ses clients. Nous disposons d'une \u00e9quipe de professionnels d\u00e9vou\u00e9s, engag\u00e9s \u00e0 fournir des produits et des services de haute qualit\u00e9.<\/p>\n<p><img decoding=\"async\" src=\"https:\/\/www.hydraulic-cylinders.net\/wp-content\/uploads\/2025\/01\/songte-company-4.webp\"><br \/>\n<img decoding=\"async\" src=\"https:\/\/www.hydraulic-cylinders.net\/wp-content\/uploads\/2025\/01\/songte-company-3.webp\"><\/p>\n<p>Auteur : lyl<\/p>","protected":false},"excerpt":{"rendered":"<p>Arm Cylinder For Jingong Wheel Type JCM909L Introduction An arm cylinder is a specially designed hydraulic cylinder that is mainly used to provide linear motion and power to the arms of various types of machinery, such as excavators, cranes, and mechanical arms. Arm cylinders play a key role in hydraulic systems, allowing attachments or accessories [&hellip;]<\/p>","protected":false},"featured_media":14783,"comment_status":"open","ping_status":"closed","template":"","meta":{"_et_pb_use_builder":"","_et_pb_old_content":"","_et_gb_content_width":""},"product_brand":[],"product_cat":[1497],"product_tag":[1498,1496],"class_list":{"0":"post-16688","1":"product","2":"type-product","3":"status-publish","4":"has-post-thumbnail","6":"product_cat-arm-cylinders","7":"product_tag-arm-cylinders","8":"product_tag-hydraulic-cylinders","10":"first","11":"instock","12":"shipping-taxable","13":"product-type-simple"},"amp_enabled":true,"_links":{"self":[{"href":"https:\/\/www.hydraulic-cylinders.net\/fr\/wp-json\/wp\/v2\/product\/16688","targetHints":{"allow":["GET"]}}],"collection":[{"href":"https:\/\/www.hydraulic-cylinders.net\/fr\/wp-json\/wp\/v2\/product"}],"about":[{"href":"https:\/\/www.hydraulic-cylinders.net\/fr\/wp-json\/wp\/v2\/types\/product"}],"replies":[{"embeddable":true,"href":"https:\/\/www.hydraulic-cylinders.net\/fr\/wp-json\/wp\/v2\/comments?post=16688"}],"wp:featuredmedia":[{"embeddable":true,"href":"https:\/\/www.hydraulic-cylinders.net\/fr\/wp-json\/wp\/v2\/media\/14783"}],"wp:attachment":[{"href":"https:\/\/www.hydraulic-cylinders.net\/fr\/wp-json\/wp\/v2\/media?parent=16688"}],"wp:term":[{"taxonomy":"product_brand","embeddable":true,"href":"https:\/\/www.hydraulic-cylinders.net\/fr\/wp-json\/wp\/v2\/product_brand?post=16688"},{"taxonomy":"product_cat","embeddable":true,"href":"https:\/\/www.hydraulic-cylinders.net\/fr\/wp-json\/wp\/v2\/product_cat?post=16688"},{"taxonomy":"product_tag","embeddable":true,"href":"https:\/\/www.hydraulic-cylinders.net\/fr\/wp-json\/wp\/v2\/product_tag?post=16688"}],"curies":[{"name":"wp","href":"https:\/\/api.w.org\/{rel}","templated":true}]}}