{"id":16695,"date":"2025-01-21T05:47:37","date_gmt":"2025-01-21T05:47:37","guid":{"rendered":"https:\/\/www.hydraulic-cylinders.net\/product\/arm-cylinder-for-jchi-ns75-7\/"},"modified":"2025-01-21T05:47:39","modified_gmt":"2025-01-21T05:47:39","slug":"arm-cylinder-for-jchi-ns75-7","status":"publish","type":"product","link":"https:\/\/www.hydraulic-cylinders.net\/fr\/produit\/arm-cylinder-for-jchi-ns75-7\/","title":{"rendered":"Cylindre de bras pour JCHI NS75-7"},"content":{"rendered":"<h2>Cylindre de bras pour JCHI NS75-7<\/h2>\n<h3>Introduction<\/h3>\n<p>Un v\u00e9rin de bras est un v\u00e9rin hydraulique sp\u00e9cialement con\u00e7u pour fournir un mouvement lin\u00e9aire et de la puissance au bras de diverses machines, telles que les excavatrices, les grues et les bras robotis\u00e9s. Ce v\u00e9rin joue un r\u00f4le crucial dans les syst\u00e8mes hydrauliques, permettant le d\u00e9placement et le contr\u00f4le pr\u00e9cis des outils ou accessoires qui y sont fix\u00e9s. Ces v\u00e9rins assurent non seulement un mouvement fluide, mais supportent \u00e9galement des charges importantes, garantissant ainsi le fonctionnement efficace et la fiabilit\u00e9 des machines dans diverses conditions de travail.<\/p>\n<p><img decoding=\"async\" src=\"https:\/\/www.hydraulic-cylinders.net\/wp-content\/uploads\/2025\/01\/songte-company-2.webp\"><\/p>\n<h3>Caract\u00e9ristiques<\/h3>\n<ul>\n<li>Transmission de puissance \u00e0 haut rendement : Le v\u00e9rin du bras peut fournir un mouvement lin\u00e9aire et une force puissants, garantissant ainsi des performances \u00e0 haut rendement du bras robotique dans diverses op\u00e9rations.<\/li>\n<li>Contr\u00f4le pr\u00e9cis\u00a0: gr\u00e2ce au syst\u00e8me hydraulique, le v\u00e9rin du bras permet un contr\u00f4le pr\u00e9cis du mouvement, rendant l\u2019utilisation des outils fix\u00e9s plus flexible et pr\u00e9cise.<\/li>\n<li>Grande durabilit\u00e9 : Le cylindre du bras est g\u00e9n\u00e9ralement fabriqu\u00e9 \u00e0 partir de mat\u00e9riaux \u00e0 haute r\u00e9sistance, offrant une bonne r\u00e9sistance \u00e0 l'usure et \u00e0 la corrosion, ce qui le rend adapt\u00e9 \u00e0 une utilisation \u00e0 long terme dans des environnements difficiles.<\/li>\n<li>Adaptabilit\u00e9 multifonctionnelle\u00a0: Ces v\u00e9rins peuvent \u00eatre largement utilis\u00e9s dans diff\u00e9rents types de machines telles que les excavatrices, les grues et les bras robotis\u00e9s, s\u2019adaptant ainsi \u00e0 diff\u00e9rentes exigences de travail.<\/li>\n<li>Maintenance facile : Con\u00e7u pour \u00eatre facile \u00e0 entretenir et \u00e0 remplacer, le v\u00e9rin du bras facilite les contr\u00f4les et la maintenance r\u00e9guliers, r\u00e9duisant ainsi les temps d'arr\u00eat des \u00e9quipements.<\/li>\n<\/ul>\n<p>Nous pouvons produire ce produit et notre produit peut parfaitement remplacer ces v\u00e9rins hydrauliques.<\/p>\n<p><img decoding=\"async\" src=\"https:\/\/www.hydraulic-cylinders.net\/wp-content\/uploads\/2025\/01\/songte-oil-pipes-and-spare-parts.webp\"><\/p>\n<h3>Applications<\/h3>\n<ul>\n<li>G\u00e9nie civil : Dans les excavatrices et les grues, le v\u00e9rin du bras sert \u00e0 contr\u00f4ler le mouvement du godet ou de la fl\u00e8che pour les travaux de terrassement, la manutention de mat\u00e9riaux et l'installation de structures.<\/li>\n<li>Industrie manufacturi\u00e8re\u00a0: Dans les lignes de production automatis\u00e9es, le v\u00e9rin de bras est utilis\u00e9 pour le mouvement des bras robotis\u00e9s lors des processus d\u2019assemblage, de soudage et de manutention des mat\u00e9riaux, am\u00e9liorant ainsi l\u2019efficacit\u00e9 et la pr\u00e9cision de la production.<\/li>\n<li>Machines agricoles\u00a0: Dans les machines agricoles telles que les moissonneuses-batteuses et les semoirs, le v\u00e9rin du bras contr\u00f4le le mouvement du bras op\u00e9rateur pour des t\u00e2ches telles que la plantation, la fertilisation et la r\u00e9colte.<\/li>\n<li>Exploitation mini\u00e8re : Dans les \u00e9quipements miniers, le v\u00e9rin de bras sert \u00e0 contr\u00f4ler le mouvement du bras de l'\u00e9quipement pour l'extraction et le transport des min\u00e9raux.<\/li>\n<li>Logistique et transport : Dans les chariots \u00e9l\u00e9vateurs et les robots de manutention, le v\u00e9rin du bras est utilis\u00e9 pour contr\u00f4ler le levage et le d\u00e9placement de la charge, permettant la manutention et l'empilage des mat\u00e9riaux.<\/li>\n<\/ul>\n<h3>Consid\u00e9rations de conception et normes de s\u00e9lection<\/h3>\n<ul>\n<li>Capacit\u00e9 de charge : Le v\u00e9rin du bras doit \u00eatre con\u00e7u pour supporter la charge maximale qu'il est cens\u00e9 supporter, garantissant ainsi un fonctionnement s\u00fbr et efficace.<\/li>\n<li>\u00c9tanch\u00e9it\u00e9 : Le v\u00e9rin utilise divers composants d'\u00e9tanch\u00e9it\u00e9 tels que des joints de piston et des joints de tige fabriqu\u00e9s \u00e0 partir de mat\u00e9riaux r\u00e9sistants \u00e0 l'usure comme le polyur\u00e9thane et le caoutchouc nitrile pour assurer une bonne \u00e9tanch\u00e9it\u00e9 et pr\u00e9venir les fuites hydrauliques.<\/li>\n<li>Durabilit\u00e9 : Le corps du cylindre et la surface d'extr\u00e9mit\u00e9 du filetage sont finement usin\u00e9s pour am\u00e9liorer la r\u00e9sistance \u00e0 l'usure, assurant ainsi la durabilit\u00e9 du cylindre de bras m\u00eame dans des environnements difficiles.<\/li>\n<li>S\u00e9curit\u00e9 : Les v\u00e9rins de bras doivent \u00eatre con\u00e7us avec des dispositifs de s\u00e9curit\u00e9 tels que des interrupteurs de fin de course et des soupapes de d\u00e9charge de pression afin de pr\u00e9venir les accidents et d'assurer un fonctionnement s\u00fbr.<\/li>\n<li>Maintenance : Le v\u00e9rin du bras doit \u00eatre con\u00e7u pour faciliter la maintenance et le remplacement, garantissant ainsi une maintenance rapide et r\u00e9duisant les temps d'arr\u00eat dus aux pannes d'\u00e9quipement.<\/li>\n<\/ul>\n<p><img decoding=\"async\" src=\"https:\/\/www.hydraulic-cylinders.net\/wp-content\/uploads\/2025\/01\/songte-cylinder-head-with-all-kinds-excavator-models.webp\"><\/p>\n<h3>\u00c9tanch\u00e9it\u00e9 et lubrification<\/h3>\n<p>Le v\u00e9rin de bras utilise divers joints d'\u00e9tanch\u00e9it\u00e9, tels que des joints de piston et de tige, fabriqu\u00e9s \u00e0 partir de mat\u00e9riaux r\u00e9sistants \u00e0 l'usure comme le polyur\u00e9thane et le caoutchouc nitrile, afin de garantir une \u00e9tanch\u00e9it\u00e9 optimale et d'\u00e9viter les fuites hydrauliques. Le corps du v\u00e9rin et la surface d'extr\u00e9mit\u00e9 du filetage sont usin\u00e9s avec pr\u00e9cision pour am\u00e9liorer la r\u00e9sistance \u00e0 l'usure et assurer la durabilit\u00e9 du v\u00e9rin de bras, m\u00eame dans des environnements difficiles. Un graissage r\u00e9gulier \u00e0 l'huile hydraulique est n\u00e9cessaire pour garantir le bon fonctionnement du v\u00e9rin de bras\u00a0; la quantit\u00e9 d'huile ajout\u00e9e doit \u00eatre adapt\u00e9e afin d'\u00e9viter les fuites.<\/p>\n<h3>Maintenance et mesures pr\u00e9ventives<\/h3>\n<ul>\n<li>Inspection r\u00e9guli\u00e8re\u00a0: Des inspections r\u00e9guli\u00e8res doivent \u00eatre effectu\u00e9es pour v\u00e9rifier l\u2019absence de dommages, d\u2019usure ou de fuite du cylindre du bras, et un remplacement ou une r\u00e9paration doit \u00eatre effectu\u00e9 en temps opportun si n\u00e9cessaire.<\/li>\n<li>Lubrification r\u00e9guli\u00e8re\u00a0: Le v\u00e9rin du bras doit \u00eatre r\u00e9guli\u00e8rement lubrifi\u00e9 avec de l\u2019huile hydraulique pour assurer son bon fonctionnement.<\/li>\n<li>Installation correcte\u00a0: Une installation correcte du v\u00e9rin est essentielle \u00e0 son fonctionnement s\u00fbr et efficace, et l\u2019installation doit \u00eatre effectu\u00e9e conform\u00e9ment aux instructions du fabricant.<\/li>\n<li>Mesures pr\u00e9ventives\u00a0: Afin de minimiser les probl\u00e8mes potentiels, des mesures pr\u00e9ventives telles que la limitation de la charge, le contr\u00f4le de la vitesse de fonctionnement et la pr\u00e9vention des surpressions doivent \u00eatre prises lors de l\u2019utilisation du v\u00e9rin de bras.<\/li>\n<\/ul>\n<p><img decoding=\"async\" src=\"https:\/\/www.hydraulic-cylinders.net\/wp-content\/uploads\/2025\/01\/songte-chushion-collar.webp\"><\/p>\n<h3>Guide d'installation du produit<\/h3>\n<p>Une installation correcte du v\u00e9rin de bras est essentielle \u00e0 son fonctionnement s\u00fbr et efficace. Suivez ces \u00e9tapes pour installer le v\u00e9rin de bras\u00a0:<\/p>\n<ol>\n<li>Veillez \u00e0 ce que la zone d'installation soit propre et exempte de d\u00e9bris.<\/li>\n<li>V\u00e9rifiez que le cylindre et les pi\u00e8ces d'installation ne pr\u00e9sentent aucun dommage ni usure.<\/li>\n<li>Raccordez les flexibles et les raccords hydrauliques conform\u00e9ment aux instructions du fabricant.<\/li>\n<li>Montez le v\u00e9rin du bras \u00e0 l'emplacement appropri\u00e9 et serrez les boulons.<\/li>\n<li>V\u00e9rifiez le bon fonctionnement du v\u00e9rin du bras.<\/li>\n<\/ol>\n<h3>Consid\u00e9rations de s\u00e9curit\u00e9 et facteurs environnementaux<\/h3>\n<p>Lors de l'utilisation du v\u00e9rin \u00e0 bras, des mesures de s\u00e9curit\u00e9 doivent \u00eatre prises afin de pr\u00e9venir les accidents pouvant entra\u00eener des blessures ou des dommages mat\u00e9riels. Ces mesures peuvent inclure le port d'\u00e9quipements de protection, l'installation de dispositifs de s\u00e9curit\u00e9 et le respect des instructions du fabricant. Les facteurs environnementaux tels que la temp\u00e9rature, l'humidit\u00e9 et la poussi\u00e8re doivent \u00e9galement \u00eatre pris en compte lors de l'utilisation du v\u00e9rin \u00e0 bras, et des mesures appropri\u00e9es doivent \u00eatre mises en \u0153uvre pour pr\u00e9venir tout dommage environnemental.<\/p>\n<h3>D\u00e9pannage et probl\u00e8mes courants<\/h3>\n<p>Les probl\u00e8mes courants li\u00e9s au v\u00e9rin du bras peuvent inclure des fuites, une usure et un mauvais fonctionnement. Pour diagnostiquer et r\u00e9soudre ces probl\u00e8mes, suivez ces conseils\u00a0:<\/p>\n<ul>\n<li>V\u00e9rifiez l'absence de fuites hydrauliques et r\u00e9parez ou remplacez les joints ou autres composants si n\u00e9cessaire.<\/li>\n<li>V\u00e9rifiez l'usure ou les dommages et remplacez les composants endommag\u00e9s.<\/li>\n<li>V\u00e9rifiez le bon installation et le bon fonctionnement du v\u00e9rin du bras et effectuez les r\u00e9glages n\u00e9cessaires.<\/li>\n<\/ul>\n<p>Pour \u00e9viter tout probl\u00e8me potentiel, prenez des mesures pr\u00e9ventives telles que la limitation de la charge, le contr\u00f4le de la vitesse de fonctionnement et l'\u00e9vitement de la surpression lors de l'utilisation du v\u00e9rin du bras.<\/p>\n<p><img decoding=\"async\" src=\"https:\/\/www.hydraulic-cylinders.net\/wp-content\/uploads\/2025\/01\/songte-bushings-with-all-kinds-of-excavator-models.webp\"><\/p>\n<h3>\u00c0 propos de nous<\/h3>\n<p>Nous sommes un fabricant professionnel de v\u00e9rins hydrauliques de remplacement offrant une large gamme de produits. Figurant parmi les principaux fabricants et grossistes de v\u00e9rins hydrauliques sur les march\u00e9s nationaux et internationaux, nous privil\u00e9gions l'excellence en mati\u00e8re de qualit\u00e9. Gr\u00e2ce \u00e0 une strat\u00e9gie de gestion de la production industrialis\u00e9e et \u00e0 un atelier de fabrication de pointe, nous am\u00e9liorons constamment notre niveau technologique et notre productivit\u00e9. Notre forte capacit\u00e9 d'innovation nous permet d'int\u00e9grer des \u00e9quipements de fabrication num\u00e9rique avanc\u00e9s et des syst\u00e8mes de contr\u00f4le professionnels, et d'optimiser en permanence notre plateforme de production et notre processus de contr\u00f4le qualit\u00e9. Notre objectif est de r\u00e9pondre aux besoins vari\u00e9s de nos clients avec efficacit\u00e9, pr\u00e9cision et un souci constant de la qualit\u00e9.<\/p>\n<h3>Notre entreprise<\/h3>\n<ul>\n<li>Professionnalisme : Nous disposons d'une \u00e9quipe d'ing\u00e9nieurs et de techniciens exp\u00e9riment\u00e9s pour fournir \u00e0 nos clients des solutions et des services professionnels.<\/li>\n<li>Certification internationale\u00a0: Nos produits ont obtenu des certifications internationales telles que l\u2019ISO9001 et le CE afin de garantir leur qualit\u00e9 et leur fiabilit\u00e9.<\/li>\n<li>Personnalisation : Nous proposons des services personnalis\u00e9s pour r\u00e9pondre aux besoins sp\u00e9cifiques de nos clients.<\/li>\n<li>\u00c9quipements de production : Nous disposons d'\u00e9quipements de fabrication num\u00e9rique de pointe pour garantir une production de haute qualit\u00e9 et une grande efficacit\u00e9.<\/li>\n<li>Service apr\u00e8s-vente\u00a0: Nous proposons un service apr\u00e8s-vente complet afin de garantir la satisfaction et la confiance de nos clients.<\/li>\n<\/ul>\n<p><img decoding=\"async\" src=\"https:\/\/www.hydraulic-cylinders.net\/wp-content\/uploads\/2025\/01\/songte-company-4.webp\"><br \/>\n<img decoding=\"async\" src=\"https:\/\/www.hydraulic-cylinders.net\/wp-content\/uploads\/2025\/01\/songte-company-3.webp\"><\/p>\n<p>Auteur : lyl<\/p>","protected":false},"excerpt":{"rendered":"<p>Arm Cylinder For JCHI NS75-7 Introduction An arm cylinder is a specially designed hydraulic cylinder primarily used to provide linear motion and power to the arm of various machinery, such as excavators, cranes, and robotic arms. The arm cylinder plays a crucial role in hydraulic systems, allowing attached tools or attachments to move and be [&hellip;]<\/p>","protected":false},"featured_media":14763,"comment_status":"open","ping_status":"closed","template":"","meta":{"_et_pb_use_builder":"","_et_pb_old_content":"","_et_gb_content_width":""},"product_brand":[],"product_cat":[1497],"product_tag":[1498,1496],"class_list":{"0":"post-16695","1":"product","2":"type-product","3":"status-publish","4":"has-post-thumbnail","6":"product_cat-arm-cylinders","7":"product_tag-arm-cylinders","8":"product_tag-hydraulic-cylinders","10":"first","11":"instock","12":"shipping-taxable","13":"product-type-simple"},"amp_enabled":true,"_links":{"self":[{"href":"https:\/\/www.hydraulic-cylinders.net\/fr\/wp-json\/wp\/v2\/product\/16695","targetHints":{"allow":["GET"]}}],"collection":[{"href":"https:\/\/www.hydraulic-cylinders.net\/fr\/wp-json\/wp\/v2\/product"}],"about":[{"href":"https:\/\/www.hydraulic-cylinders.net\/fr\/wp-json\/wp\/v2\/types\/product"}],"replies":[{"embeddable":true,"href":"https:\/\/www.hydraulic-cylinders.net\/fr\/wp-json\/wp\/v2\/comments?post=16695"}],"wp:featuredmedia":[{"embeddable":true,"href":"https:\/\/www.hydraulic-cylinders.net\/fr\/wp-json\/wp\/v2\/media\/14763"}],"wp:attachment":[{"href":"https:\/\/www.hydraulic-cylinders.net\/fr\/wp-json\/wp\/v2\/media?parent=16695"}],"wp:term":[{"taxonomy":"product_brand","embeddable":true,"href":"https:\/\/www.hydraulic-cylinders.net\/fr\/wp-json\/wp\/v2\/product_brand?post=16695"},{"taxonomy":"product_cat","embeddable":true,"href":"https:\/\/www.hydraulic-cylinders.net\/fr\/wp-json\/wp\/v2\/product_cat?post=16695"},{"taxonomy":"product_tag","embeddable":true,"href":"https:\/\/www.hydraulic-cylinders.net\/fr\/wp-json\/wp\/v2\/product_tag?post=16695"}],"curies":[{"name":"wp","href":"https:\/\/api.w.org\/{rel}","templated":true}]}}